{"id":987,"date":"2018-07-12T00:45:17","date_gmt":"2018-07-12T03:45:17","guid":{"rendered":"http:\/\/www2.unifap.br\/quimica\/?page_id=987"},"modified":"2024-03-23T18:01:12","modified_gmt":"2024-03-23T21:01:12","slug":"ofertas","status":"publish","type":"page","link":"https:\/\/www2.unifap.br\/quimica\/ofertas\/","title":{"rendered":"Ofertas de Disiciplinas Semestral"},"content":{"rendered":"\t\t<div data-elementor-type=\"wp-page\" data-elementor-id=\"987\" class=\"elementor elementor-987\">\n\t\t\t\t\t\t<section class=\"elementor-section elementor-top-section elementor-element elementor-element-f5133b0 elementor-section-boxed elementor-section-height-default elementor-section-height-default\" data-id=\"f5133b0\" data-element_type=\"section\" data-e-type=\"section\">\n\t\t\t\t\t\t<div class=\"elementor-container elementor-column-gap-default\">\n\t\t\t\t\t<div class=\"elementor-column elementor-col-100 elementor-top-column elementor-element elementor-element-ccc070a\" data-id=\"ccc070a\" data-element_type=\"column\" data-e-type=\"column\">\n\t\t\t<div class=\"elementor-widget-wrap elementor-element-populated\">\n\t\t\t\t\t\t<div class=\"elementor-element elementor-element-2a85042 elementor-widget elementor-widget-heading\" data-id=\"2a85042\" data-element_type=\"widget\" data-e-type=\"widget\" data-widget_type=\"heading.default\">\n\t\t\t\t<div class=\"elementor-widget-container\">\n\t\t\t\t\t<h1 class=\"elementor-heading-title elementor-size-large\">OFERTAS DE DISCIPLINAS POR SEMESTRE<\/h1>\t\t\t\t<\/div>\n\t\t\t\t<\/div>\n\t\t\t\t\t<\/div>\n\t\t<\/div>\n\t\t\t\t\t<\/div>\n\t\t<\/section>\n\t\t\t\t<section class=\"elementor-section elementor-top-section elementor-element elementor-element-58d71fc elementor-section-boxed elementor-section-height-default elementor-section-height-default\" data-id=\"58d71fc\" data-element_type=\"section\" data-e-type=\"section\">\n\t\t\t\t\t\t<div class=\"elementor-container elementor-column-gap-default\">\n\t\t\t\t\t<div class=\"elementor-column elementor-col-100 elementor-top-column elementor-element elementor-element-745071e\" data-id=\"745071e\" data-element_type=\"column\" data-e-type=\"column\">\n\t\t\t<div class=\"elementor-widget-wrap elementor-element-populated\">\n\t\t\t\t\t\t<div class=\"elementor-element elementor-element-3e2abe2 elementor-alert-info elementor-widget elementor-widget-alert\" data-id=\"3e2abe2\" data-element_type=\"widget\" data-e-type=\"widget\" data-widget_type=\"alert.default\">\n\t\t\t\t<div class=\"elementor-widget-container\">\n\t\t\t\t\t\t\t<div class=\"elementor-alert\" role=\"alert\">\n\n\t\t\t\t\t\t<span class=\"elementor-alert-title\">IMPORTANTE<\/span>\n\t\t\t\n\t\t\t\t\t\t<span class=\"elementor-alert-description\">Para Fazer download pelo Celular, clicar e pressionar no link e \"Fazer Download do Link\"<\/span>\n\t\t\t\n\t\t\t\t\t\t<button type=\"button\" class=\"elementor-alert-dismiss\" aria-label=\"Dispensar este alerta.\">\n\t\t\t\t<i aria-hidden=\"true\" class=\"far fa-grin-wink\"><\/i>\t\t\t<\/button>\n\t\t\t\n\t\t<\/div>\n\t\t\t\t\t\t<\/div>\n\t\t\t\t<\/div>\n\t\t\t\t\t<\/div>\n\t\t<\/div>\n\t\t\t\t\t<\/div>\n\t\t<\/section>\n\t\t\t\t<section class=\"elementor-section elementor-top-section elementor-element elementor-element-995d181 elementor-section-boxed elementor-section-height-default elementor-section-height-default\" data-id=\"995d181\" data-element_type=\"section\" data-e-type=\"section\">\n\t\t\t\t\t\t<div class=\"elementor-container elementor-column-gap-default\">\n\t\t\t\t\t<div class=\"elementor-column elementor-col-100 elementor-top-column elementor-element elementor-element-4e1d3fa\" data-id=\"4e1d3fa\" data-element_type=\"column\" data-e-type=\"column\">\n\t\t\t<div class=\"elementor-widget-wrap elementor-element-populated\">\n\t\t\t\t\t\t<div class=\"elementor-element elementor-element-50048db elementor-tabs-view-vertical elementor-widget elementor-widget-tabs\" data-id=\"50048db\" data-element_type=\"widget\" data-e-type=\"widget\" data-widget_type=\"tabs.default\">\n\t\t\t\t<div class=\"elementor-widget-container\">\n\t\t\t\t\t\t\t<div class=\"elementor-tabs\">\n\t\t\t<div class=\"elementor-tabs-wrapper\" role=\"tablist\" >\n\t\t\t\t\t\t\t\t\t<div id=\"elementor-tab-title-8391\" class=\"elementor-tab-title elementor-tab-desktop-title\" aria-selected=\"true\" data-tab=\"1\" role=\"tab\" tabindex=\"0\" aria-controls=\"elementor-tab-content-8391\" aria-expanded=\"false\">Semestre 2024.1<\/div>\n\t\t\t\t\t\t\t\t\t<div id=\"elementor-tab-title-8392\" class=\"elementor-tab-title elementor-tab-desktop-title\" aria-selected=\"false\" data-tab=\"2\" role=\"tab\" tabindex=\"-1\" aria-controls=\"elementor-tab-content-8392\" aria-expanded=\"false\">Semestre 2023.2<\/div>\n\t\t\t\t\t\t\t\t\t<div id=\"elementor-tab-title-8393\" class=\"elementor-tab-title elementor-tab-desktop-title\" aria-selected=\"false\" data-tab=\"3\" role=\"tab\" tabindex=\"-1\" aria-controls=\"elementor-tab-content-8393\" aria-expanded=\"false\">Semestre 2023.1<\/div>\n\t\t\t\t\t\t\t\t\t<div id=\"elementor-tab-title-8394\" class=\"elementor-tab-title elementor-tab-desktop-title\" aria-selected=\"false\" data-tab=\"4\" role=\"tab\" tabindex=\"-1\" aria-controls=\"elementor-tab-content-8394\" aria-expanded=\"false\">Semestre 2022.2<\/div>\n\t\t\t\t\t\t\t\t\t<div id=\"elementor-tab-title-8395\" class=\"elementor-tab-title elementor-tab-desktop-title\" aria-selected=\"false\" data-tab=\"5\" role=\"tab\" tabindex=\"-1\" aria-controls=\"elementor-tab-content-8395\" aria-expanded=\"false\">Semestre 2022.1<\/div>\n\t\t\t\t\t\t\t<\/div>\n\t\t\t<div class=\"elementor-tabs-content-wrapper\" role=\"tablist\" aria-orientation=\"vertical\">\n\t\t\t\t\t\t\t\t\t<div class=\"elementor-tab-title elementor-tab-mobile-title\" aria-selected=\"true\" data-tab=\"1\" role=\"tab\" tabindex=\"0\" aria-controls=\"elementor-tab-content-8391\" aria-expanded=\"false\">Semestre 2024.1<\/div>\n\t\t\t\t\t<div id=\"elementor-tab-content-8391\" class=\"elementor-tab-content elementor-clearfix\" data-tab=\"1\" role=\"tabpanel\" aria-labelledby=\"elementor-tab-title-8391\" tabindex=\"0\" hidden=\"false\"><p><a href=\"http:\/\/www2.unifap.br\/quimica\/files\/2024\/03\/Turma-2021-2024.1-7o-Semestre.pdf\">Turma 2021 &#8211; 2024.1 &#8211; 7\u00ba Semestre<\/a><\/p><p><a href=\"http:\/\/www2.unifap.br\/quimica\/files\/2024\/03\/Turma-2022-2024.1-5o-Semestre.pdf\">Turma 2022 &#8211; 2024.1 &#8211; 5\u00ba Semestre<\/a><\/p><p><a href=\"http:\/\/www2.unifap.br\/quimica\/files\/2024\/03\/Turma-2023-2024.1-3o-Semestre.pdf\">Turma 2023 &#8211; 2024.1 &#8211; 3\u00ba Semestre<\/a><\/p><p><a href=\"http:\/\/www2.unifap.br\/quimica\/files\/2024\/03\/Turma-2024-2024.1-1o-Semestre-Atualizado.pdf\">Turma 2024 &#8211; 2024.1 &#8211; 1\u00ba Semestre [Atualizado]<\/a><\/p><\/div>\n\t\t\t\t\t\t\t\t\t<div class=\"elementor-tab-title elementor-tab-mobile-title\" aria-selected=\"false\" data-tab=\"2\" role=\"tab\" tabindex=\"-1\" aria-controls=\"elementor-tab-content-8392\" aria-expanded=\"false\">Semestre 2023.2<\/div>\n\t\t\t\t\t<div id=\"elementor-tab-content-8392\" class=\"elementor-tab-content elementor-clearfix\" data-tab=\"2\" role=\"tabpanel\" aria-labelledby=\"elementor-tab-title-8392\" tabindex=\"0\" hidden=\"hidden\"><p><a href=\"http:\/\/www2.unifap.br\/quimica\/files\/2023\/10\/DISCIPLINAS-OFERTADAS_2023.2-Licenciatura-em-Quimica.docx\">DISCIPLINAS OFERTADAS_2023.2 &#8211; Licenciatura em Qu\u00edmica<\/a><\/p><\/div>\n\t\t\t\t\t\t\t\t\t<div class=\"elementor-tab-title elementor-tab-mobile-title\" aria-selected=\"false\" data-tab=\"3\" role=\"tab\" tabindex=\"-1\" aria-controls=\"elementor-tab-content-8393\" aria-expanded=\"false\">Semestre 2023.1<\/div>\n\t\t\t\t\t<div id=\"elementor-tab-content-8393\" class=\"elementor-tab-content elementor-clearfix\" data-tab=\"3\" role=\"tabpanel\" aria-labelledby=\"elementor-tab-title-8393\" tabindex=\"0\" hidden=\"hidden\"><p><a href=\"http:\/\/www2.unifap.br\/quimica\/files\/2023\/05\/DISCIPLINAS-OFERTADAS_2023.1-Licenciatura-em-Quimica.pdf\">DISCIPLINAS OFERTADAS_2023.1 &#8211; Licenciatura em Qu\u00edmica<\/a><\/p><\/div>\n\t\t\t\t\t\t\t\t\t<div class=\"elementor-tab-title elementor-tab-mobile-title\" aria-selected=\"false\" data-tab=\"4\" role=\"tab\" tabindex=\"-1\" aria-controls=\"elementor-tab-content-8394\" aria-expanded=\"false\">Semestre 2022.2<\/div>\n\t\t\t\t\t<div id=\"elementor-tab-content-8394\" class=\"elementor-tab-content elementor-clearfix\" data-tab=\"4\" role=\"tabpanel\" aria-labelledby=\"elementor-tab-title-8394\" tabindex=\"0\" hidden=\"hidden\"><p>Aguardado Envio pelo Coordenador<\/p><\/div>\n\t\t\t\t\t\t\t\t\t<div class=\"elementor-tab-title elementor-tab-mobile-title\" aria-selected=\"false\" data-tab=\"5\" role=\"tab\" tabindex=\"-1\" aria-controls=\"elementor-tab-content-8395\" aria-expanded=\"false\">Semestre 2022.1<\/div>\n\t\t\t\t\t<div id=\"elementor-tab-content-8395\" class=\"elementor-tab-content elementor-clearfix\" data-tab=\"5\" role=\"tabpanel\" aria-labelledby=\"elementor-tab-title-8395\" tabindex=\"0\" hidden=\"hidden\"><p><a href=\"http:\/\/www2.unifap.br\/quimica\/files\/2022\/07\/DISCIPLINAS-2022.1-Curso-de-Licenciatura-em-Quimica.pdf\">DISCIPLINAS 2022.1 &#8211; Curso de Licenciatura em Qu\u00edmica<\/a><\/p><\/div>\n\t\t\t\t\t\t\t<\/div>\n\t\t<\/div>\n\t\t\t\t\t\t<\/div>\n\t\t\t\t<\/div>\n\t\t\t\t\t<\/div>\n\t\t<\/div>\n\t\t\t\t\t<\/div>\n\t\t<\/section>\n\t\t\t\t<section class=\"elementor-section elementor-top-section elementor-element elementor-element-f125a33 elementor-section-boxed elementor-section-height-default elementor-section-height-default\" data-id=\"f125a33\" data-element_type=\"section\" data-e-type=\"section\">\n\t\t\t\t\t\t<div class=\"elementor-container elementor-column-gap-default\">\n\t\t\t\t\t<div class=\"elementor-column elementor-col-100 elementor-top-column elementor-element elementor-element-737a3ca\" data-id=\"737a3ca\" data-element_type=\"column\" data-e-type=\"column\">\n\t\t\t<div class=\"elementor-widget-wrap elementor-element-populated\">\n\t\t\t\t\t\t<div class=\"elementor-element elementor-element-dfd8bab elementor-alert-info elementor-widget elementor-widget-alert\" data-id=\"dfd8bab\" data-element_type=\"widget\" data-e-type=\"widget\" data-widget_type=\"alert.default\">\n\t\t\t\t<div class=\"elementor-widget-container\">\n\t\t\t\t\t\t\t<div class=\"elementor-alert\" role=\"alert\">\n\n\t\t\t\t\t\t<span class=\"elementor-alert-title\">IMPORTANTE<\/span>\n\t\t\t\n\t\t\t\t\t\t<span class=\"elementor-alert-description\">Para Fazer download pelo Celular, clicar e pressionar no link e \"Fazer Download do Link\"<\/span>\n\t\t\t\n\t\t\t\t\t\t<button type=\"button\" class=\"elementor-alert-dismiss\" aria-label=\"Dispensar este alerta.\">\n\t\t\t\t<i aria-hidden=\"true\" class=\"far fa-grin-wink\"><\/i>\t\t\t<\/button>\n\t\t\t\n\t\t<\/div>\n\t\t\t\t\t\t<\/div>\n\t\t\t\t<\/div>\n\t\t\t\t\t<\/div>\n\t\t<\/div>\n\t\t\t\t\t<\/div>\n\t\t<\/section>\n\t\t\t\t<section class=\"elementor-section elementor-top-section elementor-element elementor-element-0024bf6 elementor-section-boxed elementor-section-height-default elementor-section-height-default\" data-id=\"0024bf6\" data-element_type=\"section\" data-e-type=\"section\">\n\t\t\t\t\t\t<div class=\"elementor-container elementor-column-gap-default\">\n\t\t\t\t\t<div class=\"elementor-column elementor-col-100 elementor-top-column elementor-element elementor-element-9e21318\" data-id=\"9e21318\" data-element_type=\"column\" data-e-type=\"column\">\n\t\t\t<div class=\"elementor-widget-wrap elementor-element-populated\">\n\t\t\t\t\t\t<div class=\"elementor-element elementor-element-4e052ba elementor-alert-warning elementor-widget elementor-widget-alert\" data-id=\"4e052ba\" data-element_type=\"widget\" data-e-type=\"widget\" data-widget_type=\"alert.default\">\n\t\t\t\t<div class=\"elementor-widget-container\">\n\t\t\t\t\t\t\t<div class=\"elementor-alert\" role=\"alert\">\n\n\t\t\t\t\t\t<span class=\"elementor-alert-title\">IMPORTANTE<\/span>\n\t\t\t\n\t\t\t\t\t\t<span class=\"elementor-alert-description\">Os hor\u00e1rios est\u00e3o sujeitos a altera\u00e7\u00e3o a depender do docente da disciplina.<\/span>\n\t\t\t\n\t\t\t\t\t\t<button type=\"button\" class=\"elementor-alert-dismiss\" aria-label=\"Dispensar este alerta.\">\n\t\t\t\t<i aria-hidden=\"true\" class=\"far fa-grin-wink\"><\/i>\t\t\t<\/button>\n\t\t\t\n\t\t<\/div>\n\t\t\t\t\t\t<\/div>\n\t\t\t\t<\/div>\n\t\t\t\t\t<\/div>\n\t\t<\/div>\n\t\t\t\t\t<\/div>\n\t\t<\/section>\n\t\t\t\t<section class=\"elementor-section elementor-top-section elementor-element elementor-element-7ed914b elementor-section-boxed elementor-section-height-default elementor-section-height-default\" data-id=\"7ed914b\" data-element_type=\"section\" data-e-type=\"section\">\n\t\t\t\t\t\t<div class=\"elementor-container elementor-column-gap-default\">\n\t\t\t\t\t<div class=\"elementor-column elementor-col-100 elementor-top-column elementor-element elementor-element-e483eb6\" data-id=\"e483eb6\" data-element_type=\"column\" data-e-type=\"column\">\n\t\t\t<div class=\"elementor-widget-wrap elementor-element-populated\">\n\t\t\t\t\t\t<div class=\"elementor-element elementor-element-7314034 elementor-widget elementor-widget-spacer\" data-id=\"7314034\" data-element_type=\"widget\" data-e-type=\"widget\" data-widget_type=\"spacer.default\">\n\t\t\t\t<div class=\"elementor-widget-container\">\n\t\t\t\t\t\t\t<div class=\"elementor-spacer\">\n\t\t\t<div class=\"elementor-spacer-inner\"><\/div>\n\t\t<\/div>\n\t\t\t\t\t\t<\/div>\n\t\t\t\t<\/div>\n\t\t\t\t\t<\/div>\n\t\t<\/div>\n\t\t\t\t\t<\/div>\n\t\t<\/section>\n\t\t\t\t<\/div>\n\t\t","protected":false},"excerpt":{"rendered":"<p>OFERTAS DE DISCIPLINAS POR SEMESTRE IMPORTANTE Para Fazer download pelo Celular, clicar e pressionar no link e &#8220;Fazer Download do Link&#8221; Dispensar este alerta. Semestre 2024.1 Semestre 2023.2 Semestre 2023.1 Semestre 2022.2 Semestre 2022.1 Semestre 2024.1 Turma 2021 &#8211; 2024.1 &#8211; 7\u00ba Semestre Turma 2022 &#8211; 2024.1 &#8211; 5\u00ba Semestre Turma 2023 &#8211; 2024.1 &#8211;&#8230;<\/p>\n","protected":false},"author":854,"featured_media":2191,"parent":0,"menu_order":4,"comment_status":"closed","ping_status":"closed","template":"elementor_header_footer","meta":{"inline_featured_image":false,"ngg_post_thumbnail":0,"footnotes":""},"class_list":["post-987","page","type-page","status-publish","has-post-thumbnail","hentry","entry","has-media"],"_links":{"self":[{"href":"https:\/\/www2.unifap.br\/quimica\/wp-json\/wp\/v2\/pages\/987","targetHints":{"allow":["GET"]}}],"collection":[{"href":"https:\/\/www2.unifap.br\/quimica\/wp-json\/wp\/v2\/pages"}],"about":[{"href":"https:\/\/www2.unifap.br\/quimica\/wp-json\/wp\/v2\/types\/page"}],"author":[{"embeddable":true,"href":"https:\/\/www2.unifap.br\/quimica\/wp-json\/wp\/v2\/users\/854"}],"replies":[{"embeddable":true,"href":"https:\/\/www2.unifap.br\/quimica\/wp-json\/wp\/v2\/comments?post=987"}],"version-history":[{"count":81,"href":"https:\/\/www2.unifap.br\/quimica\/wp-json\/wp\/v2\/pages\/987\/revisions"}],"predecessor-version":[{"id":3704,"href":"https:\/\/www2.unifap.br\/quimica\/wp-json\/wp\/v2\/pages\/987\/revisions\/3704"}],"wp:featuredmedia":[{"embeddable":true,"href":"https:\/\/www2.unifap.br\/quimica\/wp-json\/wp\/v2\/media\/2191"}],"wp:attachment":[{"href":"https:\/\/www2.unifap.br\/quimica\/wp-json\/wp\/v2\/media?parent=987"}],"curies":[{"name":"wp","href":"https:\/\/api.w.org\/{rel}","templated":true}]}}