{"id":14790,"date":"2023-08-03T14:16:06","date_gmt":"2023-08-03T17:16:06","guid":{"rendered":"https:\/\/www2.unifap.br\/radio\/?page_id=14790"},"modified":"2026-01-16T10:23:13","modified_gmt":"2026-01-16T13:23:13","slug":"servidores-1","status":"publish","type":"page","link":"https:\/\/www2.unifap.br\/radio\/servidores-1\/","title":{"rendered":"Servidores"},"content":{"rendered":"\t\t<div data-elementor-type=\"wp-page\" data-elementor-id=\"14790\" class=\"elementor elementor-14790\">\n\t\t\t\t\t\t<section class=\"elementor-section elementor-top-section elementor-element elementor-element-ca22c62 elementor-section-boxed elementor-section-height-default elementor-section-height-default\" data-id=\"ca22c62\" data-element_type=\"section\" data-e-type=\"section\">\n\t\t\t\t\t\t<div class=\"elementor-container elementor-column-gap-default\">\n\t\t\t\t\t<div class=\"elementor-column elementor-col-100 elementor-top-column elementor-element elementor-element-fe59d8e\" data-id=\"fe59d8e\" data-element_type=\"column\" data-e-type=\"column\">\n\t\t\t<div class=\"elementor-widget-wrap elementor-element-populated\">\n\t\t\t\t\t\t<div class=\"elementor-element elementor-element-77ed635 elementor-widget elementor-widget-heading\" data-id=\"77ed635\" data-element_type=\"widget\" data-e-type=\"widget\" data-widget_type=\"heading.default\">\n\t\t\t\t<div class=\"elementor-widget-container\">\n\t\t\t\t\t<h2 class=\"elementor-heading-title elementor-size-large\">Servidores<\/h2>\t\t\t\t<\/div>\n\t\t\t\t<\/div>\n\t\t\t\t\t<\/div>\n\t\t<\/div>\n\t\t\t\t\t<\/div>\n\t\t<\/section>\n\t\t\t\t<section class=\"elementor-section elementor-top-section elementor-element elementor-element-51639a0 elementor-section-boxed elementor-section-height-default elementor-section-height-default\" data-id=\"51639a0\" data-element_type=\"section\" data-e-type=\"section\">\n\t\t\t\t\t\t<div class=\"elementor-container elementor-column-gap-default\">\n\t\t\t\t\t<div class=\"elementor-column elementor-col-25 elementor-top-column elementor-element elementor-element-39969c3\" data-id=\"39969c3\" data-element_type=\"column\" data-e-type=\"column\">\n\t\t\t<div class=\"elementor-widget-wrap elementor-element-populated\">\n\t\t\t\t\t\t<div class=\"elementor-element elementor-element-c9ea05e elementor-widget elementor-widget-image\" data-id=\"c9ea05e\" data-element_type=\"widget\" data-e-type=\"widget\" data-widget_type=\"image.default\">\n\t\t\t\t<div class=\"elementor-widget-container\">\n\t\t\t\t\t\t\t\t\t\t\t\t\t\t\t<img fetchpriority=\"high\" decoding=\"async\" width=\"1024\" height=\"716\" src=\"https:\/\/www2.unifap.br\/radio\/files\/2026\/01\/romulo-1-1024x716.jpeg\" class=\"attachment-large size-large wp-image-15115\" alt=\"\" srcset=\"https:\/\/www2.unifap.br\/radio\/files\/2026\/01\/romulo-1-1024x716.jpeg 1024w, https:\/\/www2.unifap.br\/radio\/files\/2026\/01\/romulo-1-300x210.jpeg 300w, https:\/\/www2.unifap.br\/radio\/files\/2026\/01\/romulo-1-768x537.jpeg 768w, https:\/\/www2.unifap.br\/radio\/files\/2026\/01\/romulo-1.jpeg 1275w\" sizes=\"(max-width: 1024px) 100vw, 1024px\" \/>\t\t\t\t\t\t\t\t\t\t\t\t\t\t\t<\/div>\n\t\t\t\t<\/div>\n\t\t\t\t<div class=\"elementor-element elementor-element-196ea3c elementor-widget elementor-widget-heading\" data-id=\"196ea3c\" data-element_type=\"widget\" data-e-type=\"widget\" data-widget_type=\"heading.default\">\n\t\t\t\t<div class=\"elementor-widget-container\">\n\t\t\t\t\t<h2 class=\"elementor-heading-title elementor-size-default\">R\u00f4mulo Castro<\/h2>\t\t\t\t<\/div>\n\t\t\t\t<\/div>\n\t\t\t\t<div class=\"elementor-element elementor-element-37ed480 elementor-widget elementor-widget-heading\" data-id=\"37ed480\" data-element_type=\"widget\" data-e-type=\"widget\" data-widget_type=\"heading.default\">\n\t\t\t\t<div class=\"elementor-widget-container\">\n\t\t\t\t\t<h1 class=\"elementor-heading-title elementor-size-small\">Diretor <\/h1>\t\t\t\t<\/div>\n\t\t\t\t<\/div>\n\t\t\t\t\t<\/div>\n\t\t<\/div>\n\t\t\t\t<div class=\"elementor-column elementor-col-25 elementor-top-column elementor-element elementor-element-7ef398c\" data-id=\"7ef398c\" data-element_type=\"column\" data-e-type=\"column\">\n\t\t\t<div class=\"elementor-widget-wrap elementor-element-populated\">\n\t\t\t\t\t\t<div class=\"elementor-element elementor-element-4567bb3 elementor-widget elementor-widget-image\" data-id=\"4567bb3\" data-element_type=\"widget\" data-e-type=\"widget\" data-widget_type=\"image.default\">\n\t\t\t\t<div class=\"elementor-widget-container\">\n\t\t\t\t\t\t\t\t\t\t\t\t\t\t\t<img decoding=\"async\" width=\"1024\" height=\"683\" src=\"https:\/\/www2.unifap.br\/radio\/files\/2023\/08\/IMG_5529-1-1024x683.jpg\" class=\"attachment-large size-large wp-image-14798\" alt=\"\" srcset=\"https:\/\/www2.unifap.br\/radio\/files\/2023\/08\/IMG_5529-1-1024x683.jpg 1024w, https:\/\/www2.unifap.br\/radio\/files\/2023\/08\/IMG_5529-1-300x200.jpg 300w, https:\/\/www2.unifap.br\/radio\/files\/2023\/08\/IMG_5529-1-768x512.jpg 768w, https:\/\/www2.unifap.br\/radio\/files\/2023\/08\/IMG_5529-1-1536x1024.jpg 1536w, https:\/\/www2.unifap.br\/radio\/files\/2023\/08\/IMG_5529-1-2048x1365.jpg 2048w\" sizes=\"(max-width: 1024px) 100vw, 1024px\" \/>\t\t\t\t\t\t\t\t\t\t\t\t\t\t\t<\/div>\n\t\t\t\t<\/div>\n\t\t\t\t<div class=\"elementor-element elementor-element-fa27832 elementor-widget elementor-widget-heading\" data-id=\"fa27832\" data-element_type=\"widget\" data-e-type=\"widget\" data-widget_type=\"heading.default\">\n\t\t\t\t<div class=\"elementor-widget-container\">\n\t\t\t\t\t<h2 class=\"elementor-heading-title elementor-size-default\">Aretha Barros<\/h2>\t\t\t\t<\/div>\n\t\t\t\t<\/div>\n\t\t\t\t<div class=\"elementor-element elementor-element-522fe00 elementor-widget elementor-widget-heading\" data-id=\"522fe00\" data-element_type=\"widget\" data-e-type=\"widget\" data-widget_type=\"heading.default\">\n\t\t\t\t<div class=\"elementor-widget-container\">\n\t\t\t\t\t<h1 class=\"elementor-heading-title elementor-size-small\">Rela\u00e7\u00f5es P\u00fablicas<\/h1>\t\t\t\t<\/div>\n\t\t\t\t<\/div>\n\t\t\t\t\t<\/div>\n\t\t<\/div>\n\t\t\t\t<div class=\"elementor-column elementor-col-25 elementor-top-column elementor-element elementor-element-fc156c1\" data-id=\"fc156c1\" data-element_type=\"column\" data-e-type=\"column\">\n\t\t\t<div class=\"elementor-widget-wrap elementor-element-populated\">\n\t\t\t\t\t\t<div class=\"elementor-element elementor-element-0980c3a elementor-widget elementor-widget-image\" data-id=\"0980c3a\" data-element_type=\"widget\" data-e-type=\"widget\" data-widget_type=\"image.default\">\n\t\t\t\t<div class=\"elementor-widget-container\">\n\t\t\t\t\t\t\t\t\t\t\t\t\t\t\t<img decoding=\"async\" width=\"1024\" height=\"683\" src=\"https:\/\/www2.unifap.br\/radio\/files\/2023\/07\/IMG_5272-1-1024x683.jpg\" class=\"attachment-large size-large wp-image-14740\" alt=\"\" srcset=\"https:\/\/www2.unifap.br\/radio\/files\/2023\/07\/IMG_5272-1-1024x683.jpg 1024w, https:\/\/www2.unifap.br\/radio\/files\/2023\/07\/IMG_5272-1-300x200.jpg 300w, https:\/\/www2.unifap.br\/radio\/files\/2023\/07\/IMG_5272-1-768x512.jpg 768w, https:\/\/www2.unifap.br\/radio\/files\/2023\/07\/IMG_5272-1-1536x1024.jpg 1536w, https:\/\/www2.unifap.br\/radio\/files\/2023\/07\/IMG_5272-1-2048x1366.jpg 2048w\" sizes=\"(max-width: 1024px) 100vw, 1024px\" \/>\t\t\t\t\t\t\t\t\t\t\t\t\t\t\t<\/div>\n\t\t\t\t<\/div>\n\t\t\t\t<div class=\"elementor-element elementor-element-bceac2f elementor-widget elementor-widget-heading\" data-id=\"bceac2f\" data-element_type=\"widget\" data-e-type=\"widget\" data-widget_type=\"heading.default\">\n\t\t\t\t<div class=\"elementor-widget-container\">\n\t\t\t\t\t<h2 class=\"elementor-heading-title elementor-size-default\">Fernando Soares<\/h2>\t\t\t\t<\/div>\n\t\t\t\t<\/div>\n\t\t\t\t<div class=\"elementor-element elementor-element-c1fea30 elementor-widget elementor-widget-heading\" data-id=\"c1fea30\" data-element_type=\"widget\" data-e-type=\"widget\" data-widget_type=\"heading.default\">\n\t\t\t\t<div class=\"elementor-widget-container\">\n\t\t\t\t\t<h1 class=\"elementor-heading-title elementor-size-small\">T\u00e9cnico de som<\/h1>\t\t\t\t<\/div>\n\t\t\t\t<\/div>\n\t\t\t\t\t<\/div>\n\t\t<\/div>\n\t\t\t\t<div class=\"elementor-column elementor-col-25 elementor-top-column elementor-element elementor-element-7202c0a\" data-id=\"7202c0a\" data-element_type=\"column\" data-e-type=\"column\">\n\t\t\t<div class=\"elementor-widget-wrap elementor-element-populated\">\n\t\t\t\t\t\t<div class=\"elementor-element elementor-element-dc8a429 elementor-widget elementor-widget-image\" data-id=\"dc8a429\" data-element_type=\"widget\" data-e-type=\"widget\" data-widget_type=\"image.default\">\n\t\t\t\t<div class=\"elementor-widget-container\">\n\t\t\t\t\t\t\t\t\t\t\t\t\t\t\t<img loading=\"lazy\" decoding=\"async\" width=\"1024\" height=\"683\" src=\"https:\/\/www2.unifap.br\/radio\/files\/2023\/08\/IMG_5531-1024x683.jpg\" class=\"attachment-large size-large wp-image-14797\" alt=\"\" srcset=\"https:\/\/www2.unifap.br\/radio\/files\/2023\/08\/IMG_5531-1024x683.jpg 1024w, https:\/\/www2.unifap.br\/radio\/files\/2023\/08\/IMG_5531-300x200.jpg 300w, https:\/\/www2.unifap.br\/radio\/files\/2023\/08\/IMG_5531-768x512.jpg 768w, https:\/\/www2.unifap.br\/radio\/files\/2023\/08\/IMG_5531-1536x1024.jpg 1536w, https:\/\/www2.unifap.br\/radio\/files\/2023\/08\/IMG_5531-2048x1365.jpg 2048w\" sizes=\"(max-width: 1024px) 100vw, 1024px\" \/>\t\t\t\t\t\t\t\t\t\t\t\t\t\t\t<\/div>\n\t\t\t\t<\/div>\n\t\t\t\t<div class=\"elementor-element elementor-element-4cda12b elementor-widget elementor-widget-heading\" data-id=\"4cda12b\" data-element_type=\"widget\" data-e-type=\"widget\" data-widget_type=\"heading.default\">\n\t\t\t\t<div class=\"elementor-widget-container\">\n\t\t\t\t\t<h2 class=\"elementor-heading-title elementor-size-default\">Brasiliano Santos<\/h2>\t\t\t\t<\/div>\n\t\t\t\t<\/div>\n\t\t\t\t<div class=\"elementor-element elementor-element-9090818 elementor-widget elementor-widget-heading\" data-id=\"9090818\" data-element_type=\"widget\" data-e-type=\"widget\" data-widget_type=\"heading.default\">\n\t\t\t\t<div class=\"elementor-widget-container\">\n\t\t\t\t\t<h1 class=\"elementor-heading-title elementor-size-small\">T\u00e9c. em Assuntos Educacionais<\/h1>\t\t\t\t<\/div>\n\t\t\t\t<\/div>\n\t\t\t\t\t<\/div>\n\t\t<\/div>\n\t\t\t\t\t<\/div>\n\t\t<\/section>\n\t\t\t\t<section class=\"elementor-section elementor-top-section elementor-element elementor-element-2094be6 elementor-section-boxed elementor-section-height-default elementor-section-height-default\" data-id=\"2094be6\" data-element_type=\"section\" data-e-type=\"section\">\n\t\t\t\t\t\t<div class=\"elementor-container elementor-column-gap-default\">\n\t\t\t\t\t<div class=\"elementor-column elementor-col-100 elementor-top-column elementor-element elementor-element-73324ce\" data-id=\"73324ce\" data-element_type=\"column\" data-e-type=\"column\">\n\t\t\t<div class=\"elementor-widget-wrap elementor-element-populated\">\n\t\t\t\t\t\t<div class=\"elementor-element elementor-element-1a995fe elementor-widget elementor-widget-spacer\" data-id=\"1a995fe\" data-element_type=\"widget\" data-e-type=\"widget\" data-widget_type=\"spacer.default\">\n\t\t\t\t<div class=\"elementor-widget-container\">\n\t\t\t\t\t\t\t<div class=\"elementor-spacer\">\n\t\t\t<div class=\"elementor-spacer-inner\"><\/div>\n\t\t<\/div>\n\t\t\t\t\t\t<\/div>\n\t\t\t\t<\/div>\n\t\t\t\t\t<\/div>\n\t\t<\/div>\n\t\t\t\t\t<\/div>\n\t\t<\/section>\n\t\t\t\t<section class=\"elementor-section elementor-top-section elementor-element elementor-element-d25d06d elementor-section-boxed elementor-section-height-default elementor-section-height-default\" data-id=\"d25d06d\" data-element_type=\"section\" data-e-type=\"section\">\n\t\t\t\t\t\t<div class=\"elementor-container elementor-column-gap-default\">\n\t\t\t\t\t<div class=\"elementor-column elementor-col-25 elementor-top-column elementor-element elementor-element-52c9173\" data-id=\"52c9173\" data-element_type=\"column\" data-e-type=\"column\">\n\t\t\t<div class=\"elementor-widget-wrap elementor-element-populated\">\n\t\t\t\t\t\t<div class=\"elementor-element elementor-element-2c74d86 elementor-widget elementor-widget-image\" data-id=\"2c74d86\" data-element_type=\"widget\" data-e-type=\"widget\" data-widget_type=\"image.default\">\n\t\t\t\t<div class=\"elementor-widget-container\">\n\t\t\t\t\t\t\t\t\t\t\t\t\t\t\t<img loading=\"lazy\" decoding=\"async\" width=\"1024\" height=\"768\" src=\"https:\/\/www2.unifap.br\/radio\/files\/2026\/01\/nra-1024x768.jpeg\" class=\"attachment-large size-large wp-image-15113\" alt=\"\" srcset=\"https:\/\/www2.unifap.br\/radio\/files\/2026\/01\/nra-1024x768.jpeg 1024w, https:\/\/www2.unifap.br\/radio\/files\/2026\/01\/nra-300x225.jpeg 300w, https:\/\/www2.unifap.br\/radio\/files\/2026\/01\/nra-768x576.jpeg 768w, https:\/\/www2.unifap.br\/radio\/files\/2026\/01\/nra-1536x1152.jpeg 1536w, https:\/\/www2.unifap.br\/radio\/files\/2026\/01\/nra.jpeg 1600w\" sizes=\"(max-width: 1024px) 100vw, 1024px\" \/>\t\t\t\t\t\t\t\t\t\t\t\t\t\t\t<\/div>\n\t\t\t\t<\/div>\n\t\t\t\t<div class=\"elementor-element elementor-element-f55fa5f elementor-widget elementor-widget-heading\" data-id=\"f55fa5f\" data-element_type=\"widget\" data-e-type=\"widget\" data-widget_type=\"heading.default\">\n\t\t\t\t<div class=\"elementor-widget-container\">\n\t\t\t\t\t<h2 class=\"elementor-heading-title elementor-size-default\">Nara Chamblay<\/h2>\t\t\t\t<\/div>\n\t\t\t\t<\/div>\n\t\t\t\t<div class=\"elementor-element elementor-element-8de18aa elementor-widget elementor-widget-heading\" data-id=\"8de18aa\" data-element_type=\"widget\" data-e-type=\"widget\" data-widget_type=\"heading.default\">\n\t\t\t\t<div class=\"elementor-widget-container\">\n\t\t\t\t\t<h1 class=\"elementor-heading-title elementor-size-small\">T\u00e9cnica Administrativa<\/h1>\t\t\t\t<\/div>\n\t\t\t\t<\/div>\n\t\t\t\t\t<\/div>\n\t\t<\/div>\n\t\t\t\t<div class=\"elementor-column elementor-col-25 elementor-top-column elementor-element elementor-element-a28b691\" data-id=\"a28b691\" data-element_type=\"column\" data-e-type=\"column\">\n\t\t\t<div class=\"elementor-widget-wrap elementor-element-populated\">\n\t\t\t\t\t\t<div class=\"elementor-element elementor-element-4f3f322 elementor-widget elementor-widget-image\" data-id=\"4f3f322\" data-element_type=\"widget\" data-e-type=\"widget\" data-widget_type=\"image.default\">\n\t\t\t\t<div class=\"elementor-widget-container\">\n\t\t\t\t\t\t\t\t\t\t\t\t\t\t\t<img loading=\"lazy\" decoding=\"async\" width=\"1536\" height=\"1024\" src=\"https:\/\/www2.unifap.br\/radio\/files\/2023\/08\/IMG_2805-1536x1024.jpg\" class=\"attachment-1536x1536 size-1536x1536 wp-image-14767\" alt=\"\" srcset=\"https:\/\/www2.unifap.br\/radio\/files\/2023\/08\/IMG_2805-1536x1024.jpg 1536w, https:\/\/www2.unifap.br\/radio\/files\/2023\/08\/IMG_2805-300x200.jpg 300w, https:\/\/www2.unifap.br\/radio\/files\/2023\/08\/IMG_2805-1024x683.jpg 1024w, https:\/\/www2.unifap.br\/radio\/files\/2023\/08\/IMG_2805-768x512.jpg 768w, https:\/\/www2.unifap.br\/radio\/files\/2023\/08\/IMG_2805-2048x1365.jpg 2048w\" sizes=\"(max-width: 1536px) 100vw, 1536px\" \/>\t\t\t\t\t\t\t\t\t\t\t\t\t\t\t<\/div>\n\t\t\t\t<\/div>\n\t\t\t\t<div class=\"elementor-element elementor-element-2b34263 elementor-widget elementor-widget-heading\" data-id=\"2b34263\" data-element_type=\"widget\" data-e-type=\"widget\" data-widget_type=\"heading.default\">\n\t\t\t\t<div class=\"elementor-widget-container\">\n\t\t\t\t\t<h2 class=\"elementor-heading-title elementor-size-default\">Ramilton Farias<\/h2>\t\t\t\t<\/div>\n\t\t\t\t<\/div>\n\t\t\t\t<div class=\"elementor-element elementor-element-7090fec elementor-widget elementor-widget-heading\" data-id=\"7090fec\" data-element_type=\"widget\" data-e-type=\"widget\" data-widget_type=\"heading.default\">\n\t\t\t\t<div class=\"elementor-widget-container\">\n\t\t\t\t\t<h1 class=\"elementor-heading-title elementor-size-small\">T\u00e9cnico Administrativo<\/h1>\t\t\t\t<\/div>\n\t\t\t\t<\/div>\n\t\t\t\t\t<\/div>\n\t\t<\/div>\n\t\t\t\t<div class=\"elementor-column elementor-col-25 elementor-top-column elementor-element elementor-element-b5a6961\" data-id=\"b5a6961\" data-element_type=\"column\" data-e-type=\"column\">\n\t\t\t<div class=\"elementor-widget-wrap elementor-element-populated\">\n\t\t\t\t\t\t<div class=\"elementor-element elementor-element-b9cfdbf elementor-widget elementor-widget-image\" data-id=\"b9cfdbf\" data-element_type=\"widget\" data-e-type=\"widget\" data-widget_type=\"image.default\">\n\t\t\t\t<div class=\"elementor-widget-container\">\n\t\t\t\t\t\t\t\t\t\t\t\t\t\t\t<img loading=\"lazy\" decoding=\"async\" width=\"512\" height=\"318\" src=\"https:\/\/www2.unifap.br\/radio\/files\/2025\/01\/cropped-Story-Instagram-Startup-et-Tech-en-Terracotta-Marron-clair-Blanc-Style-Minimaliste-Classique-scaled-1-e1768569472914.jpg\" class=\"attachment-1536x1536 size-1536x1536 wp-image-14933\" alt=\"\" srcset=\"https:\/\/www2.unifap.br\/radio\/files\/2025\/01\/cropped-Story-Instagram-Startup-et-Tech-en-Terracotta-Marron-clair-Blanc-Style-Minimaliste-Classique-scaled-1-e1768569472914.jpg 512w, https:\/\/www2.unifap.br\/radio\/files\/2025\/01\/cropped-Story-Instagram-Startup-et-Tech-en-Terracotta-Marron-clair-Blanc-Style-Minimaliste-Classique-scaled-1-e1768569472914-300x186.jpg 300w\" sizes=\"(max-width: 512px) 100vw, 512px\" \/>\t\t\t\t\t\t\t\t\t\t\t\t\t\t\t<\/div>\n\t\t\t\t<\/div>\n\t\t\t\t<div class=\"elementor-element elementor-element-4372589 elementor-widget elementor-widget-heading\" data-id=\"4372589\" data-element_type=\"widget\" data-e-type=\"widget\" data-widget_type=\"heading.default\">\n\t\t\t\t<div class=\"elementor-widget-container\">\n\t\t\t\t\t<h2 class=\"elementor-heading-title elementor-size-default\">Lucia Borges<\/h2>\t\t\t\t<\/div>\n\t\t\t\t<\/div>\n\t\t\t\t<div class=\"elementor-element elementor-element-b99dd88 elementor-widget elementor-widget-heading\" data-id=\"b99dd88\" data-element_type=\"widget\" data-e-type=\"widget\" data-widget_type=\"heading.default\">\n\t\t\t\t<div class=\"elementor-widget-container\">\n\t\t\t\t\t<h1 class=\"elementor-heading-title elementor-size-small\">T\u00e9cnica Administrativo<\/h1>\t\t\t\t<\/div>\n\t\t\t\t<\/div>\n\t\t\t\t\t<\/div>\n\t\t<\/div>\n\t\t\t\t<div class=\"elementor-column elementor-col-25 elementor-top-column elementor-element elementor-element-fa57f49\" data-id=\"fa57f49\" data-element_type=\"column\" data-e-type=\"column\">\n\t\t\t<div class=\"elementor-widget-wrap elementor-element-populated\">\n\t\t\t\t\t\t<div class=\"elementor-element elementor-element-f7fca00 elementor-widget elementor-widget-image\" data-id=\"f7fca00\" data-element_type=\"widget\" data-e-type=\"widget\" data-widget_type=\"image.default\">\n\t\t\t\t<div class=\"elementor-widget-container\">\n\t\t\t\t\t\t\t\t\t\t\t\t\t\t\t<img loading=\"lazy\" decoding=\"async\" width=\"512\" height=\"318\" src=\"https:\/\/www2.unifap.br\/radio\/files\/2025\/01\/cropped-Story-Instagram-Startup-et-Tech-en-Terracotta-Marron-clair-Blanc-Style-Minimaliste-Classique-scaled-1-e1768569472914.jpg\" class=\"attachment-1536x1536 size-1536x1536 wp-image-14933\" alt=\"\" srcset=\"https:\/\/www2.unifap.br\/radio\/files\/2025\/01\/cropped-Story-Instagram-Startup-et-Tech-en-Terracotta-Marron-clair-Blanc-Style-Minimaliste-Classique-scaled-1-e1768569472914.jpg 512w, https:\/\/www2.unifap.br\/radio\/files\/2025\/01\/cropped-Story-Instagram-Startup-et-Tech-en-Terracotta-Marron-clair-Blanc-Style-Minimaliste-Classique-scaled-1-e1768569472914-300x186.jpg 300w\" sizes=\"(max-width: 512px) 100vw, 512px\" \/>\t\t\t\t\t\t\t\t\t\t\t\t\t\t\t<\/div>\n\t\t\t\t<\/div>\n\t\t\t\t<div class=\"elementor-element elementor-element-0c87c20 elementor-widget elementor-widget-heading\" data-id=\"0c87c20\" data-element_type=\"widget\" data-e-type=\"widget\" data-widget_type=\"heading.default\">\n\t\t\t\t<div class=\"elementor-widget-container\">\n\t\t\t\t\t<h2 class=\"elementor-heading-title elementor-size-default\">John Schott<\/h2>\t\t\t\t<\/div>\n\t\t\t\t<\/div>\n\t\t\t\t<div class=\"elementor-element elementor-element-f9e5940 elementor-widget elementor-widget-heading\" data-id=\"f9e5940\" data-element_type=\"widget\" data-e-type=\"widget\" data-widget_type=\"heading.default\">\n\t\t\t\t<div class=\"elementor-widget-container\">\n\t\t\t\t\t<h1 class=\"elementor-heading-title elementor-size-small\">T\u00e9cnico Administrativo<\/h1>\t\t\t\t<\/div>\n\t\t\t\t<\/div>\n\t\t\t\t\t<\/div>\n\t\t<\/div>\n\t\t\t\t\t<\/div>\n\t\t<\/section>\n\t\t\t\t<\/div>\n\t\t<h3>Related Images:<\/h3>","protected":false},"excerpt":{"rendered":"<p>Servidores R\u00f4mulo Castro Diretor Aretha Barros Rela\u00e7\u00f5es P\u00fablicas Fernando Soares T\u00e9cnico de som Brasiliano Santos T\u00e9c. em Assuntos Educacionais Nara Chamblay T\u00e9cnica Administrativa Ramilton Farias T\u00e9cnico Administrativo Lucia Borges T\u00e9cnica Administrativo John Schott T\u00e9cnico Administrativo Related Images:<\/p>\n","protected":false},"author":3845,"featured_media":0,"parent":0,"menu_order":0,"comment_status":"closed","ping_status":"closed","template":"","meta":{"inline_featured_image":false,"ngg_post_thumbnail":0,"footnotes":""},"class_list":["post-14790","page","type-page","status-publish","hentry","entry"],"_links":{"self":[{"href":"https:\/\/www2.unifap.br\/radio\/wp-json\/wp\/v2\/pages\/14790","targetHints":{"allow":["GET"]}}],"collection":[{"href":"https:\/\/www2.unifap.br\/radio\/wp-json\/wp\/v2\/pages"}],"about":[{"href":"https:\/\/www2.unifap.br\/radio\/wp-json\/wp\/v2\/types\/page"}],"author":[{"embeddable":true,"href":"https:\/\/www2.unifap.br\/radio\/wp-json\/wp\/v2\/users\/3845"}],"replies":[{"embeddable":true,"href":"https:\/\/www2.unifap.br\/radio\/wp-json\/wp\/v2\/comments?post=14790"}],"version-history":[{"count":17,"href":"https:\/\/www2.unifap.br\/radio\/wp-json\/wp\/v2\/pages\/14790\/revisions"}],"predecessor-version":[{"id":15130,"href":"https:\/\/www2.unifap.br\/radio\/wp-json\/wp\/v2\/pages\/14790\/revisions\/15130"}],"wp:attachment":[{"href":"https:\/\/www2.unifap.br\/radio\/wp-json\/wp\/v2\/media?parent=14790"}],"curies":[{"name":"wp","href":"https:\/\/api.w.org\/{rel}","templated":true}]}}