{"id":8571,"date":"2021-04-20T10:39:08","date_gmt":"2021-04-20T13:39:08","guid":{"rendered":"http:\/\/www2.unifap.br\/radio\/?page_id=8571"},"modified":"2025-02-21T13:38:21","modified_gmt":"2025-02-21T16:38:21","slug":"basededados","status":"publish","type":"page","link":"https:\/\/www2.unifap.br\/radio\/basededados\/","title":{"rendered":"Editais"},"content":{"rendered":"\t\t<div data-elementor-type=\"wp-page\" data-elementor-id=\"8571\" class=\"elementor elementor-8571\">\n\t\t\t\t\t\t<section class=\"elementor-section elementor-top-section elementor-element elementor-element-11bfcde4 elementor-section-boxed elementor-section-height-default elementor-section-height-default\" data-id=\"11bfcde4\" data-element_type=\"section\" data-e-type=\"section\">\n\t\t\t\t\t\t<div class=\"elementor-container elementor-column-gap-default\">\n\t\t\t\t\t<div class=\"elementor-column elementor-col-100 elementor-top-column elementor-element elementor-element-30a5b6a7\" data-id=\"30a5b6a7\" data-element_type=\"column\" data-e-type=\"column\">\n\t\t\t<div class=\"elementor-widget-wrap elementor-element-populated\">\n\t\t\t\t\t\t<div class=\"elementor-element elementor-element-43efd677 elementor-widget elementor-widget-text-editor\" data-id=\"43efd677\" data-element_type=\"widget\" data-e-type=\"widget\" data-widget_type=\"text-editor.default\">\n\t\t\t\t<div class=\"elementor-widget-container\">\n\t\t\t\t\t\t\t\t\t<h2>BASE DE DADOS &#8211; Acesso P\u00fablico<\/h2><h2>Normativas e Resolu\u00e7\u00f5es:<\/h2><ul><li data-elementor-setting-key=\"title\" data-pen-placeholder=\"Digite aqui...\"><a href=\"https:\/\/www2.unifap.br\/radio\/files\/2025\/02\/EDITAL_NC2BA_01_2025-Unifap_Reitoria_RUFM_DG_ass_250210_115927-2.pdf\" target=\"_blank\" rel=\"noopener\">EDITAL\u00a0Programas Independentes 2025<\/a><\/li><li><a href=\"https:\/\/www2.unifap.br\/consu\/files\/2016\/03\/Resolu%C3%A7%C3%A3o-n%C2%BA-040-2015-Aprova-REgimento-Geral-do-R%C3%A1dio-Universit%C3%A1ria.pdf\">RESOLU\u00c7\u00c3O 040\/2015, DE 21 DE DEZEMBRO DE 2015 &#8211; Regimento Geral da R\u00e1dio UNIFAP<\/a><br \/><a href=\"https:\/\/drive.google.com\/file\/d\/1Xu1Yd_Q_KdaKG65VBePNBcV07iVLxQ69\/view?usp=share_link\">INSTRU\u00c7\u00c3O NORMATIVA (I.N) N\u00ba 19 \/ 2023 &#8211; RTV UNIFAP<\/a><\/li><\/ul>\t\t\t\t\t\t\t\t<\/div>\n\t\t\t\t<\/div>\n\t\t\t\t\t<\/div>\n\t\t<\/div>\n\t\t\t\t\t<\/div>\n\t\t<\/section>\n\t\t\t\t<\/div>\n\t\t<h3>Related Images:<\/h3>","protected":false},"excerpt":{"rendered":"<p>BASE DE DADOS &#8211; Acesso P\u00fablico Normativas e Resolu\u00e7\u00f5es: EDITAL\u00a0Programas Independentes 2025 RESOLU\u00c7\u00c3O 040\/2015, DE 21 DE DEZEMBRO DE 2015 &#8211; Regimento Geral da R\u00e1dio UNIFAPINSTRU\u00c7\u00c3O NORMATIVA (I.N) N\u00ba 19 \/ 2023 &#8211; RTV UNIFAP Related Images:<\/p>\n","protected":false},"author":3845,"featured_media":0,"parent":0,"menu_order":0,"comment_status":"closed","ping_status":"closed","template":"","meta":{"inline_featured_image":false,"ngg_post_thumbnail":0,"footnotes":""},"class_list":["post-8571","page","type-page","status-publish","hentry","entry"],"_links":{"self":[{"href":"https:\/\/www2.unifap.br\/radio\/wp-json\/wp\/v2\/pages\/8571","targetHints":{"allow":["GET"]}}],"collection":[{"href":"https:\/\/www2.unifap.br\/radio\/wp-json\/wp\/v2\/pages"}],"about":[{"href":"https:\/\/www2.unifap.br\/radio\/wp-json\/wp\/v2\/types\/page"}],"author":[{"embeddable":true,"href":"https:\/\/www2.unifap.br\/radio\/wp-json\/wp\/v2\/users\/3845"}],"replies":[{"embeddable":true,"href":"https:\/\/www2.unifap.br\/radio\/wp-json\/wp\/v2\/comments?post=8571"}],"version-history":[{"count":96,"href":"https:\/\/www2.unifap.br\/radio\/wp-json\/wp\/v2\/pages\/8571\/revisions"}],"predecessor-version":[{"id":15091,"href":"https:\/\/www2.unifap.br\/radio\/wp-json\/wp\/v2\/pages\/8571\/revisions\/15091"}],"wp:attachment":[{"href":"https:\/\/www2.unifap.br\/radio\/wp-json\/wp\/v2\/media?parent=8571"}],"curies":[{"name":"wp","href":"https:\/\/api.w.org\/{rel}","templated":true}]}}