{"id":28,"date":"2012-02-07T02:05:02","date_gmt":"2012-02-07T02:05:02","guid":{"rendered":"http:\/\/www2.unifap.br\/rafaelpontes\/?page_id=28"},"modified":"2012-02-07T03:05:51","modified_gmt":"2012-02-07T03:05:51","slug":"projetos","status":"publish","type":"page","link":"https:\/\/www2.unifap.br\/rafaelpontes\/projetos\/","title":{"rendered":"Projetos"},"content":{"rendered":"<p><strong>Extens\u00e3o<\/strong>: <em>Unifap Digital<\/em> (<a title=\"Projeto Unifap Digital\" href=\"http:\/\/www2.unifap.br\/unifapdigital\" target=\"_blank\">http:\/\/www2.unifap.br\/unifapdigital<\/a>)<\/p>\n<p><strong>Pesquisa:<\/strong><\/p>\n<p>&#8211; <strong>Mestrado: <\/strong><em>Software Educacional Papado<\/em> (<a title=\"N\u00facleo de Educa\u00e7\u00e3o e Cultura\" href=\"http:\/\/www2.unifap.br\/nec\" target=\"_blank\">http:\/\/www2.unifap.br\/nec<\/a>)<\/p>\n<p>&#8211; <strong>Doutorado: <\/strong><em>Software Educacional Ensino de Fra\u00e7\u00f5es<\/em><\/p>\n<p><strong>Atividades T\u00e9cnicas:<\/strong><\/p>\n<p>&#8211; Departamento de Inform\u00e1tica da Unifap (<em><a title=\"DINFO - UNIFAP\" href=\"http:\/\/www2.unifap.br\/dinfo\" target=\"_blank\">http:\/\/www2.unifap.br\/dinfo<\/a><\/em>)<\/p>\n<p><em>&#8211; Sistema Integrado de Gest\u00e3o Universit\u00e1ria (SIGU)<\/em><\/p>\n<p><em>&#8211; Rede Metropolitana de Macap\u00e1 (METROAP)<\/em><\/p>\n<p><em>&#8211; Ponto de Presen\u00e7a da RNP (POP\/AP) (<a title=\"POP\/AP\" href=\"http:\/\/www.pop-ap.rnp.br\" target=\"_blank\">http:\/\/www.pop-ap.rnp.br<\/a>)<\/em><\/p>\n<p>&nbsp;<\/p>\n","protected":false},"excerpt":{"rendered":"<p>Extens\u00e3o: Unifap Digital (http:\/\/www2.unifap.br\/unifapdigital) Pesquisa: &#8211; Mestrado: Software Educacional Papado (http:\/\/www2.unifap.br\/nec) &#8211; Doutorado: Software Educacional Ensino de Fra\u00e7\u00f5es Atividades T\u00e9cnicas: &#8211; Departamento de Inform\u00e1tica da Unifap (http:\/\/www2.unifap.br\/dinfo) &#8211; Sistema Integrado de Gest\u00e3o Universit\u00e1ria (SIGU) &#8211; Rede Metropolitana de Macap\u00e1 (METROAP)&hellip; <\/p>\n<p><a href=\"https:\/\/www2.unifap.br\/rafaelpontes\/projetos\/\" class=\"readmore-button\">Continue Reading<\/a><\/p>\n","protected":false},"author":77,"featured_media":0,"parent":0,"menu_order":3,"comment_status":"open","ping_status":"open","template":"","meta":{"inline_featured_image":false,"ngg_post_thumbnail":0,"footnotes":""},"class_list":["post-28","page","type-page","status-publish","hentry"],"_links":{"self":[{"href":"https:\/\/www2.unifap.br\/rafaelpontes\/wp-json\/wp\/v2\/pages\/28","targetHints":{"allow":["GET"]}}],"collection":[{"href":"https:\/\/www2.unifap.br\/rafaelpontes\/wp-json\/wp\/v2\/pages"}],"about":[{"href":"https:\/\/www2.unifap.br\/rafaelpontes\/wp-json\/wp\/v2\/types\/page"}],"author":[{"embeddable":true,"href":"https:\/\/www2.unifap.br\/rafaelpontes\/wp-json\/wp\/v2\/users\/77"}],"replies":[{"embeddable":true,"href":"https:\/\/www2.unifap.br\/rafaelpontes\/wp-json\/wp\/v2\/comments?post=28"}],"version-history":[{"count":8,"href":"https:\/\/www2.unifap.br\/rafaelpontes\/wp-json\/wp\/v2\/pages\/28\/revisions"}],"predecessor-version":[{"id":36,"href":"https:\/\/www2.unifap.br\/rafaelpontes\/wp-json\/wp\/v2\/pages\/28\/revisions\/36"}],"wp:attachment":[{"href":"https:\/\/www2.unifap.br\/rafaelpontes\/wp-json\/wp\/v2\/media?parent=28"}],"curies":[{"name":"wp","href":"https:\/\/api.w.org\/{rel}","templated":true}]}}