{"id":31,"date":"2012-02-07T02:50:16","date_gmt":"2012-02-07T02:50:16","guid":{"rendered":"http:\/\/www2.unifap.br\/rafaelpontes\/?page_id=31"},"modified":"2012-02-07T02:51:29","modified_gmt":"2012-02-07T02:51:29","slug":"perfil","status":"publish","type":"page","link":"https:\/\/www2.unifap.br\/rafaelpontes\/perfil\/","title":{"rendered":"Perfil"},"content":{"rendered":"<p>Sou Brasiliense de nascimento e Amapaense de cora\u00e7\u00e3o.\u00a0Torcedor do Flamengo e feliz com as conquistas realizadas na minha vida pessoal e profissional!<\/p>\n<p>Estudei por toda a inf\u00e2ncia e adolesc\u00eancia em Macap\u00e1. SESI, de 1a a 4a s\u00e9rie, Tiradentes e CCA de 5a a 8a e NAE no ensino m\u00e9dio.<\/p>\n<p>Cursei a gradua\u00e7\u00e3o em Ci\u00eancia da Computa\u00e7\u00e3o (PUCMINAS), em Belo Horizonte, depois optei por voltar a Macap\u00e1. A saudade do conv\u00edvio com meu pai falou mais alto.<\/p>\n<p>Professor efetivo da Unifap desde 2006. Ministro aulas e oriento trabalhos nos cursos de Secretariado Executivo, onde atuo com disciplinas que discutem o uso das tecnologias na profiss\u00e3o e no Curso de Engenharia El\u00e9trica, com disciplinas de l\u00f3gica e linguagens de programa\u00e7\u00e3o.<\/p>\n<p>Em 2009 conclui o Mestrado no Programa de Desenvolvimento Regional da Unifap. Minha disserta\u00e7\u00e3o abordou o uso de um software educacional, desenvolvido para o meu projeto, no ensino da matem\u00e1tica para crian\u00e7as com S\u00edndrome de Down, na primeira s\u00e9rie do ensino fundamental.<\/p>\n<p>Atualmente estou cursando o Doutorado em Educa\u00e7\u00e3o e Ensino de Ci\u00eancias e Matem\u00e1tica, no Programa REAMEC (projeto financiado pela CAPES integrando universidades da Amaz\u00f4nia). Meu projeto visa aplicar atrav\u00e9s de um software educacional, um m\u00e9todo de ensino de fra\u00e7\u00f5es por atividades, para alunos da 5a e 6a s\u00e9rie do ensino fundamental.<\/p>\n<p>Temas como Tecnologia na Educa\u00e7\u00e3o, Inclus\u00e3o Digital, Objetos Educacionais, Governo Eletr\u00f4nico, Gest\u00e3o de TI e Desenvolvimento de Software, s\u00e3o os que norteiam minhas pesquisas e aulas.<\/p>\n<p>Meu foco est\u00e1 na possibilidade de poder contribuir na constru\u00e7\u00e3o de uma sociedade melhor, mais igualit\u00e1ria. Onde o acesso a educa\u00e7\u00e3o, ao conhecimento e a informa\u00e7\u00e3o seja poss\u00edvel e acess\u00edvel a todos.<\/p>\n","protected":false},"excerpt":{"rendered":"<p>Sou Brasiliense de nascimento e Amapaense de cora\u00e7\u00e3o.\u00a0Torcedor do Flamengo e feliz com as conquistas realizadas na minha vida pessoal e profissional! Estudei por toda a inf\u00e2ncia e adolesc\u00eancia em Macap\u00e1. SESI, de 1a a 4a s\u00e9rie, Tiradentes e CCA&hellip; <\/p>\n<p><a href=\"https:\/\/www2.unifap.br\/rafaelpontes\/perfil\/\" class=\"readmore-button\">Continue Reading<\/a><\/p>\n","protected":false},"author":77,"featured_media":0,"parent":0,"menu_order":2,"comment_status":"open","ping_status":"open","template":"","meta":{"inline_featured_image":false,"ngg_post_thumbnail":0,"footnotes":""},"class_list":["post-31","page","type-page","status-publish","hentry"],"_links":{"self":[{"href":"https:\/\/www2.unifap.br\/rafaelpontes\/wp-json\/wp\/v2\/pages\/31","targetHints":{"allow":["GET"]}}],"collection":[{"href":"https:\/\/www2.unifap.br\/rafaelpontes\/wp-json\/wp\/v2\/pages"}],"about":[{"href":"https:\/\/www2.unifap.br\/rafaelpontes\/wp-json\/wp\/v2\/types\/page"}],"author":[{"embeddable":true,"href":"https:\/\/www2.unifap.br\/rafaelpontes\/wp-json\/wp\/v2\/users\/77"}],"replies":[{"embeddable":true,"href":"https:\/\/www2.unifap.br\/rafaelpontes\/wp-json\/wp\/v2\/comments?post=31"}],"version-history":[{"count":2,"href":"https:\/\/www2.unifap.br\/rafaelpontes\/wp-json\/wp\/v2\/pages\/31\/revisions"}],"predecessor-version":[{"id":34,"href":"https:\/\/www2.unifap.br\/rafaelpontes\/wp-json\/wp\/v2\/pages\/31\/revisions\/34"}],"wp:attachment":[{"href":"https:\/\/www2.unifap.br\/rafaelpontes\/wp-json\/wp\/v2\/media?parent=31"}],"curies":[{"name":"wp","href":"https:\/\/api.w.org\/{rel}","templated":true}]}}