{"id":15,"date":"2015-10-08T20:14:41","date_gmt":"2015-10-08T20:14:41","guid":{"rendered":"http:\/\/www2.unifap.br\/reitoria\/?page_id=15"},"modified":"2022-04-08T14:28:11","modified_gmt":"2022-04-08T17:28:11","slug":"gabine-da-reitoria","status":"publish","type":"page","link":"https:\/\/www2.unifap.br\/reitoria\/gabine-da-reitoria\/","title":{"rendered":"Apresenta\u00e7\u00e3o"},"content":{"rendered":"<p>A Reitoria, \u00f3rg\u00e3o executivo superior que coordena e superintende todas as atividades universit\u00e1rias, \u00e9 exercida pelo Reitor e compreende :<br \/>\nI &#8211; Vice-Reitoria (VIR);<br \/>\nII &#8211; Chefia de Gabinete (GABIN);<br \/>\nIII &#8211; Procuradoria Jur\u00eddica (PROJUR);<br \/>\nIV &#8211; Assessoria Especial (ASSESP);<br \/>\nV &#8211; Comiss\u00e3o de Operacionaliza\u00e7\u00e3o de Processos Seletivos (COPS);<br \/>\nVI &#8211; Auditoria Interna (AI);<br \/>\nVII \u2013 Editora da Universidade (EDIT);<br \/>\nVIII &#8211; Comiss\u00e3o Permanente de Avalia\u00e7\u00e3o Institucional (COPAI);<br \/>\nIX &#8211; Comiss\u00e3o Permanente de Licita\u00e7\u00e3o (CPL);<\/p>\n<p>&nbsp;<\/p>\n<p>Ao Reitor compete :<br \/>\nI &#8211; representar a UNIFAP, em ju\u00edzo ou fora dele;<br \/>\nII &#8211; convocar e presidir as reuni\u00f5es do CONSU e do CONDIR, bem como as demais reuni\u00f5es dos \u00f3rg\u00e3os colegiados da UNIFAP a que comparecer;<br \/>\nIII &#8211; conferir grau e assinar diploma de gradua\u00e7\u00e3o e p\u00f3s-gradua\u00e7\u00e3o;<br \/>\nIV &#8211; coordenar e superintender as atividades universit\u00e1rias;<br \/>\nV &#8211; submeter ao CONDIR, para aprecia\u00e7\u00e3o e parecer, a proposta or\u00e7ament\u00e1ria da UNIFAP;<br \/>\nVI &#8211; inspecionar as atividades administrativas, de ensino, pesquisa e extens\u00e3o, culturais e sociais, dando conhecimento ao CONSU e ao CONDIR das irregularidades verificadas, propondo as provid\u00eancias julgadas convenientes;<br \/>\nVII &#8211; nomear, empossar, promover, elogiar, transferir, punir, dispensar, destituir e exonerar servidores, observada a legisla\u00e7\u00e3o pertinente;<br \/>\nVIII &#8211; dar posse aos Pr\u00f3-Reitores e diretores de departamento;<br \/>\nIX &#8211; firmar conv\u00eanios, acordos e contratos com entidades p\u00fablicas ou privadas ou com pessoas f\u00edsicas, aprovados pelo \u00f3rg\u00e3o competente, quando for o caso;<br \/>\nX &#8211; homologar os planos anual e plurianual da Universidade, e plano de desenvolvimento institucional (PDI), o projeto pol\u00edtico-pedag\u00f3gico institucional (PPI), ap\u00f3s aprova\u00e7\u00e3o pelo CONSU;<br \/>\nXI &#8211; delegar compet\u00eancia aos seus auxiliares, nos termos da legisla\u00e7\u00e3o vigente, definindo os limites dessa delega\u00e7\u00e3o atrav\u00e9s de atos administrativos;<br \/>\nXII &#8211; instituir assessorias e comiss\u00f5es permanentes ou tempor\u00e1rias para estudar assuntos e desempenhar tarefas espec\u00edficas;<br \/>\nXIII &#8211; designar e dispensar os titulares de cargos de dire\u00e7\u00e3o e fun\u00e7\u00f5es gratificadas;<br \/>\nXIV \u2013 submeter \u00e0 aprecia\u00e7\u00e3o do CONSU a indica\u00e7\u00e3o de qualquer pessoa que n\u00e3o fa\u00e7a parte do quadro efetivo desta IFES para nela desempenhar cargos ou fun\u00e7\u00f5es;<br \/>\nXV \u2013 submeter \u00e0 aprecia\u00e7\u00e3o do CONSU a indica\u00e7\u00e3o feita para a Presid\u00eancia da FUNDAP;<br \/>\nXVI &#8211; cumprir e fazer cumprir as decis\u00f5es dos \u00f3rg\u00e3os colegiados, bem como a execu\u00e7\u00e3o dos planos e or\u00e7amento aprovados<\/p>\n<p>XVII &#8211; promover o interc\u00e2mbio da Universidade com a comunidade e com institui\u00e7\u00f5es cong\u00eaneres;<br \/>\nXVIII &#8211; promulgar resolu\u00e7\u00f5es dos colegiados integrantes da administra\u00e7\u00e3o superior<br \/>\ne baixar os demais atos inerentes \u00e0 administra\u00e7\u00e3o da Universidade;<br \/>\nXIX &#8211; tomar decis\u00f5es, em casos excepcionais e urgentes, ad referendum ao Conselho Diretor e ao Conselho Universit\u00e1rio, devendo submet\u00ea-las \u00e0 aprecia\u00e7\u00e3o em reuni\u00e3o subseq\u00fcente; e<br \/>\nXX &#8211; desempenhar quaisquer outras atribui\u00e7\u00f5es inerentes \u00e0 fun\u00e7\u00e3o de Reitor,<br \/>\nprevistas em lei e neste regimento geral.<\/p>\n","protected":false},"excerpt":{"rendered":"<p>A Reitoria, \u00f3rg\u00e3o executivo superior que coordena e superintende todas as atividades universit\u00e1rias, \u00e9 exercida pelo Reitor e compreende : I &#8211; Vice-Reitoria (VIR); II &#8211; Chefia de Gabinete (GABIN); III &#8211; Procuradoria Jur\u00eddica (PROJUR); IV &#8211; Assessoria Especial (ASSESP);&hellip; <\/p>\n<p><a href=\"https:\/\/www2.unifap.br\/reitoria\/gabine-da-reitoria\/\" class=\"readmore-button\">Continue Reading<\/a><\/p>\n","protected":false},"author":814,"featured_media":0,"parent":0,"menu_order":3,"comment_status":"closed","ping_status":"closed","template":"","meta":{"inline_featured_image":false,"ngg_post_thumbnail":0,"footnotes":""},"class_list":["post-15","page","type-page","status-publish","hentry"],"_links":{"self":[{"href":"https:\/\/www2.unifap.br\/reitoria\/wp-json\/wp\/v2\/pages\/15","targetHints":{"allow":["GET"]}}],"collection":[{"href":"https:\/\/www2.unifap.br\/reitoria\/wp-json\/wp\/v2\/pages"}],"about":[{"href":"https:\/\/www2.unifap.br\/reitoria\/wp-json\/wp\/v2\/types\/page"}],"author":[{"embeddable":true,"href":"https:\/\/www2.unifap.br\/reitoria\/wp-json\/wp\/v2\/users\/814"}],"replies":[{"embeddable":true,"href":"https:\/\/www2.unifap.br\/reitoria\/wp-json\/wp\/v2\/comments?post=15"}],"version-history":[{"count":34,"href":"https:\/\/www2.unifap.br\/reitoria\/wp-json\/wp\/v2\/pages\/15\/revisions"}],"predecessor-version":[{"id":413,"href":"https:\/\/www2.unifap.br\/reitoria\/wp-json\/wp\/v2\/pages\/15\/revisions\/413"}],"wp:attachment":[{"href":"https:\/\/www2.unifap.br\/reitoria\/wp-json\/wp\/v2\/media?parent=15"}],"curies":[{"name":"wp","href":"https:\/\/api.w.org\/{rel}","templated":true}]}}