{"id":17,"date":"2015-10-08T20:15:04","date_gmt":"2015-10-08T20:15:04","guid":{"rendered":"http:\/\/www2.unifap.br\/reitoria\/?page_id=17"},"modified":"2022-04-08T14:24:23","modified_gmt":"2022-04-08T17:24:23","slug":"contatos","status":"publish","type":"page","link":"https:\/\/www2.unifap.br\/reitoria\/contatos\/","title":{"rendered":"Contatos"},"content":{"rendered":"<blockquote><p><strong>Gabinete da Reitoria: <\/strong><br \/>\ngabinete.reitoria@unifap.br<\/p>\n<p><strong>Secretaria do Gabinete<\/strong><br \/>\nvilmara@unifa.br<\/p>\n<p><strong>Vice Reitoria<\/strong><br \/>\nleal@unifap.br<\/p>\n<p><strong>Assessoria Especial de Comunica\u00e7\u00e3o <\/strong><br \/>\nassesp@unifap.br<\/p>\n<p><strong>Conselho Superior<\/strong><br \/>\nsconsu@unifap.br<\/p>\n<p><strong>Gabinete Vice &#8211; Reitoria<\/strong><br \/>\ngabinete.reitoria@unifap.br<\/p>\n<p><strong>Procuradoria Jur\u00eddica <\/strong><br \/>\nproju@unifap.br<\/p>\n<p><strong>Comiss\u00e3o Permanente de Licita\u00e7\u00e3o<\/strong><br \/>\ncpl@unifap.br<\/p>\n<p><strong>Auditoria Interna<\/strong><br \/>\naudint@unifap.br<\/p>\n<p><strong>Corregedoria <\/strong><br \/>\ncorregedoria@unifap.br<\/p>\n<p><strong>Pr\u00f3-Reitoria de Administra\u00e7\u00e3o<\/strong><br \/>\nproad@unifap.br<\/p>\n<p><strong>Pr\u00f3-Reitoria de Gradua\u00e7\u00e3o<\/strong><br \/>\nprograd@unifap.br<\/p>\n<p><strong>Pr\u00f3-Reitoria de Pesquisa e P\u00f3s-Gradua\u00e7\u00e3o<\/strong><br \/>\npropespg@unifap.br<\/p>\n<p><strong>Pr\u00f3-Reitoria de Gest\u00e3o de Pessoas<\/strong><br \/>\nprogep@unifap.br<\/p>\n<p><strong>Pr\u00f3-Reitoria de Coopera\u00e7\u00e3o e Rela\u00e7\u00f5es Interinstitucionais<\/strong><br \/>\nprocri@unifap.br<\/p>\n<p><strong>Pr\u00f3-Reitoria de Extens\u00e3o e A\u00e7\u00f5es Comunit\u00e1rias<\/strong><br \/>\nproeac@unifap.br<\/p>\n<p><strong>Pr\u00f3-Reitoria de Planejamento<\/strong><br \/>\nproplan@unifap.br<\/p><\/blockquote>\n","protected":false},"excerpt":{"rendered":"<p>Gabinete da Reitoria: gabinete.reitoria@unifap.br Secretaria do Gabinete vilmara@unifa.br Vice Reitoria leal@unifap.br Assessoria Especial de Comunica\u00e7\u00e3o assesp@unifap.br Conselho Superior sconsu@unifap.br Gabinete Vice &#8211; Reitoria gabinete.reitoria@unifap.br Procuradoria Jur\u00eddica proju@unifap.br Comiss\u00e3o Permanente de Licita\u00e7\u00e3o cpl@unifap.br Auditoria Interna audint@unifap.br Corregedoria corregedoria@unifap.br Pr\u00f3-Reitoria de Administra\u00e7\u00e3o&hellip; <\/p>\n<p><a href=\"https:\/\/www2.unifap.br\/reitoria\/contatos\/\" class=\"readmore-button\">Continue Reading<\/a><\/p>\n","protected":false},"author":814,"featured_media":71,"parent":0,"menu_order":4,"comment_status":"closed","ping_status":"closed","template":"","meta":{"inline_featured_image":false,"ngg_post_thumbnail":0,"footnotes":""},"class_list":["post-17","page","type-page","status-publish","has-post-thumbnail","hentry"],"_links":{"self":[{"href":"https:\/\/www2.unifap.br\/reitoria\/wp-json\/wp\/v2\/pages\/17","targetHints":{"allow":["GET"]}}],"collection":[{"href":"https:\/\/www2.unifap.br\/reitoria\/wp-json\/wp\/v2\/pages"}],"about":[{"href":"https:\/\/www2.unifap.br\/reitoria\/wp-json\/wp\/v2\/types\/page"}],"author":[{"embeddable":true,"href":"https:\/\/www2.unifap.br\/reitoria\/wp-json\/wp\/v2\/users\/814"}],"replies":[{"embeddable":true,"href":"https:\/\/www2.unifap.br\/reitoria\/wp-json\/wp\/v2\/comments?post=17"}],"version-history":[{"count":16,"href":"https:\/\/www2.unifap.br\/reitoria\/wp-json\/wp\/v2\/pages\/17\/revisions"}],"predecessor-version":[{"id":409,"href":"https:\/\/www2.unifap.br\/reitoria\/wp-json\/wp\/v2\/pages\/17\/revisions\/409"}],"wp:featuredmedia":[{"embeddable":true,"href":"https:\/\/www2.unifap.br\/reitoria\/wp-json\/wp\/v2\/media\/71"}],"wp:attachment":[{"href":"https:\/\/www2.unifap.br\/reitoria\/wp-json\/wp\/v2\/media?parent=17"}],"curies":[{"name":"wp","href":"https:\/\/api.w.org\/{rel}","templated":true}]}}