{"id":55,"date":"2015-10-08T21:21:48","date_gmt":"2015-10-08T21:21:48","guid":{"rendered":"http:\/\/www2.unifap.br\/reitoria\/?page_id=55"},"modified":"2018-11-27T12:34:44","modified_gmt":"2018-11-27T12:34:44","slug":"plano-de-desenvolvimento-institucional","status":"publish","type":"page","link":"https:\/\/www2.unifap.br\/reitoria\/plano-de-desenvolvimento-institucional\/","title":{"rendered":"Plano de Desenvolvimento Institucional"},"content":{"rendered":"<\/ol>\n<p><a href=\"http:\/\/www2.unifap.br\/reitoria\/files\/2015\/10\/LOGOTIPO-PDI1.jpg\"><img decoding=\"async\" src=\"http:\/\/www2.unifap.br\/reitoria\/files\/2015\/10\/LOGOTIPO-PDI1.jpg\" alt=\"LOGOTIPO-PDI1\" width=\"150\" height=\"174\" class=\"alignnone size-full wp-image-64\" \/><\/a><\/p>\n<p>O Plano de Desenvolvimento Institucional (PDI) \u00e9 o documento norteador do planejamento estrat\u00e9gico de uma Institui\u00e7\u00e3o de Ensino Superior (IES). Nele constam as estrat\u00e9gias, objetivos, metas e a\u00e7\u00f5es que ser\u00e3o adotadas para se atingir a miss\u00e3o da IES.<\/p>\n<p>\u00c9 no PDI que se encontram as pol\u00edticas de ensino, pesquisa e extens\u00e3o, trip\u00e9 fundador de qualquer IES. Mas n\u00e3o \u00e9 s\u00f3 isso. O documento traz tamb\u00e9m as a\u00e7\u00f5es de gest\u00e3o da institui\u00e7\u00e3o, no que tange \u00e0 sua organiza\u00e7\u00e3o administrativa, financeira e or\u00e7ament\u00e1ria, de infraestrutura e responsabilidade de inclus\u00e3o social e desenvolvimento. Inclui, ainda, indicadores de desempenho e de avalia\u00e7\u00e3o para que se possa analisar a atual situa\u00e7\u00e3o da IES, visando  refor\u00e7ar os pontos positivos e elaborar a\u00e7\u00f5es que procurem dirimir lacunas, em uma constante busca pelo aprimoramento, por meio de mudan\u00e7as cont\u00ednuas e planejadas.<\/p>\n<blockquote><p>\n<strong>Documentos Importantes do PDI:<\/strong><br \/>\n<a href=\"http:\/\/www2.unifap.br\/pdi\/files\/2009\/08\/PDI-2015-2019-UNIFAP.pdf\">PDI 2015-2019<\/a><br \/>\n<a href=\"http:\/\/www2.unifap.br\/pdi\/files\/2009\/09\/LDB.pdf\">Lei de Diretrizes e Bases da Educa\u00e7\u00e3o Nacional<\/a><a href=\"http:\/\/www2.unifap.br\/pdi\/files\/2009\/09\/LEI-13005-2014-PNE.pdf\">LEI 13005-2014 \u2013 PNE<\/a><br \/>\n<a href=\"http:\/\/www2.unifap.br\/pdi\/files\/2009\/09\/LEI_n10861_14_4_04_SINAES.pdf\">LEI N\u00ba 10.861, DE 14 DE ABRIL DE 2004<\/a><br \/>\n<a href=\"http:\/\/www2.unifap.br\/pdi\/files\/2009\/09\/Portaria_2051_2004_SINAES_regulamentacao.pdf\">PORTARIA N\u00ba 2.051, DE 9 DE JULHO DE 2004<\/a><a href=\"http:\/\/www2.unifap.br\/pdi\/files\/2009\/09\/Relatorio-Autoavalia%C3%A7%C3%A3o-PARCIAL-CPA-2014.pdf\">Relatorio Autoavalia\u00e7\u00e3o PARCIAL \u2013 CPA 2014<\/a><a href=\"http:\/\/www2.unifap.br\/pdi\/files\/2009\/09\/Relatorio-Autoavalia%C3%A7%C3%A3o-2011-FINAL.pdf\">Relat\u00f3rio Autoavalia\u00e7\u00e3o 2011<\/a><a href=\"http:\/\/www2.unifap.br\/pdi\/files\/2009\/09\/Relatorio-Autoavalia%C3%A7%C3%A3o-2013-UNIFAP.pdf\">Relatorio Autoavalia\u00e7\u00e3o 2013 UNIFAP<\/a><a href=\"http:\/\/www2.unifap.br\/pdi\/files\/2009\/09\/RELAT%C3%93RIO-DE-GEST%C3%83O-UNIFAP-EXERC%C3%8DCIO-2010.pdf\">RELAT\u00d3RIO DE GEST\u00c3O UNIFAP EXERC\u00cdCIO 2010<\/a><\/p>\n","protected":false},"excerpt":{"rendered":"<p>O Plano de Desenvolvimento Institucional (PDI) \u00e9 o documento norteador do planejamento estrat\u00e9gico de uma Institui\u00e7\u00e3o de Ensino Superior (IES). Nele constam as estrat\u00e9gias, objetivos, metas e a\u00e7\u00f5es que ser\u00e3o adotadas para se atingir a miss\u00e3o da IES. \u00c9 no&hellip; <\/p>\n<p><a href=\"https:\/\/www2.unifap.br\/reitoria\/plano-de-desenvolvimento-institucional\/\" class=\"readmore-button\">Continue Reading<\/a><\/p>\n","protected":false},"author":814,"featured_media":0,"parent":0,"menu_order":5,"comment_status":"closed","ping_status":"closed","template":"","meta":{"inline_featured_image":false,"ngg_post_thumbnail":0,"footnotes":""},"class_list":["post-55","page","type-page","status-publish","hentry"],"_links":{"self":[{"href":"https:\/\/www2.unifap.br\/reitoria\/wp-json\/wp\/v2\/pages\/55","targetHints":{"allow":["GET"]}}],"collection":[{"href":"https:\/\/www2.unifap.br\/reitoria\/wp-json\/wp\/v2\/pages"}],"about":[{"href":"https:\/\/www2.unifap.br\/reitoria\/wp-json\/wp\/v2\/types\/page"}],"author":[{"embeddable":true,"href":"https:\/\/www2.unifap.br\/reitoria\/wp-json\/wp\/v2\/users\/814"}],"replies":[{"embeddable":true,"href":"https:\/\/www2.unifap.br\/reitoria\/wp-json\/wp\/v2\/comments?post=55"}],"version-history":[{"count":9,"href":"https:\/\/www2.unifap.br\/reitoria\/wp-json\/wp\/v2\/pages\/55\/revisions"}],"predecessor-version":[{"id":62,"href":"https:\/\/www2.unifap.br\/reitoria\/wp-json\/wp\/v2\/pages\/55\/revisions\/62"}],"wp:attachment":[{"href":"https:\/\/www2.unifap.br\/reitoria\/wp-json\/wp\/v2\/media?parent=55"}],"curies":[{"name":"wp","href":"https:\/\/api.w.org\/{rel}","templated":true}]}}