{"id":1103,"date":"2017-12-04T13:28:33","date_gmt":"2017-12-04T13:28:33","guid":{"rendered":"http:\/\/www2.unifap.br\/relacoesinternacionais\/?page_id=1103"},"modified":"2024-03-25T19:58:48","modified_gmt":"2024-03-25T19:58:48","slug":"documentos-para-colacao-de-grau","status":"publish","type":"page","link":"https:\/\/www2.unifap.br\/relacoesinternacionais\/documentos-para-colacao-de-grau\/","title":{"rendered":"Cola\u00e7\u00e3o de Grau"},"content":{"rendered":"<p style=\"text-align: left\" align=\"center\">Podem colar grau estudantes que tenham integralizado todos os componentes curriculares do curso de Rela\u00e7\u00f5es Internacionais e apresentado a documenta\u00e7\u00e3o exigida pela institui\u00e7\u00e3o. Atualmente, os documentos exigidos pela UNIFAP para cola\u00e7\u00e3o de grau (original e c\u00f3pia, de prefer\u00eancia digitalizada) s\u00e3o:<\/p>\n<p style=\"text-align: left\" align=\"center\">&nbsp;<\/p>\n<p>a) Carteira de identidade;<\/p>\n<p>b) CPF;<\/p>\n<p>b) T\u00edtulo de eleitor atualizado (com biometria);<\/p>\n<p>c) Certid\u00e3o de quita\u00e7\u00e3o eleitoral;<\/p>\n<p>d) Certid\u00e3o de nascimento ou casamento;<\/p>\n<p>e) Certificado de reservista (para homens);<\/p>\n<p>f) Certificado e hist\u00f3rico escolar do ensino m\u00e9dio;<\/p>\n<p>g) Declara\u00e7\u00e3o de adimpl\u00eancia da Biblioteca Central da Unifap;<\/p>\n<p>h) Comprovante de resid\u00eancia atualizado.<\/p>\n<p>&nbsp;<\/p>\n<p>COLA\u00c7\u00c3O DE GRAU DE GABINETE:<\/p>\n<p>A cola\u00e7\u00e3o de grau de gabinete \u00e9 cab\u00edvel quando o estudante necessite com certa urg\u00eancia de comprova\u00e7\u00e3o da conclus\u00e3o do curso para se matricular em curso de p\u00f3s-gradua\u00e7\u00e3o, tomar posse em cargo p\u00fablico ou para ser contratado por alguma empresa. Nesse caso, al\u00e9m dos documentos acima, o discente deve encaminhar comprova\u00e7\u00e3o documental da necessidade urgente de cola\u00e7\u00e3o de grau para alguma dessas hip\u00f3teses.<\/p>\n<p>O aluno concluinte interessado em colar grau e que tenha integralizado os componentes curriculares do curso deve se dirigir \u00e0 coordena\u00e7\u00e3o de curso com a documenta\u00e7\u00e3o supramencionada.<\/p>\n","protected":false},"excerpt":{"rendered":"<p>Podem colar grau estudantes que tenham integralizado todos os componentes curriculares do curso de Rela\u00e7\u00f5es Internacionais e apresentado a documenta\u00e7\u00e3o exigida pela institui\u00e7\u00e3o. Atualmente, os documentos exigidos pela UNIFAP para cola\u00e7\u00e3o de grau (original e c\u00f3pia, de prefer\u00eancia digitalizada) s\u00e3o:&hellip; <\/p>\n<p><a href=\"https:\/\/www2.unifap.br\/relacoesinternacionais\/documentos-para-colacao-de-grau\/\" class=\"readmore-button\">Continue Reading<\/a><\/p>\n","protected":false},"author":1128,"featured_media":0,"parent":0,"menu_order":0,"comment_status":"open","ping_status":"open","template":"","meta":{"inline_featured_image":false,"ngg_post_thumbnail":0,"footnotes":""},"class_list":["post-1103","page","type-page","status-publish","hentry"],"_links":{"self":[{"href":"https:\/\/www2.unifap.br\/relacoesinternacionais\/wp-json\/wp\/v2\/pages\/1103","targetHints":{"allow":["GET"]}}],"collection":[{"href":"https:\/\/www2.unifap.br\/relacoesinternacionais\/wp-json\/wp\/v2\/pages"}],"about":[{"href":"https:\/\/www2.unifap.br\/relacoesinternacionais\/wp-json\/wp\/v2\/types\/page"}],"author":[{"embeddable":true,"href":"https:\/\/www2.unifap.br\/relacoesinternacionais\/wp-json\/wp\/v2\/users\/1128"}],"replies":[{"embeddable":true,"href":"https:\/\/www2.unifap.br\/relacoesinternacionais\/wp-json\/wp\/v2\/comments?post=1103"}],"version-history":[{"count":10,"href":"https:\/\/www2.unifap.br\/relacoesinternacionais\/wp-json\/wp\/v2\/pages\/1103\/revisions"}],"predecessor-version":[{"id":1418,"href":"https:\/\/www2.unifap.br\/relacoesinternacionais\/wp-json\/wp\/v2\/pages\/1103\/revisions\/1418"}],"wp:attachment":[{"href":"https:\/\/www2.unifap.br\/relacoesinternacionais\/wp-json\/wp\/v2\/media?parent=1103"}],"curies":[{"name":"wp","href":"https:\/\/api.w.org\/{rel}","templated":true}]}}