{"id":1344,"date":"2023-03-10T22:34:37","date_gmt":"2023-03-10T22:34:37","guid":{"rendered":"https:\/\/www2.unifap.br\/relacoesinternacionais\/?page_id=1344"},"modified":"2024-04-22T02:05:27","modified_gmt":"2024-04-22T02:05:27","slug":"monitoria","status":"publish","type":"page","link":"https:\/\/www2.unifap.br\/relacoesinternacionais\/monitoria\/","title":{"rendered":"Monitoria"},"content":{"rendered":"<p>O programa de monitoria possibilita ao estudante atuar de forma mais intensa e direta em uma determinada disciplina, sob orienta\u00e7\u00e3o docente, em atividades compat\u00edveis com sua condi\u00e7\u00e3o de graduando. Assim, o objetivo do programa de monitoriais \u00e9 despertar o interesse do estudante para a doc\u00eancia em n\u00edvel superior.<\/p>\n<p>O discente do curso de Rela\u00e7\u00f5es Internacionais pode fazer sua monitoria recebendo uma bolsa ou de maneira volunt\u00e1ria. No caso da bolsa monitoria, \u00e9 semestralmente o <a href=\"https:\/\/www2.unifap.br\/dfch\/\">DFCH<\/a> publica edital de bolsa monitoria, que contempla bolsas para os estudantes de Rela\u00e7\u00f5es Internacionais. No caso da monitoria volunt\u00e1ria, a sele\u00e7\u00e3o \u00e9 feita pela coordena\u00e7\u00e3o do curso de Rela\u00e7\u00f5es Internacionais com base no Regimento de Monitorias Volunt\u00e1rias do curso.<\/p>\n<p><a href=\"http:\/\/www2.unifap.br\/relacoesinternacionais\/files\/2024\/04\/REGIMENTO-DE-MONITORIAS-VOLUNTARIAS-DO-CURSO-DE-RELACOES-INTERNACIONAIS-DA-UNIFAP.pdf\">REGIMENTO DE MONITORIAS VOLUNT\u00c1RIAS DO CURSO DE RELA\u00c7\u00d5ES INTERNACIONAIS DA UNIFAP<\/a><\/p>\n<p>A monitoria volunt\u00e1ria conta como atividade equivalente a<a href=\"https:\/\/www2.unifap.br\/relacoesinternacionais\/estagio\/\"> est\u00e1gio <\/a>para estudantes que ingressaram no curso em 2018. Al\u00e9m disso, tanto os estudantes que ingressaram at\u00e9 2018 quanto aqueles que ingressaram a partir de 2019 podem contabilizar as atividades de monitoria como <a href=\"https:\/\/www2.unifap.br\/relacoesinternacionais\/regulamento-acc\/\">ACCs.<\/a><\/p>\n","protected":false},"excerpt":{"rendered":"<p>O programa de monitoria possibilita ao estudante atuar de forma mais intensa e direta em uma determinada disciplina, sob orienta\u00e7\u00e3o docente, em atividades compat\u00edveis com sua condi\u00e7\u00e3o de graduando. Assim, o objetivo do programa de monitoriais \u00e9 despertar o interesse&hellip; <\/p>\n<p><a href=\"https:\/\/www2.unifap.br\/relacoesinternacionais\/monitoria\/\" class=\"readmore-button\">Continue Reading<\/a><\/p>\n","protected":false},"author":3975,"featured_media":0,"parent":0,"menu_order":0,"comment_status":"closed","ping_status":"closed","template":"","meta":{"inline_featured_image":false,"ngg_post_thumbnail":0,"footnotes":""},"class_list":["post-1344","page","type-page","status-publish","hentry"],"_links":{"self":[{"href":"https:\/\/www2.unifap.br\/relacoesinternacionais\/wp-json\/wp\/v2\/pages\/1344","targetHints":{"allow":["GET"]}}],"collection":[{"href":"https:\/\/www2.unifap.br\/relacoesinternacionais\/wp-json\/wp\/v2\/pages"}],"about":[{"href":"https:\/\/www2.unifap.br\/relacoesinternacionais\/wp-json\/wp\/v2\/types\/page"}],"author":[{"embeddable":true,"href":"https:\/\/www2.unifap.br\/relacoesinternacionais\/wp-json\/wp\/v2\/users\/3975"}],"replies":[{"embeddable":true,"href":"https:\/\/www2.unifap.br\/relacoesinternacionais\/wp-json\/wp\/v2\/comments?post=1344"}],"version-history":[{"count":3,"href":"https:\/\/www2.unifap.br\/relacoesinternacionais\/wp-json\/wp\/v2\/pages\/1344\/revisions"}],"predecessor-version":[{"id":1437,"href":"https:\/\/www2.unifap.br\/relacoesinternacionais\/wp-json\/wp\/v2\/pages\/1344\/revisions\/1437"}],"wp:attachment":[{"href":"https:\/\/www2.unifap.br\/relacoesinternacionais\/wp-json\/wp\/v2\/media?parent=1344"}],"curies":[{"name":"wp","href":"https:\/\/api.w.org\/{rel}","templated":true}]}}