{"id":46,"date":"2013-12-27T03:32:43","date_gmt":"2013-12-27T03:32:43","guid":{"rendered":"http:\/\/www2.unifap.br\/relacoesinternacionais\/?page_id=46"},"modified":"2023-03-10T21:43:14","modified_gmt":"2023-03-10T21:43:14","slug":"sobre-o-curso","status":"publish","type":"page","link":"https:\/\/www2.unifap.br\/relacoesinternacionais\/sobre-o-curso\/","title":{"rendered":"Apresenta\u00e7\u00e3o"},"content":{"rendered":"<p style=\"text-align: justify\"><span style=\"font-size: 14px;line-height: 1.5em\"><span style=\"line-height: 1.5em\"><a href=\"http:\/\/www2.unifap.br\/relacoesinternacionais\/files\/2013\/12\/imagem-01.png\"><img fetchpriority=\"high\" decoding=\"async\" class=\"size-medium wp-image-756 aligncenter\" title=\"Bacharelado em Rela\u00e7\u00f5es Internacionais\" src=\"http:\/\/www2.unifap.br\/relacoesinternacionais\/files\/2013\/12\/imagem-01-300x230.png\" alt=\"Bacharelado em Rela\u00e7\u00f5es Internacionais\" width=\"300\" height=\"230\" srcset=\"https:\/\/www2.unifap.br\/relacoesinternacionais\/files\/2013\/12\/imagem-01-300x230.png 300w, https:\/\/www2.unifap.br\/relacoesinternacionais\/files\/2013\/12\/imagem-01.png 864w\" sizes=\"(max-width: 300px) 100vw, 300px\" \/><\/a><\/span><\/span><\/p>\n<div style=\"text-align: justify\">A globaliza\u00e7\u00e3o e a velocidade do fluxo de informa\u00e7\u00f5es diminu\u00edram as fronteiras entre os pa\u00edses. As quest\u00f5es internacionais deixaram de ser compet\u00eancia exclusiva dos diplomatas e de outros grupos restritos. Temas como seguran\u00e7a regional, forma\u00e7\u00e3o de blocos comerciais, direitos humanos e terrorismo entraram definitivamente para a agenda p\u00fablica. Nesse contexto, a atua\u00e7\u00e3o dos profissionais de Rela\u00e7\u00f5es Internacionais tornou-se necess\u00e1ria n\u00e3o apenas em \u00f3rg\u00e3os p\u00fablicos diversos, mas tamb\u00e9m em empresas privadas, organiza\u00e7\u00f5es internacionais e do terceiro setor.<\/div>\n<p style=\"text-align: justify\">O campo de estudos das Rela\u00e7\u00f5es Internacionais \u00e9 apaixonante. Os fatos do mundo contempor\u00e2neo, massificados pelo fen\u00f4meno da globaliza\u00e7\u00e3o e pelo acesso aos meios de comunica\u00e7\u00e3o social, est\u00e3o permanentemente expostos para an\u00e1lise e discuss\u00f5es. Para quem gosta de Direito, Economia, Filosofia, Sociologia, Hist\u00f3ria, Ci\u00eancia Pol\u00edtica, Antropologia, dentre outras \u00e1reas, o curso de Rela\u00e7\u00f5es Internacionais \u00e9 ideal.<\/p>\n<p style=\"text-align: justify\">O Internacionalista (designa\u00e7\u00e3o do profissional bacharel em Rela\u00e7\u00f5es Internacionais) analisa o cen\u00e1rio mundial do ponto de vista pol\u00edtico, social e econ\u00f4mico; representa os interesses internacionalmente de empresas, governos ou munic\u00edpios; promove negocia\u00e7\u00f5es internacionais; atua com organiza\u00e7\u00f5es internacionais, como a ONU, a OEA, o Mercosul, etc, em quest\u00f5es que envolvem os direitos humanos, coopera\u00e7\u00e3o, conflito e desenvolvimento; e trabalha com ONGs internacionais como Greenpeace, WWF, Anistia Internacional, HRW e Conectas Direitos Humanos, por exemplo.<\/p>\n<h5 style=\"text-align: justify\">O CURSO DE RELA\u00c7\u00d5ES INTERNACIONAIS NO ESTADO DO AMAP\u00c1<\/h5>\n<p style=\"text-align: justify\">A cria\u00e7\u00e3o do curso de Rela\u00e7\u00f5es Internacionais na Universidade Federal do Amap\u00e1 (UNIFAP) aconteceu na esteira de dois momentos mais amplos: no processo de expans\u00e3o institucional proporcionado pelo Programa de Apoio a Planos de Reestrutura\u00e7\u00e3o e Expans\u00e3o das Universidades Federais (REUNI) e na fase mais recente da terceira etapa da amplia\u00e7\u00e3o da oferta de bacharelados na \u00e1rea. De um lado observou-se a expans\u00e3o substancial da quantidade de cursos de gradua\u00e7\u00e3o na UNIFAP, e de outro viu-se a possibilidade de ofertar um curso de Rela\u00e7\u00f5es Internacionais fora dos centros tradicionais, em um estado fronteiri\u00e7o da Amaz\u00f4nia Setentrional. Situada em uma regi\u00e3o que limita-se internacionalmente com o Departamento Ultramarino franc\u00eas (Guiana Francesa) e com o Suriname, a localiza\u00e7\u00e3o geogr\u00e1fica da Universidade lhe confere uma condi\u00e7\u00e3o de espa\u00e7o simultaneamente estrat\u00e9gico e perif\u00e9rico: estrat\u00e9gico devido a sua posi\u00e7\u00e3o fronteiri\u00e7a com um territ\u00f3rio europeu e de sua vincula\u00e7\u00e3o ao Plat\u00f4 das Guianas, caminho de integra\u00e7\u00e3o do Brasil com o norte da Am\u00e9rica do Sul e o Caribe; e perif\u00e9rico em virtude da dist\u00e2ncia dos grandes centros econ\u00f4micos e pol\u00edticos nacionais agravada pelo isolamento decorrente da falta de interconectividade com o resto do pa\u00eds. Al\u00e9m disso, por sua localiza\u00e7\u00e3o na Amaz\u00f4nia e na regi\u00e3o Norte do Brasil (regi\u00e3o essa que tem a maior concentra\u00e7\u00e3o de povos ind\u00edgenas do Brasil), podemos considerar o Amap\u00e1 como sendo central para alguns dos mais importantes debates da agenda internacional da \u00faltima d\u00e9cada, como, por exemplo, sobre Fundo Amaz\u00f4nia, genoc\u00eddio ind\u00edgena, mudan\u00e7as clim\u00e1ticas, dentre outros. O curso de Rela\u00e7\u00f5es Internacionais da UNIFAP pretende formar internacionalistas que, al\u00e9m de uma vis\u00e3o mais global das Rela\u00e7\u00f5es Internacionais e \u00e1reas correlatas, tenham um olhar mais agu\u00e7ado para as quest\u00f5es regionais que envolvam a inser\u00e7\u00e3o da Amaz\u00f4nia e do Amap\u00e1 nas Rela\u00e7\u00f5es Internacionais, al\u00e9m de sensibilidade para pautas como meio ambiente, direitos humanos e diversidade racial, de g\u00eanero, de sexualidade e de religi\u00e3o.<\/p>\n","protected":false},"excerpt":{"rendered":"<p>A globaliza\u00e7\u00e3o e a velocidade do fluxo de informa\u00e7\u00f5es diminu\u00edram as fronteiras entre os pa\u00edses. As quest\u00f5es internacionais deixaram de ser compet\u00eancia exclusiva dos diplomatas e de outros grupos restritos. Temas como seguran\u00e7a regional, forma\u00e7\u00e3o de blocos comerciais, direitos humanos&hellip; <\/p>\n<p><a href=\"https:\/\/www2.unifap.br\/relacoesinternacionais\/sobre-o-curso\/\" class=\"readmore-button\">Continue Reading<\/a><\/p>\n","protected":false},"author":385,"featured_media":0,"parent":0,"menu_order":0,"comment_status":"open","ping_status":"closed","template":"","meta":{"inline_featured_image":false,"ngg_post_thumbnail":0,"footnotes":""},"class_list":["post-46","page","type-page","status-publish","hentry"],"_links":{"self":[{"href":"https:\/\/www2.unifap.br\/relacoesinternacionais\/wp-json\/wp\/v2\/pages\/46","targetHints":{"allow":["GET"]}}],"collection":[{"href":"https:\/\/www2.unifap.br\/relacoesinternacionais\/wp-json\/wp\/v2\/pages"}],"about":[{"href":"https:\/\/www2.unifap.br\/relacoesinternacionais\/wp-json\/wp\/v2\/types\/page"}],"author":[{"embeddable":true,"href":"https:\/\/www2.unifap.br\/relacoesinternacionais\/wp-json\/wp\/v2\/users\/385"}],"replies":[{"embeddable":true,"href":"https:\/\/www2.unifap.br\/relacoesinternacionais\/wp-json\/wp\/v2\/comments?post=46"}],"version-history":[{"count":18,"href":"https:\/\/www2.unifap.br\/relacoesinternacionais\/wp-json\/wp\/v2\/pages\/46\/revisions"}],"predecessor-version":[{"id":1329,"href":"https:\/\/www2.unifap.br\/relacoesinternacionais\/wp-json\/wp\/v2\/pages\/46\/revisions\/1329"}],"wp:attachment":[{"href":"https:\/\/www2.unifap.br\/relacoesinternacionais\/wp-json\/wp\/v2\/media?parent=46"}],"curies":[{"name":"wp","href":"https:\/\/api.w.org\/{rel}","templated":true}]}}