{"id":81,"date":"2013-12-27T05:09:31","date_gmt":"2013-12-27T05:09:31","guid":{"rendered":"http:\/\/www2.unifap.br\/relacoesinternacionais\/?page_id=81"},"modified":"2024-04-22T02:03:01","modified_gmt":"2024-04-22T02:03:01","slug":"regulamento-acc","status":"publish","type":"page","link":"https:\/\/www2.unifap.br\/relacoesinternacionais\/regulamento-acc\/","title":{"rendered":"Atividades Complementares do Curso (ACC)"},"content":{"rendered":"<p style=\"text-align: center\"><a href=\"http:\/\/www2.unifap.br\/relacoesinternacionais\/files\/2013\/12\/desarrollo_academico.png\"><img decoding=\"async\" class=\" wp-image-810 aligncenter\" src=\"http:\/\/www2.unifap.br\/relacoesinternacionais\/files\/2013\/12\/desarrollo_academico-294x300.png\" alt=\"desarrollo_academico\" width=\"186\" height=\"189\" srcset=\"https:\/\/www2.unifap.br\/relacoesinternacionais\/files\/2013\/12\/desarrollo_academico-294x300.png 294w, https:\/\/www2.unifap.br\/relacoesinternacionais\/files\/2013\/12\/desarrollo_academico-70x70.png 70w, https:\/\/www2.unifap.br\/relacoesinternacionais\/files\/2013\/12\/desarrollo_academico.png 671w\" sizes=\"(max-width: 186px) 100vw, 186px\" \/><\/a><\/p>\n<p>&nbsp;<\/p>\n<p>As Atividades Complementares do Curso (ACCs) de Bacharelado em Rela\u00e7\u00f5es Internacionais da Universidade Federal do Amap\u00e1 (UNIFAP) s\u00e3o aquelas que propiciam conhecimento relevante para o processo de ensino-aprendizagem, conforme os crit\u00e9rios de interdisciplinaridade e flexibiliza\u00e7\u00e3o curricular. Estas s\u00e3o de cumprimento obrigat\u00f3rio, n\u00e3o podendo haver dispensa.<\/p>\n<p>A avalia\u00e7\u00e3o do discente nas ACCs realizar-se mediante crit\u00e9rios de assiduidade e rendimento. A responsabilidade pela escolha das ACCs \u00e9 exclusiva do discente, mediante o cumprimento dos requisitos do Regulamento Interno das Atividades Complementares do Curso, cuja finalidade \u00e9 o enriquecimento do curr\u00edculo e a pluralidade de forma\u00e7\u00e3o do mesmo, com pertin\u00eancia tem\u00e1tica em rela\u00e7\u00e3o \u00e0 \u00e1rea de Rela\u00e7\u00f5es Internacionais.<\/p>\n<p>A carga hor\u00e1ria total de ACCs a ser cumprida pelos discentes do curso de bacharelado em Rela\u00e7\u00f5es Internacionais que ingressaram at\u00e9 o ano de 2018 \u00e9 de 210h. Para discentes que ingressaram a partir do ano de 2019, a carga hor\u00e1ria de ACCs \u00e9 300h. A coordena\u00e7\u00e3o pede que estudantes leiam atentamente os regimentos de Atividades Complementares, presentes no <a href=\"https:\/\/www2.unifap.br\/relacoesinternacionais\/ppc\/#:~:text=O%20Projeto%20Pedag%C3%B3gico%20de%20Curso,da%20Gradua%C3%A7%C3%A3o%2C%20respeitando%20os%20ditames\">Projeto Pedag\u00f3gico de Curso<\/a>, antes de solicitarem a integraliza\u00e7\u00e3o das ACCs.<\/p>\n","protected":false},"excerpt":{"rendered":"<p>&nbsp; As Atividades Complementares do Curso (ACCs) de Bacharelado em Rela\u00e7\u00f5es Internacionais da Universidade Federal do Amap\u00e1 (UNIFAP) s\u00e3o aquelas que propiciam conhecimento relevante para o processo de ensino-aprendizagem, conforme os crit\u00e9rios de interdisciplinaridade e flexibiliza\u00e7\u00e3o curricular. Estas s\u00e3o de&hellip; <\/p>\n<p><a href=\"https:\/\/www2.unifap.br\/relacoesinternacionais\/regulamento-acc\/\" class=\"readmore-button\">Continue Reading<\/a><\/p>\n","protected":false},"author":385,"featured_media":0,"parent":0,"menu_order":2,"comment_status":"open","ping_status":"open","template":"","meta":{"inline_featured_image":false,"ngg_post_thumbnail":0,"footnotes":""},"class_list":["post-81","page","type-page","status-publish","hentry"],"_links":{"self":[{"href":"https:\/\/www2.unifap.br\/relacoesinternacionais\/wp-json\/wp\/v2\/pages\/81","targetHints":{"allow":["GET"]}}],"collection":[{"href":"https:\/\/www2.unifap.br\/relacoesinternacionais\/wp-json\/wp\/v2\/pages"}],"about":[{"href":"https:\/\/www2.unifap.br\/relacoesinternacionais\/wp-json\/wp\/v2\/types\/page"}],"author":[{"embeddable":true,"href":"https:\/\/www2.unifap.br\/relacoesinternacionais\/wp-json\/wp\/v2\/users\/385"}],"replies":[{"embeddable":true,"href":"https:\/\/www2.unifap.br\/relacoesinternacionais\/wp-json\/wp\/v2\/comments?post=81"}],"version-history":[{"count":8,"href":"https:\/\/www2.unifap.br\/relacoesinternacionais\/wp-json\/wp\/v2\/pages\/81\/revisions"}],"predecessor-version":[{"id":1436,"href":"https:\/\/www2.unifap.br\/relacoesinternacionais\/wp-json\/wp\/v2\/pages\/81\/revisions\/1436"}],"wp:attachment":[{"href":"https:\/\/www2.unifap.br\/relacoesinternacionais\/wp-json\/wp\/v2\/media?parent=81"}],"curies":[{"name":"wp","href":"https:\/\/api.w.org\/{rel}","templated":true}]}}