{"id":84,"date":"2013-12-27T05:17:30","date_gmt":"2013-12-27T05:17:30","guid":{"rendered":"http:\/\/www2.unifap.br\/relacoesinternacionais\/?page_id=84"},"modified":"2024-03-31T03:06:43","modified_gmt":"2024-03-31T03:06:43","slug":"tcc","status":"publish","type":"page","link":"https:\/\/www2.unifap.br\/relacoesinternacionais\/tcc\/","title":{"rendered":"Trabalho de Conclus\u00e3o de Curso (TCC)"},"content":{"rendered":"<p style=\"text-align: center\"><a href=\"http:\/\/www2.unifap.br\/relacoesinternacionais\/files\/2013\/12\/marca_tcc-01.png\"><img decoding=\"async\" class=\"size-medium wp-image-808 aligncenter\" src=\"http:\/\/www2.unifap.br\/relacoesinternacionais\/files\/2013\/12\/marca_tcc-01-300x125.png\" alt=\"marca_tcc-01\" width=\"300\" height=\"125\" srcset=\"https:\/\/www2.unifap.br\/relacoesinternacionais\/files\/2013\/12\/marca_tcc-01-300x125.png 300w, https:\/\/www2.unifap.br\/relacoesinternacionais\/files\/2013\/12\/marca_tcc-01-1024x429.png 1024w, https:\/\/www2.unifap.br\/relacoesinternacionais\/files\/2013\/12\/marca_tcc-01.png 1329w\" sizes=\"(max-width: 300px) 100vw, 300px\" \/><\/a><\/p>\n<p style=\"text-align: justify\">O Trabalho de Conclus\u00e3o de Curso (TCC) \u00e9 uma atividade acad\u00eamica obrigat\u00f3ria que consiste na sistematiza\u00e7\u00e3o, registro e apresenta\u00e7\u00e3o de conhecimentos culturais, cient\u00edficos e t\u00e9cnicos, produzidos na \u00e1rea do Curso, como resultado de um trabalho de investiga\u00e7\u00e3o cient\u00edfica na \u00e1rea de Rela\u00e7\u00f5es Internacionais. O TCC \u00e9 um documento que representa o resultado de estudo, devendo expressar conhecimento do assunto escolhido pelo discente. Deve ser feito sob a supervis\u00e3o de um professor orientador, podendo ter tamb\u00e9m, a crit\u00e9rio do discente e do orientador, um co-orientador.<\/p>\n<p>Formul\u00e1rios para cadastro de orientador de TCC:<\/p>\n<p><a href=\"http:\/\/www2.unifap.br\/relacoesinternacionais\/files\/2017\/12\/ACEITE-DE-ORIENTA\u00c7\u00c3O-PARA-TRABALHO-DE-CONCLUS\u00c3O-DE-CURSO.docx\">Formul\u00e1rio de aceite de orienta\u00e7\u00e3o<\/a><\/p>\n<p><a href=\"http:\/\/www2.unifap.br\/relacoesinternacionais\/files\/2017\/12\/FORMUL\u00c1RIO-PARA-ALTERA\u00c7\u00c3O-DE-ORIENTADOR-1.docx\">Formul\u00e1rio de troca de orientador<\/a><\/p>\n<p><strong>Documentos necess\u00e1rios para lan\u00e7amento de nota de TCC:<\/strong><\/p>\n<ol>\n<li>De responsabilidade do orientador e da banca avaliadora: Ata da defesa do TCC preenchida pelo orientador e assinada por todos os membros da banca e fichas de avalia\u00e7\u00e3o individual preenchidas e assinadas membros avaliadores;<\/li>\n<li>De responsabilidade do estudante: TCC completo em formato PDF e o documento Declara\u00e7\u00e3o de Autoria e Autoriza\u00e7\u00e3o para Publica\u00e7\u00e3o, dispon\u00edvel para download no site da Biblioteca, devidamente preenchido e assinado pelo estudante.<\/li>\n<\/ol>\n","protected":false},"excerpt":{"rendered":"<p>O Trabalho de Conclus\u00e3o de Curso (TCC) \u00e9 uma atividade acad\u00eamica obrigat\u00f3ria que consiste na sistematiza\u00e7\u00e3o, registro e apresenta\u00e7\u00e3o de conhecimentos culturais, cient\u00edficos e t\u00e9cnicos, produzidos na \u00e1rea do Curso, como resultado de um trabalho de investiga\u00e7\u00e3o cient\u00edfica na \u00e1rea&hellip; <\/p>\n<p><a href=\"https:\/\/www2.unifap.br\/relacoesinternacionais\/tcc\/\" class=\"readmore-button\">Continue Reading<\/a><\/p>\n","protected":false},"author":385,"featured_media":0,"parent":0,"menu_order":3,"comment_status":"open","ping_status":"open","template":"","meta":{"inline_featured_image":false,"ngg_post_thumbnail":0,"footnotes":""},"class_list":["post-84","page","type-page","status-publish","hentry"],"_links":{"self":[{"href":"https:\/\/www2.unifap.br\/relacoesinternacionais\/wp-json\/wp\/v2\/pages\/84","targetHints":{"allow":["GET"]}}],"collection":[{"href":"https:\/\/www2.unifap.br\/relacoesinternacionais\/wp-json\/wp\/v2\/pages"}],"about":[{"href":"https:\/\/www2.unifap.br\/relacoesinternacionais\/wp-json\/wp\/v2\/types\/page"}],"author":[{"embeddable":true,"href":"https:\/\/www2.unifap.br\/relacoesinternacionais\/wp-json\/wp\/v2\/users\/385"}],"replies":[{"embeddable":true,"href":"https:\/\/www2.unifap.br\/relacoesinternacionais\/wp-json\/wp\/v2\/comments?post=84"}],"version-history":[{"count":13,"href":"https:\/\/www2.unifap.br\/relacoesinternacionais\/wp-json\/wp\/v2\/pages\/84\/revisions"}],"predecessor-version":[{"id":1423,"href":"https:\/\/www2.unifap.br\/relacoesinternacionais\/wp-json\/wp\/v2\/pages\/84\/revisions\/1423"}],"wp:attachment":[{"href":"https:\/\/www2.unifap.br\/relacoesinternacionais\/wp-json\/wp\/v2\/media?parent=84"}],"curies":[{"name":"wp","href":"https:\/\/api.w.org\/{rel}","templated":true}]}}