{"id":843,"date":"2017-06-06T20:05:50","date_gmt":"2017-06-06T20:05:50","guid":{"rendered":"http:\/\/www2.unifap.br\/relacoesinternacionais\/?page_id=843"},"modified":"2024-04-22T02:18:10","modified_gmt":"2024-04-22T02:18:10","slug":"pesquisa","status":"publish","type":"page","link":"https:\/\/www2.unifap.br\/relacoesinternacionais\/pesquisa\/","title":{"rendered":"Pesquisa"},"content":{"rendered":"<p>A pesquisa cient\u00edfica nas Rela\u00e7\u00f5es Internacionais parte de uma pergunta de pesquisa, de uma curiosidade sobre algo nas Rela\u00e7\u00f5es Internacionais, e ent\u00e3o, atrav\u00e9s de uma s\u00e9rie de m\u00e9todos de investiga\u00e7\u00e3o, a pesquisa busca responder a essa pergunta sobre um tema das Rela\u00e7\u00f5es Internacionais. Todos os docentes efetivos do curso de Rela\u00e7\u00f5es Internacionais da UNIFAP hoje em dia participam de projetos de pesquisa cadastrados na institui\u00e7\u00e3o. Estudantes podem participar dos projetos de pesquisa dos professores (sejam esses professores do curso de Rela\u00e7\u00f5es Internacionais ou de outros cursos) atrav\u00e9s da Inicia\u00e7\u00e3o Cient\u00edfica, um instrumento que busca iniciar os estudantes na pesquisa cient\u00edfica, sob a orienta\u00e7\u00e3o de um docente. A inicia\u00e7\u00e3o cient\u00edfica na UNIFAP deve ser vinculada a algum projeto de pesquisa cadastrado por docente efetivo da institui\u00e7\u00e3o pode ser feita atrav\u00e9s de cinco programas de inicia\u00e7\u00e3o cient\u00edfica, sendo os quatro primeiros com pagamento de bolsa ao estudante que faz a inicia\u00e7\u00e3o cient\u00edfica, e o \u00faltimo, volunt\u00e1rio:<\/p>\n<ul>\n<li>Programa Institucional de Bolsas de Inicia\u00e7\u00e3o Cient\u00edfica (PIBIC), com bolsas pagas pelo Conselho Nacional de Desenvolvimento Cient\u00edfico e Tecnol\u00f3gico (CNPq);<\/li>\n<li>Programa Institucional de Bolsas de Inicia\u00e7\u00e3o Cient\u00edfica e Tecnol\u00f3gica-A\u00e7\u00f5es Afirmativas (PIBIC-AF), tendo como destinat\u00e1rios estudantes que ingressaram na UNIFAP atrav\u00e9s de pol\u00edticas de a\u00e7\u00f5es afirmativas, tamb\u00e9m com bolsas pagas pelo CNPq;<\/li>\n<li>Programa de Bolsas de Inicia\u00e7\u00e3o Cient\u00edfica (PROBIC), com bolsas pagas pela UNIFAP;<\/li>\n<li>Programa de Bolsas de Inicia\u00e7\u00e3o Cient\u00edfica-A\u00e7\u00f5es Afirmativas (PROBIC-AF), tendo como destinat\u00e1rios estudantes que ingressaram na UNIFAP atrav\u00e9s de a\u00e7\u00f5es afirmativas, tamb\u00e9m com bolsas pagas pela UNIFAP;<\/li>\n<li>Programa Volunt\u00e1rio de Inicia\u00e7\u00e3o Cient\u00edfica (PROVIC)<\/li>\n<\/ul>\n<p>No <a href=\"https:\/\/www2.unifap.br\/relacoesinternacionais\/sobre-o-curso\/ppc\/\">Projeto Pedag\u00f3gico do Curso (PPC)<\/a> de Rela\u00e7\u00f5es Internacionais da UNIFAP, \u00e9 expressamente previsto que a participa\u00e7\u00e3o dos alunos em projetos de pesquisa dos docentes, atrav\u00e9s da inicia\u00e7\u00e3o cient\u00edfica, pode ser aproveitada na carga hor\u00e1ria do componente curricular <a href=\"https:\/\/www2.unifap.br\/relacoesinternacionais\/regulamento-acc\/\">Atividades Complementares<\/a>. Para isso, \u00e9 necess\u00e1rio apresentar o certificado ou declara\u00e7\u00e3o de inicia\u00e7\u00e3o cient\u00edfica para a coordena\u00e7\u00e3o do curso. O estudante do curso que tenha feito inicia\u00e7\u00e3o cient\u00edfica gera seu certificado\/declara\u00e7\u00e3o na plataforma SIGAA-UNIFAP. Para isso, ele deve ir na aba &#8220;pesquisa&#8221;, e depois em &#8220;Certificados e Declara\u00e7\u00f5es&#8221;.<\/p>\n<p>Gostou da pesquisa de algum professor, e quer fazer inicia\u00e7\u00e3o cient\u00edfica com ele? Caso seu interesse seja em fazer pelo PROVIC, voc\u00ea pode procurar pelo professor em qualquer \u00e9poca do ano. Caso seu interesse seja nas bolsas PIBIC, PIBIC-AF, PROBIC e PROBIC-AF, voc\u00ea deve esperar a abertura de inscri\u00e7\u00f5es para o edital de bolsas de inicia\u00e7\u00e3o cient\u00edfica da UNIFAP, que \u00e9 publicado anualmente pelo <a href=\"https:\/\/www2.unifap.br\/dpq\/\">Departamento de Pesquisa (DPq) da UNIFAP<\/a>.<\/p>\n","protected":false},"excerpt":{"rendered":"<p>A pesquisa cient\u00edfica nas Rela\u00e7\u00f5es Internacionais parte de uma pergunta de pesquisa, de uma curiosidade sobre algo nas Rela\u00e7\u00f5es Internacionais, e ent\u00e3o, atrav\u00e9s de uma s\u00e9rie de m\u00e9todos de investiga\u00e7\u00e3o, a pesquisa busca responder a essa pergunta sobre um tema&hellip; <\/p>\n<p><a href=\"https:\/\/www2.unifap.br\/relacoesinternacionais\/pesquisa\/\" class=\"readmore-button\">Continue Reading<\/a><\/p>\n","protected":false},"author":1128,"featured_media":0,"parent":0,"menu_order":2,"comment_status":"open","ping_status":"closed","template":"","meta":{"inline_featured_image":false,"ngg_post_thumbnail":0,"footnotes":""},"class_list":["post-843","page","type-page","status-publish","hentry"],"_links":{"self":[{"href":"https:\/\/www2.unifap.br\/relacoesinternacionais\/wp-json\/wp\/v2\/pages\/843","targetHints":{"allow":["GET"]}}],"collection":[{"href":"https:\/\/www2.unifap.br\/relacoesinternacionais\/wp-json\/wp\/v2\/pages"}],"about":[{"href":"https:\/\/www2.unifap.br\/relacoesinternacionais\/wp-json\/wp\/v2\/types\/page"}],"author":[{"embeddable":true,"href":"https:\/\/www2.unifap.br\/relacoesinternacionais\/wp-json\/wp\/v2\/users\/1128"}],"replies":[{"embeddable":true,"href":"https:\/\/www2.unifap.br\/relacoesinternacionais\/wp-json\/wp\/v2\/comments?post=843"}],"version-history":[{"count":13,"href":"https:\/\/www2.unifap.br\/relacoesinternacionais\/wp-json\/wp\/v2\/pages\/843\/revisions"}],"predecessor-version":[{"id":1443,"href":"https:\/\/www2.unifap.br\/relacoesinternacionais\/wp-json\/wp\/v2\/pages\/843\/revisions\/1443"}],"wp:attachment":[{"href":"https:\/\/www2.unifap.br\/relacoesinternacionais\/wp-json\/wp\/v2\/media?parent=843"}],"curies":[{"name":"wp","href":"https:\/\/api.w.org\/{rel}","templated":true}]}}