{"id":845,"date":"2017-06-06T20:06:08","date_gmt":"2017-06-06T20:06:08","guid":{"rendered":"http:\/\/www2.unifap.br\/relacoesinternacionais\/?page_id=845"},"modified":"2023-03-20T03:30:24","modified_gmt":"2023-03-20T03:30:24","slug":"extensao","status":"publish","type":"page","link":"https:\/\/www2.unifap.br\/relacoesinternacionais\/extensao\/","title":{"rendered":"Extens\u00e3o"},"content":{"rendered":"<p>As atividades de extens\u00e3o, que surgem na <a href=\"https:\/\/revistapesquisa.fapesp.br\/cem-anos-da-reforma-de-cordoba\/\">Reforma Universit\u00e1ria de C\u00f3rdoba de 1918<\/a>, s\u00e3o definidas pela Resolu\u00e7\u00e3o n\u00ba 7\/2018 do Conselho Nacional de Educa\u00e7\u00e3o (CNE) como interven\u00e7\u00f5es que envolvam diretamente as comunidades externas \u00e0s institui\u00e7\u00f5es de ensino superior, e que estejam vinculadas \u00e0 forma\u00e7\u00e3o do estudante. Essa mesma Resolu\u00e7\u00e3o do CNE estabelece que 10% da carga hor\u00e1ria total dos cursos de ensino superior s\u00e3o compostas por atividades de extens\u00e3o.&nbsp;<\/p>\n<p>Em virtude disso, os estudantes do curso de Rela\u00e7\u00f5es Internacionais da UNIFAP, para conclu\u00edrem o curso, devem cumprir 330h em atividades de extens\u00e3o. Essas 330h est\u00e3o divididas em 5 componentes curriculares, a serem realizados em m\u00f3dulo livre: Atividade de Extens\u00e3o I (90h), Atividade de Extens\u00e3o II (60h), Atividade de Extens\u00e3o III (60h), Atividade de Extens\u00e3o IV (60h), Atividade de Extens\u00e3o V (60h). As horas de extens\u00e3o podem ser cumpridas em projetos de extens\u00e3o cadastrados tanto na UNIFAP (coordenados por docentes do curso de Rela\u00e7\u00f5es Internacionais quanto ou&nbsp; por docentes de outros cursos da institui\u00e7\u00e3o) quanto em qualquer outra institui\u00e7\u00e3o de ensino superior.<\/p>\n<p>Consideram-se as seguintes modalidades como Atividades de Extens\u00e3o, desde que envolvam o compartilhamento de saberes entre comunidade universit\u00e1ria e comunidade externa:<br \/>\nI. Programas: representam as a\u00e7\u00f5es de m\u00e9dio e longo prazo que aproximam as estrat\u00e9gias extensionistas de projetos, Cursos, oficinas, eventos e etc., visando estabelecer uma rede articulada de gest\u00e3o conjunta de Atividades de Extens\u00e3o institucional ou interinstitucional;<br \/>\nII. Projetos: S\u00e3o a\u00e7\u00f5es extensionistas aquelas oriundas de qualquer Institui\u00e7\u00e3o de Ensino Superior, podendo ser permanentes ou eventuais;<br \/>\nIII. Cursos e Oficinas: s\u00e3o atividades de cunho tecnol\u00f3gico, cultural ou acad\u00eamico, que tenham como objetivo estabelecer a difus\u00e3o dos conhecimentos cient\u00edficos produzidos na universidade para a sociedade civil em geral, com \u00eanfase na responsabilidade social.<br \/>\nIV. Eventos: S\u00e3o pr\u00e1ticas extensionistas que podem ser divulgadas a partir de palestras, semin\u00e1rios, encontros ou congressos, nacionais ou internacionais.<\/p>\n<p>V.&nbsp;Presta\u00e7\u00e3o de Servi\u00e7os: Se prop\u00f5e ao desenvolvimento de novas abordagens pedag\u00f3gicas, a partir do compartilhamento de conhecimento produzido na universidade em comunidades, com o intuito de estabelecer solu\u00e7\u00f5es para dado problema profissional ou social.<br \/>\nVI. Produto: \u00c9 o resultado de Atividades de Extens\u00e3o, ensino e pesquisa, com a finalidade de difus\u00e3o e divulga\u00e7\u00e3o cultural, cient\u00edfica ou tecnol\u00f3gica, a partir da elabora\u00e7\u00e3o de livros, anais, artigos, textos, revistas, manual, cartilhas, jornal, relat\u00f3rio, v\u00eddeos, filmes, programas de r\u00e1dio e TV, softwares, CDs, DVDs, partituras, arranjos musicais, entre outros.<\/p>\n<p>Para que as horas sejam computadas na carga hor\u00e1ria de extens\u00e3o do estudante, \u00e9 necess\u00e1rio que o discente seja agente ativo na integra\u00e7\u00e3o entre saberes universit\u00e1rios e populares, n\u00e3o sendo poss\u00edvel, por isso, computar atividades extensionistas em que o estudante compareceu na condi\u00e7\u00e3o de ouvinte (atividades em que o estudante compareceu apenas como ouvinte s\u00e3o computadas como <a href=\"https:\/\/www2.unifap.br\/relacoesinternacionais\/regulamento-acc\/\">ACC<\/a>). Al\u00e9m disso, a carga hor\u00e1ria j\u00e1 computada como Atividade Complementar n\u00e3o pode ser computada como Extens\u00e3o.<\/p>\n<p>Quando o estudante atingir a carga hor\u00e1ria de extens\u00e3o exigida para os componentes curriculares de extens\u00e3o, deve enviar o comprovante da atividade para a coordena\u00e7\u00e3o do curso de Rela\u00e7\u00f5es Internacionais. Os certificados e declara\u00e7\u00f5es de a\u00e7\u00f5es de extens\u00e3o da UNIFAP devem ser gerados pelo discente na plataforma SIGAA-UNIFAP: ap\u00f3s fazer seu login na plataforma, o discente deve ir na aba &#8220;extens\u00e3o&#8221;, e depois na aba &#8220;certificados e declara\u00e7\u00f5es&#8221;.<\/p>\n<p>Viu algum projeto de extens\u00e3o que te interessou? N\u00e3o esque\u00e7a de procurar o docente respons\u00e1vel, para que ele fa\u00e7a seu cadastro no projeto, e assim voc\u00ea ganhe a carga hor\u00e1ria de extens\u00e3o! As atividades de extens\u00e3o podem ser realizadas tanto de forma volunt\u00e1ria como atrav\u00e9s de Bolsas de Extens\u00e3o, cujo edital \u00e9 publicado anualmente pelo <a href=\"https:\/\/www2.unifap.br\/dex\/\">Departamento de Extens\u00e3o (DEX) da UNIFAP.<\/a><\/p>\n","protected":false},"excerpt":{"rendered":"<p>As atividades de extens\u00e3o, que surgem na Reforma Universit\u00e1ria de C\u00f3rdoba de 1918, s\u00e3o definidas pela Resolu\u00e7\u00e3o n\u00ba 7\/2018 do Conselho Nacional de Educa\u00e7\u00e3o (CNE) como interven\u00e7\u00f5es que envolvam diretamente as comunidades externas \u00e0s institui\u00e7\u00f5es de ensino superior, e que&hellip; <\/p>\n<p><a href=\"https:\/\/www2.unifap.br\/relacoesinternacionais\/extensao\/\" class=\"readmore-button\">Continue Reading<\/a><\/p>\n","protected":false},"author":1128,"featured_media":0,"parent":0,"menu_order":3,"comment_status":"open","ping_status":"closed","template":"","meta":{"inline_featured_image":false,"ngg_post_thumbnail":0,"footnotes":""},"class_list":["post-845","page","type-page","status-publish","hentry"],"_links":{"self":[{"href":"https:\/\/www2.unifap.br\/relacoesinternacionais\/wp-json\/wp\/v2\/pages\/845","targetHints":{"allow":["GET"]}}],"collection":[{"href":"https:\/\/www2.unifap.br\/relacoesinternacionais\/wp-json\/wp\/v2\/pages"}],"about":[{"href":"https:\/\/www2.unifap.br\/relacoesinternacionais\/wp-json\/wp\/v2\/types\/page"}],"author":[{"embeddable":true,"href":"https:\/\/www2.unifap.br\/relacoesinternacionais\/wp-json\/wp\/v2\/users\/1128"}],"replies":[{"embeddable":true,"href":"https:\/\/www2.unifap.br\/relacoesinternacionais\/wp-json\/wp\/v2\/comments?post=845"}],"version-history":[{"count":15,"href":"https:\/\/www2.unifap.br\/relacoesinternacionais\/wp-json\/wp\/v2\/pages\/845\/revisions"}],"predecessor-version":[{"id":1386,"href":"https:\/\/www2.unifap.br\/relacoesinternacionais\/wp-json\/wp\/v2\/pages\/845\/revisions\/1386"}],"wp:attachment":[{"href":"https:\/\/www2.unifap.br\/relacoesinternacionais\/wp-json\/wp\/v2\/media?parent=845"}],"curies":[{"name":"wp","href":"https:\/\/api.w.org\/{rel}","templated":true}]}}