{"id":10,"date":"2017-01-12T13:34:53","date_gmt":"2017-01-12T16:34:53","guid":{"rendered":"http:\/\/www2.unifap.br\/revisaoestatuto\/?page_id=10"},"modified":"2017-01-12T14:26:23","modified_gmt":"2017-01-12T17:26:23","slug":"conselho-estatuinte","status":"publish","type":"page","link":"https:\/\/www2.unifap.br\/revisaoestatuto\/conselho-estatuinte\/","title":{"rendered":"Conselho Estatuinte"},"content":{"rendered":"<p>No final de 2014, o Conselho Universit\u00e1rio (Consu) da Universidade Federal do Amap\u00e1 (Unifap) foi reconduzido. Com esta recondu\u00e7\u00e3o, o Artigo 11 do Estatuto foi alterado, permitindo a reordena\u00e7\u00e3o do n\u00famero de conselheiros, dando ao Consu maior seguran\u00e7a jur\u00eddica. Esse processo foi encaminhado ao Conselho Nacional de Educa\u00e7\u00e3o (CNE) e Minist\u00e9rio da Educa\u00e7\u00e3o (MEC) no final do mesmo ano, para aprova\u00e7\u00e3o. Foi publicado no Di\u00e1rio Oficial em dezembro de 2015, o que possibilitou novas elei\u00e7\u00f5es, constituindo-se o Conselho Estatuinte.<\/p>\n<p>Composi\u00e7\u00e3o do Conselho Estatuinte da Unifap:<\/p>\n<table border=\"1\" cellspacing=\"0\" cellpadding=\"0\">\n<tbody>\n<tr>\n<td valign=\"top\" width=\"550\">Ad\u00e9lia da Costa Lima<\/td>\n<\/tr>\n<tr>\n<td valign=\"top\" width=\"550\">Adelma das Neves Nunes Barros Mendes<\/td>\n<\/tr>\n<tr>\n<td valign=\"top\" width=\"550\">Allan Jasper Rocha Mendes<\/td>\n<\/tr>\n<tr>\n<td valign=\"top\" width=\"550\">\u00c1lisson Vieira Costa<\/td>\n<\/tr>\n<tr>\n<td valign=\"top\" width=\"550\">Ana Paula Pinheiro de Ara\u00fajo<\/td>\n<\/tr>\n<tr>\n<td valign=\"top\" width=\"550\">Andr\u00e9 Rodrigues Guimar\u00e3es<\/td>\n<\/tr>\n<tr>\n<td valign=\"top\" width=\"550\">Ant\u00f4nio dos Mart\u00edrios Barros<\/td>\n<\/tr>\n<tr>\n<td valign=\"top\" width=\"550\">Aretha Ara\u00fajo de Almeida<\/td>\n<\/tr>\n<tr>\n<td valign=\"top\" width=\"550\">Arlene Xavier Santos Costa<\/td>\n<\/tr>\n<tr>\n<td valign=\"top\" width=\"550\">Caio Pinho Fernandes<\/td>\n<\/tr>\n<tr>\n<td valign=\"top\" width=\"550\">Carlos Alberto Farias Borges<\/td>\n<\/tr>\n<tr>\n<td valign=\"top\" width=\"550\">Cl\u00e9ber Alexandre de Oliveira<\/td>\n<\/tr>\n<tr>\n<td valign=\"top\" width=\"550\">Emanuelle Silva Barbosa<\/td>\n<\/tr>\n<tr>\n<td valign=\"top\" width=\"550\">\u00c9dico Ren\u00ea de Carvalho Canuto Pires<\/td>\n<\/tr>\n<tr>\n<td valign=\"top\" width=\"550\">Elizandra de Matos Cardoso<\/td>\n<\/tr>\n<tr>\n<td valign=\"top\" width=\"550\">Emanuel Leal de Lima<\/td>\n<\/tr>\n<tr>\n<td valign=\"top\" width=\"550\">F\u00e1bio Rodrigues Trindade<\/td>\n<\/tr>\n<tr>\n<td valign=\"top\" width=\"550\">Fl\u00e1vio da Silva Costa<\/td>\n<\/tr>\n<tr>\n<td valign=\"top\" width=\"550\">Gabriel L\u00e9lis Cordeiro do Carmo<\/td>\n<\/tr>\n<tr>\n<td valign=\"top\" width=\"550\">Geraldo Neves de Albuquerque Maranh\u00e3o<\/td>\n<\/tr>\n<tr>\n<td valign=\"top\" width=\"550\">Glauber Ruan Barbosa Pereira<\/td>\n<\/tr>\n<tr>\n<td valign=\"top\" width=\"550\">Helena Cristina Sim\u00f5es<\/td>\n<\/tr>\n<tr>\n<td valign=\"top\" width=\"550\">Iuri Cavlak<\/td>\n<\/tr>\n<tr>\n<td valign=\"top\" width=\"550\">Jean Cla\u00fadio Santos Fonseca<\/td>\n<\/tr>\n<tr>\n<td valign=\"top\" width=\"550\">Jess\u00e9 da Costa Maciel<\/td>\n<\/tr>\n<tr>\n<td valign=\"top\" width=\"550\">J\u00e9ssica de Sousa Meneses<\/td>\n<\/tr>\n<tr>\n<td valign=\"top\" width=\"550\">J\u00e9ssica Mendes Dias<\/td>\n<\/tr>\n<tr>\n<td valign=\"top\" width=\"550\">Jo\u00e3o Batista Gomes de Oliveira<\/td>\n<\/tr>\n<tr>\n<td valign=\"top\" width=\"550\">Jocelma Mendes Dias<\/td>\n<\/tr>\n<tr>\n<td valign=\"top\" width=\"550\">Joezer Silva Barros<\/td>\n<\/tr>\n<tr>\n<td valign=\"top\" width=\"550\">Jos\u00e9 Caldeira Gemaque Neto<\/td>\n<\/tr>\n<tr>\n<td valign=\"top\" width=\"550\">Jos\u00e9 Carlos Tavares Carvalho<\/td>\n<\/tr>\n<tr>\n<td valign=\"top\" width=\"550\">Jos\u00e9 Fl\u00e1vio Cardoso Nos\u00e9<\/td>\n<\/tr>\n<tr>\n<td valign=\"top\" width=\"550\">Jos\u00e9 Pery dos Anjos Lobato J\u00fanior<\/td>\n<\/tr>\n<tr>\n<td valign=\"top\" width=\"550\">K\u00e1tia de Nazar\u00e9 Santos Fonseca<\/td>\n<\/tr>\n<tr>\n<td valign=\"top\" width=\"550\">Margareth Guerra<\/td>\n<\/tr>\n<tr>\n<td valign=\"top\" width=\"550\">Marcos Vin\u00edcius de Freitas Reis<\/td>\n<\/tr>\n<tr>\n<td valign=\"top\" width=\"550\">Maria L\u00facia Teixeira Borges<\/td>\n<\/tr>\n<tr>\n<td valign=\"top\" width=\"550\">Moacir de Azevedo Bentes Monteiro<\/td>\n<\/tr>\n<tr>\n<td valign=\"top\" width=\"550\">Martha Christina Ferreira Zoni do Nascimento<\/td>\n<\/tr>\n<tr>\n<td valign=\"top\" width=\"550\">N\u00e1riton Alberto Ferreira Soares<\/td>\n<\/tr>\n<tr>\n<td valign=\"top\" width=\"550\">Norma Iracema de Barros Ferreira<\/td>\n<\/tr>\n<tr>\n<td valign=\"top\" width=\"550\">Paula de Carvalho Bastone<\/td>\n<\/tr>\n<tr>\n<td valign=\"top\" width=\"550\">Paulo Gustavo Pellegrino Corr\u00eaa<\/td>\n<\/tr>\n<tr>\n<td valign=\"top\" width=\"550\">Rafael Cristopher Sarmento Serra Barbosa<\/td>\n<\/tr>\n<tr>\n<td valign=\"top\" width=\"550\">Rafael Giovani Hansseler Saldanha<\/td>\n<\/tr>\n<tr>\n<td valign=\"top\" width=\"550\">Rafael Pontes Lima<\/td>\n<\/tr>\n<tr>\n<td valign=\"top\" width=\"550\">Rafael Wagner dos Santos Costa<\/td>\n<\/tr>\n<tr>\n<td valign=\"top\" width=\"550\">Robert Ronald Magui\u00f1a Zamora<\/td>\n<\/tr>\n<tr>\n<td valign=\"top\" width=\"550\">Roberto Messias Bezerra<\/td>\n<\/tr>\n<tr>\n<td valign=\"top\" width=\"550\">Roberto Veiga da SIlva<\/td>\n<\/tr>\n<tr>\n<td valign=\"top\" width=\"550\">Robson Materko<\/td>\n<\/tr>\n<tr>\n<td valign=\"top\" width=\"550\">Rosemary Ferreira de Andrade<\/td>\n<\/tr>\n<tr>\n<td valign=\"top\" width=\"550\">Simone de Almeida Delphim Leal<\/td>\n<\/tr>\n<tr>\n<td valign=\"top\" width=\"550\">Wilma Gomes Silva<\/td>\n<\/tr>\n<tr>\n<td valign=\"top\" width=\"550\">Yurgel Pantoja Caldas<\/td>\n<\/tr>\n<tr>\n<td valign=\"top\" width=\"550\">Zacarias Alves de Ara\u00fajo Neto<\/td>\n<\/tr>\n<\/tbody>\n<\/table>\n","protected":false},"excerpt":{"rendered":"<p>No final de 2014, o Conselho Universit\u00e1rio (Consu) da Universidade Federal do Amap\u00e1 (Unifap) foi reconduzido. Com esta recondu\u00e7\u00e3o, o Artigo 11 do Estatuto foi alterado, permitindo a reordena\u00e7\u00e3o do n\u00famero de conselheiros, dando ao Consu maior seguran\u00e7a jur\u00eddica. Esse&hellip; <\/p>\n<p><a href=\"https:\/\/www2.unifap.br\/revisaoestatuto\/conselho-estatuinte\/\" class=\"readmore-button\">Continue Reading<\/a><\/p>\n","protected":false},"author":1,"featured_media":0,"parent":0,"menu_order":1,"comment_status":"closed","ping_status":"closed","template":"","meta":{"inline_featured_image":false,"ngg_post_thumbnail":0,"footnotes":""},"class_list":["post-10","page","type-page","status-publish","hentry"],"_links":{"self":[{"href":"https:\/\/www2.unifap.br\/revisaoestatuto\/wp-json\/wp\/v2\/pages\/10","targetHints":{"allow":["GET"]}}],"collection":[{"href":"https:\/\/www2.unifap.br\/revisaoestatuto\/wp-json\/wp\/v2\/pages"}],"about":[{"href":"https:\/\/www2.unifap.br\/revisaoestatuto\/wp-json\/wp\/v2\/types\/page"}],"author":[{"embeddable":true,"href":"https:\/\/www2.unifap.br\/revisaoestatuto\/wp-json\/wp\/v2\/users\/1"}],"replies":[{"embeddable":true,"href":"https:\/\/www2.unifap.br\/revisaoestatuto\/wp-json\/wp\/v2\/comments?post=10"}],"version-history":[{"count":2,"href":"https:\/\/www2.unifap.br\/revisaoestatuto\/wp-json\/wp\/v2\/pages\/10\/revisions"}],"predecessor-version":[{"id":12,"href":"https:\/\/www2.unifap.br\/revisaoestatuto\/wp-json\/wp\/v2\/pages\/10\/revisions\/12"}],"wp:attachment":[{"href":"https:\/\/www2.unifap.br\/revisaoestatuto\/wp-json\/wp\/v2\/media?parent=10"}],"curies":[{"name":"wp","href":"https:\/\/api.w.org\/{rel}","templated":true}]}}