{"id":100,"date":"2017-03-30T10:10:55","date_gmt":"2017-03-30T13:10:55","guid":{"rendered":"http:\/\/www2.unifap.br\/revisaoestatuto\/?page_id=100"},"modified":"2017-03-30T10:47:06","modified_gmt":"2017-03-30T13:47:06","slug":"100-2","status":"publish","type":"page","link":"https:\/\/www2.unifap.br\/revisaoestatuto\/100-2\/","title":{"rendered":"Enquete da Logo do Estatuto em Revis\u00e3o"},"content":{"rendered":"<p style=\"text-align: left\">A Universidade Federal do Amap\u00e1 \u00a0disponibiliza no site institucional uma enquete sobre as logomarcas do novo Estatuto. Por isso, escolha a logo que a represente. Vote!<\/p>\n<p style=\"text-align: left\">A enquete poder\u00e1 ser votada at\u00e9 o dia 20 de abril, com a participa\u00e7\u00e3o da comunidade da UNIFAP.<\/p>\n<p style=\"text-align: left\">Acesse o Link:\u00a0<a href=\"https:\/\/goo.gl\/forms\/7hZnbLgWiFM5eFLM2\">ENQUETE DA LOGO DO ESTATUTO EM REVIS\u00c3O<\/a><\/p>\n","protected":false},"excerpt":{"rendered":"<p>A Universidade Federal do Amap\u00e1 \u00a0disponibiliza no site institucional uma enquete sobre as logomarcas do novo Estatuto. Por isso, escolha a logo que a represente. Vote! A enquete poder\u00e1 ser votada at\u00e9 o dia 20 de abril, com a participa\u00e7\u00e3o&hellip; <\/p>\n<p><a href=\"https:\/\/www2.unifap.br\/revisaoestatuto\/100-2\/\" class=\"readmore-button\">Continue Reading<\/a><\/p>\n","protected":false},"author":940,"featured_media":0,"parent":0,"menu_order":0,"comment_status":"closed","ping_status":"open","template":"","meta":{"inline_featured_image":false,"ngg_post_thumbnail":0,"footnotes":""},"class_list":["post-100","page","type-page","status-publish","hentry"],"_links":{"self":[{"href":"https:\/\/www2.unifap.br\/revisaoestatuto\/wp-json\/wp\/v2\/pages\/100","targetHints":{"allow":["GET"]}}],"collection":[{"href":"https:\/\/www2.unifap.br\/revisaoestatuto\/wp-json\/wp\/v2\/pages"}],"about":[{"href":"https:\/\/www2.unifap.br\/revisaoestatuto\/wp-json\/wp\/v2\/types\/page"}],"author":[{"embeddable":true,"href":"https:\/\/www2.unifap.br\/revisaoestatuto\/wp-json\/wp\/v2\/users\/940"}],"replies":[{"embeddable":true,"href":"https:\/\/www2.unifap.br\/revisaoestatuto\/wp-json\/wp\/v2\/comments?post=100"}],"version-history":[{"count":5,"href":"https:\/\/www2.unifap.br\/revisaoestatuto\/wp-json\/wp\/v2\/pages\/100\/revisions"}],"predecessor-version":[{"id":102,"href":"https:\/\/www2.unifap.br\/revisaoestatuto\/wp-json\/wp\/v2\/pages\/100\/revisions\/102"}],"wp:attachment":[{"href":"https:\/\/www2.unifap.br\/revisaoestatuto\/wp-json\/wp\/v2\/media?parent=100"}],"curies":[{"name":"wp","href":"https:\/\/api.w.org\/{rel}","templated":true}]}}