{"id":145,"date":"2017-10-25T08:19:33","date_gmt":"2017-10-25T11:19:33","guid":{"rendered":"http:\/\/www2.unifap.br\/revisaoestatuto\/?page_id=145"},"modified":"2018-03-15T09:16:49","modified_gmt":"2018-03-15T12:16:49","slug":"calendario","status":"publish","type":"page","link":"https:\/\/www2.unifap.br\/revisaoestatuto\/calendario\/","title":{"rendered":"Calend\u00e1rio"},"content":{"rendered":"<p><a href=\"http:\/\/www2.unifap.br\/revisaoestatuto\/files\/2017\/10\/Calend\u00e1rio-estatudo-24.pdf\"><a href=\"http:\/\/www2.unifap.br\/revisaoestatuto\/files\/2017\/10\/Minuta-Estatuto-Gts-e-contribui\u00e7\u00e3o-da-base-e-envio-via-formul\u00e1rio-reuni\u00e3o-coorndena\u00e7\u00e3o-executiva-e-assembleia.doc.pdf\">Calend\u00e1rio do Estatuto 2018<\/a><\/a><a href=\"http:\/\/www2.unifap.br\/revisaoestatuto\/files\/2017\/10\/Cronograma-Estatuto.pdf\"><br \/>\n<\/a><\/p>\n<p>&nbsp;<\/p>\n","protected":false},"excerpt":{"rendered":"<p>Calend\u00e1rio do Estatuto 2018 &nbsp;<\/p>\n","protected":false},"author":940,"featured_media":0,"parent":0,"menu_order":0,"comment_status":"closed","ping_status":"open","template":"","meta":{"inline_featured_image":false,"ngg_post_thumbnail":0,"footnotes":""},"class_list":["post-145","page","type-page","status-publish","hentry"],"_links":{"self":[{"href":"https:\/\/www2.unifap.br\/revisaoestatuto\/wp-json\/wp\/v2\/pages\/145","targetHints":{"allow":["GET"]}}],"collection":[{"href":"https:\/\/www2.unifap.br\/revisaoestatuto\/wp-json\/wp\/v2\/pages"}],"about":[{"href":"https:\/\/www2.unifap.br\/revisaoestatuto\/wp-json\/wp\/v2\/types\/page"}],"author":[{"embeddable":true,"href":"https:\/\/www2.unifap.br\/revisaoestatuto\/wp-json\/wp\/v2\/users\/940"}],"replies":[{"embeddable":true,"href":"https:\/\/www2.unifap.br\/revisaoestatuto\/wp-json\/wp\/v2\/comments?post=145"}],"version-history":[{"count":7,"href":"https:\/\/www2.unifap.br\/revisaoestatuto\/wp-json\/wp\/v2\/pages\/145\/revisions"}],"predecessor-version":[{"id":167,"href":"https:\/\/www2.unifap.br\/revisaoestatuto\/wp-json\/wp\/v2\/pages\/145\/revisions\/167"}],"wp:attachment":[{"href":"https:\/\/www2.unifap.br\/revisaoestatuto\/wp-json\/wp\/v2\/media?parent=145"}],"curies":[{"name":"wp","href":"https:\/\/api.w.org\/{rel}","templated":true}]}}