{"id":162,"date":"2018-03-15T08:31:08","date_gmt":"2018-03-15T11:31:08","guid":{"rendered":"http:\/\/www2.unifap.br\/revisaoestatuto\/?page_id=162"},"modified":"2018-04-04T12:38:01","modified_gmt":"2018-04-04T15:38:01","slug":"avisos","status":"publish","type":"page","link":"https:\/\/www2.unifap.br\/revisaoestatuto\/avisos\/","title":{"rendered":"Avisos"},"content":{"rendered":"<h2>Comunicado: Altera\u00e7\u00f5es nas datas das Assembleias Gerais<\/h2>\n<p style=\"text-align: left\">Em virtude do in\u00edcio do semestre letivo de 2018, per\u00edodo de matr\u00edculas e convoca\u00e7\u00f5es por meio de chamadas p\u00fablicas do Sistema de Sele\u00e7\u00e3o Unificada que ocorrem na Universidade este m\u00eas, a Assembleia Geral para revis\u00e3o do Estatuto que ocorreria dia 15 de mar\u00e7o, foi remarcada, conforme\u00a0<a href=\"http:\/\/www2.unifap.br\/revisaoestatuto\/files\/2018\/03\/R.E.pdf\">NOVO CRONOGRAMA DA 2a ASSEMBLEIA GERAL ITINERANTE <\/a>.<a href=\"http:\/\/www2.unifap.br\/revisaoestatuto\/files\/2018\/03\/R.E.pdf\"><br \/>\n<\/a><\/p>\n<p>&nbsp;<\/p>\n","protected":false},"excerpt":{"rendered":"<p>Comunicado: Altera\u00e7\u00f5es nas datas das Assembleias Gerais Em virtude do in\u00edcio do semestre letivo de 2018, per\u00edodo de matr\u00edculas e convoca\u00e7\u00f5es por meio de chamadas p\u00fablicas do Sistema de Sele\u00e7\u00e3o Unificada que ocorrem na Universidade este m\u00eas, a Assembleia Geral&hellip; <\/p>\n<p><a href=\"https:\/\/www2.unifap.br\/revisaoestatuto\/avisos\/\" class=\"readmore-button\">Continue Reading<\/a><\/p>\n","protected":false},"author":940,"featured_media":0,"parent":0,"menu_order":0,"comment_status":"closed","ping_status":"open","template":"","meta":{"inline_featured_image":false,"ngg_post_thumbnail":0,"footnotes":""},"class_list":["post-162","page","type-page","status-publish","hentry"],"_links":{"self":[{"href":"https:\/\/www2.unifap.br\/revisaoestatuto\/wp-json\/wp\/v2\/pages\/162","targetHints":{"allow":["GET"]}}],"collection":[{"href":"https:\/\/www2.unifap.br\/revisaoestatuto\/wp-json\/wp\/v2\/pages"}],"about":[{"href":"https:\/\/www2.unifap.br\/revisaoestatuto\/wp-json\/wp\/v2\/types\/page"}],"author":[{"embeddable":true,"href":"https:\/\/www2.unifap.br\/revisaoestatuto\/wp-json\/wp\/v2\/users\/940"}],"replies":[{"embeddable":true,"href":"https:\/\/www2.unifap.br\/revisaoestatuto\/wp-json\/wp\/v2\/comments?post=162"}],"version-history":[{"count":5,"href":"https:\/\/www2.unifap.br\/revisaoestatuto\/wp-json\/wp\/v2\/pages\/162\/revisions"}],"predecessor-version":[{"id":173,"href":"https:\/\/www2.unifap.br\/revisaoestatuto\/wp-json\/wp\/v2\/pages\/162\/revisions\/173"}],"wp:attachment":[{"href":"https:\/\/www2.unifap.br\/revisaoestatuto\/wp-json\/wp\/v2\/media?parent=162"}],"curies":[{"name":"wp","href":"https:\/\/api.w.org\/{rel}","templated":true}]}}