{"id":7,"date":"2017-01-12T13:33:12","date_gmt":"2017-01-12T16:33:12","guid":{"rendered":"http:\/\/www2.unifap.br\/revisaoestatuto\/?page_id=7"},"modified":"2017-03-29T10:49:52","modified_gmt":"2017-03-29T13:49:52","slug":"metodologia","status":"publish","type":"page","link":"https:\/\/www2.unifap.br\/revisaoestatuto\/metodologia\/","title":{"rendered":"Metodologia"},"content":{"rendered":"<p>Como metodologia para a revis\u00e3o\/atualiza\u00e7\u00e3o do Estatuto da Unifap, a proposta \u00e9 que sejam desenvolvidas as atividades de revis\u00e3o\/atualiza\u00e7\u00e3o do Estatuto por Grupos de Trabalho (GT) compostos pelos conselheiros, por autoindica\u00e7\u00e3o, considerando as tem\u00e1ticas\/eixos que comp\u00f5em t\u00edtulos\/artigos\/se\u00e7\u00f5es do Estatuto da Unifap.<\/p>\n<p>Essas tem\u00e1ticas\/eixos ser\u00e3o apreciadas, discutidas e alinhadas por esses GTs, que organizar\u00e3o um calend\u00e1rio de reuni\u00f5es com servidores (professores e t\u00e9cnicos) e discentes para participa\u00e7\u00e3o, trazendo suas contribui\u00e7\u00f5es para compor o Estatuto.<\/p>\n<p>As contribui\u00e7\u00f5es compor\u00e3o o texto das vers\u00f5es preliminares para aprecia\u00e7\u00e3o pela comunidade acad\u00eamica antes de ir ao pleno para as discuss\u00f5es e aprova\u00e7\u00e3o.<\/p>\n<p>A constru\u00e7\u00e3o das vers\u00f5es pr\u00e9vias, a partir dos dados trazidos pelos GTs do Estatuto, ser\u00e1 de responsabilidade de uma coordena\u00e7\u00e3o executiva\/redatora. Essas vers\u00f5es pr\u00e9vias ser\u00e3o submetidas aos docentes, t\u00e9cnicos-administrativos e discentes, para que sejam colhidas cr\u00edticas e sugest\u00f5es, que ser\u00e3o inseridas no referido documento. <b>Para isso dever\u00e3o ser feitas pelo menos duas assembleias contando com a participa\u00e7\u00e3o de toda a comunidade unifapiana.<\/b><\/p>\n<p>Ap\u00f3s a organiza\u00e7\u00e3o e inser\u00e7\u00e3o das sugest\u00f5es advindas das aprecia\u00e7\u00f5es do coletivo nas assembleias, ser\u00e1 encaminhado o documento base para finaliza\u00e7\u00e3o da revis\u00e3o\/atualiza\u00e7\u00e3o do Estatuto, que ser\u00e1 levado \u00e0 vota\u00e7\u00e3o pelo Conselho Universit\u00e1rio (Consu).<\/p>\n<p><a href=\"http:\/\/www2.unifap.br\/revisaoestatuto\/files\/2017\/01\/Metodologia-ESTATUTO-CONSU-REVISADO-FINAL1.pdf\">Metodologia ESTATUTO CONSU REVISADO FINAL<\/a><\/p>\n","protected":false},"excerpt":{"rendered":"<p>Como metodologia para a revis\u00e3o\/atualiza\u00e7\u00e3o do Estatuto da Unifap, a proposta \u00e9 que sejam desenvolvidas as atividades de revis\u00e3o\/atualiza\u00e7\u00e3o do Estatuto por Grupos de Trabalho (GT) compostos pelos conselheiros, por autoindica\u00e7\u00e3o, considerando as tem\u00e1ticas\/eixos que comp\u00f5em t\u00edtulos\/artigos\/se\u00e7\u00f5es do Estatuto da&hellip; <\/p>\n<p><a href=\"https:\/\/www2.unifap.br\/revisaoestatuto\/metodologia\/\" class=\"readmore-button\">Continue Reading<\/a><\/p>\n","protected":false},"author":1,"featured_media":0,"parent":0,"menu_order":2,"comment_status":"closed","ping_status":"closed","template":"","meta":{"inline_featured_image":false,"ngg_post_thumbnail":0,"footnotes":""},"class_list":["post-7","page","type-page","status-publish","hentry"],"_links":{"self":[{"href":"https:\/\/www2.unifap.br\/revisaoestatuto\/wp-json\/wp\/v2\/pages\/7","targetHints":{"allow":["GET"]}}],"collection":[{"href":"https:\/\/www2.unifap.br\/revisaoestatuto\/wp-json\/wp\/v2\/pages"}],"about":[{"href":"https:\/\/www2.unifap.br\/revisaoestatuto\/wp-json\/wp\/v2\/types\/page"}],"author":[{"embeddable":true,"href":"https:\/\/www2.unifap.br\/revisaoestatuto\/wp-json\/wp\/v2\/users\/1"}],"replies":[{"embeddable":true,"href":"https:\/\/www2.unifap.br\/revisaoestatuto\/wp-json\/wp\/v2\/comments?post=7"}],"version-history":[{"count":3,"href":"https:\/\/www2.unifap.br\/revisaoestatuto\/wp-json\/wp\/v2\/pages\/7\/revisions"}],"predecessor-version":[{"id":87,"href":"https:\/\/www2.unifap.br\/revisaoestatuto\/wp-json\/wp\/v2\/pages\/7\/revisions\/87"}],"wp:attachment":[{"href":"https:\/\/www2.unifap.br\/revisaoestatuto\/wp-json\/wp\/v2\/media?parent=7"}],"curies":[{"name":"wp","href":"https:\/\/api.w.org\/{rel}","templated":true}]}}