{"id":2875,"date":"2025-04-30T23:20:58","date_gmt":"2025-04-30T23:20:58","guid":{"rendered":"https:\/\/www2.unifap.br\/rsmatos\/?page_id=2875"},"modified":"2025-10-11T20:44:28","modified_gmt":"2025-10-11T20:44:28","slug":"undergraduate-works-tccs","status":"publish","type":"page","link":"https:\/\/www2.unifap.br\/rsmatos\/undergraduate-works-tccs\/","title":{"rendered":"Undergraduate Works (TCC&#8217;s)"},"content":{"rendered":"<h1>2025<\/h1>\n<p>1. Student: <strong>Aila Guiliana Veiga Brand\u00e3o, <\/strong>Title: <strong><a href=\"http:\/\/www2.unifap.br\/rsmatos\/files\/2025\/05\/TCC_AILA_GUILIANA.pdf\">Investigando a rela\u00e7\u00e3o optico-estrutural de nanocomp\u00f3sitos bin\u00e1rios \u03b1\u2012Fe<sub>2<\/sub>O<sub>3<\/sub>\/Fe<sub>3<\/sub>O<sub>4<\/sub> sintetizados por uma rota sol-gel verde<\/a><\/strong><strong>, <\/strong>Year:<strong> 2025.<\/strong><\/p>\n<p>2. Student: <strong>Gabriel Paix\u00e3o Batista, <\/strong>Title: <strong><a href=\"http:\/\/www2.unifap.br\/rsmatos\/files\/2025\/10\/TCC-Gabriel.pdf\">Estudo das propriedades f\u00edsicas de nanocomp\u00f3sitos \u03b1\u2012<\/a><a href=\"http:\/\/www2.unifap.br\/rsmatos\/files\/2025\/10\/TCC-Gabriel.pdf\">Fe\u2082O\u2083\/Fe\u2083O\u2084 obtidos em meio bioquelante<\/a><\/strong> <strong>, <\/strong>Year:<strong> 2025.<\/strong><\/p>\n<h1>2018<\/h1>\n<p>1. Student: <strong>Jairo Savio Ramos de Medeiros, <\/strong>Title: <a href=\"http:\/\/www2.unifap.br\/rsmatos\/files\/2025\/05\/Artigo03-37-47.pdf\"><strong>Tecnologias no contexto do ensino de f\u00edsica: Um estudo de caso do uso de aparelhos celulares em duas escolas de Macap\u00e1 no estado do Amap\u00e1<\/strong><\/a>, Year:<strong> 2018.<\/strong><\/p>\n<p>&nbsp;<\/p>\n","protected":false},"excerpt":{"rendered":"<p>2025 1. Student: Aila Guiliana Veiga Brand\u00e3o, Title: Investigando a rela\u00e7\u00e3o optico-estrutural de nanocomp\u00f3sitos bin\u00e1rios \u03b1\u2012Fe2O3\/Fe3O4 sintetizados por uma rota sol-gel verde, Year: 2025. 2. Student: Gabriel Paix\u00e3o Batista, Title: Estudo das propriedades f\u00edsicas de nanocomp\u00f3sitos \u03b1\u2012Fe\u2082O\u2083\/Fe\u2083O\u2084 obtidos em meio bioquelante , Year: 2025. 2018 1. Student: Jairo Savio Ramos&#8230; <a class=\"continue-reading-link\" href=\"https:\/\/www2.unifap.br\/rsmatos\/undergraduate-works-tccs\/\"> Continue reading <span class=\"meta-nav\">&rarr; <\/span><\/a><\/p>\n","protected":false},"author":344,"featured_media":0,"parent":0,"menu_order":0,"comment_status":"closed","ping_status":"closed","template":"","meta":{"inline_featured_image":false,"ngg_post_thumbnail":0,"footnotes":""},"class_list":["post-2875","page","type-page","status-publish","hentry"],"_links":{"self":[{"href":"https:\/\/www2.unifap.br\/rsmatos\/wp-json\/wp\/v2\/pages\/2875","targetHints":{"allow":["GET"]}}],"collection":[{"href":"https:\/\/www2.unifap.br\/rsmatos\/wp-json\/wp\/v2\/pages"}],"about":[{"href":"https:\/\/www2.unifap.br\/rsmatos\/wp-json\/wp\/v2\/types\/page"}],"author":[{"embeddable":true,"href":"https:\/\/www2.unifap.br\/rsmatos\/wp-json\/wp\/v2\/users\/344"}],"replies":[{"embeddable":true,"href":"https:\/\/www2.unifap.br\/rsmatos\/wp-json\/wp\/v2\/comments?post=2875"}],"version-history":[{"count":11,"href":"https:\/\/www2.unifap.br\/rsmatos\/wp-json\/wp\/v2\/pages\/2875\/revisions"}],"predecessor-version":[{"id":3086,"href":"https:\/\/www2.unifap.br\/rsmatos\/wp-json\/wp\/v2\/pages\/2875\/revisions\/3086"}],"wp:attachment":[{"href":"https:\/\/www2.unifap.br\/rsmatos\/wp-json\/wp\/v2\/media?parent=2875"}],"curies":[{"name":"wp","href":"https:\/\/api.w.org\/{rel}","templated":true}]}}