{"id":1555,"date":"2025-01-20T09:59:01","date_gmt":"2025-01-20T12:59:01","guid":{"rendered":"https:\/\/www2.unifap.br\/samaumatech\/?page_id=1555"},"modified":"2025-10-29T17:08:26","modified_gmt":"2025-10-29T20:08:26","slug":"especializacao","status":"publish","type":"page","link":"https:\/\/www2.unifap.br\/samaumatech\/especializacao\/","title":{"rendered":"Especializa\u00e7\u00e3o"},"content":{"rendered":"\t\t<div data-elementor-type=\"wp-page\" data-elementor-id=\"1555\" class=\"elementor elementor-1555\">\n\t\t\t\t<div class=\"elementor-element elementor-element-c71d4f5 e-con-full e-flex e-con e-parent\" data-id=\"c71d4f5\" data-element_type=\"container\" data-e-type=\"container\">\n\t\t\t\t<div class=\"elementor-element elementor-element-b423372 elementor-widget elementor-widget-video\" data-id=\"b423372\" data-element_type=\"widget\" data-e-type=\"widget\" data-settings=\"{&quot;video_type&quot;:&quot;hosted&quot;,&quot;autoplay&quot;:&quot;yes&quot;,&quot;play_on_mobile&quot;:&quot;yes&quot;,&quot;loop&quot;:&quot;yes&quot;}\" data-widget_type=\"video.default\">\n\t\t\t\t<div class=\"elementor-widget-container\">\n\t\t\t\t\t\t\t<div class=\"e-hosted-video elementor-wrapper elementor-open-inline\">\n\t\t\t\t\t<video class=\"elementor-video\" src=\"http:\/\/www2.unifap.br\/samaumatech\/files\/2025\/10\/especializacao.mp4\" autoplay=\"\" loop=\"\" playsinline=\"\" controlsList=\"nodownload\"><\/video>\n\t\t\t\t<\/div>\n\t\t\t\t\t\t<\/div>\n\t\t\t\t<\/div>\n\t\t\t\t<\/div>\n\t\t<div class=\"elementor-element elementor-element-ff3fb8f e-flex e-con-boxed e-con e-parent\" data-id=\"ff3fb8f\" data-element_type=\"container\" data-e-type=\"container\">\n\t\t\t\t\t<div class=\"e-con-inner\">\n\t\t\t\t<div class=\"elementor-element elementor-element-120d3ff elementor-widget elementor-widget-heading\" data-id=\"120d3ff\" data-element_type=\"widget\" data-e-type=\"widget\" data-widget_type=\"heading.default\">\n\t\t\t\t<div class=\"elementor-widget-container\">\n\t\t\t\t\t<h2 class=\"elementor-heading-title elementor-size-default\">Especializa\u00e7\u00e3o em Inova\u00e7\u00e3o e Tecnologias Educacionais <\/h2>\t\t\t\t<\/div>\n\t\t\t\t<\/div>\n\t\t\t\t<div class=\"elementor-element elementor-element-c223961 elementor-widget elementor-widget-text-editor\" data-id=\"c223961\" data-element_type=\"widget\" data-e-type=\"widget\" data-widget_type=\"text-editor.default\">\n\t\t\t\t<div class=\"elementor-widget-container\">\n\t\t\t\t\t\t\t\t\t<p data-start=\"79\" data-end=\"367\">O <strong data-start=\"81\" data-end=\"97\">Sama\u00fama Tech<\/strong> oferece a <strong data-start=\"108\" data-end=\"165\">Especializa\u00e7\u00e3o em Inova\u00e7\u00e3o e Tecnologias Educacionais<\/strong>, um curso voltado para profissionais da educa\u00e7\u00e3o\u00a0 interessados em aprimorar suas pr\u00e1ticas pedag\u00f3gicas por meio da integra\u00e7\u00e3o entre <strong data-start=\"305\" data-end=\"359\">tecnologia, criatividade e metodologias inovadoras<\/strong>. Ministrada por <strong data-start=\"182\" data-end=\"239\">professores da Universidade Federal do Amap\u00e1 (UNIFAP)<\/strong>, unindo excel\u00eancia acad\u00eamica e pr\u00e1tica tecnol\u00f3gica.\u00a0<\/p><p data-start=\"79\" data-end=\"367\">A especializa\u00e7\u00e3o busca desenvolver compet\u00eancias para o uso cr\u00edtico e estrat\u00e9gico das ferramentas digitais, promovendo <strong data-start=\"487\" data-end=\"586\">aprendizagens mais significativas, colaborativas e alinhadas \u00e0s demandas do mundo contempor\u00e2neo<\/strong>.<\/p><p data-start=\"79\" data-end=\"367\">O curso \u00e9 realizado de forma <strong data-start=\"329\" data-end=\"352\">presencial e remota<\/strong>, garantindo acesso \u00e0 forma\u00e7\u00e3o em <strong data-start=\"386\" data-end=\"421\">todos os 16 munic\u00edpios do Amap\u00e1<\/strong>, ampliando oportunidades e fortalecendo a transforma\u00e7\u00e3o digital na educa\u00e7\u00e3o em todo o estado.<\/p><p data-start=\"79\" data-end=\"367\">\u00a0<\/p>\t\t\t\t\t\t\t\t<\/div>\n\t\t\t\t<\/div>\n\t\t\t\t\t<\/div>\n\t\t\t\t<\/div>\n\t\t<div class=\"elementor-element elementor-element-eb65008 e-flex e-con-boxed e-con e-parent\" data-id=\"eb65008\" data-element_type=\"container\" data-e-type=\"container\">\n\t\t\t\t\t<div class=\"e-con-inner\">\n\t\t<div class=\"elementor-element elementor-element-8e1ab23 e-con-full e-flex e-con e-child\" data-id=\"8e1ab23\" data-element_type=\"container\" data-e-type=\"container\">\n\t\t\t\t<div class=\"elementor-element elementor-element-2fe911b elementor-widget elementor-widget-heading\" data-id=\"2fe911b\" data-element_type=\"widget\" data-e-type=\"widget\" data-widget_type=\"heading.default\">\n\t\t\t\t<div class=\"elementor-widget-container\">\n\t\t\t\t\t<h2 class=\"elementor-heading-title elementor-size-default\">Documentos<\/h2>\t\t\t\t<\/div>\n\t\t\t\t<\/div>\n\t\t\t\t<\/div>\n\t\t\t\t\t<\/div>\n\t\t\t\t<\/div>\n\t\t<div class=\"elementor-element elementor-element-7c4d450 e-flex e-con-boxed e-con e-parent\" data-id=\"7c4d450\" data-element_type=\"container\" data-e-type=\"container\">\n\t\t\t\t\t<div class=\"e-con-inner\">\n\t\t\t\t<div class=\"elementor-element elementor-element-938123d elementor-widget__width-initial elementor-widget-mobile__width-initial elementor-tabs-view-horizontal elementor-widget elementor-widget-tabs\" data-id=\"938123d\" data-element_type=\"widget\" data-e-type=\"widget\" data-widget_type=\"tabs.default\">\n\t\t\t\t<div class=\"elementor-widget-container\">\n\t\t\t\t\t\t\t<div class=\"elementor-tabs\">\n\t\t\t<div class=\"elementor-tabs-wrapper\" role=\"tablist\" >\n\t\t\t\t\t\t\t\t\t<div id=\"elementor-tab-title-1541\" class=\"elementor-tab-title elementor-tab-desktop-title\" aria-selected=\"true\" data-tab=\"1\" role=\"tab\" tabindex=\"0\" aria-controls=\"elementor-tab-content-1541\" aria-expanded=\"false\">PPC<\/div>\n\t\t\t\t\t\t\t\t\t<div id=\"elementor-tab-title-1542\" class=\"elementor-tab-title elementor-tab-desktop-title\" aria-selected=\"false\" data-tab=\"2\" role=\"tab\" tabindex=\"-1\" aria-controls=\"elementor-tab-content-1542\" aria-expanded=\"false\">Regimento Interno<\/div>\n\t\t\t\t\t\t\t\t\t<div id=\"elementor-tab-title-1543\" class=\"elementor-tab-title elementor-tab-desktop-title\" aria-selected=\"false\" data-tab=\"3\" role=\"tab\" tabindex=\"-1\" aria-controls=\"elementor-tab-content-1543\" aria-expanded=\"false\">Resolu\u00e7\u00e3o<\/div>\n\t\t\t\t\t\t\t\t\t<div id=\"elementor-tab-title-1544\" class=\"elementor-tab-title elementor-tab-desktop-title\" aria-selected=\"false\" data-tab=\"4\" role=\"tab\" tabindex=\"-1\" aria-controls=\"elementor-tab-content-1544\" aria-expanded=\"false\">Polos<\/div>\n\t\t\t\t\t\t\t\t\t<div id=\"elementor-tab-title-1545\" class=\"elementor-tab-title elementor-tab-desktop-title\" aria-selected=\"false\" data-tab=\"5\" role=\"tab\" tabindex=\"-1\" aria-controls=\"elementor-tab-content-1545\" aria-expanded=\"false\">Calend\u00e1rio Acad\u00eamico<\/div>\n\t\t\t\t\t\t\t\t\t<div id=\"elementor-tab-title-1546\" class=\"elementor-tab-title elementor-tab-desktop-title\" aria-selected=\"false\" data-tab=\"6\" role=\"tab\" tabindex=\"-1\" aria-controls=\"elementor-tab-content-1546\" aria-expanded=\"false\">TCC<\/div>\n\t\t\t\t\t\t\t\t\t<div id=\"elementor-tab-title-1547\" class=\"elementor-tab-title elementor-tab-desktop-title\" aria-selected=\"false\" data-tab=\"7\" role=\"tab\" tabindex=\"-1\" aria-controls=\"elementor-tab-content-1547\" aria-expanded=\"false\">Portarias<\/div>\n\t\t\t\t\t\t\t<\/div>\n\t\t\t<div class=\"elementor-tabs-content-wrapper\" role=\"tablist\" aria-orientation=\"vertical\">\n\t\t\t\t\t\t\t\t\t<div class=\"elementor-tab-title elementor-tab-mobile-title\" aria-selected=\"true\" data-tab=\"1\" role=\"tab\" tabindex=\"0\" aria-controls=\"elementor-tab-content-1541\" aria-expanded=\"false\">PPC<\/div>\n\t\t\t\t\t<div id=\"elementor-tab-content-1541\" class=\"elementor-tab-content elementor-clearfix\" data-tab=\"1\" role=\"tabpanel\" aria-labelledby=\"elementor-tab-title-1541\" tabindex=\"0\" hidden=\"false\"><p><a href=\"http:\/\/www2.unifap.br\/samaumatech\/files\/2025\/01\/PPC-Especializacao-em-Inovacao-e-Tecnologias-Educacionais.pdf\"><img decoding=\"async\" class=\"\" src=\"https:\/\/cdn-icons-png.flaticon.com\/512\/176\/176040.png\" alt=\"Documentos - \u00edcones de arquivos e pastas gr\u00e1tis\" width=\"28\" height=\"28\" \/> PPC Especializa\u00e7\u00e3o em Inova\u00e7\u00e3o e Tecnologias Educacionais<\/a><\/p><\/div>\n\t\t\t\t\t\t\t\t\t<div class=\"elementor-tab-title elementor-tab-mobile-title\" aria-selected=\"false\" data-tab=\"2\" role=\"tab\" tabindex=\"-1\" aria-controls=\"elementor-tab-content-1542\" aria-expanded=\"false\">Regimento Interno<\/div>\n\t\t\t\t\t<div id=\"elementor-tab-content-1542\" class=\"elementor-tab-content elementor-clearfix\" data-tab=\"2\" role=\"tabpanel\" aria-labelledby=\"elementor-tab-title-1542\" tabindex=\"0\" hidden=\"hidden\"><p><a href=\"http:\/\/www2.unifap.br\/samaumatech\/files\/2025\/01\/PPC-Especializacao-em-Inovacao-e-Tecnologias-Educacionais.pdf\"><img decoding=\"async\" class=\"\" src=\"https:\/\/cdn-icons-png.flaticon.com\/512\/176\/176040.png\" alt=\"Documentos - \u00edcones de arquivos e pastas gr\u00e1tis\" width=\"28\" height=\"28\" \/><\/a><a href=\"http:\/\/www2.unifap.br\/samaumatech\/files\/2025\/01\/Regimento-Interno-ESPTEC.pdf\"> Regimento Interno &#8211; ESPTEC<\/a><\/p><\/div>\n\t\t\t\t\t\t\t\t\t<div class=\"elementor-tab-title elementor-tab-mobile-title\" aria-selected=\"false\" data-tab=\"3\" role=\"tab\" tabindex=\"-1\" aria-controls=\"elementor-tab-content-1543\" aria-expanded=\"false\">Resolu\u00e7\u00e3o<\/div>\n\t\t\t\t\t<div id=\"elementor-tab-content-1543\" class=\"elementor-tab-content elementor-clearfix\" data-tab=\"3\" role=\"tabpanel\" aria-labelledby=\"elementor-tab-title-1543\" tabindex=\"0\" hidden=\"hidden\"><p><a href=\"http:\/\/www2.unifap.br\/samaumatech\/files\/2025\/01\/PPC-Especializacao-em-Inovacao-e-Tecnologias-Educacionais.pdf\"><img decoding=\"async\" class=\"\" src=\"https:\/\/cdn-icons-png.flaticon.com\/512\/176\/176040.png\" alt=\"Documentos - \u00edcones de arquivos e pastas gr\u00e1tis\" width=\"28\" height=\"28\" \/><\/a><a href=\"http:\/\/www2.unifap.br\/samaumatech\/files\/2025\/01\/RES.38.-2024-CONSU-Aprova-ad-referendum-a-criacao-do-cuso-de-especializacao-em-Inovacao-e-Tecn.-Educacionais-EAD.pdf\"> RES.38. 2024 &#8211; CONSU &#8211; Aprova, ad referendum, a cria\u00e7\u00e3o do cuso de especializa\u00e7\u00e3o em Inova\u00e7\u00e3o e Tecn. Educacionais &#8211; EAD<\/a><\/p><\/div>\n\t\t\t\t\t\t\t\t\t<div class=\"elementor-tab-title elementor-tab-mobile-title\" aria-selected=\"false\" data-tab=\"4\" role=\"tab\" tabindex=\"-1\" aria-controls=\"elementor-tab-content-1544\" aria-expanded=\"false\">Polos<\/div>\n\t\t\t\t\t<div id=\"elementor-tab-content-1544\" class=\"elementor-tab-content elementor-clearfix\" data-tab=\"4\" role=\"tabpanel\" aria-labelledby=\"elementor-tab-title-1544\" tabindex=\"0\" hidden=\"hidden\"><p><img fetchpriority=\"high\" decoding=\"async\" class=\"aligncenter size-full wp-image-1107\" src=\"http:\/\/www2.unifap.br\/samaumatech\/files\/2024\/12\/mapa.png\" alt=\"\" width=\"662\" height=\"695\" srcset=\"https:\/\/www2.unifap.br\/samaumatech\/files\/2024\/12\/mapa.png 662w, https:\/\/www2.unifap.br\/samaumatech\/files\/2024\/12\/mapa-286x300.png 286w\" sizes=\"(max-width: 662px) 100vw, 662px\" \/><\/p><\/div>\n\t\t\t\t\t\t\t\t\t<div class=\"elementor-tab-title elementor-tab-mobile-title\" aria-selected=\"false\" data-tab=\"5\" role=\"tab\" tabindex=\"-1\" aria-controls=\"elementor-tab-content-1545\" aria-expanded=\"false\">Calend\u00e1rio Acad\u00eamico<\/div>\n\t\t\t\t\t<div id=\"elementor-tab-content-1545\" class=\"elementor-tab-content elementor-clearfix\" data-tab=\"5\" role=\"tabpanel\" aria-labelledby=\"elementor-tab-title-1545\" tabindex=\"0\" hidden=\"hidden\"><p><img decoding=\"async\" class=\"\" src=\"https:\/\/encrypted-tbn0.gstatic.com\/images?q=tbn:ANd9GcQyWQmol8zMpQ8JtZ44Vep9k7QkhkuZVGxQetSYBld5YkweJdpts0aY4BgW8r2ZV5Mze5s&amp;usqp=CAU\" alt=\"Students \u2013 Health Services Academy\" width=\"38\" height=\"38\" \/><strong> <a href=\"http:\/\/www2.unifap.br\/samaumatech\/files\/2025\/02\/Cronograma-Samauma-Capacitacao.pdf\">Cronograma Sama\u00fama Capacita\u00e7\u00e3o &#8211; 2025<\/a><\/strong><\/p><\/div>\n\t\t\t\t\t\t\t\t\t<div class=\"elementor-tab-title elementor-tab-mobile-title\" aria-selected=\"false\" data-tab=\"6\" role=\"tab\" tabindex=\"-1\" aria-controls=\"elementor-tab-content-1546\" aria-expanded=\"false\">TCC<\/div>\n\t\t\t\t\t<div id=\"elementor-tab-content-1546\" class=\"elementor-tab-content elementor-clearfix\" data-tab=\"6\" role=\"tabpanel\" aria-labelledby=\"elementor-tab-title-1546\" tabindex=\"0\" hidden=\"hidden\"><p><a href=\"http:\/\/www2.unifap.br\/samaumatech\/files\/2025\/01\/PPC-Especializacao-em-Inovacao-e-Tecnologias-Educacionais.pdf\"><img decoding=\"async\" class=\"\" src=\"https:\/\/cdn-icons-png.flaticon.com\/512\/176\/176040.png\" alt=\"Documentos - \u00edcones de arquivos e pastas gr\u00e1tis\" width=\"28\" height=\"28\" \/><\/a><a href=\"http:\/\/www2.unifap.br\/samaumatech\/files\/2025\/01\/Regulamento-TCC-Especializacao-Tecnologias-Digitais.pdf\"> Regulamento TCC Especializa\u00e7\u00e3o Tecnologias Digitais<\/a><\/p><p><a href=\"http:\/\/www2.unifap.br\/samaumatech\/files\/2025\/01\/PPC-Especializacao-em-Inovacao-e-Tecnologias-Educacionais.pdf\"><img decoding=\"async\" class=\"\" src=\"https:\/\/cdn-icons-png.flaticon.com\/512\/176\/176040.png\" alt=\"Documentos - \u00edcones de arquivos e pastas gr\u00e1tis\" width=\"28\" height=\"28\" \/><\/a><a href=\"http:\/\/www2.unifap.br\/samaumatech\/files\/2025\/01\/Modelo-de-Resumo-Expandido.docx\">Modelo de Resumo Expandido<\/a><\/p><p><a href=\"http:\/\/www2.unifap.br\/samaumatech\/files\/2025\/01\/PPC-Especializacao-em-Inovacao-e-Tecnologias-Educacionais.pdf\"><img decoding=\"async\" class=\"\" src=\"https:\/\/cdn-icons-png.flaticon.com\/512\/176\/176040.png\" alt=\"Documentos - \u00edcones de arquivos e pastas gr\u00e1tis\" width=\"28\" height=\"28\" \/><\/a><a href=\"http:\/\/www2.unifap.br\/samaumatech\/files\/2025\/01\/Template-Completo-de-TCC-Resumo-Expandido.docx\"> Template Completo de TCC &#8211; Resumo Expandido<\/a><\/p><\/div>\n\t\t\t\t\t\t\t\t\t<div class=\"elementor-tab-title elementor-tab-mobile-title\" aria-selected=\"false\" data-tab=\"7\" role=\"tab\" tabindex=\"-1\" aria-controls=\"elementor-tab-content-1547\" aria-expanded=\"false\">Portarias<\/div>\n\t\t\t\t\t<div id=\"elementor-tab-content-1547\" class=\"elementor-tab-content elementor-clearfix\" data-tab=\"7\" role=\"tabpanel\" aria-labelledby=\"elementor-tab-title-1547\" tabindex=\"0\" hidden=\"hidden\"><p><a href=\"http:\/\/www2.unifap.br\/samaumatech\/files\/2025\/01\/PPC-Especializacao-em-Inovacao-e-Tecnologias-Educacionais.pdf\"><img decoding=\"async\" class=\"\" src=\"https:\/\/cdn-icons-png.flaticon.com\/512\/176\/176040.png\" alt=\"Documentos - \u00edcones de arquivos e pastas gr\u00e1tis\" width=\"28\" height=\"28\" \/><\/a><a href=\"http:\/\/www2.unifap.br\/samaumatech\/files\/2025\/01\/portaria-9-1.pdf\"> Portaria Coordenador (2024 &#8211; 2026)<\/a><\/p><\/div>\n\t\t\t\t\t\t\t<\/div>\n\t\t<\/div>\n\t\t\t\t\t\t<\/div>\n\t\t\t\t<\/div>\n\t\t\t\t\t<\/div>\n\t\t\t\t<\/div>\n\t\t\t\t<\/div>\n\t\t","protected":false},"excerpt":{"rendered":"<p>http:\/\/www2.unifap.br\/samaumatech\/files\/2025\/10\/especializacao.mp4 Especializa\u00e7\u00e3o em Inova\u00e7\u00e3o e Tecnologias Educacionais O Sama\u00fama Tech oferece a Especializa\u00e7\u00e3o em Inova\u00e7\u00e3o e Tecnologias Educacionais, um curso voltado para profissionais da educa\u00e7\u00e3o\u00a0 interessados em aprimorar suas pr\u00e1ticas pedag\u00f3gicas por meio da integra\u00e7\u00e3o entre tecnologia, criatividade e metodologias inovadoras. Ministrada por professores da Universidade Federal do Amap\u00e1 (UNIFAP), unindo excel\u00eancia acad\u00eamica e pr\u00e1tica&#8230;<\/p>\n","protected":false},"author":3860,"featured_media":0,"parent":0,"menu_order":0,"comment_status":"closed","ping_status":"closed","template":"elementor_header_footer","meta":{"inline_featured_image":false,"pagelayer_contact_templates":[],"_pagelayer_content":"","ngg_post_thumbnail":0,"footnotes":""},"class_list":["post-1555","page","type-page","status-publish","hentry"],"_links":{"self":[{"href":"https:\/\/www2.unifap.br\/samaumatech\/wp-json\/wp\/v2\/pages\/1555","targetHints":{"allow":["GET"]}}],"collection":[{"href":"https:\/\/www2.unifap.br\/samaumatech\/wp-json\/wp\/v2\/pages"}],"about":[{"href":"https:\/\/www2.unifap.br\/samaumatech\/wp-json\/wp\/v2\/types\/page"}],"author":[{"embeddable":true,"href":"https:\/\/www2.unifap.br\/samaumatech\/wp-json\/wp\/v2\/users\/3860"}],"replies":[{"embeddable":true,"href":"https:\/\/www2.unifap.br\/samaumatech\/wp-json\/wp\/v2\/comments?post=1555"}],"version-history":[{"count":49,"href":"https:\/\/www2.unifap.br\/samaumatech\/wp-json\/wp\/v2\/pages\/1555\/revisions"}],"predecessor-version":[{"id":2927,"href":"https:\/\/www2.unifap.br\/samaumatech\/wp-json\/wp\/v2\/pages\/1555\/revisions\/2927"}],"wp:attachment":[{"href":"https:\/\/www2.unifap.br\/samaumatech\/wp-json\/wp\/v2\/media?parent=1555"}],"curies":[{"name":"wp","href":"https:\/\/api.w.org\/{rel}","templated":true}]}}