{"id":2979,"date":"2025-10-31T17:04:10","date_gmt":"2025-10-31T20:04:10","guid":{"rendered":"https:\/\/www2.unifap.br\/samaumatech\/?page_id=2979"},"modified":"2025-10-31T17:28:11","modified_gmt":"2025-10-31T20:28:11","slug":"oportunidades-samauma","status":"publish","type":"page","link":"https:\/\/www2.unifap.br\/samaumatech\/oportunidades-samauma\/","title":{"rendered":"oportunidades samauma"},"content":{"rendered":"\t\t<div data-elementor-type=\"wp-post\" data-elementor-id=\"2979\" class=\"elementor elementor-2979\">\n\t\t\t\t<div class=\"elementor-element elementor-element-00964f5 e-flex e-con-boxed e-con e-parent\" data-id=\"00964f5\" data-element_type=\"container\" data-e-type=\"container\">\n\t\t\t\t\t<div class=\"e-con-inner\">\n\t\t<div class=\"elementor-element elementor-element-158e4bb e-con-full e-flex e-con e-child\" data-id=\"158e4bb\" data-element_type=\"container\" data-e-type=\"container\">\n\t\t\t\t<\/div>\n\t\t<div class=\"elementor-element elementor-element-d1f2b78 e-con-full e-flex e-con e-child\" data-id=\"d1f2b78\" data-element_type=\"container\" data-e-type=\"container\">\n\t\t\t\t<div class=\"elementor-element elementor-element-dbd50c6 elementor-widget elementor-widget-heading\" data-id=\"dbd50c6\" data-element_type=\"widget\" data-e-type=\"widget\" data-widget_type=\"heading.default\">\n\t\t\t\t<div class=\"elementor-widget-container\">\n\t\t\t\t\t<h2 class=\"elementor-heading-title elementor-size-default\">Fa\u00e7a Parte da Nossa Equipe<\/h2>\t\t\t\t<\/div>\n\t\t\t\t<\/div>\n\t\t\t\t<div class=\"elementor-element elementor-element-f5863f0 elementor-widget elementor-widget-text-editor\" data-id=\"f5863f0\" data-element_type=\"widget\" data-e-type=\"widget\" data-widget_type=\"text-editor.default\">\n\t\t\t\t<div class=\"elementor-widget-container\">\n\t\t\t\t\t\t\t\t\t<div><strong>Clique na imagem e veja a descri\u00e7\u00e3o da vaga na integra.<\/strong><\/div>\t\t\t\t\t\t\t\t<\/div>\n\t\t\t\t<\/div>\n\t\t\t\t<\/div>\n\t\t<div class=\"elementor-element elementor-element-3b742ff e-con-full e-flex e-con e-child\" data-id=\"3b742ff\" data-element_type=\"container\" data-e-type=\"container\">\n\t\t\t\t<\/div>\n\t\t\t\t\t<\/div>\n\t\t\t\t<\/div>\n\t\t<div class=\"elementor-element elementor-element-69d037c e-flex e-con-boxed e-con e-parent\" data-id=\"69d037c\" data-element_type=\"container\" data-e-type=\"container\">\n\t\t\t\t\t<div class=\"e-con-inner\">\n\t\t\t\t<div class=\"elementor-element elementor-element-afeeb05 elementor-widget elementor-widget-elementskit-blog-posts\" data-id=\"afeeb05\" data-element_type=\"widget\" data-e-type=\"widget\" data-widget_type=\"elementskit-blog-posts.default\">\n\t\t\t\t<div class=\"elementor-widget-container\">\n\t\t\t\t\t<div class=\"ekit-wid-con\" >        <div id=\"post-items--afeeb05\" class=\"row post-items\">\n                    <div class=\"col-md-12\">\n\n                                    <div class=\"elementskit-blog-block-post\">\n                        <div class=\"row no-gutters\">\n                                                            <div class=\"col-md-6 order-1\">\n                                    <a href=\"https:\/\/www2.unifap.br\/samaumatech\/2025\/10\/31\/vaga-analista-de-sistema\/\" class=\"elementskit-entry-thumb\">\n                                        <img decoding=\"async\" src=\"https:\/\/www2.unifap.br\/samaumatech\/files\/2025\/10\/Post-Instagram-Conhecimento-e-Poder-nos-Investimentos-8-819x1024.png\" alt=\"Vaga Analista Sistemas\">\n                                    <\/a><!-- .elementskit-entry-thumb END -->\n                                <\/div>\n                            \n                            <div class=\"col-md-6 order-2\">\n                                <div class=\"elementskit-post-body \">\n                                    <div class=\"elementskit-entry-header\">\n                                        \n                                                                                            \t\t\t\t\t                                            \n                                            \n                                                                                            \t\t\t\t<h2 class=\"entry-title\">\n\t\t\t\t\t<a href=\"https:\/\/www2.unifap.br\/samaumatech\/2025\/10\/31\/vaga-analista-de-sistema\/\">\n\t\t\t\t\t\tVaga Analista Sistemas\t\t\t\t\t<\/a>\n\t\t\t\t<\/h2>\n\t\t\t                                                                                <\/div><!-- .elementskit-entry-header END -->\n\n                                                                            <div class=\"elementskit-post-footer\">\n                                                                                            <p>Cargo Analista Sistemas \u00a0Atribui\u00e7\u00f5es:\u00a0&#8211; Desenvolver e manter aplica\u00e7\u00f5es utilizando Python e desenvolvimento com I.A;&#8211; Modelar e implementar estruturas de bases de dados&#8211; Gerenciar pipelines de dados para garantir escalabilidade e efici\u00eancia.&#8211; Colaborar com equipes multidisciplinares e participar de revis\u00f5es de c\u00f3digo para assegurar a qualidade dos sistemas.&#8211; Manter-se atualizado com novas tecnologias, promovendo um ambiente&#8230;<\/p>\n                                                                                                                                <\/div><!-- .elementskit-post-footer END -->\n                                                                    <\/div><!-- .elementskit-post-body END -->\n                            <\/div>\n                        <\/div>\n                    <\/div><!-- .elementskit-blog-block-post .radius .gradient-bg END -->\n                \n            <\/div>\n                <\/div>\n       <\/div>\t\t\t\t<\/div>\n\t\t\t\t<\/div>\n\t\t\t\t\t<\/div>\n\t\t\t\t<\/div>\n\t\t\t\t<\/div>\n\t\t","protected":false},"excerpt":{"rendered":"<p>Fa\u00e7a Parte da Nossa Equipe Clique na imagem e veja a descri\u00e7\u00e3o da vaga na integra. Vaga Analista Sistemas Cargo Analista Sistemas \u00a0Atribui\u00e7\u00f5es:\u00a0&#8211; Desenvolver e manter aplica\u00e7\u00f5es utilizando Python e desenvolvimento com I.A;&#8211; Modelar e implementar estruturas de bases de dados&#8211; Gerenciar pipelines de dados para garantir escalabilidade e efici\u00eancia.&#8211; Colaborar com equipes multidisciplinares e&#8230;<\/p>\n","protected":false},"author":4044,"featured_media":0,"parent":0,"menu_order":0,"comment_status":"closed","ping_status":"closed","template":"elementor_header_footer","meta":{"inline_featured_image":false,"pagelayer_contact_templates":[],"_pagelayer_content":"","ngg_post_thumbnail":0,"footnotes":""},"class_list":["post-2979","page","type-page","status-publish","hentry"],"_links":{"self":[{"href":"https:\/\/www2.unifap.br\/samaumatech\/wp-json\/wp\/v2\/pages\/2979","targetHints":{"allow":["GET"]}}],"collection":[{"href":"https:\/\/www2.unifap.br\/samaumatech\/wp-json\/wp\/v2\/pages"}],"about":[{"href":"https:\/\/www2.unifap.br\/samaumatech\/wp-json\/wp\/v2\/types\/page"}],"author":[{"embeddable":true,"href":"https:\/\/www2.unifap.br\/samaumatech\/wp-json\/wp\/v2\/users\/4044"}],"replies":[{"embeddable":true,"href":"https:\/\/www2.unifap.br\/samaumatech\/wp-json\/wp\/v2\/comments?post=2979"}],"version-history":[{"count":10,"href":"https:\/\/www2.unifap.br\/samaumatech\/wp-json\/wp\/v2\/pages\/2979\/revisions"}],"predecessor-version":[{"id":3007,"href":"https:\/\/www2.unifap.br\/samaumatech\/wp-json\/wp\/v2\/pages\/2979\/revisions\/3007"}],"wp:attachment":[{"href":"https:\/\/www2.unifap.br\/samaumatech\/wp-json\/wp\/v2\/media?parent=2979"}],"curies":[{"name":"wp","href":"https:\/\/api.w.org\/{rel}","templated":true}]}}