{"id":70,"date":"2023-12-04T22:14:57","date_gmt":"2023-12-05T01:14:57","guid":{"rendered":"https:\/\/www2.unifap.br\/samaumatech\/?page_id=70"},"modified":"2025-10-04T11:44:56","modified_gmt":"2025-10-04T14:44:56","slug":"projeto-samauma-tech","status":"publish","type":"page","link":"https:\/\/www2.unifap.br\/samaumatech\/projeto-samauma-tech\/","title":{"rendered":"Programa Sama\u00fama Tech"},"content":{"rendered":"\t\t<div data-elementor-type=\"wp-page\" data-elementor-id=\"70\" class=\"elementor elementor-70\">\n\t\t\t\t<div class=\"elementor-element elementor-element-9ce2ee9 e-flex e-con-boxed e-con e-parent\" data-id=\"9ce2ee9\" data-element_type=\"container\" data-e-type=\"container\">\n\t\t\t\t\t<div class=\"e-con-inner\">\n\t\t\t\t<div class=\"elementor-element elementor-element-37ca141 elementor-widget__width-inherit elementor-widget elementor-widget-shortcode\" data-id=\"37ca141\" data-element_type=\"widget\" data-e-type=\"widget\" data-widget_type=\"shortcode.default\">\n\t\t\t\t<div class=\"elementor-widget-container\">\n\t\t\t\t\t\t\t<div class=\"elementor-shortcode\">\n\t\t<!-- MasterSlider -->\n\t\t<div id=\"P_MS69e4e22c6fd1e\" class=\"master-slider-parent msl ms-parent-id-1\" style=\"max-width:1500px;\">\n\n\t\t\t\n\t\t\t<!-- MasterSlider Main -->\n\t\t\t<div id=\"MS69e4e22c6fd1e\" class=\"master-slider ms-skin-default\" >\n\t\t\t\t \t\t\t\t \n\t\t\t\t<div  class=\"ms-slide\" data-delay=\"3\" data-fill-mode=\"center\"  >\n\t\t\t\t\t<img decoding=\"async\" src=\"https:\/\/www2.unifap.br\/samaumatech\/wp-content\/plugins\/master-slider\/public\/assets\/css\/blank.gif\" alt=\"\" title=\"\" data-src=\"https:\/\/www2.unifap.br\/samaumatech\/files\/2025\/06\/WhatsApp-Image-2025-06-26-at-11.06.29.jpeg\" \/>\n\t<a href=\"https:\/\/www2.unifap.br\/samaumatech\/2025\/07\/05\/2267\/\"     ><\/a>\n\n\n\t<img decoding=\"async\" class=\"ms-thumb\" src=\"https:\/\/www2.unifap.br\/samaumatech\/files\/2025\/06\/WhatsApp-Image-2025-06-26-at-11.06.29-140x80.jpeg\" alt=\"\" \/>\n\t<div class=\"ms-thumb\" ><div class=\"ms-tab-context\"><div class=\"&quot;ms-tab-context&quot;\"><\/div><\/div>\n<\/div>\n\t\t\t\t<\/div>\n\t\t\t\t<div  class=\"ms-slide\" data-delay=\"3\" data-fill-mode=\"center\"  >\n\t\t\t\t\t<img decoding=\"async\" src=\"https:\/\/www2.unifap.br\/samaumatech\/wp-content\/plugins\/master-slider\/public\/assets\/css\/blank.gif\" alt=\"\" title=\"\" data-src=\"https:\/\/www2.unifap.br\/samaumatech\/files\/2025\/07\/WhatsApp-Image-2025-07-05-at-15.17.57.jpeg\" \/>\n\t<a href=\"https:\/\/www2.unifap.br\/samaumatech\/2025\/07\/05\/verao-maker-samauma\/\"     ><\/a>\n\n\n\t<img decoding=\"async\" class=\"ms-thumb\" src=\"https:\/\/www2.unifap.br\/samaumatech\/files\/2025\/07\/WhatsApp-Image-2025-07-05-at-15.17.57-140x80.jpeg\" alt=\"\" \/>\n\t<div class=\"ms-thumb\" ><div class=\"ms-tab-context\"><div class=\"&quot;ms-tab-context&quot;\"><\/div><\/div>\n<\/div>\n\t\t\t\t<\/div>\n\t\t\t\t<div  class=\"ms-slide\" data-delay=\"3\" data-fill-mode=\"stretch\"  >\n\t\t\t\t\t<img decoding=\"async\" src=\"https:\/\/www2.unifap.br\/samaumatech\/wp-content\/plugins\/master-slider\/public\/assets\/css\/blank.gif\" alt=\"\" title=\"\" data-src=\"https:\/\/www2.unifap.br\/samaumatech\/files\/2025\/03\/Blue-Gradient-Modern-Freelancer-YouTube-Thumbnail-3.png\" \/>\n\t<a href=\"https:\/\/g1.globo.com\/ap\/amapa\/noticia\/2025\/03\/08\/rainha-da-maracatu-da-favela-vira-arara-com-capacete-automatizado-inedito-no-ap-veja-como-foi-feito.ghtml\"     ><\/a>\n\n\n\t<img decoding=\"async\" class=\"ms-thumb\" src=\"https:\/\/www2.unifap.br\/samaumatech\/files\/2025\/03\/Blue-Gradient-Modern-Freelancer-YouTube-Thumbnail-3-140x80.png\" alt=\"\" \/>\n\t<div class=\"ms-thumb\" ><div class=\"ms-tab-context\"><div class=\"&quot;ms-tab-context&quot;\"><\/div><\/div>\n<\/div>\n\t\t\t\t<\/div>\n\t\t\t\t<div  class=\"ms-slide\" data-delay=\"3\" data-fill-mode=\"fill\"  >\n\t\t\t\t\t<img decoding=\"async\" src=\"https:\/\/www2.unifap.br\/samaumatech\/wp-content\/plugins\/master-slider\/public\/assets\/css\/blank.gif\" alt=\"\" title=\"\" data-src=\"https:\/\/www2.unifap.br\/samaumatech\/files\/2025\/03\/Blue-Gradient-Modern-Freelancer-YouTube-Thumbnail-4.png\" \/>\n\t<a href=\"https:\/\/www2.unifap.br\/samaumatech\/2025\/02\/21\/lancamento-tech-delas\/\"     ><\/a>\n\n\n\t<img decoding=\"async\" class=\"ms-thumb\" src=\"https:\/\/www2.unifap.br\/samaumatech\/files\/2025\/03\/Blue-Gradient-Modern-Freelancer-YouTube-Thumbnail-4-140x80.png\" alt=\"\" \/>\n\t<div class=\"ms-thumb\" ><div class=\"ms-tab-context\"><div class=\"&quot;ms-tab-context&quot;\"><\/div><\/div>\n<\/div>\n\t\t\t\t<\/div>\n\t\t\t\t<div  class=\"ms-slide\" data-delay=\"3\" data-fill-mode=\"stretch\"  >\n\t\t\t\t\t<img decoding=\"async\" src=\"https:\/\/www2.unifap.br\/samaumatech\/wp-content\/plugins\/master-slider\/public\/assets\/css\/blank.gif\" alt=\"\" title=\"\" data-src=\"https:\/\/www2.unifap.br\/samaumatech\/files\/2025\/02\/WhatsApp-Image-2025-02-21-at-20.13.15-3.jpeg\" \/>\n\t<a href=\"https:\/\/www2.unifap.br\/samaumatech\/2025\/02\/21\/lancamento-livro-inovacao-na-amazonia\/\"     ><\/a>\n\n\n\t<img decoding=\"async\" class=\"ms-thumb\" src=\"https:\/\/www2.unifap.br\/samaumatech\/files\/2025\/02\/WhatsApp-Image-2025-02-21-at-20.13.15-3-140x80.jpeg\" alt=\"\" \/>\n\t<div class=\"ms-thumb\" ><div class=\"ms-tab-context\"><div class=\"&quot;ms-tab-context&quot;\"><\/div><\/div>\n<\/div>\n\t\t\t\t<\/div>\n\n\t\t\t<\/div>\n\t\t\t<!-- END MasterSlider Main -->\n\n\t\t\t \n\t\t<\/div>\n\t\t<!-- END MasterSlider -->\n\n\t\t<script>\n\t\t(function ( $ ) {\n\t\t\t\"use strict\";\n\n\t\t\t$(function () {\n\t\t\t\tvar masterslider_fd1e = new MasterSlider();\n\n\t\t\t\t\/\/ slider controls\n\t\t\t\tmasterslider_fd1e.control('arrows'     ,{ autohide:false, overVideo:true  });\t\t\t\tmasterslider_fd1e.control('bullets'    ,{ autohide:false, overVideo:true, dir:'h', align:'bottom' , margin:10  });\n\n\t\t\t\tmasterslider_fd1e.control('thumblist'  ,{ autohide:false, overVideo:true, dir:'h', speed:17, inset:false, arrows:false, hover:false, customClass:'', align:'bottom',type:'thumbs', margin:5, width:140, height:80, space:5, fillMode:'fill'  });\n\t\t\t\t\/\/ slider setup\n\t\t\t\tmasterslider_fd1e.setup(\"MS69e4e22c6fd1e\", {\n\t\t\t\t\t\twidth           : 3000,\n\t\t\t\t\t\theight          : 1500,\n\t\t\t\t\t\tminHeight       : 350,\n\t\t\t\t\t\tspace           : 0,\n\t\t\t\t\t\tstart           : 1,\n\t\t\t\t\t\tgrabCursor      : true,\n\t\t\t\t\t\tswipe           : true,\n\t\t\t\t\t\tmouse           : true,\n\t\t\t\t\t\tlayout          : \"boxed\",\n\t\t\t\t\t\twheel           : false,\n\t\t\t\t\t\tautoplay        : true,\n\t\t\t\t\t\tinstantStartLayers:false,\n\t\t\t\t\t\tloop            : true,\n\t\t\t\t\t\tshuffle         : false,\n\t\t\t\t\t\tpreload         : 0,\n\t\t\t\t\t\theightLimit     : true,\n\t\t\t\t\t\tautoHeight      : false,\n\t\t\t\t\t\tsmoothHeight    : true,\n\t\t\t\t\t\tendPause        : false,\n\t\t\t\t\t\toverPause       : true,\n\t\t\t\t\t\tfillMode        : \"fill\",\n\t\t\t\t\t\tcenterControls  : true,\n\t\t\t\t\t\tstartOnAppear   : false,\n\t\t\t\t\t\tlayersMode      : \"center\",\n\t\t\t\t\t\thideLayers      : false,\n\t\t\t\t\t\tfullscreenMargin: 0,\n\t\t\t\t\t\tspeed           : 20,\n\t\t\t\t\t\tdir             : \"h\",\n\t\t\t\t\t\tparallaxMode    : 'swipe',\n\t\t\t\t\t\tview            : \"basic\"\n\t\t\t\t});\n\n\t\t\t\t\n\t\t\t\twindow.masterslider_instances = window.masterslider_instances || [];\n\t\t\t\twindow.masterslider_instances.push( masterslider_fd1e );\n\t\t\t });\n\n\t\t})(jQuery);\n\t\t<\/script>\n\n<\/div>\n\t\t\t\t\t\t<\/div>\n\t\t\t\t<\/div>\n\t\t\t\t\t<\/div>\n\t\t\t\t<\/div>\n\t\t<div class=\"elementor-element elementor-element-ed259f9 e-flex e-con-boxed e-con e-parent\" data-id=\"ed259f9\" data-element_type=\"container\" data-e-type=\"container\">\n\t\t\t\t\t<div class=\"e-con-inner\">\n\t\t<div class=\"elementor-element elementor-element-8476e04 e-con-full e-flex e-con e-child\" data-id=\"8476e04\" data-element_type=\"container\" data-e-type=\"container\">\n\t\t\t\t<div class=\"elementor-element elementor-element-5bab45f elementor-widget elementor-widget-image\" data-id=\"5bab45f\" data-element_type=\"widget\" data-e-type=\"widget\" data-widget_type=\"image.default\">\n\t\t\t\t<div class=\"elementor-widget-container\">\n\t\t\t\t\t\t\t\t\t\t\t\t\t\t\t<img fetchpriority=\"high\" decoding=\"async\" width=\"479\" height=\"520\" src=\"https:\/\/www2.unifap.br\/samaumatech\/files\/2023\/12\/logo_samauma_tech-removebg-preview-1.png\" class=\"attachment-large size-large wp-image-306\" alt=\"\" srcset=\"https:\/\/www2.unifap.br\/samaumatech\/files\/2023\/12\/logo_samauma_tech-removebg-preview-1.png 479w, https:\/\/www2.unifap.br\/samaumatech\/files\/2023\/12\/logo_samauma_tech-removebg-preview-1-276x300.png 276w\" sizes=\"(max-width: 479px) 100vw, 479px\" \/>\t\t\t\t\t\t\t\t\t\t\t\t\t\t\t<\/div>\n\t\t\t\t<\/div>\n\t\t\t\t<\/div>\n\t\t<div class=\"elementor-element elementor-element-a3c09d9 e-con-full e-flex e-con e-child\" data-id=\"a3c09d9\" data-element_type=\"container\" data-e-type=\"container\">\n\t\t\t\t<div class=\"elementor-element elementor-element-11a4728 elementor-widget elementor-widget-text-editor\" data-id=\"11a4728\" data-element_type=\"widget\" data-e-type=\"widget\" data-widget_type=\"text-editor.default\">\n\t\t\t\t<div class=\"elementor-widget-container\">\n\t\t\t\t\t\t\t\t\t<p><img decoding=\"async\" class=\"aligncenter size-large wp-image-1528\" src=\"http:\/\/www2.unifap.br\/samaumatech\/files\/2024\/12\/Sobre-2-1024x1024.png\" alt=\"\" width=\"1024\" height=\"1024\" srcset=\"https:\/\/www2.unifap.br\/samaumatech\/files\/2024\/12\/Sobre-2-1024x1024.png 1024w, https:\/\/www2.unifap.br\/samaumatech\/files\/2024\/12\/Sobre-2-300x300.png 300w, https:\/\/www2.unifap.br\/samaumatech\/files\/2024\/12\/Sobre-2-150x150.png 150w, https:\/\/www2.unifap.br\/samaumatech\/files\/2024\/12\/Sobre-2-768x768.png 768w, https:\/\/www2.unifap.br\/samaumatech\/files\/2024\/12\/Sobre-2.png 1080w\" sizes=\"(max-width: 1024px) 100vw, 1024px\" \/><\/p>\t\t\t\t\t\t\t\t<\/div>\n\t\t\t\t<\/div>\n\t\t\t\t<\/div>\n\t\t\t\t\t<\/div>\n\t\t\t\t<\/div>\n\t\t<div class=\"elementor-element elementor-element-78ae4b2 e-flex e-con-boxed e-con e-parent\" data-id=\"78ae4b2\" data-element_type=\"container\" data-e-type=\"container\">\n\t\t\t\t\t<div class=\"e-con-inner\">\n\t\t\t\t<div class=\"elementor-element elementor-element-30f06bc elementor-widget elementor-widget-video\" data-id=\"30f06bc\" data-element_type=\"widget\" data-e-type=\"widget\" data-settings=\"{&quot;youtube_url&quot;:&quot;https:\\\/\\\/youtu.be\\\/Tn_rm1y7Vsg&quot;,&quot;video_type&quot;:&quot;youtube&quot;,&quot;controls&quot;:&quot;yes&quot;}\" data-widget_type=\"video.default\">\n\t\t\t\t<div class=\"elementor-widget-container\">\n\t\t\t\t\t\t\t<div class=\"elementor-wrapper elementor-open-inline\">\n\t\t\t<div class=\"elementor-video\"><\/div>\t\t<\/div>\n\t\t\t\t\t\t<\/div>\n\t\t\t\t<\/div>\n\t\t\t\t\t<\/div>\n\t\t\t\t<\/div>\n\t\t<div class=\"elementor-element elementor-element-08b481d e-flex e-con-boxed e-con e-parent\" data-id=\"08b481d\" data-element_type=\"container\" data-e-type=\"container\">\n\t\t\t\t\t<div class=\"e-con-inner\">\n\t\t<div class=\"elementor-element elementor-element-5951371 e-con-full e-flex e-con e-child\" data-id=\"5951371\" data-element_type=\"container\" data-e-type=\"container\">\n\t\t\t\t<div class=\"elementor-element elementor-element-63dcf92 elementor-widget elementor-widget-image\" data-id=\"63dcf92\" data-element_type=\"widget\" data-e-type=\"widget\" data-widget_type=\"image.default\">\n\t\t\t\t<div class=\"elementor-widget-container\">\n\t\t\t\t\t\t\t\t\t\t\t\t\t\t\t<img decoding=\"async\" width=\"1024\" height=\"1024\" src=\"https:\/\/www2.unifap.br\/samaumatech\/files\/2024\/12\/Sobre-1-1-1024x1024.png\" class=\"attachment-large size-large wp-image-1490\" alt=\"\" srcset=\"https:\/\/www2.unifap.br\/samaumatech\/files\/2024\/12\/Sobre-1-1-1024x1024.png 1024w, https:\/\/www2.unifap.br\/samaumatech\/files\/2024\/12\/Sobre-1-1-300x300.png 300w, https:\/\/www2.unifap.br\/samaumatech\/files\/2024\/12\/Sobre-1-1-150x150.png 150w, https:\/\/www2.unifap.br\/samaumatech\/files\/2024\/12\/Sobre-1-1-768x768.png 768w, https:\/\/www2.unifap.br\/samaumatech\/files\/2024\/12\/Sobre-1-1.png 1080w\" sizes=\"(max-width: 1024px) 100vw, 1024px\" \/>\t\t\t\t\t\t\t\t\t\t\t\t\t\t\t<\/div>\n\t\t\t\t<\/div>\n\t\t\t\t<\/div>\n\t\t<div class=\"elementor-element elementor-element-1d5d149 e-con-full e-flex e-con e-child\" data-id=\"1d5d149\" data-element_type=\"container\" data-e-type=\"container\">\n\t\t\t\t<div class=\"elementor-element elementor-element-c9166d7 elementor-widget elementor-widget-image\" data-id=\"c9166d7\" data-element_type=\"widget\" data-e-type=\"widget\" data-widget_type=\"image.default\">\n\t\t\t\t<div class=\"elementor-widget-container\">\n\t\t\t\t\t\t\t\t\t\t\t\t\t\t\t<img loading=\"lazy\" decoding=\"async\" width=\"1024\" height=\"1024\" src=\"https:\/\/www2.unifap.br\/samaumatech\/files\/2024\/12\/Polo-Porto-Grande-1-1024x1024.png\" class=\"attachment-large size-large wp-image-1138\" alt=\"\" srcset=\"https:\/\/www2.unifap.br\/samaumatech\/files\/2024\/12\/Polo-Porto-Grande-1-1024x1024.png 1024w, https:\/\/www2.unifap.br\/samaumatech\/files\/2024\/12\/Polo-Porto-Grande-1-300x300.png 300w, https:\/\/www2.unifap.br\/samaumatech\/files\/2024\/12\/Polo-Porto-Grande-1-150x150.png 150w, https:\/\/www2.unifap.br\/samaumatech\/files\/2024\/12\/Polo-Porto-Grande-1-768x768.png 768w, https:\/\/www2.unifap.br\/samaumatech\/files\/2024\/12\/Polo-Porto-Grande-1.png 1080w\" sizes=\"(max-width: 1024px) 100vw, 1024px\" \/>\t\t\t\t\t\t\t\t\t\t\t\t\t\t\t<\/div>\n\t\t\t\t<\/div>\n\t\t\t\t<\/div>\n\t\t\t\t\t<\/div>\n\t\t\t\t<\/div>\n\t\t<div class=\"elementor-element elementor-element-4b07862 e-flex e-con-boxed e-con e-parent\" data-id=\"4b07862\" data-element_type=\"container\" data-e-type=\"container\">\n\t\t\t\t\t<div class=\"e-con-inner\">\n\t\t\t\t<div class=\"elementor-element elementor-element-80fb92f elementor-widget elementor-widget-heading\" data-id=\"80fb92f\" data-element_type=\"widget\" data-e-type=\"widget\" data-widget_type=\"heading.default\">\n\t\t\t\t<div class=\"elementor-widget-container\">\n\t\t\t\t\t<h2 class=\"elementor-heading-title elementor-size-default\">Polos Sama\u00fama Tech<\/h2>\t\t\t\t<\/div>\n\t\t\t\t<\/div>\n\t\t\t\t\t<\/div>\n\t\t\t\t<\/div>\n\t\t<div class=\"elementor-element elementor-element-b42c481 e-flex e-con-boxed e-con e-parent\" data-id=\"b42c481\" data-element_type=\"container\" data-e-type=\"container\">\n\t\t\t\t\t<div class=\"e-con-inner\">\n\t\t\t\t<div class=\"elementor-element elementor-element-7be88c3 elementor-widget elementor-widget-image\" data-id=\"7be88c3\" data-element_type=\"widget\" data-e-type=\"widget\" data-widget_type=\"image.default\">\n\t\t\t\t<div class=\"elementor-widget-container\">\n\t\t\t\t\t\t\t\t\t\t\t\t\t\t\t<img loading=\"lazy\" decoding=\"async\" width=\"1024\" height=\"576\" src=\"https:\/\/www2.unifap.br\/samaumatech\/files\/2025\/10\/Mapa-unifap-1024x576.jpg\" class=\"attachment-large size-large wp-image-2575\" alt=\"\" srcset=\"https:\/\/www2.unifap.br\/samaumatech\/files\/2025\/10\/Mapa-unifap-1024x576.jpg 1024w, https:\/\/www2.unifap.br\/samaumatech\/files\/2025\/10\/Mapa-unifap-300x169.jpg 300w, https:\/\/www2.unifap.br\/samaumatech\/files\/2025\/10\/Mapa-unifap-768x432.jpg 768w, https:\/\/www2.unifap.br\/samaumatech\/files\/2025\/10\/Mapa-unifap.jpg 1280w\" sizes=\"(max-width: 1024px) 100vw, 1024px\" \/>\t\t\t\t\t\t\t\t\t\t\t\t\t\t\t<\/div>\n\t\t\t\t<\/div>\n\t\t\t\t\t<\/div>\n\t\t\t\t<\/div>\n\t\t<div class=\"elementor-element elementor-element-f6b0352 e-flex e-con-boxed e-con e-parent\" data-id=\"f6b0352\" data-element_type=\"container\" data-e-type=\"container\">\n\t\t\t\t\t<div class=\"e-con-inner\">\n\t\t\t\t<div class=\"elementor-element elementor-element-792eb88 elementor-widget elementor-widget-heading\" data-id=\"792eb88\" data-element_type=\"widget\" data-e-type=\"widget\" data-widget_type=\"heading.default\">\n\t\t\t\t<div class=\"elementor-widget-container\">\n\t\t\t\t\t<h2 class=\"elementor-heading-title elementor-size-default\">Not\u00edcias<\/h2>\t\t\t\t<\/div>\n\t\t\t\t<\/div>\n\t\t\t\t\t<\/div>\n\t\t\t\t<\/div>\n\t\t<div class=\"elementor-element elementor-element-ef78f92 e-flex e-con-boxed e-con e-parent\" data-id=\"ef78f92\" data-element_type=\"container\" data-e-type=\"container\">\n\t\t\t\t\t<div class=\"e-con-inner\">\n\t\t<div class=\"elementor-element elementor-element-0667072 e-con-full e-flex e-con e-child\" data-id=\"0667072\" data-element_type=\"container\" data-e-type=\"container\">\n\t\t\t\t<div class=\"elementor-element elementor-element-8795684 elementor-drop-cap-yes elementor-drop-cap-view-default elementor-widget elementor-widget-text-editor\" data-id=\"8795684\" data-element_type=\"widget\" data-e-type=\"widget\" data-settings=\"{&quot;drop_cap&quot;:&quot;yes&quot;}\" data-widget_type=\"text-editor.default\">\n\t\t\t\t<div class=\"elementor-widget-container\">\n\t\t\t\t\t\t\t\t\t<h3><img loading=\"lazy\" decoding=\"async\" class=\"aligncenter size-large wp-image-1678\" src=\"http:\/\/www2.unifap.br\/samaumatech\/files\/2025\/02\/Blue-Gradient-Modern-Freelancer-YouTube-Thumbnail--1024x576.png\" alt=\"\" width=\"1024\" height=\"576\" srcset=\"https:\/\/www2.unifap.br\/samaumatech\/files\/2025\/02\/Blue-Gradient-Modern-Freelancer-YouTube-Thumbnail--1024x576.png 1024w, https:\/\/www2.unifap.br\/samaumatech\/files\/2025\/02\/Blue-Gradient-Modern-Freelancer-YouTube-Thumbnail--300x169.png 300w, https:\/\/www2.unifap.br\/samaumatech\/files\/2025\/02\/Blue-Gradient-Modern-Freelancer-YouTube-Thumbnail--768x432.png 768w, https:\/\/www2.unifap.br\/samaumatech\/files\/2025\/02\/Blue-Gradient-Modern-Freelancer-YouTube-Thumbnail-.png 1280w\" sizes=\"(max-width: 1024px) 100vw, 1024px\" \/><em><a href=\"https:\/\/www2.unifap.br\/samaumatech\/2025\/02\/04\/samauma-tech-inaugura-laboratorio-na-unifap\/\">Programa Sama\u00fama Tech inaugura Laborat\u00f3rio na UNIFAP<\/a><\/em><\/h3>\t\t\t\t\t\t\t\t<\/div>\n\t\t\t\t<\/div>\n\t\t\t\t<\/div>\n\t\t<div class=\"elementor-element elementor-element-0e81a7c e-con-full e-flex e-con e-child\" data-id=\"0e81a7c\" data-element_type=\"container\" data-e-type=\"container\">\n\t\t\t\t<div class=\"elementor-element elementor-element-949f49d elementor-widget elementor-widget-text-editor\" data-id=\"949f49d\" data-element_type=\"widget\" data-e-type=\"widget\" data-widget_type=\"text-editor.default\">\n\t\t\t\t<div class=\"elementor-widget-container\">\n\t\t\t\t\t\t\t\t\t<h1><img loading=\"lazy\" decoding=\"async\" class=\"aligncenter wp-image-1629\" src=\"http:\/\/www2.unifap.br\/samaumatech\/files\/2025\/01\/WhatsApp-Image-2025-01-21-at-11.54.35-1-1024x461.jpeg\" alt=\"\" width=\"281\" height=\"126\" srcset=\"https:\/\/www2.unifap.br\/samaumatech\/files\/2025\/01\/WhatsApp-Image-2025-01-21-at-11.54.35-1-1024x461.jpeg 1024w, https:\/\/www2.unifap.br\/samaumatech\/files\/2025\/01\/WhatsApp-Image-2025-01-21-at-11.54.35-1-300x135.jpeg 300w, https:\/\/www2.unifap.br\/samaumatech\/files\/2025\/01\/WhatsApp-Image-2025-01-21-at-11.54.35-1-768x346.jpeg 768w, https:\/\/www2.unifap.br\/samaumatech\/files\/2025\/01\/WhatsApp-Image-2025-01-21-at-11.54.35-1-1536x691.jpeg 1536w, https:\/\/www2.unifap.br\/samaumatech\/files\/2025\/01\/WhatsApp-Image-2025-01-21-at-11.54.35-1.jpeg 1600w\" sizes=\"(max-width: 281px) 100vw, 281px\" \/><\/h1><h3><em><a href=\"https:\/\/www2.unifap.br\/samaumatech\/2025\/01\/21\/samauma-tech-da-inicio-ao-curso-robotica-nas-ferias\/\">Programa Sama\u00fama Tech d\u00e1 inicio ao Curso \u201cRob\u00f3tica nas F\u00e9rias\u201d na UNIFAP<\/a><\/em><\/h3>\t\t\t\t\t\t\t\t<\/div>\n\t\t\t\t<\/div>\n\t\t\t\t<\/div>\n\t\t<div class=\"elementor-element elementor-element-2ff1dc4 e-con-full e-flex e-con e-child\" data-id=\"2ff1dc4\" data-element_type=\"container\" data-e-type=\"container\">\n\t\t\t\t<div class=\"elementor-element elementor-element-e3ae998 elementor-widget elementor-widget-text-editor\" data-id=\"e3ae998\" data-element_type=\"widget\" data-e-type=\"widget\" data-widget_type=\"text-editor.default\">\n\t\t\t\t<div class=\"elementor-widget-container\">\n\t\t\t\t\t\t\t\t\t<p><img loading=\"lazy\" decoding=\"async\" class=\"aligncenter size-large wp-image-1788\" src=\"http:\/\/www2.unifap.br\/samaumatech\/files\/2025\/02\/WhatsApp-Image-2025-02-21-at-20.13.15-2-3-1024x659.jpeg\" alt=\"\" width=\"1024\" height=\"659\" srcset=\"https:\/\/www2.unifap.br\/samaumatech\/files\/2025\/02\/WhatsApp-Image-2025-02-21-at-20.13.15-2-3-1024x659.jpeg 1024w, https:\/\/www2.unifap.br\/samaumatech\/files\/2025\/02\/WhatsApp-Image-2025-02-21-at-20.13.15-2-3-300x193.jpeg 300w, https:\/\/www2.unifap.br\/samaumatech\/files\/2025\/02\/WhatsApp-Image-2025-02-21-at-20.13.15-2-3-768x494.jpeg 768w, https:\/\/www2.unifap.br\/samaumatech\/files\/2025\/02\/WhatsApp-Image-2025-02-21-at-20.13.15-2-3.jpeg 1080w\" sizes=\"(max-width: 1024px) 100vw, 1024px\" \/><\/p><h4><em><a href=\"https:\/\/www2.unifap.br\/samaumatech\/2025\/02\/21\/lancamento-livro-inovacao-na-amazonia\/?preview_id=1763&amp;preview_nonce=42281d9aa3&amp;_thumbnail_id=-1&amp;preview=true\">Lan\u00e7amento Livro Inova\u00e7\u00e3o na Amaz\u00f4nia<\/a><\/em><\/h4>\t\t\t\t\t\t\t\t<\/div>\n\t\t\t\t<\/div>\n\t\t\t\t<\/div>\n\t\t<div class=\"elementor-element elementor-element-ee6e499 e-con-full e-flex e-con e-child\" data-id=\"ee6e499\" data-element_type=\"container\" data-e-type=\"container\">\n\t\t\t\t<div class=\"elementor-element elementor-element-fd7d9fa elementor-widget elementor-widget-text-editor\" data-id=\"fd7d9fa\" data-element_type=\"widget\" data-e-type=\"widget\" data-widget_type=\"text-editor.default\">\n\t\t\t\t<div class=\"elementor-widget-container\">\n\t\t\t\t\t\t\t\t\t<h4><img decoding=\"async\" src=\"https:\/\/www.gov.br\/suframa\/pt-br\/assuntos\/noticias\/suframa-participa-de-lancamento-de-projeto-de-capacitacao-em-robotica-no-amapa\/capa.jpeg\/@@images\/156547f7-459c-458f-8547-d0ea5540ba71.jpeg\" \/><\/h4><h4 class=\"documentFirstHeading\"><a href=\"https:\/\/www.gov.br\/suframa\/pt-br\/publicacoes\/noticias\/suframa-participa-de-lancamento-de-projeto-de-capacitacao-em-robotica-no-amapa\">Suframa participa de lan\u00e7amento de projeto de capacita\u00e7\u00e3o em Rob\u00f3tica no Amap\u00e1<\/a><\/h4>\t\t\t\t\t\t\t\t<\/div>\n\t\t\t\t<\/div>\n\t\t\t\t<\/div>\n\t\t\t\t\t<\/div>\n\t\t\t\t<\/div>\n\t\t<div class=\"elementor-element elementor-element-9303246 e-flex e-con-boxed e-con e-parent\" data-id=\"9303246\" data-element_type=\"container\" data-e-type=\"container\">\n\t\t\t\t\t<div class=\"e-con-inner\">\n\t\t\t\t<div class=\"elementor-element elementor-element-1ced94c elementor-widget elementor-widget-heading\" data-id=\"1ced94c\" data-element_type=\"widget\" data-e-type=\"widget\" data-widget_type=\"heading.default\">\n\t\t\t\t<div class=\"elementor-widget-container\">\n\t\t\t\t\t<h2 class=\"elementor-heading-title elementor-size-default\">Parceiros<\/h2>\t\t\t\t<\/div>\n\t\t\t\t<\/div>\n\t\t\t\t\t<\/div>\n\t\t\t\t<\/div>\n\t\t<div class=\"elementor-element elementor-element-ca79de7 e-flex e-con-boxed e-con e-parent\" data-id=\"ca79de7\" data-element_type=\"container\" data-e-type=\"container\">\n\t\t\t\t\t<div class=\"e-con-inner\">\n\t\t\t\t<div class=\"elementor-element elementor-element-cdf098e elementor-widget elementor-widget-image\" data-id=\"cdf098e\" data-element_type=\"widget\" data-e-type=\"widget\" data-widget_type=\"image.default\">\n\t\t\t\t<div class=\"elementor-widget-container\">\n\t\t\t\t\t\t\t\t\t\t\t\t\t\t\t<img loading=\"lazy\" decoding=\"async\" width=\"768\" height=\"284\" src=\"https:\/\/www2.unifap.br\/samaumatech\/files\/2024\/12\/Design-sem-nome-1-768x284.png\" class=\"attachment-medium_large size-medium_large wp-image-1140\" alt=\"\" srcset=\"https:\/\/www2.unifap.br\/samaumatech\/files\/2024\/12\/Design-sem-nome-1-768x284.png 768w, https:\/\/www2.unifap.br\/samaumatech\/files\/2024\/12\/Design-sem-nome-1-300x111.png 300w, https:\/\/www2.unifap.br\/samaumatech\/files\/2024\/12\/Design-sem-nome-1.png 851w\" sizes=\"(max-width: 768px) 100vw, 768px\" \/>\t\t\t\t\t\t\t\t\t\t\t\t\t\t\t<\/div>\n\t\t\t\t<\/div>\n\t\t\t\t\t<\/div>\n\t\t\t\t<\/div>\n\t\t\t\t<\/div>\n\t\t","protected":false},"excerpt":{"rendered":"<p>https:\/\/youtu.be\/Tn_rm1y7Vsg Polos Sama\u00fama Tech Not\u00edcias Programa Sama\u00fama Tech inaugura Laborat\u00f3rio na UNIFAP Programa Sama\u00fama Tech d\u00e1 inicio ao Curso \u201cRob\u00f3tica nas F\u00e9rias\u201d na UNIFAP Lan\u00e7amento Livro Inova\u00e7\u00e3o na Amaz\u00f4nia Suframa participa de lan\u00e7amento de projeto de capacita\u00e7\u00e3o em Rob\u00f3tica no Amap\u00e1 Parceiros<\/p>\n","protected":false},"author":3860,"featured_media":0,"parent":0,"menu_order":0,"comment_status":"closed","ping_status":"closed","template":"","meta":{"inline_featured_image":false,"pagelayer_contact_templates":[],"_pagelayer_content":"","ngg_post_thumbnail":0,"footnotes":""},"class_list":["post-70","page","type-page","status-publish","hentry"],"_links":{"self":[{"href":"https:\/\/www2.unifap.br\/samaumatech\/wp-json\/wp\/v2\/pages\/70","targetHints":{"allow":["GET"]}}],"collection":[{"href":"https:\/\/www2.unifap.br\/samaumatech\/wp-json\/wp\/v2\/pages"}],"about":[{"href":"https:\/\/www2.unifap.br\/samaumatech\/wp-json\/wp\/v2\/types\/page"}],"author":[{"embeddable":true,"href":"https:\/\/www2.unifap.br\/samaumatech\/wp-json\/wp\/v2\/users\/3860"}],"replies":[{"embeddable":true,"href":"https:\/\/www2.unifap.br\/samaumatech\/wp-json\/wp\/v2\/comments?post=70"}],"version-history":[{"count":338,"href":"https:\/\/www2.unifap.br\/samaumatech\/wp-json\/wp\/v2\/pages\/70\/revisions"}],"predecessor-version":[{"id":2578,"href":"https:\/\/www2.unifap.br\/samaumatech\/wp-json\/wp\/v2\/pages\/70\/revisions\/2578"}],"wp:attachment":[{"href":"https:\/\/www2.unifap.br\/samaumatech\/wp-json\/wp\/v2\/media?parent=70"}],"curies":[{"name":"wp","href":"https:\/\/api.w.org\/{rel}","templated":true}]}}