{"id":88,"date":"2023-12-04T22:41:14","date_gmt":"2023-12-05T01:41:14","guid":{"rendered":"https:\/\/www2.unifap.br\/samaumatech\/?page_id=88"},"modified":"2024-08-12T22:30:11","modified_gmt":"2024-08-13T01:30:11","slug":"ambiente-virtual","status":"publish","type":"page","link":"https:\/\/www2.unifap.br\/samaumatech\/ambiente-virtual\/","title":{"rendered":"Sala Virtual"},"content":{"rendered":"\t\t<div data-elementor-type=\"wp-page\" data-elementor-id=\"88\" class=\"elementor elementor-88\">\n\t\t\t\t<div class=\"elementor-element elementor-element-6c980fa e-con-full e-flex e-con e-parent\" data-id=\"6c980fa\" data-element_type=\"container\" data-e-type=\"container\">\n\t\t<div class=\"elementor-element elementor-element-4df76a6 e-flex e-con-boxed e-con e-child\" data-id=\"4df76a6\" data-element_type=\"container\" data-e-type=\"container\">\n\t\t\t\t\t<div class=\"e-con-inner\">\n\t\t\t\t<div class=\"elementor-element elementor-element-659c0b4 elementor-widget elementor-widget-image\" data-id=\"659c0b4\" data-element_type=\"widget\" data-e-type=\"widget\" data-widget_type=\"image.default\">\n\t\t\t\t<div class=\"elementor-widget-container\">\n\t\t\t\t\t\t\t\t\t\t\t\t\t\t\t\t<a href=\"https:\/\/samaumatech.unifap.br\">\n\t\t\t\t\t\t\t<img fetchpriority=\"high\" decoding=\"async\" width=\"1024\" height=\"273\" src=\"https:\/\/www2.unifap.br\/samaumatech\/files\/2024\/08\/Banner-clique-aqui2-1024x273.png\" class=\"attachment-large size-large wp-image-868\" alt=\"\" srcset=\"https:\/\/www2.unifap.br\/samaumatech\/files\/2024\/08\/Banner-clique-aqui2-1024x273.png 1024w, https:\/\/www2.unifap.br\/samaumatech\/files\/2024\/08\/Banner-clique-aqui2-300x80.png 300w, https:\/\/www2.unifap.br\/samaumatech\/files\/2024\/08\/Banner-clique-aqui2-768x205.png 768w, https:\/\/www2.unifap.br\/samaumatech\/files\/2024\/08\/Banner-clique-aqui2-1536x410.png 1536w, https:\/\/www2.unifap.br\/samaumatech\/files\/2024\/08\/Banner-clique-aqui2-2048x546.png 2048w\" sizes=\"(max-width: 1024px) 100vw, 1024px\" \/>\t\t\t\t\t\t\t\t<\/a>\n\t\t\t\t\t\t\t\t\t\t\t\t\t\t\t<\/div>\n\t\t\t\t<\/div>\n\t\t\t\t\t<\/div>\n\t\t\t\t<\/div>\n\t\t\t\t<\/div>\n\t\t<div class=\"elementor-element elementor-element-4777fe7 e-flex e-con-boxed e-con e-parent\" data-id=\"4777fe7\" data-element_type=\"container\" data-e-type=\"container\">\n\t\t\t\t\t<div class=\"e-con-inner\">\n\t\t\t\t<div class=\"elementor-element elementor-element-3d87099 elementor-widget elementor-widget-heading\" data-id=\"3d87099\" data-element_type=\"widget\" data-e-type=\"widget\" data-widget_type=\"heading.default\">\n\t\t\t\t<div class=\"elementor-widget-container\">\n\t\t\t\t\t<h2 class=\"elementor-heading-title elementor-size-default\">Conhe\u00e7a nossos cursos<\/h2>\t\t\t\t<\/div>\n\t\t\t\t<\/div>\n\t\t\t\t\t<\/div>\n\t\t\t\t<\/div>\n\t\t<div class=\"elementor-element elementor-element-1791130 e-flex e-con-boxed e-con e-parent\" data-id=\"1791130\" data-element_type=\"container\" data-e-type=\"container\">\n\t\t\t\t\t<div class=\"e-con-inner\">\n\t\t<div class=\"elementor-element elementor-element-8324882 e-con-full e-flex e-con e-child\" data-id=\"8324882\" data-element_type=\"container\" data-e-type=\"container\">\n\t\t\t\t<div class=\"elementor-element elementor-element-022d4d9 elementor-widget elementor-widget-accordion\" data-id=\"022d4d9\" data-element_type=\"widget\" data-e-type=\"widget\" data-widget_type=\"accordion.default\">\n\t\t\t\t<div class=\"elementor-widget-container\">\n\t\t\t\t\t\t\t<div class=\"elementor-accordion\">\n\t\t\t\t\t\t\t<div class=\"elementor-accordion-item\">\n\t\t\t\t\t<div id=\"elementor-tab-title-2281\" class=\"elementor-tab-title\" data-tab=\"1\" role=\"button\" aria-controls=\"elementor-tab-content-2281\" aria-expanded=\"false\">\n\t\t\t\t\t\t\t\t\t\t\t\t\t<span class=\"elementor-accordion-icon elementor-accordion-icon-left\" aria-hidden=\"true\">\n\t\t\t\t\t\t\t\t\t\t\t\t\t\t\t<span class=\"elementor-accordion-icon-closed\"><i class=\"fas fa-plus\"><\/i><\/span>\n\t\t\t\t\t\t\t\t<span class=\"elementor-accordion-icon-opened\"><i class=\"fas fa-minus\"><\/i><\/span>\n\t\t\t\t\t\t\t\t\t\t\t\t\t\t<\/span>\n\t\t\t\t\t\t\t\t\t\t\t\t<a class=\"elementor-accordion-title\" tabindex=\"0\">CURSO ROB\u00d3TICA NAS F\u00c9RIAS<\/a>\n\t\t\t\t\t<\/div>\n\t\t\t\t\t<div id=\"elementor-tab-content-2281\" class=\"elementor-tab-content elementor-clearfix\" data-tab=\"1\" role=\"region\" aria-labelledby=\"elementor-tab-title-2281\"><p><img decoding=\"async\" class=\"aligncenter size-full wp-image-798\" src=\"http:\/\/www2.unifap.br\/samaumatech\/files\/2024\/07\/CURSO-ROBOTICAS-NAS-FERIAS.png\" alt=\"\" width=\"801\" height=\"807\" srcset=\"https:\/\/www2.unifap.br\/samaumatech\/files\/2024\/07\/CURSO-ROBOTICAS-NAS-FERIAS.png 801w, https:\/\/www2.unifap.br\/samaumatech\/files\/2024\/07\/CURSO-ROBOTICAS-NAS-FERIAS-298x300.png 298w, https:\/\/www2.unifap.br\/samaumatech\/files\/2024\/07\/CURSO-ROBOTICAS-NAS-FERIAS-150x150.png 150w, https:\/\/www2.unifap.br\/samaumatech\/files\/2024\/07\/CURSO-ROBOTICAS-NAS-FERIAS-768x774.png 768w\" sizes=\"(max-width: 801px) 100vw, 801px\" \/><\/p><\/div>\n\t\t\t\t<\/div>\n\t\t\t\t\t\t\t\t<\/div>\n\t\t\t\t\t\t<\/div>\n\t\t\t\t<\/div>\n\t\t\t\t<\/div>\n\t\t<div class=\"elementor-element elementor-element-b06fd64 e-con-full e-flex e-con e-child\" data-id=\"b06fd64\" data-element_type=\"container\" data-e-type=\"container\">\n\t\t\t\t<div class=\"elementor-element elementor-element-d9fef2a elementor-widget elementor-widget-accordion\" data-id=\"d9fef2a\" data-element_type=\"widget\" data-e-type=\"widget\" data-widget_type=\"accordion.default\">\n\t\t\t\t<div class=\"elementor-widget-container\">\n\t\t\t\t\t\t\t<div class=\"elementor-accordion\">\n\t\t\t\t\t\t\t<div class=\"elementor-accordion-item\">\n\t\t\t\t\t<div id=\"elementor-tab-title-2281\" class=\"elementor-tab-title\" data-tab=\"1\" role=\"button\" aria-controls=\"elementor-tab-content-2281\" aria-expanded=\"false\">\n\t\t\t\t\t\t\t\t\t\t\t\t\t<span class=\"elementor-accordion-icon elementor-accordion-icon-left\" aria-hidden=\"true\">\n\t\t\t\t\t\t\t\t\t\t\t\t\t\t\t<span class=\"elementor-accordion-icon-closed\"><i class=\"fas fa-plus\"><\/i><\/span>\n\t\t\t\t\t\t\t\t<span class=\"elementor-accordion-icon-opened\"><i class=\"fas fa-minus\"><\/i><\/span>\n\t\t\t\t\t\t\t\t\t\t\t\t\t\t<\/span>\n\t\t\t\t\t\t\t\t\t\t\t\t<a class=\"elementor-accordion-title\" tabindex=\"0\">CURSO DE FORMA\u00c7\u00c3O EM INOVA\u00c7\u00c3O E TECNOLOGIAS EDUCACIONAIS<\/a>\n\t\t\t\t\t<\/div>\n\t\t\t\t\t<div id=\"elementor-tab-content-2281\" class=\"elementor-tab-content elementor-clearfix\" data-tab=\"1\" role=\"region\" aria-labelledby=\"elementor-tab-title-2281\"><p><img decoding=\"async\" class=\"alignnone size-medium wp-image-841\" src=\"http:\/\/www2.unifap.br\/samaumatech\/files\/2024\/08\/WhatsApp-Image-2024-08-02-at-10.28.36-300x300.jpeg\" alt=\"\" width=\"300\" height=\"300\" srcset=\"https:\/\/www2.unifap.br\/samaumatech\/files\/2024\/08\/WhatsApp-Image-2024-08-02-at-10.28.36-300x300.jpeg 300w, https:\/\/www2.unifap.br\/samaumatech\/files\/2024\/08\/WhatsApp-Image-2024-08-02-at-10.28.36-1024x1022.jpeg 1024w, https:\/\/www2.unifap.br\/samaumatech\/files\/2024\/08\/WhatsApp-Image-2024-08-02-at-10.28.36-150x150.jpeg 150w, https:\/\/www2.unifap.br\/samaumatech\/files\/2024\/08\/WhatsApp-Image-2024-08-02-at-10.28.36-768x767.jpeg 768w, https:\/\/www2.unifap.br\/samaumatech\/files\/2024\/08\/WhatsApp-Image-2024-08-02-at-10.28.36.jpeg 1170w\" sizes=\"(max-width: 300px) 100vw, 300px\" \/><\/p><\/div>\n\t\t\t\t<\/div>\n\t\t\t\t\t\t\t\t<\/div>\n\t\t\t\t\t\t<\/div>\n\t\t\t\t<\/div>\n\t\t\t\t<\/div>\n\t\t<div class=\"elementor-element elementor-element-a32f2f5 e-con-full e-flex e-con e-child\" data-id=\"a32f2f5\" data-element_type=\"container\" data-e-type=\"container\">\n\t\t\t\t<div class=\"elementor-element elementor-element-10de982 elementor-widget elementor-widget-accordion\" data-id=\"10de982\" data-element_type=\"widget\" data-e-type=\"widget\" data-widget_type=\"accordion.default\">\n\t\t\t\t<div class=\"elementor-widget-container\">\n\t\t\t\t\t\t\t<div class=\"elementor-accordion\">\n\t\t\t\t\t\t\t<div class=\"elementor-accordion-item\">\n\t\t\t\t\t<div id=\"elementor-tab-title-1761\" class=\"elementor-tab-title\" data-tab=\"1\" role=\"button\" aria-controls=\"elementor-tab-content-1761\" aria-expanded=\"false\">\n\t\t\t\t\t\t\t\t\t\t\t\t\t<span class=\"elementor-accordion-icon elementor-accordion-icon-left\" aria-hidden=\"true\">\n\t\t\t\t\t\t\t\t\t\t\t\t\t\t\t<span class=\"elementor-accordion-icon-closed\"><i class=\"fas fa-plus\"><\/i><\/span>\n\t\t\t\t\t\t\t\t<span class=\"elementor-accordion-icon-opened\"><i class=\"fas fa-minus\"><\/i><\/span>\n\t\t\t\t\t\t\t\t\t\t\t\t\t\t<\/span>\n\t\t\t\t\t\t\t\t\t\t\t\t<a class=\"elementor-accordion-title\" tabindex=\"0\">OFICINA DE ROB\u00d3TICA SUSTENT\u00c1VEL<\/a>\n\t\t\t\t\t<\/div>\n\t\t\t\t\t<div id=\"elementor-tab-content-1761\" class=\"elementor-tab-content elementor-clearfix\" data-tab=\"1\" role=\"region\" aria-labelledby=\"elementor-tab-title-1761\"><p><img loading=\"lazy\" decoding=\"async\" class=\"aligncenter size-large wp-image-710\" src=\"http:\/\/www2.unifap.br\/samaumatech\/files\/2024\/05\/Oficina-de-Robotica-Sustentavel-1024x1024.jpeg\" alt=\"\" width=\"1024\" height=\"1024\" srcset=\"https:\/\/www2.unifap.br\/samaumatech\/files\/2024\/05\/Oficina-de-Robotica-Sustentavel-1024x1024.jpeg 1024w, https:\/\/www2.unifap.br\/samaumatech\/files\/2024\/05\/Oficina-de-Robotica-Sustentavel-300x300.jpeg 300w, https:\/\/www2.unifap.br\/samaumatech\/files\/2024\/05\/Oficina-de-Robotica-Sustentavel-150x150.jpeg 150w, https:\/\/www2.unifap.br\/samaumatech\/files\/2024\/05\/Oficina-de-Robotica-Sustentavel-768x768.jpeg 768w, https:\/\/www2.unifap.br\/samaumatech\/files\/2024\/05\/Oficina-de-Robotica-Sustentavel-1536x1536.jpeg 1536w, https:\/\/www2.unifap.br\/samaumatech\/files\/2024\/05\/Oficina-de-Robotica-Sustentavel.jpeg 1600w\" sizes=\"(max-width: 1024px) 100vw, 1024px\" \/><\/p><\/div>\n\t\t\t\t<\/div>\n\t\t\t\t\t\t\t\t<\/div>\n\t\t\t\t\t\t<\/div>\n\t\t\t\t<\/div>\n\t\t\t\t<\/div>\n\t\t<div class=\"elementor-element elementor-element-cedd599 e-con-full e-flex e-con e-child\" data-id=\"cedd599\" data-element_type=\"container\" data-e-type=\"container\">\n\t\t\t\t<div class=\"elementor-element elementor-element-686dc07 elementor-widget elementor-widget-accordion\" data-id=\"686dc07\" data-element_type=\"widget\" data-e-type=\"widget\" data-widget_type=\"accordion.default\">\n\t\t\t\t<div class=\"elementor-widget-container\">\n\t\t\t\t\t\t\t<div class=\"elementor-accordion\">\n\t\t\t\t\t\t\t<div class=\"elementor-accordion-item\">\n\t\t\t\t\t<div id=\"elementor-tab-title-1091\" class=\"elementor-tab-title\" data-tab=\"1\" role=\"button\" aria-controls=\"elementor-tab-content-1091\" aria-expanded=\"false\">\n\t\t\t\t\t\t\t\t\t\t\t\t\t<span class=\"elementor-accordion-icon elementor-accordion-icon-left\" aria-hidden=\"true\">\n\t\t\t\t\t\t\t\t\t\t\t\t\t\t\t<span class=\"elementor-accordion-icon-closed\"><i class=\"fas fa-plus\"><\/i><\/span>\n\t\t\t\t\t\t\t\t<span class=\"elementor-accordion-icon-opened\"><i class=\"fas fa-minus\"><\/i><\/span>\n\t\t\t\t\t\t\t\t\t\t\t\t\t\t<\/span>\n\t\t\t\t\t\t\t\t\t\t\t\t<a class=\"elementor-accordion-title\" tabindex=\"0\">INOVA-FAVELA ROB\u00d3TICA<\/a>\n\t\t\t\t\t<\/div>\n\t\t\t\t\t<div id=\"elementor-tab-content-1091\" class=\"elementor-tab-content elementor-clearfix\" data-tab=\"1\" role=\"region\" aria-labelledby=\"elementor-tab-title-1091\"><p><img loading=\"lazy\" decoding=\"async\" class=\"wp-image-527 aligncenter\" src=\"http:\/\/www2.unifap.br\/samaumatech\/files\/2024\/03\/WhatsApp-Image-2024-03-28-at-12.28.48-AM-248x300.jpeg\" alt=\"\" width=\"250\" height=\"302\" srcset=\"https:\/\/www2.unifap.br\/samaumatech\/files\/2024\/03\/WhatsApp-Image-2024-03-28-at-12.28.48-AM-248x300.jpeg 248w, https:\/\/www2.unifap.br\/samaumatech\/files\/2024\/03\/WhatsApp-Image-2024-03-28-at-12.28.48-AM-845x1024.jpeg 845w, https:\/\/www2.unifap.br\/samaumatech\/files\/2024\/03\/WhatsApp-Image-2024-03-28-at-12.28.48-AM-768x931.jpeg 768w, https:\/\/www2.unifap.br\/samaumatech\/files\/2024\/03\/WhatsApp-Image-2024-03-28-at-12.28.48-AM.jpeg 1080w\" sizes=\"(max-width: 250px) 100vw, 250px\" \/><\/p><\/div>\n\t\t\t\t<\/div>\n\t\t\t\t\t\t\t\t<\/div>\n\t\t\t\t\t\t<\/div>\n\t\t\t\t<\/div>\n\t\t\t\t<\/div>\n\t\t<div class=\"elementor-element elementor-element-22f3827 e-con-full e-flex e-con e-child\" data-id=\"22f3827\" data-element_type=\"container\" data-e-type=\"container\">\n\t\t\t\t<div class=\"elementor-element elementor-element-05181e8 elementor-widget elementor-widget-accordion\" data-id=\"05181e8\" data-element_type=\"widget\" data-e-type=\"widget\" data-widget_type=\"accordion.default\">\n\t\t\t\t<div class=\"elementor-widget-container\">\n\t\t\t\t\t\t\t<div class=\"elementor-accordion\">\n\t\t\t\t\t\t\t<div class=\"elementor-accordion-item\">\n\t\t\t\t\t<div id=\"elementor-tab-title-5341\" class=\"elementor-tab-title\" data-tab=\"1\" role=\"button\" aria-controls=\"elementor-tab-content-5341\" aria-expanded=\"false\">\n\t\t\t\t\t\t\t\t\t\t\t\t\t<span class=\"elementor-accordion-icon elementor-accordion-icon-left\" aria-hidden=\"true\">\n\t\t\t\t\t\t\t\t\t\t\t\t\t\t\t<span class=\"elementor-accordion-icon-closed\"><i class=\"fas fa-plus\"><\/i><\/span>\n\t\t\t\t\t\t\t\t<span class=\"elementor-accordion-icon-opened\"><i class=\"fas fa-minus\"><\/i><\/span>\n\t\t\t\t\t\t\t\t\t\t\t\t\t\t<\/span>\n\t\t\t\t\t\t\t\t\t\t\t\t<a class=\"elementor-accordion-title\" tabindex=\"0\">CURSO DE MODELAGEM E IMPRESS\u00c3O 3D<\/a>\n\t\t\t\t\t<\/div>\n\t\t\t\t\t<div id=\"elementor-tab-content-5341\" class=\"elementor-tab-content elementor-clearfix\" data-tab=\"1\" role=\"region\" aria-labelledby=\"elementor-tab-title-5341\"><p><img loading=\"lazy\" decoding=\"async\" class=\"alignnone size-medium wp-image-817\" src=\"http:\/\/www2.unifap.br\/samaumatech\/files\/2024\/08\/Curso-de-Modelagem-e-Impressao-3D_-300x300.png\" alt=\"\" width=\"300\" height=\"300\" srcset=\"https:\/\/www2.unifap.br\/samaumatech\/files\/2024\/08\/Curso-de-Modelagem-e-Impressao-3D_-300x300.png 300w, https:\/\/www2.unifap.br\/samaumatech\/files\/2024\/08\/Curso-de-Modelagem-e-Impressao-3D_-1024x1024.png 1024w, https:\/\/www2.unifap.br\/samaumatech\/files\/2024\/08\/Curso-de-Modelagem-e-Impressao-3D_-150x150.png 150w, https:\/\/www2.unifap.br\/samaumatech\/files\/2024\/08\/Curso-de-Modelagem-e-Impressao-3D_-768x768.png 768w, https:\/\/www2.unifap.br\/samaumatech\/files\/2024\/08\/Curso-de-Modelagem-e-Impressao-3D_-1536x1536.png 1536w, https:\/\/www2.unifap.br\/samaumatech\/files\/2024\/08\/Curso-de-Modelagem-e-Impressao-3D_-2048x2048.png 2048w\" sizes=\"(max-width: 300px) 100vw, 300px\" \/><\/p><\/div>\n\t\t\t\t<\/div>\n\t\t\t\t\t\t\t\t<\/div>\n\t\t\t\t\t\t<\/div>\n\t\t\t\t<\/div>\n\t\t\t\t<\/div>\n\t\t<div class=\"elementor-element elementor-element-f0ccb0e e-con-full e-flex e-con e-child\" data-id=\"f0ccb0e\" data-element_type=\"container\" data-e-type=\"container\">\n\t\t\t\t<div class=\"elementor-element elementor-element-38bba20 elementor-widget elementor-widget-accordion\" data-id=\"38bba20\" data-element_type=\"widget\" data-e-type=\"widget\" data-widget_type=\"accordion.default\">\n\t\t\t\t<div class=\"elementor-widget-container\">\n\t\t\t\t\t\t\t<div class=\"elementor-accordion\">\n\t\t\t\t\t\t\t<div class=\"elementor-accordion-item\">\n\t\t\t\t\t<div id=\"elementor-tab-title-5941\" class=\"elementor-tab-title\" data-tab=\"1\" role=\"button\" aria-controls=\"elementor-tab-content-5941\" aria-expanded=\"false\">\n\t\t\t\t\t\t\t\t\t\t\t\t\t<span class=\"elementor-accordion-icon elementor-accordion-icon-left\" aria-hidden=\"true\">\n\t\t\t\t\t\t\t\t\t\t\t\t\t\t\t<span class=\"elementor-accordion-icon-closed\"><i class=\"fas fa-plus\"><\/i><\/span>\n\t\t\t\t\t\t\t\t<span class=\"elementor-accordion-icon-opened\"><i class=\"fas fa-minus\"><\/i><\/span>\n\t\t\t\t\t\t\t\t\t\t\t\t\t\t<\/span>\n\t\t\t\t\t\t\t\t\t\t\t\t<a class=\"elementor-accordion-title\" tabindex=\"0\">CURSO HUB 4.0<\/a>\n\t\t\t\t\t<\/div>\n\t\t\t\t\t<div id=\"elementor-tab-content-5941\" class=\"elementor-tab-content elementor-clearfix\" data-tab=\"1\" role=\"region\" aria-labelledby=\"elementor-tab-title-5941\"><p><img loading=\"lazy\" decoding=\"async\" class=\"alignnone size-medium wp-image-422\" src=\"http:\/\/www2.unifap.br\/samaumatech\/files\/2024\/03\/Monitor-Robotica-1-300x300.jpg\" alt=\"\" width=\"300\" height=\"300\" srcset=\"https:\/\/www2.unifap.br\/samaumatech\/files\/2024\/03\/Monitor-Robotica-1-300x300.jpg 300w, https:\/\/www2.unifap.br\/samaumatech\/files\/2024\/03\/Monitor-Robotica-1-1024x1024.jpg 1024w, https:\/\/www2.unifap.br\/samaumatech\/files\/2024\/03\/Monitor-Robotica-1-150x150.jpg 150w, https:\/\/www2.unifap.br\/samaumatech\/files\/2024\/03\/Monitor-Robotica-1-768x768.jpg 768w, https:\/\/www2.unifap.br\/samaumatech\/files\/2024\/03\/Monitor-Robotica-1.jpg 1080w\" sizes=\"(max-width: 300px) 100vw, 300px\" \/><\/p><\/div>\n\t\t\t\t<\/div>\n\t\t\t\t\t\t\t\t<\/div>\n\t\t\t\t\t\t<\/div>\n\t\t\t\t<\/div>\n\t\t\t\t<\/div>\n\t\t\t\t\t<\/div>\n\t\t\t\t<\/div>\n\t\t\t\t<\/div>\n\t\t","protected":false},"excerpt":{"rendered":"<p>\/*! elementor &#8211; v3.21.0 &#8211; 26-05-2024 *\/ .elementor-widget-image{text-align:center}.elementor-widget-image a{display:inline-block}.elementor-widget-image a img[src$=&#8221;.svg&#8221;]{width:48px}.elementor-widget-image img{vertical-align:middle;display:inline-block} \/*! elementor &#8211; v3.21.0 &#8211; 26-05-2024 *\/ .elementor-heading-title{padding:0;margin:0;line-height:1}.elementor-widget-heading .elementor-heading-title[class*=elementor-size-]&gt;a{color:inherit;font-size:inherit;line-height:inherit}.elementor-widget-heading .elementor-heading-title.elementor-size-small{font-size:15px}.elementor-widget-heading .elementor-heading-title.elementor-size-medium{font-size:19px}.elementor-widget-heading .elementor-heading-title.elementor-size-large{font-size:29px}.elementor-widget-heading .elementor-heading-title.elementor-size-xl{font-size:39px}.elementor-widget-heading .elementor-heading-title.elementor-size-xxl{font-size:59px} Conhe\u00e7a nossos cursos \/*! elementor &#8211; v3.21.0 &#8211; 26-05-2024 *\/ .elementor-accordion{text-align:start}.elementor-accordion .elementor-accordion-item{border:1px solid #d5d8dc}.elementor-accordion .elementor-accordion-item+.elementor-accordion-item{border-top:none}.elementor-accordion .elementor-tab-title{margin:0;padding:15px 20px;font-weight:700;line-height:1;cursor:pointer;outline:none}.elementor-accordion .elementor-tab-title .elementor-accordion-icon{display:inline-block;width:1.5em}.elementor-accordion .elementor-tab-title .elementor-accordion-icon svg{width:1em;height:1em}.elementor-accordion .elementor-tab-title .elementor-accordion-icon.elementor-accordion-icon-right{float:right;text-align:right}.elementor-accordion .elementor-tab-title .elementor-accordion-icon.elementor-accordion-icon-left{float:left;text-align:left}.elementor-accordion .elementor-tab-title .elementor-accordion-icon .elementor-accordion-icon-closed{display:block}.elementor-accordion&#8230;<\/p>\n","protected":false},"author":3860,"featured_media":0,"parent":0,"menu_order":0,"comment_status":"closed","ping_status":"closed","template":"","meta":{"inline_featured_image":false,"pagelayer_contact_templates":[],"_pagelayer_content":"","ngg_post_thumbnail":0,"footnotes":""},"class_list":["post-88","page","type-page","status-publish","hentry"],"_links":{"self":[{"href":"https:\/\/www2.unifap.br\/samaumatech\/wp-json\/wp\/v2\/pages\/88","targetHints":{"allow":["GET"]}}],"collection":[{"href":"https:\/\/www2.unifap.br\/samaumatech\/wp-json\/wp\/v2\/pages"}],"about":[{"href":"https:\/\/www2.unifap.br\/samaumatech\/wp-json\/wp\/v2\/types\/page"}],"author":[{"embeddable":true,"href":"https:\/\/www2.unifap.br\/samaumatech\/wp-json\/wp\/v2\/users\/3860"}],"replies":[{"embeddable":true,"href":"https:\/\/www2.unifap.br\/samaumatech\/wp-json\/wp\/v2\/comments?post=88"}],"version-history":[{"count":76,"href":"https:\/\/www2.unifap.br\/samaumatech\/wp-json\/wp\/v2\/pages\/88\/revisions"}],"predecessor-version":[{"id":874,"href":"https:\/\/www2.unifap.br\/samaumatech\/wp-json\/wp\/v2\/pages\/88\/revisions\/874"}],"wp:attachment":[{"href":"https:\/\/www2.unifap.br\/samaumatech\/wp-json\/wp\/v2\/media?parent=88"}],"curies":[{"name":"wp","href":"https:\/\/api.w.org\/{rel}","templated":true}]}}