{"id":1121,"date":"2020-02-18T19:56:12","date_gmt":"2020-02-18T19:56:12","guid":{"rendered":"http:\/\/www2.unifap.br\/santana\/?page_id=1121"},"modified":"2023-08-03T12:20:49","modified_gmt":"2023-08-03T12:20:49","slug":"producao-de-textos-academicos","status":"publish","type":"page","link":"https:\/\/www2.unifap.br\/santana\/?page_id=1121","title":{"rendered":"Produ\u00e7\u00e3o de Textos Acad\u00eamicos"},"content":{"rendered":"<p><a href=\"http:\/\/www2.unifap.br\/santana\/files\/2020\/02\/CITA\u00c7\u00c3O-ACAD\u00caMICA.pdf\">CITA\u00c7\u00c3O ACAD\u00caMICA<\/a><\/p>\n<p><a href=\"http:\/\/www2.unifap.br\/santana\/files\/2020\/02\/ESTRUTURA-ACAD\u00caMICA.pdf\">ESTRUTURA ACAD\u00caMICA<\/a><\/p>\n<p><a href=\"http:\/\/www2.unifap.br\/santana\/files\/2020\/02\/REFER\u00caNCIAS-ACAD\u00caMICAS.pdf\">REFER\u00caNCIAS ACAD\u00caMICAS<\/a><\/p>\n","protected":false},"excerpt":{"rendered":"<p>CITA\u00c7\u00c3O ACAD\u00caMICA ESTRUTURA ACAD\u00caMICA REFER\u00caNCIAS ACAD\u00caMICAS<\/p>\n","protected":false},"author":3828,"featured_media":0,"parent":357,"menu_order":4,"comment_status":"closed","ping_status":"closed","template":"","meta":{"inline_featured_image":false,"ngg_post_thumbnail":0,"footnotes":""},"class_list":["post-1121","page","type-page","status-publish","hentry"],"_links":{"self":[{"href":"https:\/\/www2.unifap.br\/santana\/index.php?rest_route=\/wp\/v2\/pages\/1121","targetHints":{"allow":["GET"]}}],"collection":[{"href":"https:\/\/www2.unifap.br\/santana\/index.php?rest_route=\/wp\/v2\/pages"}],"about":[{"href":"https:\/\/www2.unifap.br\/santana\/index.php?rest_route=\/wp\/v2\/types\/page"}],"author":[{"embeddable":true,"href":"https:\/\/www2.unifap.br\/santana\/index.php?rest_route=\/wp\/v2\/users\/3828"}],"replies":[{"embeddable":true,"href":"https:\/\/www2.unifap.br\/santana\/index.php?rest_route=%2Fwp%2Fv2%2Fcomments&post=1121"}],"version-history":[{"count":1,"href":"https:\/\/www2.unifap.br\/santana\/index.php?rest_route=\/wp\/v2\/pages\/1121\/revisions"}],"predecessor-version":[{"id":1125,"href":"https:\/\/www2.unifap.br\/santana\/index.php?rest_route=\/wp\/v2\/pages\/1121\/revisions\/1125"}],"up":[{"embeddable":true,"href":"https:\/\/www2.unifap.br\/santana\/index.php?rest_route=\/wp\/v2\/pages\/357"}],"wp:attachment":[{"href":"https:\/\/www2.unifap.br\/santana\/index.php?rest_route=%2Fwp%2Fv2%2Fmedia&parent=1121"}],"curies":[{"name":"wp","href":"https:\/\/api.w.org\/{rel}","templated":true}]}}