{"id":1224,"date":"2020-05-13T22:24:27","date_gmt":"2020-05-13T22:24:27","guid":{"rendered":"http:\/\/www2.unifap.br\/santana\/?page_id=1224"},"modified":"2024-04-20T13:25:39","modified_gmt":"2024-04-20T13:25:39","slug":"bolsa-monitoria","status":"publish","type":"page","link":"https:\/\/www2.unifap.br\/santana\/?page_id=1224","title":{"rendered":"Bolsa Monitoria"},"content":{"rendered":"<p>Resultado Definitivo Cota de Bolsa Monitoria 2024: <span style=\"color: #0000ff\"><a style=\"color: #0000ff\" href=\"http:\/\/www2.unifap.br\/santana\/files\/2024\/04\/Bolsa-Monitoria_Resultado-Definitivo_2024.pdf\">Bolsa Monitoria_Resultado Definitivo_2024<\/a><\/span> (20\/04\/2024)<\/p>\n<p>Retifica\u00e7\u00e3o Resultao Provis\u00f3rio do Programa de Cota de Monitoria: <span style=\"color: #0000ff\"><a style=\"color: #0000ff\" href=\"http:\/\/www2.unifap.br\/santana\/files\/2024\/04\/Bolsa-Monitoria_Resultado-Provisorio_Edital-01_2024.pdf\">Bolsa Monitoria_Resultado Provis\u00f3rio_Edital 01_2024<\/a><\/span> (18\/042024)<\/p>\n<p>Resultao Provis\u00f3rio do Programa de Cota de Monitoria: <span style=\"color: #0000ff\"><a style=\"color: #0000ff\" href=\"http:\/\/www2.unifap.br\/santana\/files\/2024\/04\/Bolsa-Monitoria_Resultado-Provisorio_2024.pdf\">Bolsa Monitoria_Resultado Provis\u00f3rio_2024<\/a><\/span> (17\/04\/2024)<\/p>\n<p>Resultado Definitivo Bolsa Monitoria 2024: <span style=\"color: #0000ff\"><a style=\"color: #0000ff\" href=\"http:\/\/www2.unifap.br\/santana\/files\/2024\/04\/INSCRICOES-HOMOLOGADAS.pdf\">INSCRI\u00c7\u00d5ES HOMOLOGADAS<\/a><\/span> (10\/04\/2024)<\/p>\n<p>Resultado preliminar Bolsa Monitoria 2024: <span style=\"color: #0000ff\"><a style=\"color: #0000ff\" href=\"http:\/\/www2.unifap.br\/santana\/files\/2024\/04\/Lista-Provisoria-das-inscricoes.pdf\">Lista Provis\u00f3ria das inscri\u00e7\u00f5es<\/a><\/span> (08\/04\/2024)<\/p>\n<p>Retifica\u00e7\u00e3o Bolsa Monitoria 2024: <a href=\"http:\/\/www2.unifap.br\/santana\/files\/2024\/03\/Edital-01_2024-2a-retificacao-1.pdf\"><span style=\"color: #0000ff\">Edital 01_2024 &#8211; 2\u00aa retifica\u00e7\u00e3o-1<\/span><\/a> (01\/04\/2024)<\/p>\n<p>Retifica\u00e7\u00e3o Bolsa Monitoria 2024: <span style=\"color: #0000ff\"><a style=\"color: #0000ff\" href=\"http:\/\/www2.unifap.br\/santana\/files\/2024\/03\/Edital-01_2024-1a-retificacao.pdf\">Edital 01_2024 &#8211; 1\u00aa retifica\u00e7\u00e3o<\/a> <\/span>(27\/03\/2024)<\/p>\n<p>Bolsa Monitoria 2024: <span style=\"color: #0000ff\"><a style=\"color: #0000ff\" href=\"http:\/\/www2.unifap.br\/santana\/files\/2024\/03\/Edital-01_2024.pdf\">Edital 01_2024<\/a><\/span><\/p>\n<p><span style=\"color: #0000ff\"><a style=\"color: #0000ff\" href=\"http:\/\/www2.unifap.br\/santana\/files\/2023\/06\/Bolsa-Monitoria_Resultado-final.pdf\">Bolsa Monitoria_Resultado final<\/a><\/span> (25\/06\/2023)<\/p>\n<p><a href=\"http:\/\/www2.unifap.br\/santana\/files\/2023\/06\/Bolsa-Monitoria_Resultado-Provisorio.pdf\"><span style=\"color: #0000ff\">Bolsa Monitoria_Resultado Provis\u00f3rio<\/span><\/a> (22\/06\/2023)<\/p>\n<p><span style=\"color: #0000ff\"><a style=\"color: #0000ff\" href=\"http:\/\/www2.unifap.br\/santana\/files\/2023\/06\/Incricoes-homologadss_Monitoria_Edital-01_2023.pdf\">Incri\u00e7\u00f5es homologadss_Monitoria_Edital 01_2023<\/a><\/span><\/p>\n<p><span style=\"color: #0000ff\"><a style=\"color: #0000ff\" href=\"http:\/\/www2.unifap.br\/santana\/files\/2023\/06\/Incricoes-realizadas_Monitoria_Edital-01_2023.pdf\">Incri\u00e7\u00f5es realizadas_Monitoria_Edital 01_2023<\/a><\/span><\/p>\n<p><span style=\"color: #0000ff\"><a style=\"color: #0000ff\" href=\"http:\/\/www2.unifap.br\/santana\/files\/2023\/06\/Edital-01-Bolsa-Monitoria-2023.pdf\">Edital-01-Bolsa-Monitoria-2023<\/a><\/span><\/p>\n<p><span style=\"color: #3366ff\"><a style=\"color: #3366ff\" href=\"http:\/\/www2.unifap.br\/santana\/files\/2021\/12\/RESULTADO-BOLSA-MONITORIA-EDITAL-06_2021.pdf\">RESULTADO BOLSA MONITORIA EDITAL 06_2021<\/a><\/span><\/p>\n<p><span style=\"color: #3366ff\"><a style=\"color: #3366ff\" href=\"http:\/\/www2.unifap.br\/santana\/files\/2021\/12\/HOMOLOGA\u00c7\u00c3O-INSCRITOS-COM-RECURSO-BOLSA-MONITORIA-EDITAL-06_2021.pdf\">HOMOLOGA\u00c7\u00c3O INSCRITOS COM RECURSO BOLSA MONITORIA EDITAL 06_2021<\/a><\/span><\/p>\n<p><span style=\"color: #3366ff\"><a style=\"color: #3366ff\" href=\"http:\/\/www2.unifap.br\/santana\/files\/2021\/12\/INSCRITOS-BOLSA-MONITORIA-EDITAL-06_2021.pdf\">INSCRITOS BOLSA MONITORIA EDITAL 06_2021<\/a><\/span><\/p>\n<p><span style=\"color: #3366ff\"><a style=\"color: #3366ff\" href=\"http:\/\/www2.unifap.br\/santana\/files\/2021\/12\/Edital-06-.-Bolsa-Monitoria-2021_2022.pdf\">Edital-06-.-Bolsa-Monitoria-2021_2022<\/a><\/span><\/p>\n<p><span style=\"color: #3366ff\"><a style=\"color: #3366ff\" href=\"http:\/\/www2.unifap.br\/santana\/files\/2021\/08\/RESULTADO-BOLSA-MONITORIA-2021-2.pdf\">RESULTADO BOLSA MONITORIA 2021 2<\/a><\/span><\/p>\n<p><span style=\"color: #3366ff\"><a style=\"color: #3366ff\" href=\"http:\/\/www2.unifap.br\/santana\/files\/2021\/08\/Retifica\u00e7\u00e3o-Edital-02-2021-Bolsa-Monitoria.pdf\">Retifica\u00e7\u00e3o Edital 02-2021-Bolsa Monitoria<\/a><\/span><\/p>\n<p><span style=\"color: #3366ff\"><a style=\"color: #3366ff\" href=\"http:\/\/www2.unifap.br\/santana\/files\/2021\/08\/Edital-02-.-Bolsa-Monitoria-2021.pdf\">Edital 02 . Bolsa Monitoria 2021<\/a><\/span><\/p>\n<p><span style=\"color: #3366ff\"><a style=\"color: #3366ff\" href=\"http:\/\/www2.unifap.br\/santana\/files\/2021\/04\/RETIFICA\u00c7\u00c3O-BOLSA-MONITORIA-2021.pdf\">RETIFICA\u00c7\u00c3O BOLSA MONITORIA 2021<\/a><\/span><\/p>\n<p><span style=\"color: #3366ff\"><a style=\"color: #3366ff\" href=\"http:\/\/www2.unifap.br\/santana\/files\/2021\/04\/Edital-01-.-Bolsa-Monitoria-2021.pdf\">Edital 01 . Bolsa Monitoria 2021<\/a><\/span><\/p>\n<p><a href=\"http:\/\/www2.unifap.br\/santana\/files\/2020\/03\/EDITAL-N\u00ba01-2020-CSTN-BOLSA-MONITORIA-ULTIMO.pdf\">EDITAL N\u00ba01-2020 CSTN &#8211; BOLSA MONITORIA ULTIMO<\/a><\/p>\n<p><a href=\"http:\/\/www2.unifap.br\/santana\/files\/2019\/06\/RESULTADO-FINAL-PARA-O-PROGRAMA-BOLSA-MONITORIA-2019-EDITAL-02-2019.pdf\">RESULTADO FINAL PARA O PROGRAMA BOLSA MONITORIA 2019 &#8211; EDITAL 02-2019<\/a><\/p>\n<p><a href=\"http:\/\/www2.unifap.br\/santana\/files\/2019\/06\/RESULTADO-PROVIS\u00d3RIO-PARA-O-PROGRAMA-BOLSA-MONITORIA-2019-EDITAL-02-2019.pdf\">RESULTADO PROVIS\u00d3RIO PARA O PROGRAMA BOLSA MONITORIA 2019 &#8211; EDITAL 02-2019<\/a><\/p>\n<p><a href=\"http:\/\/www2.unifap.br\/santana\/files\/2019\/06\/EDITAL-DE-RETIFICA\u00c7\u00c3O-N\u00ba-01-2019-CSTN-UNIFAP-BOLSA-MONITORIA.pdf\">EDITAL DE RETIFICA\u00c7\u00c3O N\u00ba 01-2019 &#8211; CSTN-UNIFAP &#8211; BOLSA MONITORIA<\/a><\/p>\n<p><a href=\"http:\/\/www2.unifap.br\/santana\/files\/2019\/06\/TEMA-SORTEADO-BOLSAS-01-E-02-EDITAL-02-2019.pdf\">TEMA SORTEADO, HOR\u00c1RIO, LOCAL DE PROVA E BANCA EXAMINADORA<\/a><\/p>\n<p><a href=\"http:\/\/www2.unifap.br\/santana\/files\/2019\/06\/INSCRITOS-PARA-O-PROGRAMA-BOLSA-MONITORIA.pdf\">INSCRITOS PARA O PROGRAMA BOLSA MONITORIA<\/a><\/p>\n<p>&nbsp;<\/p>\n","protected":false},"excerpt":{"rendered":"<p>Resultado Definitivo Cota de Bolsa Monitoria 2024: Bolsa Monitoria_Resultado Definitivo_2024 (20\/04\/2024) Retifica\u00e7\u00e3o Resultao Provis\u00f3rio do Programa de Cota de Monitoria: Bolsa Monitoria_Resultado Provis\u00f3rio_Edital 01_2024 (18\/042024) Resultao Provis\u00f3rio do Programa de Cota de Monitoria: Bolsa Monitoria_Resultado Provis\u00f3rio_2024 (17\/04\/2024) Resultado Definitivo Bolsa Monitoria 2024: INSCRI\u00c7\u00d5ES HOMOLOGADAS (10\/04\/2024) Resultado preliminar Bolsa Monitoria 2024: \u2026 <a class=\"continue-reading-link\" href=\"https:\/\/www2.unifap.br\/santana\/?page_id=1224\"> Continue Lendo <span class=\"meta-nav\">&rarr; <\/span><\/a><\/p>\n","protected":false},"author":3828,"featured_media":0,"parent":23,"menu_order":0,"comment_status":"closed","ping_status":"closed","template":"","meta":{"inline_featured_image":false,"ngg_post_thumbnail":0,"footnotes":""},"class_list":["post-1224","page","type-page","status-publish","hentry"],"_links":{"self":[{"href":"https:\/\/www2.unifap.br\/santana\/index.php?rest_route=\/wp\/v2\/pages\/1224","targetHints":{"allow":["GET"]}}],"collection":[{"href":"https:\/\/www2.unifap.br\/santana\/index.php?rest_route=\/wp\/v2\/pages"}],"about":[{"href":"https:\/\/www2.unifap.br\/santana\/index.php?rest_route=\/wp\/v2\/types\/page"}],"author":[{"embeddable":true,"href":"https:\/\/www2.unifap.br\/santana\/index.php?rest_route=\/wp\/v2\/users\/3828"}],"replies":[{"embeddable":true,"href":"https:\/\/www2.unifap.br\/santana\/index.php?rest_route=%2Fwp%2Fv2%2Fcomments&post=1224"}],"version-history":[{"count":32,"href":"https:\/\/www2.unifap.br\/santana\/index.php?rest_route=\/wp\/v2\/pages\/1224\/revisions"}],"predecessor-version":[{"id":1757,"href":"https:\/\/www2.unifap.br\/santana\/index.php?rest_route=\/wp\/v2\/pages\/1224\/revisions\/1757"}],"up":[{"embeddable":true,"href":"https:\/\/www2.unifap.br\/santana\/index.php?rest_route=\/wp\/v2\/pages\/23"}],"wp:attachment":[{"href":"https:\/\/www2.unifap.br\/santana\/index.php?rest_route=%2Fwp%2Fv2%2Fmedia&parent=1224"}],"curies":[{"name":"wp","href":"https:\/\/api.w.org\/{rel}","templated":true}]}}