{"id":1571,"date":"2023-04-26T20:24:37","date_gmt":"2023-04-26T20:24:37","guid":{"rendered":"https:\/\/www2.unifap.br\/santana\/?page_id=1571"},"modified":"2025-11-22T12:47:40","modified_gmt":"2025-11-22T12:47:40","slug":"programa-de-gestao","status":"publish","type":"page","link":"https:\/\/www2.unifap.br\/santana\/?page_id=1571","title":{"rendered":"PGD"},"content":{"rendered":"<blockquote>\n<p style=\"text-align: center\"><strong>PROGRAMA DE GEST\u00c3O E DESEMPENHO<\/strong><\/p>\n<\/blockquote>\n<p>O Programa de Gest\u00e3o e Desempenho &#8211; PGD, autorizado pelo Minist\u00e9rio da Educa\u00e7\u00e3o (MEC) por meio da Portaria n\u00ba 267\/2021, e regulamentado pelo Decreto n\u00ba 11.072\/2022 e Instru\u00e7\u00e3o Normativa Conjunta SEGES-SGPRT n\u00ba24\/2023, \u00e9 um instrumento fundamental para o desenvolvimento e a mensura\u00e7\u00e3o de atividades, focando na entrega de resultados \u00e0 sociedade e na melhoria cont\u00ednua da qualidade dos servi\u00e7os prestados. A institui\u00e7\u00e3o atua de maneira estrat\u00e9gica, planejando e monitorando as atividades produzidas, por meio de planos de trabalho (integral ou parcial) ou de trabalho presencial, tendo seus resultados geridos pelo Programa e aumentando assim a transpar\u00eancia das atividades desempenhadas. Para mais informa\u00e7\u00f5es acesse a p\u00e1gina oficial do Programa:<em> <span style=\"color: #333399\"><a style=\"color: #333399\" href=\"https:\/\/www2.unifap.br\/pgd\/\">https:\/\/www2.unifap.br\/pgd\/<\/a><\/span><\/em><\/p>\n<p>O Campus Santana &#8211; CAMPSTN &#8211; aderiu ao Programa atrav\u00e9s do Processo <strong><em><span style=\"color: #000000\">n\u00ba <span id=\"listaProcessosForm:listagem_mov_processos:4:numeroFormatadoProcesso\">23125.017854\/2025-81<\/span><\/span><\/em><\/strong><\/p>\n<p><strong>Portaria N. 1540\/2025- UNIFAP<\/strong> &#8211; Formaliza a ades\u00e3o do(a) CAMPUS SANTANA &#8211; CAMPSTN, ao Programa de Gest\u00e3o e Desempenho &#8211; PGD\/UNIFAP, conforme especificado no quadro anexo, em conformidade com o Decreto n\u00ba. 11.072, de 17 de maio de 2022, a Instru\u00e7\u00e3o Normativa Conjunta SEGES-SGPRT\/MGI n\u00ba. 24, de 28 de julho de 2023, a Instru\u00e7\u00e3o Normativa Conjunta SGP-SRT-SEGES\/MGI n\u00ba. 52, de 21 de dezembro de 2023, e a Portaria n\u00ba. 1824\/2024-UNIFAP, de 27\/11\/2024:&nbsp;<span style=\"color: #333399\"><em><a style=\"color: #333399\" href=\"http:\/\/www2.unifap.br\/santana\/files\/2025\/11\/portaria_-_2025-09-02T140259.192.pdf\">Portaria_1540\/2025-UNIFAP<\/a><\/em><\/span><\/p>\n","protected":false},"excerpt":{"rendered":"<p>PROGRAMA DE GEST\u00c3O E DESEMPENHO O Programa de Gest\u00e3o e Desempenho &#8211; PGD, autorizado pelo Minist\u00e9rio da Educa\u00e7\u00e3o (MEC) por meio da Portaria n\u00ba 267\/2021, e regulamentado pelo Decreto n\u00ba 11.072\/2022 e Instru\u00e7\u00e3o Normativa Conjunta SEGES-SGPRT n\u00ba24\/2023, \u00e9 um instrumento fundamental para o desenvolvimento e a mensura\u00e7\u00e3o de atividades, focando \u2026 <a class=\"continue-reading-link\" href=\"https:\/\/www2.unifap.br\/santana\/?page_id=1571\"> Continue Lendo <span class=\"meta-nav\">&rarr; <\/span><\/a><\/p>\n","protected":false},"author":3828,"featured_media":0,"parent":0,"menu_order":0,"comment_status":"closed","ping_status":"closed","template":"","meta":{"inline_featured_image":false,"ngg_post_thumbnail":0,"footnotes":""},"class_list":["post-1571","page","type-page","status-publish","hentry"],"_links":{"self":[{"href":"https:\/\/www2.unifap.br\/santana\/index.php?rest_route=\/wp\/v2\/pages\/1571","targetHints":{"allow":["GET"]}}],"collection":[{"href":"https:\/\/www2.unifap.br\/santana\/index.php?rest_route=\/wp\/v2\/pages"}],"about":[{"href":"https:\/\/www2.unifap.br\/santana\/index.php?rest_route=\/wp\/v2\/types\/page"}],"author":[{"embeddable":true,"href":"https:\/\/www2.unifap.br\/santana\/index.php?rest_route=\/wp\/v2\/users\/3828"}],"replies":[{"embeddable":true,"href":"https:\/\/www2.unifap.br\/santana\/index.php?rest_route=%2Fwp%2Fv2%2Fcomments&post=1571"}],"version-history":[{"count":33,"href":"https:\/\/www2.unifap.br\/santana\/index.php?rest_route=\/wp\/v2\/pages\/1571\/revisions"}],"predecessor-version":[{"id":1842,"href":"https:\/\/www2.unifap.br\/santana\/index.php?rest_route=\/wp\/v2\/pages\/1571\/revisions\/1842"}],"wp:attachment":[{"href":"https:\/\/www2.unifap.br\/santana\/index.php?rest_route=%2Fwp%2Fv2%2Fmedia&parent=1571"}],"curies":[{"name":"wp","href":"https:\/\/api.w.org\/{rel}","templated":true}]}}