{"id":179,"date":"2018-09-27T16:44:57","date_gmt":"2018-09-27T16:44:57","guid":{"rendered":"http:\/\/www2.unifap.br\/santana\/?page_id=179"},"modified":"2023-08-03T12:20:24","modified_gmt":"2023-08-03T12:20:24","slug":"historico","status":"publish","type":"page","link":"https:\/\/www2.unifap.br\/santana\/?page_id=179","title":{"rendered":"Apresenta\u00e7\u00e3o\/infraestrutura"},"content":{"rendered":"<p><strong>Apresenta\u00e7\u00e3o e Infraestrutura do Campus Universit\u00e1rio de Santana -CSTN<\/strong><\/p>\n<p class=\"western\" align=\"justify\"><span style=\"font-family: Times New Roman, serif\"><span style=\"font-size: medium\">O Campus Santana pertence \u00e0 Funda\u00e7\u00e3o Universidade Federal do Amap\u00e1, a UNIFAP, CNPJ \u00e9 34.868.257\/0001-81, com a sede (Campus Marco Zero do Equador) localizada na Rodovia Juscelino Kubitschek, s\/n, KM-02, na cidade de Macap\u00e1. A Institui\u00e7\u00e3o de Ensino Superior iniciou seus trabalhos por meio do Decreto n. 98.977, de 02 de mar\u00e7o de 1990, publicado no DOU n. 43, de 5 de mar\u00e7o de 1990, tendo seu estatuto aprovado pela Portaria Ministerial n. 868\/90, de acordo com o Parecer n. 649\/90-SESU, aprovado em 09 de agosto de 1990 e publicado no Documento MRC n. 35, tornando-a uma IES mantida pela Uni\u00e3o. <\/span><\/span><\/p>\n<p class=\"western\" align=\"justify\"><span style=\"font-family: Times New Roman, serif\"><span style=\"font-size: medium\">Com uma vis\u00e3o norteada pela constru\u00e7\u00e3o do conhecimento, visando ao progresso regional, a UNIFAP tem como miss\u00e3o \u201cpromover, de forma indissoci\u00e1vel, a\u00e7\u00f5es de ensino, pesquisa e extens\u00e3o, contribuindo para a forma\u00e7\u00e3o de cidad\u00e3os e para o desenvolvimento social, econ\u00f4mico, ambiental, tecnol\u00f3gico e cultural da regi\u00e3o amaz\u00f4nica.\u201d Assim, atua com \u00e9tica e responsabilidade, preocupada com a qualidade e efici\u00eancia de seus servi\u00e7os.<\/span><\/span><\/p>\n<p class=\"western\" align=\"justify\"><span style=\"font-family: Times New Roman, serif\"><span style=\"font-size: medium\">Santana, localizada no Amap\u00e1, pertence \u00e0 regi\u00e3o metropolitana da capital do estado, Macap\u00e1, formando uma conurba\u00e7\u00e3o de mais de 600 mil habitantes. De acordo com o Atlas Brasil, de 2010, Santana possui cerca de 119 mil habitantes, sendo a segunda maior cidade do Amap\u00e1, com um IDH de 0,692, considerado de n\u00edvel m\u00e9dio. Como atestam os gr\u00e1ficos do PNUD, IPEA e FJP, a cidade de Santana, transformou-se entre os anos de 1991 e 2010, tendo o \u00edndice de longevidade contribu\u00eddo, j\u00e1 que a expectativa de vida passou de uma m\u00e9dia de 64,74 anos para 72,65. No que concerne aos dados de escolaridade, h\u00e1 relevantes mudan\u00e7as, visto que o munic\u00edpio tinha apenas 1,65% de habitantes com ensino superior. Em 2010, essa porcentagem era de 7,9%. Com rela\u00e7\u00e3o \u00e0 renda <\/span><\/span><span style=\"font-family: Times New Roman, serif\"><span style=\"font-size: medium\"><i>per capita<\/i><\/span><\/span><span style=\"font-family: Times New Roman, serif\"><span style=\"font-size: medium\">, Santana teve um crescimento de 63,48% nas \u00faltimas duas d\u00e9cadas, passando de R$ 287,03 para R$ 469,24.<\/span><\/span><\/p>\n<p class=\"western\" align=\"justify\"><span style=\"font-family: Times New Roman, serif\"><span style=\"font-size: medium\">Dentro desse cen\u00e1rio de perspectivas otimistas, o Campus Santana est\u00e1 situado em localiza\u00e7\u00e3o privilegiada na Rodovia Duca Serra, n. 1233, na cidade de Santana, no estado do Amap\u00e1. A funda\u00e7\u00e3o do campus foi institu\u00edda pela Resolu\u00e7\u00e3o n\u00ba 019\/2006 \u2013 CONSU, tendo dado in\u00edcio \u00e0s atividades no dia 02 de maio de 2005. Em 09 de dezembro de 2015 estabeleceram-se as primeiras turmas dos Cursos de Licenciatura em Filosofia, Letras, Qu\u00edmica e Pedagogia, regulamentados pela Resolu\u00e7\u00e3o n. 046\/2013-CONSU, de 21 de novembro de 2013.<\/span><\/span><\/p>\n<p class=\"western\" align=\"justify\"><span style=\"font-family: Times New Roman, serif\"><span style=\"font-size: medium\">Nesse universo, o campus oferece cursos essenciais \u00e0 comunidade e disp\u00f5e de profissionais capacitados para atender \u00e0s mais diversas demandas, devolvendo \u00e0 sociedade a produ\u00e7\u00e3o de conhecimento de excel\u00eancia desenvolvida na Universidade Federal.<\/span><\/span><\/p>\n<p>O espa\u00e7o f\u00edsico do CSTN \u00e9 formado por 05 blocos (A, B, C, D, E) distribu\u00eddos da seguinte maneira:<\/p>\n<p><b>Bloco A<\/b>&nbsp;\u2013&nbsp;<b>bloco administrativo<\/b><\/p>\n<ul>\n<li>A1 \u2013 Coordena\u00e7\u00e3o Dire\u00e7\u00e3o do Campus;<\/li>\n<li>A2 \u2013 Sala das Coordena\u00e7\u00f5es dos Cursos (Letras, Filosofia e Pedagogia);<\/li>\n<li>A3 \u2013 Sala dos Grupos de Pesquisa e Orienta\u00e7\u00e3o;<\/li>\n<li>Lanchonete e \u00e1rea de conviv\u00eancia;<\/li>\n<li>Copa\/ dep\u00f3sito;<\/li>\n<li>Conjunto de banheiros para atender os funcion\u00e1rios.<\/li>\n<\/ul>\n<p><b>Bloco B<\/b>&nbsp;\u2013 Funcionam 04 salas de aulas sala, sendo que 02 que foram equipadas com arm\u00e1rios, mesas e computadores para atender as coordena\u00e7\u00f5es dos 03 cursos;<\/p>\n<ul>\n<li>Sala B1 \u2013 Sala de reuni\u00f5es;<\/li>\n<li>Sala B2 &#8211; NAI &#8211; N\u00facleo de Acessibilidade e Inclus\u00e3o;<\/li>\n<li>Sala B3 &#8211; Sala de aula do curso de Letras;<\/li>\n<li>Sala B4 &#8211; Sala de aula do curso de Letras;<\/li>\n<\/ul>\n<p><b>Bloco C<\/b>&nbsp;\u2013 Possui 03 salas de aulas distribu\u00eddas da seguinte maneira:<\/p>\n<ul>\n<li>Sala C1 &#8211; Sala de aula do Curso de Filosofia;<\/li>\n<li>Sala C2 &#8211; Sala de aula do Curso de Letras e Projeto de Extens\u00e3o &#8220;Libras para a Comunidade&#8221;;<\/li>\n<li>Sala C3 \u2013 Sala de aula&nbsp;Projeto de Extens\u00e3o &#8220;Libras para a Comunidade&#8221;<\/li>\n<li>Conjunto de banheiros para os acad\u00eamicos;<\/li>\n<\/ul>\n<p><b>Bloco D \u2013<\/b>&nbsp;Funcionam 04 salas distribu\u00eddos da seguinte maneira:<\/p>\n<ul>\n<li>D1 &#8211; Mini audit\u00f3rio com 100 lugares e equipado com caixa de som, microfone, televis\u00e3o e Data show (ocupa duas salas que foram modificadas).<\/li>\n<li>D2 &#8211; Laborat\u00f3rio de inform\u00e1tica com 25 computadores de \u00faltima gera\u00e7\u00e3o para discentes e 01 para docentes, possuindo tamb\u00e9m data show e caixa de som;<\/li>\n<li>D3 \u2013 Brinquedoteca e Laborat\u00f3rio de Ensino.<\/li>\n<\/ul>\n<p><b>Bloco E \u2013<\/b>&nbsp;Funcionam 05 salas<\/p>\n<ul>\n<li>E1 A &#8211; Central de C\u00f3pias;<\/li>\n<li>E1 B &#8211; Centro Acad\u00eamico;&nbsp;<\/li>\n<li>E2 &#8211; Biblioteca do Campus de Santana;<\/li>\n<li>E3 \u2013 Sala de aula de Filosofia;<\/li>\n<li>E4 \u2013 Sala de aula de Pedagogia;<\/li>\n<li>E5 \u2013 Sala de aula de Pedagogia;<\/li>\n<\/ul>\n<p>Obs.: Todos os 03 cursos funcionam nos turnos vespertinos e noturnos, no per\u00edodo matutino n\u00e3o funciona nenhum curso.<\/p>\n<p>Mapa do Campus:<\/p>\n<p>&nbsp;<\/p>\n<p><a href=\"http:\/\/www2.unifap.br\/santana\/files\/2019\/12\/WhatsApp-Image-2019-12-03-at-12.02.38.jpeg\"><img fetchpriority=\"high\" decoding=\"async\" class=\"aligncenter wp-image-891 size-large\" src=\"http:\/\/www2.unifap.br\/santana\/files\/2019\/12\/WhatsApp-Image-2019-12-03-at-12.02.38-1024x690.jpeg\" alt=\"\" width=\"640\" height=\"431\" srcset=\"https:\/\/www2.unifap.br\/santana\/files\/2019\/12\/WhatsApp-Image-2019-12-03-at-12.02.38-1024x690.jpeg 1024w, https:\/\/www2.unifap.br\/santana\/files\/2019\/12\/WhatsApp-Image-2019-12-03-at-12.02.38-300x202.jpeg 300w, https:\/\/www2.unifap.br\/santana\/files\/2019\/12\/WhatsApp-Image-2019-12-03-at-12.02.38-768x517.jpeg 768w, https:\/\/www2.unifap.br\/santana\/files\/2019\/12\/WhatsApp-Image-2019-12-03-at-12.02.38.jpeg 1033w\" sizes=\"(max-width: 640px) 100vw, 640px\" \/><\/a><\/p>\n<p>&nbsp;<\/p>\n<p>&nbsp;<\/p>\n","protected":false},"excerpt":{"rendered":"<p>Apresenta\u00e7\u00e3o e Infraestrutura do Campus Universit\u00e1rio de Santana -CSTN O Campus Santana pertence \u00e0 Funda\u00e7\u00e3o Universidade Federal do Amap\u00e1, a UNIFAP, CNPJ \u00e9 34.868.257\/0001-81, com a sede (Campus Marco Zero do Equador) localizada na Rodovia Juscelino Kubitschek, s\/n, KM-02, na cidade de Macap\u00e1. A Institui\u00e7\u00e3o de Ensino Superior iniciou seus \u2026 <a class=\"continue-reading-link\" href=\"https:\/\/www2.unifap.br\/santana\/?page_id=179\"> Continue Lendo <span class=\"meta-nav\">&rarr; <\/span><\/a><\/p>\n","protected":false},"author":2603,"featured_media":0,"parent":5,"menu_order":1,"comment_status":"closed","ping_status":"closed","template":"","meta":{"inline_featured_image":false,"ngg_post_thumbnail":0,"footnotes":""},"class_list":["post-179","page","type-page","status-publish","hentry"],"_links":{"self":[{"href":"https:\/\/www2.unifap.br\/santana\/index.php?rest_route=\/wp\/v2\/pages\/179","targetHints":{"allow":["GET"]}}],"collection":[{"href":"https:\/\/www2.unifap.br\/santana\/index.php?rest_route=\/wp\/v2\/pages"}],"about":[{"href":"https:\/\/www2.unifap.br\/santana\/index.php?rest_route=\/wp\/v2\/types\/page"}],"author":[{"embeddable":true,"href":"https:\/\/www2.unifap.br\/santana\/index.php?rest_route=\/wp\/v2\/users\/2603"}],"replies":[{"embeddable":true,"href":"https:\/\/www2.unifap.br\/santana\/index.php?rest_route=%2Fwp%2Fv2%2Fcomments&post=179"}],"version-history":[{"count":15,"href":"https:\/\/www2.unifap.br\/santana\/index.php?rest_route=\/wp\/v2\/pages\/179\/revisions"}],"predecessor-version":[{"id":903,"href":"https:\/\/www2.unifap.br\/santana\/index.php?rest_route=\/wp\/v2\/pages\/179\/revisions\/903"}],"up":[{"embeddable":true,"href":"https:\/\/www2.unifap.br\/santana\/index.php?rest_route=\/wp\/v2\/pages\/5"}],"wp:attachment":[{"href":"https:\/\/www2.unifap.br\/santana\/index.php?rest_route=%2Fwp%2Fv2%2Fmedia&parent=179"}],"curies":[{"name":"wp","href":"https:\/\/api.w.org\/{rel}","templated":true}]}}