{"id":437,"date":"2019-02-22T16:08:28","date_gmt":"2019-02-22T16:08:28","guid":{"rendered":"http:\/\/www2.unifap.br\/santana\/?page_id=437"},"modified":"2023-08-03T12:21:15","modified_gmt":"2023-08-03T12:21:15","slug":"1-semiccstn","status":"publish","type":"page","link":"https:\/\/www2.unifap.br\/santana\/?page_id=437","title":{"rendered":"1\u00b0 SEMIC\/CSTN"},"content":{"rendered":"<p><a href=\"http:\/\/www2.unifap.br\/santana\/files\/2019\/02\/WhatsApp-Image-2019-02-22-at-12.46.42.jpeg\"><img fetchpriority=\"high\" decoding=\"async\" class=\"alignnone size-medium wp-image-438\" src=\"http:\/\/www2.unifap.br\/santana\/files\/2019\/02\/WhatsApp-Image-2019-02-22-at-12.46.42-252x300.jpeg\" alt=\"WhatsApp Image 2019-02-22 at 12.46.42\" width=\"252\" height=\"300\" srcset=\"https:\/\/www2.unifap.br\/santana\/files\/2019\/02\/WhatsApp-Image-2019-02-22-at-12.46.42-252x300.jpeg 252w, https:\/\/www2.unifap.br\/santana\/files\/2019\/02\/WhatsApp-Image-2019-02-22-at-12.46.42.jpeg 746w\" sizes=\"(max-width: 252px) 100vw, 252px\" \/><\/a><\/p>\n<p>&nbsp;<\/p>\n<p>A dire\u00e7\u00e3o do Campus Santana, junto da Comiss\u00e3o torna p\u00fablico o edital do 1\u00b0 SEMIC CSTN (Semin\u00e1rio Interdisciplinar de Inicia\u00e7\u00e3o Cient\u00edfica) que tem como principal objetivo possibilitar a socializa\u00e7\u00e3o de conhecimentos cient\u00edficos, o incentivo \u00e0 pesquisa e a articula\u00e7\u00e3o desta com o ensino e a extens\u00e3o, visando o enriquecimento da forma\u00e7\u00e3o acad\u00eamica.<\/p>\n<p>As apresenta\u00e7\u00f5es dos trabalhos selecionados acontecer\u00e3o nos dias 02 e 03 de maio de 2019. Acreditamos que a pesquisa deve fazer parte do cotidiano acad\u00eamico, sendo o SEMIC um espa\u00e7o que oportuniza aos acad\u00eamicos, egressos e professores da institui\u00e7\u00e3o socializar estudos.<\/p>\n<p>A dire\u00e7\u00e3o do Campus Santana junto aos cursos de licenciatura (Filosofia, Letras e Pedagogia) compreendem ainda que a pesquisa precisa fazer parte do cotidiano acad\u00eamico de toda Institui\u00e7\u00e3o de Ensino Superior, constituindo-se em partes indissoci\u00e1veis da forma\u00e7\u00e3o do ensino de excel\u00eancia.<\/p>\n<p>As produ\u00e7\u00f5es te\u00f3ricas e p\u00f4steres contemplam estudos na \u00e1rea da educa\u00e7\u00e3o e \u00e1reas afins, primando pela diversidade de olhares e pela inter\/transdisciplinaridade, possibilitando tamb\u00e9m a vincula\u00e7\u00e3o do conhecimento com o desenvolvimento profissional e pessoal.<\/p>\n<p>A dire\u00e7\u00e3o\/comiss\u00e3o<\/p>\n","protected":false},"excerpt":{"rendered":"<p>&nbsp; A dire\u00e7\u00e3o do Campus Santana, junto da Comiss\u00e3o torna p\u00fablico o edital do 1\u00b0 SEMIC CSTN (Semin\u00e1rio Interdisciplinar de Inicia\u00e7\u00e3o Cient\u00edfica) que tem como principal objetivo possibilitar a socializa\u00e7\u00e3o de conhecimentos cient\u00edficos, o incentivo \u00e0 pesquisa e a articula\u00e7\u00e3o desta com o ensino e a extens\u00e3o, visando o enriquecimento \u2026 <a class=\"continue-reading-link\" href=\"https:\/\/www2.unifap.br\/santana\/?page_id=437\"> Continue Lendo <span class=\"meta-nav\">&rarr; <\/span><\/a><\/p>\n","protected":false},"author":2603,"featured_media":0,"parent":641,"menu_order":10,"comment_status":"closed","ping_status":"open","template":"","meta":{"inline_featured_image":false,"ngg_post_thumbnail":0,"footnotes":""},"class_list":["post-437","page","type-page","status-publish","hentry"],"_links":{"self":[{"href":"https:\/\/www2.unifap.br\/santana\/index.php?rest_route=\/wp\/v2\/pages\/437","targetHints":{"allow":["GET"]}}],"collection":[{"href":"https:\/\/www2.unifap.br\/santana\/index.php?rest_route=\/wp\/v2\/pages"}],"about":[{"href":"https:\/\/www2.unifap.br\/santana\/index.php?rest_route=\/wp\/v2\/types\/page"}],"author":[{"embeddable":true,"href":"https:\/\/www2.unifap.br\/santana\/index.php?rest_route=\/wp\/v2\/users\/2603"}],"replies":[{"embeddable":true,"href":"https:\/\/www2.unifap.br\/santana\/index.php?rest_route=%2Fwp%2Fv2%2Fcomments&post=437"}],"version-history":[{"count":4,"href":"https:\/\/www2.unifap.br\/santana\/index.php?rest_route=\/wp\/v2\/pages\/437\/revisions"}],"predecessor-version":[{"id":643,"href":"https:\/\/www2.unifap.br\/santana\/index.php?rest_route=\/wp\/v2\/pages\/437\/revisions\/643"}],"up":[{"embeddable":true,"href":"https:\/\/www2.unifap.br\/santana\/index.php?rest_route=\/wp\/v2\/pages\/641"}],"wp:attachment":[{"href":"https:\/\/www2.unifap.br\/santana\/index.php?rest_route=%2Fwp%2Fv2%2Fmedia&parent=437"}],"curies":[{"name":"wp","href":"https:\/\/api.w.org\/{rel}","templated":true}]}}