{"id":768,"date":"2019-11-29T18:22:55","date_gmt":"2019-11-29T18:22:55","guid":{"rendered":"http:\/\/www2.unifap.br\/santana\/?page_id=768"},"modified":"2025-11-22T12:55:05","modified_gmt":"2025-11-22T12:55:05","slug":"equipe-administrativa","status":"publish","type":"page","link":"https:\/\/www2.unifap.br\/santana\/?page_id=768","title":{"rendered":"Equipe Administrativa"},"content":{"rendered":"<blockquote><p><span style=\"color: #003366\"><strong>Dire\u00e7\u00e3o \/ Coordena\u00e7\u00e3o do Campus Santana<\/strong><\/span><\/p><\/blockquote>\n<p><strong>Diretor\/Coordenador do Campus:<\/strong> ALCILEA MARIA FERRERIA ROCHA<\/p>\n<p><strong>Vice-coordenadora e Secret\u00e1ria Executiva:<\/strong> Briane Cardoso da Costa<\/p>\n<p><strong>Secret\u00e1ria Executiva: <\/strong>Daniele de Oliveira Moraes<\/p>\n<blockquote><p><span style=\"color: #003366\"><strong>Apoio \u00e0s Coordena\u00e7\u00f5es de curso<\/strong><\/span><\/p><\/blockquote>\n<p><strong>Assistente em Administra\u00e7\u00e3o:<\/strong> Adriano Barreto da Silva<\/p>\n<p><strong>Assistente em Administra\u00e7\u00e3o:<\/strong> Patr\u00edcia Nogueira Ferreira<\/p>\n<blockquote><p><span style=\"color: #003366\"><strong>Biblioteca<\/strong><\/span><\/p><\/blockquote>\n<p><strong>Bibliotec\u00e1rio\/documentarista:<\/strong> Bruno dos Santos Pereira<\/p>\n<p><strong>Auxliar de Biblioteca: <span style=\"font-weight: 400\">Maria do Socorro de Oliveira Lopes<\/span><\/strong><\/p>\n<p><strong>Auxliar de Biblioteca: <span style=\"font-weight: 400\">Valda Pacheco da Costa<\/span><\/strong><\/p>\n<blockquote><p><span style=\"color: #003366\"><strong>Laborat\u00f3rio de Inform\u00e1tica<\/strong><\/span><\/p><\/blockquote>\n<p><strong>Auxiliar Operacional\/Laborat\u00f3rio:<\/strong> Jos\u00e9 Ronaldo Reis de Oliveira<\/p>\n","protected":false},"excerpt":{"rendered":"<p>Dire\u00e7\u00e3o \/ Coordena\u00e7\u00e3o do Campus Santana Diretor\/Coordenador do Campus: ALCILEA MARIA FERRERIA ROCHA Vice-coordenadora e Secret\u00e1ria Executiva: Briane Cardoso da Costa Secret\u00e1ria Executiva: Daniele de Oliveira Moraes Apoio \u00e0s Coordena\u00e7\u00f5es de curso Assistente em Administra\u00e7\u00e3o: Adriano Barreto da Silva Assistente em Administra\u00e7\u00e3o: Patr\u00edcia Nogueira Ferreira Biblioteca Bibliotec\u00e1rio\/documentarista: Bruno dos Santos \u2026 <a class=\"continue-reading-link\" href=\"https:\/\/www2.unifap.br\/santana\/?page_id=768\"> Continue Lendo <span class=\"meta-nav\">&rarr; <\/span><\/a><\/p>\n","protected":false},"author":2603,"featured_media":0,"parent":764,"menu_order":2,"comment_status":"closed","ping_status":"closed","template":"","meta":{"inline_featured_image":false,"ngg_post_thumbnail":0,"footnotes":""},"class_list":["post-768","page","type-page","status-publish","hentry"],"_links":{"self":[{"href":"https:\/\/www2.unifap.br\/santana\/index.php?rest_route=\/wp\/v2\/pages\/768","targetHints":{"allow":["GET"]}}],"collection":[{"href":"https:\/\/www2.unifap.br\/santana\/index.php?rest_route=\/wp\/v2\/pages"}],"about":[{"href":"https:\/\/www2.unifap.br\/santana\/index.php?rest_route=\/wp\/v2\/types\/page"}],"author":[{"embeddable":true,"href":"https:\/\/www2.unifap.br\/santana\/index.php?rest_route=\/wp\/v2\/users\/2603"}],"replies":[{"embeddable":true,"href":"https:\/\/www2.unifap.br\/santana\/index.php?rest_route=%2Fwp%2Fv2%2Fcomments&post=768"}],"version-history":[{"count":32,"href":"https:\/\/www2.unifap.br\/santana\/index.php?rest_route=\/wp\/v2\/pages\/768\/revisions"}],"predecessor-version":[{"id":1848,"href":"https:\/\/www2.unifap.br\/santana\/index.php?rest_route=\/wp\/v2\/pages\/768\/revisions\/1848"}],"up":[{"embeddable":true,"href":"https:\/\/www2.unifap.br\/santana\/index.php?rest_route=\/wp\/v2\/pages\/764"}],"wp:attachment":[{"href":"https:\/\/www2.unifap.br\/santana\/index.php?rest_route=%2Fwp%2Fv2%2Fmedia&parent=768"}],"curies":[{"name":"wp","href":"https:\/\/api.w.org\/{rel}","templated":true}]}}