{"id":775,"date":"2019-11-29T18:27:07","date_gmt":"2019-11-29T18:27:07","guid":{"rendered":"http:\/\/www2.unifap.br\/santana\/?page_id=775"},"modified":"2023-08-03T12:20:24","modified_gmt":"2023-08-03T12:20:24","slug":"pdi","status":"publish","type":"page","link":"https:\/\/www2.unifap.br\/santana\/?page_id=775","title":{"rendered":"PLANO DE DESENVOLVIMENTO INSTITUCIONAL-PDI"},"content":{"rendered":"<p>O Plano de Desenvolvimento Institucional (PDI) consiste em um documento onde se definem a miss\u00e3o da Institui\u00e7\u00e3o de Ensino Superior (IES),&nbsp;a pol\u00edtica pedag\u00f3gica institucional e as estrat\u00e9gias para atingir suas metas e objetivos. Inclui, ainda, indicadores de desempenho e de avalia\u00e7\u00e3o para que se possa analisar a atual situa\u00e7\u00e3o da IES, visando &nbsp;refor\u00e7ar os pontos positivos e elaborar a\u00e7\u00f5es que procurem dirimir lacunas, em uma constante busca pelo aprimoramento, por meio de mudan\u00e7as cont\u00ednuas e planejadas.<\/p>\n<p><a href=\"http:\/\/www2.unifap.br\/santana\/files\/2019\/11\/PDI-2015-2019-UNIFAP.pdf\">PDI-2015-2019-UNIFAP<\/a><\/p>\n","protected":false},"excerpt":{"rendered":"<p>O Plano de Desenvolvimento Institucional (PDI) consiste em um documento onde se definem a miss\u00e3o da Institui\u00e7\u00e3o de Ensino Superior (IES),&nbsp;a pol\u00edtica pedag\u00f3gica institucional e as estrat\u00e9gias para atingir suas metas e objetivos. Inclui, ainda, indicadores de desempenho e de avalia\u00e7\u00e3o para que se possa analisar a atual situa\u00e7\u00e3o da \u2026 <a class=\"continue-reading-link\" href=\"https:\/\/www2.unifap.br\/santana\/?page_id=775\"> Continue Lendo <span class=\"meta-nav\">&rarr; <\/span><\/a><\/p>\n","protected":false},"author":2603,"featured_media":0,"parent":764,"menu_order":3,"comment_status":"closed","ping_status":"closed","template":"","meta":{"inline_featured_image":false,"ngg_post_thumbnail":0,"footnotes":""},"class_list":["post-775","page","type-page","status-publish","hentry"],"_links":{"self":[{"href":"https:\/\/www2.unifap.br\/santana\/index.php?rest_route=\/wp\/v2\/pages\/775","targetHints":{"allow":["GET"]}}],"collection":[{"href":"https:\/\/www2.unifap.br\/santana\/index.php?rest_route=\/wp\/v2\/pages"}],"about":[{"href":"https:\/\/www2.unifap.br\/santana\/index.php?rest_route=\/wp\/v2\/types\/page"}],"author":[{"embeddable":true,"href":"https:\/\/www2.unifap.br\/santana\/index.php?rest_route=\/wp\/v2\/users\/2603"}],"replies":[{"embeddable":true,"href":"https:\/\/www2.unifap.br\/santana\/index.php?rest_route=%2Fwp%2Fv2%2Fcomments&post=775"}],"version-history":[{"count":6,"href":"https:\/\/www2.unifap.br\/santana\/index.php?rest_route=\/wp\/v2\/pages\/775\/revisions"}],"predecessor-version":[{"id":815,"href":"https:\/\/www2.unifap.br\/santana\/index.php?rest_route=\/wp\/v2\/pages\/775\/revisions\/815"}],"up":[{"embeddable":true,"href":"https:\/\/www2.unifap.br\/santana\/index.php?rest_route=\/wp\/v2\/pages\/764"}],"wp:attachment":[{"href":"https:\/\/www2.unifap.br\/santana\/index.php?rest_route=%2Fwp%2Fv2%2Fmedia&parent=775"}],"curies":[{"name":"wp","href":"https:\/\/api.w.org\/{rel}","templated":true}]}}