{"id":782,"date":"2019-11-29T18:30:28","date_gmt":"2019-11-29T18:30:28","guid":{"rendered":"http:\/\/www2.unifap.br\/santana\/?page_id=782"},"modified":"2023-08-03T12:20:24","modified_gmt":"2023-08-03T12:20:24","slug":"cpa","status":"publish","type":"page","link":"https:\/\/www2.unifap.br\/santana\/?page_id=782","title":{"rendered":"COMISS\u00c3O PR\u00d3PRIA DE AVALIA\u00c7\u00c3O \u2013 CPA"},"content":{"rendered":"<h1>Avalia\u00e7\u00e3o das Institui\u00e7\u00f5es de Educa\u00e7\u00e3o Superior<\/h1>\n<p>A Avalia\u00e7\u00e3o Institucional \u00e9 um dos componentes do Sistema Nacional de Avalia\u00e7\u00e3o da Educa\u00e7\u00e3o Superior (Sinaes) e est\u00e1 relacionada:<\/p>\n<ul>\n<li>\u00e0 melhoria da qualidade da educa\u00e7\u00e3o superior;<\/li>\n<li>\u00e0 orienta\u00e7\u00e3o da expans\u00e3o de sua oferta;<\/li>\n<li>ao aumento permanente da sua efic\u00e1cia institucional e efetividade acad\u00eamica e social;<\/li>\n<li>ao aprofundamento dos compromissos e responsabilidades sociais das institui\u00e7\u00f5es de educa\u00e7\u00e3o superior, por meio da valoriza\u00e7\u00e3o de sua miss\u00e3o p\u00fablica, da promo\u00e7\u00e3o dos valores democr\u00e1ticos, do respeito \u00e0 diferen\u00e7a e \u00e0 diversidade, da afirma\u00e7\u00e3o da autonomia e da identidade institucional.<\/li>\n<\/ul>\n<p><strong>A Avalia\u00e7\u00e3o Institucional divide-se em duas modalidades:<\/strong><\/p>\n<p><strong>Autoavalia\u00e7\u00e3o&nbsp;<\/strong><strong>\u2013<\/strong>&nbsp;Coordenada pela Comiss\u00e3o Pr\u00f3pria de Avalia\u00e7\u00e3o (CPA) de cada institui\u00e7\u00e3o e orientada pelas diretrizes e pelo roteiro da auto-avalia\u00e7\u00e3o institucional da CONAES.<\/p>\n<p><strong>Avalia\u00e7\u00e3o externa \u2013<\/strong>&nbsp;Realizada por comiss\u00f5es designadas pelo Inep, a avalia\u00e7\u00e3o externa tem como refer\u00eancia os padr\u00f5es de qualidade para a educa\u00e7\u00e3o superior expressos nos instrumentos de avalia\u00e7\u00e3o e os relat\u00f3rios das auto-avalia\u00e7\u00f5es. O processo de avalia\u00e7\u00e3o externa independente de sua abordagem e se orienta por uma vis\u00e3o multidimensional que busque integrar suas naturezas formativa e de regula\u00e7\u00e3o numa perspectiva de globalidade.<\/p>\n<p>Em seu conjunto, os processos avaliativos devem constituir um sistema que permita a integra\u00e7\u00e3o das diversas dimens\u00f5es da realidade avaliada, assegurando as coer\u00eancias conceitual, epistemol\u00f3gica e pr\u00e1tica, bem como o alcance dos objetivos dos diversos instrumentos e modalidades.<\/p>\n<p><a href=\"http:\/\/www2.unifap.br\/santana\/files\/2019\/11\/Resolu\u00e7\u00e3o-025-Regimento-da-Comiss\u00e3o-Pr\u00f3pria-de-Avalia\u00e7\u00e3o.doc\">Resolu\u00e7\u00e3o-025 Regimento da Comiss\u00e3o Pr\u00f3pria de Avalia\u00e7\u00e3o<\/a><\/p>\n<p><a href=\"http:\/\/www2.unifap.br\/santana\/files\/2019\/11\/RelatorioCPA2018_AnoBase2017_20180331.pdf\">RelatorioCPA2018_AnoBase2017_20180331<\/a><\/p>\n<p><a href=\"http:\/\/www2.unifap.br\/santana\/files\/2019\/11\/portaria-Comiss\u00e3o-Pr\u00f3pria-de-Avalia\u00e7\u00e3o.pdf\">portaria Comiss\u00e3o Pr\u00f3pria de Avalia\u00e7\u00e3o<\/a><\/p>\n","protected":false},"excerpt":{"rendered":"<p>Avalia\u00e7\u00e3o das Institui\u00e7\u00f5es de Educa\u00e7\u00e3o Superior A Avalia\u00e7\u00e3o Institucional \u00e9 um dos componentes do Sistema Nacional de Avalia\u00e7\u00e3o da Educa\u00e7\u00e3o Superior (Sinaes) e est\u00e1 relacionada: \u00e0 melhoria da qualidade da educa\u00e7\u00e3o superior; \u00e0 orienta\u00e7\u00e3o da expans\u00e3o de sua oferta; ao aumento permanente da sua efic\u00e1cia institucional e efetividade acad\u00eamica e \u2026 <a class=\"continue-reading-link\" href=\"https:\/\/www2.unifap.br\/santana\/?page_id=782\"> Continue Lendo <span class=\"meta-nav\">&rarr; <\/span><\/a><\/p>\n","protected":false},"author":2603,"featured_media":0,"parent":764,"menu_order":5,"comment_status":"closed","ping_status":"closed","template":"","meta":{"inline_featured_image":false,"ngg_post_thumbnail":0,"footnotes":""},"class_list":["post-782","page","type-page","status-publish","hentry"],"_links":{"self":[{"href":"https:\/\/www2.unifap.br\/santana\/index.php?rest_route=\/wp\/v2\/pages\/782","targetHints":{"allow":["GET"]}}],"collection":[{"href":"https:\/\/www2.unifap.br\/santana\/index.php?rest_route=\/wp\/v2\/pages"}],"about":[{"href":"https:\/\/www2.unifap.br\/santana\/index.php?rest_route=\/wp\/v2\/types\/page"}],"author":[{"embeddable":true,"href":"https:\/\/www2.unifap.br\/santana\/index.php?rest_route=\/wp\/v2\/users\/2603"}],"replies":[{"embeddable":true,"href":"https:\/\/www2.unifap.br\/santana\/index.php?rest_route=%2Fwp%2Fv2%2Fcomments&post=782"}],"version-history":[{"count":4,"href":"https:\/\/www2.unifap.br\/santana\/index.php?rest_route=\/wp\/v2\/pages\/782\/revisions"}],"predecessor-version":[{"id":832,"href":"https:\/\/www2.unifap.br\/santana\/index.php?rest_route=\/wp\/v2\/pages\/782\/revisions\/832"}],"up":[{"embeddable":true,"href":"https:\/\/www2.unifap.br\/santana\/index.php?rest_route=\/wp\/v2\/pages\/764"}],"wp:attachment":[{"href":"https:\/\/www2.unifap.br\/santana\/index.php?rest_route=%2Fwp%2Fv2%2Fmedia&parent=782"}],"curies":[{"name":"wp","href":"https:\/\/api.w.org\/{rel}","templated":true}]}}