{"id":828,"date":"2019-11-29T19:03:20","date_gmt":"2019-11-29T19:03:20","guid":{"rendered":"http:\/\/www2.unifap.br\/santana\/?page_id=828"},"modified":"2023-08-03T12:20:49","modified_gmt":"2023-08-03T12:20:49","slug":"pesquisa","status":"publish","type":"page","link":"https:\/\/www2.unifap.br\/santana\/?page_id=828","title":{"rendered":"Pesquisa"},"content":{"rendered":"<p>GRUPOS DE PESQUISA:<\/p>\n<p><strong><a href=\"http:\/\/dgp.cnpq.br\/dgp\/espelhogrupo\/6072190212494038\">N\u00facleo de Pesquisa em Estudos Liter\u00e1rios (NUPEL)<\/a><\/strong><\/p>\n<p>O N\u00facleo de Pesquisa em Estudos Liter\u00e1rios (NUPEL) tem como objetivo aglutinar trabalhos e pesquisas relacionados aos estudos de literatura em suas mais diversas sub\u00e1reas. Nesse sentido, busca a forma\u00e7\u00e3o de uma rede de pesquisadores que promovam a reflex\u00e3o, o debate e a produ\u00e7\u00e3o de artigos, cap\u00edtulos, revistas e livros referentes aos estudos liter\u00e1rios, bem como atividades de pesquisa que se voltem para a comunidade acad\u00eamica, como minicursos, congressos, ciclo de palestras, semin\u00e1rios e simp\u00f3sios. A partir de uma abordagem te\u00f3rica diversificada, o NUPEL visa ao estudo de variados campos liter\u00e1rios, com pesquisas de quest\u00f5es est\u00e9tico-formais e &nbsp;reflex\u00f5es te\u00f3ricas acerca da literatura brasileira e\/ou estrangeira em diferentes momentos hist\u00f3ricos, desde os antigos at\u00e9 os contempor\u00e2neos.<\/p>\n<p>&nbsp;<\/p>\n<p><strong><a href=\"http:\/\/dgp.cnpq.br\/dgp\/espelhogrupo\/0952560490296115\">N\u00facleo de Estudos em L\u00ednguas Ind\u00edgenas (NELI)<\/a><\/strong><\/p>\n<p>O NELI tem por objetivo o fortalecimento da pesquisa em lingu\u00edstica ind\u00edgena na regi\u00e3o Norte. As principais atividades desenvolvidas pelo grupo dizem respeito \u00e0 Documenta\u00e7\u00e3o, Descri\u00e7\u00e3o e An\u00e1lise de l\u00ednguas ind\u00edgenas sul-americanas, bem como \u00e0 Educa\u00e7\u00e3o Escolar Ind\u00edgena; neste caso, ensino de l\u00ednguas em contexto ind\u00edgena.<\/p>\n<p>&nbsp;<\/p>\n<p><strong><a href=\"http:\/\/dgp.cnpq.br\/dgp\/espelhogrupo\/5816389851637268\">N\u00facleo de Estudos Lingu\u00edsticos na Amaz\u00f4nia (NELAM)<\/a><\/strong><\/p>\n<p>O N\u00facleo de Estudos Lingu\u00edsticos na Amaz\u00f4nia (NELAM-UNIFAP) est\u00e1 vinculado ao curso de Letras Portugu\u00eas do Campus Santana da Universidade Federal do Amap\u00e1 \u2013 UNIFAP e tem como objetivo geral desenvolver pesquisas lingu\u00edsticas ancoradas na interface entre an\u00e1lise, descri\u00e7\u00e3o e ensino de l\u00ednguas na Amaz\u00f4nia. Nesse sentido, visa empreender investiga\u00e7\u00f5es que contribuam para a compreens\u00e3o de diversos fen\u00f4menos lingu\u00edsticos relacionados \u00e0s l\u00ednguas naturais. Assim, os estudos lingu\u00edsticos desenvolvidos pelo N\u00facleo contemplar\u00e3o diferentes abordagens te\u00f3rico-metodol\u00f3gicas, podendo assumir, ainda, um car\u00e1ter interdisciplinar.<\/p>\n<p>&nbsp;<\/p>\n<p><strong>Grupo de Estudos Dram\u00e1ticos na Amaz\u00f4nia (GEDA)<\/strong><\/p>\n<p>O grupo de estudos Dram\u00e1ticos na Amaz\u00f4nia (GEDA) est\u00e1 vinculado ao curso&nbsp;de Letras Portugu\u00eas do Campus Santana da Universidade Federal do Amap\u00e1 \u2013 UNIFAP e tem como objetivo realizar estudos sobre o texto dram\u00e1tico, da antiguidade \u00e0 modernidade, com vistas \u00e0 performance, tanto quanto \u00e0 forma como quanto ao conte\u00fado. A esse respeito, vale salientar que, embora o texto teatral seja o objeto principal, o grupo \u00e9 aberto, tamb\u00e9m, para aqueles que apenas querem conhecer o texto ou participar em suas mais variadas inst\u00e2ncias: ilumina\u00e7\u00e3o, sonoplastia, cenografia, maquiagem, etc.&nbsp; Os estudos e as performances depender\u00e3o de uma escolha coletiva e um estudo te\u00f3rico-pr\u00e1tico. O grupo \u00e9 formado por alunos do curso de Letras&nbsp; e coordenado pelo Prof. Dr. Marco Aur\u00e9lio Rodrigues.<\/p>\n","protected":false},"excerpt":{"rendered":"<p>GRUPOS DE PESQUISA: N\u00facleo de Pesquisa em Estudos Liter\u00e1rios (NUPEL) O N\u00facleo de Pesquisa em Estudos Liter\u00e1rios (NUPEL) tem como objetivo aglutinar trabalhos e pesquisas relacionados aos estudos de literatura em suas mais diversas sub\u00e1reas. Nesse sentido, busca a forma\u00e7\u00e3o de uma rede de pesquisadores que promovam a reflex\u00e3o, o \u2026 <a class=\"continue-reading-link\" href=\"https:\/\/www2.unifap.br\/santana\/?page_id=828\"> Continue Lendo <span class=\"meta-nav\">&rarr; <\/span><\/a><\/p>\n","protected":false},"author":2603,"featured_media":0,"parent":819,"menu_order":4,"comment_status":"closed","ping_status":"closed","template":"","meta":{"inline_featured_image":false,"ngg_post_thumbnail":0,"footnotes":""},"class_list":["post-828","page","type-page","status-publish","hentry"],"_links":{"self":[{"href":"https:\/\/www2.unifap.br\/santana\/index.php?rest_route=\/wp\/v2\/pages\/828","targetHints":{"allow":["GET"]}}],"collection":[{"href":"https:\/\/www2.unifap.br\/santana\/index.php?rest_route=\/wp\/v2\/pages"}],"about":[{"href":"https:\/\/www2.unifap.br\/santana\/index.php?rest_route=\/wp\/v2\/types\/page"}],"author":[{"embeddable":true,"href":"https:\/\/www2.unifap.br\/santana\/index.php?rest_route=\/wp\/v2\/users\/2603"}],"replies":[{"embeddable":true,"href":"https:\/\/www2.unifap.br\/santana\/index.php?rest_route=%2Fwp%2Fv2%2Fcomments&post=828"}],"version-history":[{"count":2,"href":"https:\/\/www2.unifap.br\/santana\/index.php?rest_route=\/wp\/v2\/pages\/828\/revisions"}],"predecessor-version":[{"id":890,"href":"https:\/\/www2.unifap.br\/santana\/index.php?rest_route=\/wp\/v2\/pages\/828\/revisions\/890"}],"up":[{"embeddable":true,"href":"https:\/\/www2.unifap.br\/santana\/index.php?rest_route=\/wp\/v2\/pages\/819"}],"wp:attachment":[{"href":"https:\/\/www2.unifap.br\/santana\/index.php?rest_route=%2Fwp%2Fv2%2Fmedia&parent=828"}],"curies":[{"name":"wp","href":"https:\/\/api.w.org\/{rel}","templated":true}]}}