{"id":904,"date":"2019-12-10T12:00:37","date_gmt":"2019-12-10T12:00:37","guid":{"rendered":"http:\/\/www2.unifap.br\/santana\/?page_id=904"},"modified":"2023-08-03T12:20:49","modified_gmt":"2023-08-03T12:20:49","slug":"nai-santana","status":"publish","type":"page","link":"https:\/\/www2.unifap.br\/santana\/?page_id=904","title":{"rendered":"NAI Santana"},"content":{"rendered":"<h1 class=\"western\"><span style=\"color: #2e3944\"><span style=\"font-family: inherit\">Atribui\u00e7\u00f5es do N\u00facleo<\/span><\/span><\/h1>\n<p align=\"justify\"><span style=\"font-family: Open Sans Condensed, sans-serif\"><span style=\"font-size: medium\"><span style=\"color: #2e3944\">I \u2013 Atuar como \u00f3rg\u00e3o suplementar da PROEAC para sistematizar as a\u00e7\u00f5es institucionais relativas \u00e0 pol\u00edtica de educa\u00e7\u00e3o inclusiva na educa\u00e7\u00e3o superior.<\/span><\/span><\/span><\/p>\n<p align=\"justify\"><span style=\"font-family: Open Sans Condensed, sans-serif\"><span style=\"font-size: medium\"><span style=\"color: #2e3944\">II \u2013 Realizar atendimento individual e\/ou grupal aos acad\u00eamicos com defici\u00eancia e\/ou mobilidade reduzida.<\/span><\/span><\/span><\/p>\n<p align=\"justify\"><span style=\"font-family: Open Sans Condensed, sans-serif\"><span style=\"font-size: medium\"><span style=\"color: #2e3944\">III \u2013 Prestar informa\u00e7\u00f5es a respeito da pol\u00edtica de educa\u00e7\u00e3o inclusiva na educa\u00e7\u00e3o superior para estabelecer parcerias com outras inst\u00e2ncias da UNIFAP e com organiza\u00e7\u00f5es externas.<\/span><\/span><\/span><\/p>\n<p align=\"justify\"><span style=\"font-family: Open Sans Condensed, sans-serif\"><span style=\"font-size: medium\"><span style=\"color: #2e3944\">IV \u2013 Zelar pelo cumprimento da legisla\u00e7\u00e3o vigente relacionada \u00e0 acessibilidade na educa\u00e7\u00e3o superior.<\/span><\/span><\/span><\/p>\n<p align=\"justify\"><span style=\"font-family: Open Sans Condensed, sans-serif\"><span style=\"font-size: medium\"><span style=\"color: #2e3944\">V \u2013 Prestar assessoramento as Pr\u00f3-Reitorias, Departamentos Acad\u00eamicos, Unidades de Trabalho da UNIFAP, como esfera consultiva no que se refere as demandas de acessibilidade pedag\u00f3gica, atitudinal e de comunica\u00e7\u00e3o na educa\u00e7\u00e3o superior.<\/span><\/span><\/span><\/p>\n<p align=\"justify\"><span style=\"font-family: Open Sans Condensed, sans-serif\"><span style=\"font-size: medium\"><span style=\"color: #2e3944\">VI \u2013 Apoiar a produ\u00e7\u00e3o de conhecimento e divulgar pr\u00e1ticas sobre educa\u00e7\u00e3o inclusiva na educa\u00e7\u00e3o superior.<\/span><\/span><\/span><\/p>\n","protected":false},"excerpt":{"rendered":"<p>Atribui\u00e7\u00f5es do N\u00facleo I \u2013 Atuar como \u00f3rg\u00e3o suplementar da PROEAC para sistematizar as a\u00e7\u00f5es institucionais relativas \u00e0 pol\u00edtica de educa\u00e7\u00e3o inclusiva na educa\u00e7\u00e3o superior. II \u2013 Realizar atendimento individual e\/ou grupal aos acad\u00eamicos com defici\u00eancia e\/ou mobilidade reduzida. III \u2013 Prestar informa\u00e7\u00f5es a respeito da pol\u00edtica de educa\u00e7\u00e3o inclusiva \u2026 <a class=\"continue-reading-link\" href=\"https:\/\/www2.unifap.br\/santana\/?page_id=904\"> Continue Lendo <span class=\"meta-nav\">&rarr; <\/span><\/a><\/p>\n","protected":false},"author":2603,"featured_media":0,"parent":0,"menu_order":3,"comment_status":"closed","ping_status":"closed","template":"","meta":{"inline_featured_image":false,"ngg_post_thumbnail":0,"footnotes":""},"class_list":["post-904","page","type-page","status-publish","hentry"],"_links":{"self":[{"href":"https:\/\/www2.unifap.br\/santana\/index.php?rest_route=\/wp\/v2\/pages\/904","targetHints":{"allow":["GET"]}}],"collection":[{"href":"https:\/\/www2.unifap.br\/santana\/index.php?rest_route=\/wp\/v2\/pages"}],"about":[{"href":"https:\/\/www2.unifap.br\/santana\/index.php?rest_route=\/wp\/v2\/types\/page"}],"author":[{"embeddable":true,"href":"https:\/\/www2.unifap.br\/santana\/index.php?rest_route=\/wp\/v2\/users\/2603"}],"replies":[{"embeddable":true,"href":"https:\/\/www2.unifap.br\/santana\/index.php?rest_route=%2Fwp%2Fv2%2Fcomments&post=904"}],"version-history":[{"count":2,"href":"https:\/\/www2.unifap.br\/santana\/index.php?rest_route=\/wp\/v2\/pages\/904\/revisions"}],"predecessor-version":[{"id":906,"href":"https:\/\/www2.unifap.br\/santana\/index.php?rest_route=\/wp\/v2\/pages\/904\/revisions\/906"}],"wp:attachment":[{"href":"https:\/\/www2.unifap.br\/santana\/index.php?rest_route=%2Fwp%2Fv2%2Fmedia&parent=904"}],"curies":[{"name":"wp","href":"https:\/\/api.w.org\/{rel}","templated":true}]}}