{"id":907,"date":"2019-12-10T12:07:48","date_gmt":"2019-12-10T12:07:48","guid":{"rendered":"http:\/\/www2.unifap.br\/santana\/?page_id=907"},"modified":"2023-08-03T12:20:49","modified_gmt":"2023-08-03T12:20:49","slug":"documentos","status":"publish","type":"page","link":"https:\/\/www2.unifap.br\/santana\/?page_id=907","title":{"rendered":"DOCUMENTOS"},"content":{"rendered":"<p><a href=\"http:\/\/www2.unifap.br\/santana\/files\/2019\/12\/FICHA-DE-CADASTRO-DE-ACADEMICO-nai.pdf\">FICHA-DE-CADASTRO-DE-ACADEMICO nai<\/a><\/p>\n<p><a href=\"http:\/\/www2.unifap.br\/santana\/files\/2019\/12\/REQUERIMENTO-NAI.pdf\">REQUERIMENTO-NAI<\/a><\/p>\n<p><a href=\"http:\/\/www2.unifap.br\/santana\/files\/2019\/12\/Resolu\u00e7\u00e3o-NAI.pdf\">Resolu\u00e7\u00e3o-NAI<\/a><\/p>\n<p><a href=\"http:\/\/www2.unifap.br\/santana\/files\/2019\/12\/Resolu\u00e7\u00e3o-n\u00ba-24-2016_CONSU_UNIFAP.pdf\">Resolu\u00e7\u00e3o-n\u00ba-24-2016_CONSU_UNIFAP<\/a><\/p>\n<p><a href=\"http:\/\/www2.unifap.br\/santana\/files\/2019\/12\/Resolu\u00e7\u00e3o-09-10-CONSU_UNIFAP.pdf\">Resolu\u00e7\u00e3o-09-10-CONSU_UNIFAP<\/a><\/p>\n","protected":false},"excerpt":{"rendered":"<p>FICHA-DE-CADASTRO-DE-ACADEMICO nai REQUERIMENTO-NAI Resolu\u00e7\u00e3o-NAI Resolu\u00e7\u00e3o-n\u00ba-24-2016_CONSU_UNIFAP Resolu\u00e7\u00e3o-09-10-CONSU_UNIFAP<\/p>\n","protected":false},"author":2603,"featured_media":0,"parent":904,"menu_order":0,"comment_status":"closed","ping_status":"closed","template":"","meta":{"inline_featured_image":false,"ngg_post_thumbnail":0,"footnotes":""},"class_list":["post-907","page","type-page","status-publish","hentry"],"_links":{"self":[{"href":"https:\/\/www2.unifap.br\/santana\/index.php?rest_route=\/wp\/v2\/pages\/907","targetHints":{"allow":["GET"]}}],"collection":[{"href":"https:\/\/www2.unifap.br\/santana\/index.php?rest_route=\/wp\/v2\/pages"}],"about":[{"href":"https:\/\/www2.unifap.br\/santana\/index.php?rest_route=\/wp\/v2\/types\/page"}],"author":[{"embeddable":true,"href":"https:\/\/www2.unifap.br\/santana\/index.php?rest_route=\/wp\/v2\/users\/2603"}],"replies":[{"embeddable":true,"href":"https:\/\/www2.unifap.br\/santana\/index.php?rest_route=%2Fwp%2Fv2%2Fcomments&post=907"}],"version-history":[{"count":1,"href":"https:\/\/www2.unifap.br\/santana\/index.php?rest_route=\/wp\/v2\/pages\/907\/revisions"}],"predecessor-version":[{"id":913,"href":"https:\/\/www2.unifap.br\/santana\/index.php?rest_route=\/wp\/v2\/pages\/907\/revisions\/913"}],"up":[{"embeddable":true,"href":"https:\/\/www2.unifap.br\/santana\/index.php?rest_route=\/wp\/v2\/pages\/904"}],"wp:attachment":[{"href":"https:\/\/www2.unifap.br\/santana\/index.php?rest_route=%2Fwp%2Fv2%2Fmedia&parent=907"}],"curies":[{"name":"wp","href":"https:\/\/api.w.org\/{rel}","templated":true}]}}