{"id":2083,"date":"2019-11-01T20:22:22","date_gmt":"2019-11-01T20:22:22","guid":{"rendered":"http:\/\/www2.unifap.br\/secretariado\/?page_id=2083"},"modified":"2022-04-04T16:50:02","modified_gmt":"2022-04-04T19:50:02","slug":"resultados-da-pesquisa-2019-1","status":"publish","type":"page","link":"https:\/\/www2.unifap.br\/secretariado\/resultados-da-pesquisa-2019-1","title":{"rendered":"Resultados da Pesquisa 2019.1"},"content":{"rendered":"\t\t<div data-elementor-type=\"wp-post\" data-elementor-id=\"2083\" class=\"elementor elementor-2083\">\n\t\t\t\t\t\t<section class=\"elementor-section elementor-top-section elementor-element elementor-element-d17a435 elementor-section-height-min-height elementor-section-boxed elementor-section-height-default elementor-section-items-middle\" data-id=\"d17a435\" data-element_type=\"section\" data-e-type=\"section\" data-settings=\"{&quot;background_background&quot;:&quot;classic&quot;}\">\n\t\t\t\t\t\t\t<div class=\"elementor-background-overlay\"><\/div>\n\t\t\t\t\t\t\t<div class=\"elementor-container elementor-column-gap-default\">\n\t\t\t\t\t<div class=\"elementor-column elementor-col-100 elementor-top-column elementor-element elementor-element-67f2e53\" data-id=\"67f2e53\" data-element_type=\"column\" data-e-type=\"column\">\n\t\t\t<div class=\"elementor-widget-wrap elementor-element-populated\">\n\t\t\t\t\t\t<div class=\"elementor-element elementor-element-a9be543 elementor-widget elementor-widget-heading\" data-id=\"a9be543\" data-element_type=\"widget\" data-e-type=\"widget\" data-widget_type=\"heading.default\">\n\t\t\t\t<div class=\"elementor-widget-container\">\n\t\t\t\t\t<h2 class=\"elementor-heading-title elementor-size-large\"><b>Avalia\u00e7\u00e3o DISCENTE<\/b><\/h2>\t\t\t\t<\/div>\n\t\t\t\t<\/div>\n\t\t\t\t<div class=\"elementor-element elementor-element-7301f97 elementor-widget-divider--view-line elementor-widget elementor-widget-divider\" data-id=\"7301f97\" data-element_type=\"widget\" data-e-type=\"widget\" data-widget_type=\"divider.default\">\n\t\t\t\t<div class=\"elementor-widget-container\">\n\t\t\t\t\t\t\t<div class=\"elementor-divider\">\n\t\t\t<span class=\"elementor-divider-separator\">\n\t\t\t\t\t\t<\/span>\n\t\t<\/div>\n\t\t\t\t\t\t<\/div>\n\t\t\t\t<\/div>\n\t\t\t\t<div class=\"elementor-element elementor-element-8fb7f8a elementor-widget elementor-widget-heading\" data-id=\"8fb7f8a\" data-element_type=\"widget\" data-e-type=\"widget\" data-widget_type=\"heading.default\">\n\t\t\t\t<div class=\"elementor-widget-container\">\n\t\t\t\t\t<p class=\"elementor-heading-title elementor-size-large\"><b>Divulga\u00e7\u00e3o da pesquisa acad\u00eamica realizada entre 26\/08 \u00e0 06\/09  referente ao semestre 2019.1<\/b><\/p>\t\t\t\t<\/div>\n\t\t\t\t<\/div>\n\t\t\t\t\t<\/div>\n\t\t<\/div>\n\t\t\t\t\t<\/div>\n\t\t<\/section>\n\t\t\t\t<section class=\"elementor-section elementor-top-section elementor-element elementor-element-10dd823 elementor-section-boxed elementor-section-height-default elementor-section-height-default elementor-invisible\" data-id=\"10dd823\" data-element_type=\"section\" data-e-type=\"section\" data-settings=\"{&quot;animation&quot;:&quot;fadeIn&quot;}\">\n\t\t\t\t\t\t<div class=\"elementor-container elementor-column-gap-default\">\n\t\t\t\t\t<div class=\"elementor-column elementor-col-100 elementor-top-column elementor-element elementor-element-528dad4\" data-id=\"528dad4\" data-element_type=\"column\" data-e-type=\"column\">\n\t\t\t<div class=\"elementor-widget-wrap elementor-element-populated\">\n\t\t\t\t\t\t<div class=\"elementor-element elementor-element-55dab6d elementor-widget elementor-widget-spacer\" data-id=\"55dab6d\" data-element_type=\"widget\" data-e-type=\"widget\" data-widget_type=\"spacer.default\">\n\t\t\t\t<div class=\"elementor-widget-container\">\n\t\t\t\t\t\t\t<div class=\"elementor-spacer\">\n\t\t\t<div class=\"elementor-spacer-inner\"><\/div>\n\t\t<\/div>\n\t\t\t\t\t\t<\/div>\n\t\t\t\t<\/div>\n\t\t\t\t\t<\/div>\n\t\t<\/div>\n\t\t\t\t\t<\/div>\n\t\t<\/section>\n\t\t\t\t<section class=\"elementor-section elementor-top-section elementor-element elementor-element-9669810 elementor-section-boxed elementor-section-height-default elementor-section-height-default elementor-invisible\" data-id=\"9669810\" data-element_type=\"section\" data-e-type=\"section\" data-settings=\"{&quot;animation&quot;:&quot;fadeIn&quot;}\">\n\t\t\t\t\t\t<div class=\"elementor-container elementor-column-gap-default\">\n\t\t\t\t\t<div class=\"elementor-column elementor-col-100 elementor-top-column elementor-element elementor-element-a5d7ae0\" data-id=\"a5d7ae0\" data-element_type=\"column\" data-e-type=\"column\">\n\t\t\t<div class=\"elementor-widget-wrap elementor-element-populated\">\n\t\t\t\t\t\t<div class=\"elementor-element elementor-element-7d48629 elementor-widget elementor-widget-heading\" data-id=\"7d48629\" data-element_type=\"widget\" data-e-type=\"widget\" data-widget_type=\"heading.default\">\n\t\t\t\t<div class=\"elementor-widget-container\">\n\t\t\t\t\t<h2 class=\"elementor-heading-title elementor-size-default\">Introdu\u00e7\u00e3o:<\/h2>\t\t\t\t<\/div>\n\t\t\t\t<\/div>\n\t\t\t\t\t<\/div>\n\t\t<\/div>\n\t\t\t\t\t<\/div>\n\t\t<\/section>\n\t\t\t\t<section class=\"elementor-section elementor-top-section elementor-element elementor-element-5edf167 elementor-section-boxed elementor-section-height-default elementor-section-height-default elementor-invisible\" data-id=\"5edf167\" data-element_type=\"section\" data-e-type=\"section\" data-settings=\"{&quot;animation&quot;:&quot;fadeIn&quot;}\">\n\t\t\t\t\t\t<div class=\"elementor-container elementor-column-gap-default\">\n\t\t\t\t\t<div class=\"elementor-column elementor-col-100 elementor-top-column elementor-element elementor-element-a94b95e\" data-id=\"a94b95e\" data-element_type=\"column\" data-e-type=\"column\">\n\t\t\t<div class=\"elementor-widget-wrap elementor-element-populated\">\n\t\t\t\t\t\t<div class=\"elementor-element elementor-element-b75603e elementor-widget elementor-widget-text-editor\" data-id=\"b75603e\" data-element_type=\"widget\" data-e-type=\"widget\" data-widget_type=\"text-editor.default\">\n\t\t\t\t<div class=\"elementor-widget-container\">\n\t\t\t\t\t\t\t\t\t<p>Os resultados apresentados a seguir, s\u00e3o oriundos da pesquisa realizada entre os alunos do Curso de Tecnologia em Secretariado no per\u00edodo de 26\/08 a 06\/09 de 2019, por meio formul\u00e1rio eletr\u00f4nico. Impulsionada pelos desdobramentos do cen\u00e1rio pol\u00edtico\/econ\u00f4mico em que est\u00e3o inseridas as universidades, esta avalia\u00e7\u00e3o foi elaborada com o intuito de delinear o funcionamento do mais novo curso da UNIFAP, e a partir dos dados obtidos, busca-se contribuir para uma reflex\u00e3o com bases s\u00f3lidas para o desenvolvimento deste curso, a fim de torn\u00e1-la, a cada semestre, mais alinhada com o Plano de Desenvolvimento Institucional desta IFES.<\/p><p>No universo de alunos que responderam o question\u00e1rio, leva em considera\u00e7\u00e3o os n\u00fameros obtidos no SIGAA, que cursaram as disciplinas no primeiro semestre de 2019, que totaliza 82 alunos. Obtivemos o \u00eaxito de 57 alunos que preencheram o formul\u00e1rio, o que corresponde a uma porcentagem de 69,51% dos alunos matriculados no semestre.<\/p><p>A presente divulga\u00e7\u00e3o trata-se de dados brutos, as an\u00e1lises ser\u00e3o disponibilizadas nos pr\u00f3ximos meses para que se possa ter uma interpreta\u00e7\u00e3o dos resultados obtidos e fornecidos pela comunidade acad\u00eamica do curso de tecnologia em secretariado.\u00a0\u00a0<\/p><p>As pr\u00f3ximas pesquisas contar\u00e3o com uma novidade, trata-se da avalia\u00e7\u00e3o docente, um novo instrumento de pesquisa do curso que ter\u00e1 como objetivo a an\u00e1lise das turmas na vis\u00e3o do professor.<\/p>\t\t\t\t\t\t\t\t<\/div>\n\t\t\t\t<\/div>\n\t\t\t\t\t<\/div>\n\t\t<\/div>\n\t\t\t\t\t<\/div>\n\t\t<\/section>\n\t\t\t\t<section class=\"elementor-section elementor-top-section elementor-element elementor-element-9772a7d elementor-section-boxed elementor-section-height-default elementor-section-height-default elementor-invisible\" data-id=\"9772a7d\" data-element_type=\"section\" data-e-type=\"section\" data-settings=\"{&quot;animation&quot;:&quot;fadeIn&quot;}\">\n\t\t\t\t\t\t<div class=\"elementor-container elementor-column-gap-default\">\n\t\t\t\t\t<div class=\"elementor-column elementor-col-100 elementor-top-column elementor-element elementor-element-cb0f461\" data-id=\"cb0f461\" data-element_type=\"column\" data-e-type=\"column\">\n\t\t\t<div class=\"elementor-widget-wrap elementor-element-populated\">\n\t\t\t\t\t\t<div class=\"elementor-element elementor-element-296430e elementor-widget elementor-widget-heading\" data-id=\"296430e\" data-element_type=\"widget\" data-e-type=\"widget\" data-widget_type=\"heading.default\">\n\t\t\t\t<div class=\"elementor-widget-container\">\n\t\t\t\t\t<h2 class=\"elementor-heading-title elementor-size-default\">Avalia\u00e7\u00e3o Geral do Curso<\/h2>\t\t\t\t<\/div>\n\t\t\t\t<\/div>\n\t\t\t\t\t<\/div>\n\t\t<\/div>\n\t\t\t\t\t<\/div>\n\t\t<\/section>\n\t\t\t\t<section class=\"elementor-section elementor-top-section elementor-element elementor-element-b4b1810 elementor-section-boxed elementor-section-height-default elementor-section-height-default elementor-invisible\" data-id=\"b4b1810\" data-element_type=\"section\" data-e-type=\"section\" data-settings=\"{&quot;animation&quot;:&quot;fadeIn&quot;}\">\n\t\t\t\t\t\t<div class=\"elementor-container elementor-column-gap-default\">\n\t\t\t\t\t<div class=\"elementor-column elementor-col-100 elementor-top-column elementor-element elementor-element-7375a4f\" data-id=\"7375a4f\" data-element_type=\"column\" data-e-type=\"column\">\n\t\t\t<div class=\"elementor-widget-wrap elementor-element-populated\">\n\t\t\t\t\t\t<div class=\"elementor-element elementor-element-f2ff209 elementor-invisible elementor-widget elementor-widget-text-editor\" data-id=\"f2ff209\" data-element_type=\"widget\" data-e-type=\"widget\" data-settings=\"{&quot;_animation&quot;:&quot;fadeIn&quot;}\" data-widget_type=\"text-editor.default\">\n\t\t\t\t<div class=\"elementor-widget-container\">\n\t\t\t\t\t\t\t\t\t<p>No levantamento da pesquisa os alunos consideram o seguinte conceito do curso.<\/p>\t\t\t\t\t\t\t\t<\/div>\n\t\t\t\t<\/div>\n\t\t\t\t\t<\/div>\n\t\t<\/div>\n\t\t\t\t\t<\/div>\n\t\t<\/section>\n\t\t\t\t<section class=\"elementor-section elementor-top-section elementor-element elementor-element-5b3c1c8 elementor-section-boxed elementor-section-height-default elementor-section-height-default elementor-invisible\" data-id=\"5b3c1c8\" data-element_type=\"section\" data-e-type=\"section\" data-settings=\"{&quot;animation&quot;:&quot;fadeIn&quot;}\">\n\t\t\t\t\t\t<div class=\"elementor-container elementor-column-gap-default\">\n\t\t\t\t\t<div class=\"elementor-column elementor-col-100 elementor-top-column elementor-element elementor-element-41a76a3\" data-id=\"41a76a3\" data-element_type=\"column\" data-e-type=\"column\">\n\t\t\t<div class=\"elementor-widget-wrap elementor-element-populated\">\n\t\t\t\t\t\t\t<\/div>\n\t\t<\/div>\n\t\t\t\t\t<\/div>\n\t\t<\/section>\n\t\t\t\t<section class=\"elementor-section elementor-top-section elementor-element elementor-element-3bb5124 elementor-section-boxed elementor-section-height-default elementor-section-height-default elementor-invisible\" data-id=\"3bb5124\" data-element_type=\"section\" data-e-type=\"section\" data-settings=\"{&quot;animation&quot;:&quot;fadeIn&quot;}\">\n\t\t\t\t\t\t<div class=\"elementor-container elementor-column-gap-default\">\n\t\t\t\t\t<div class=\"elementor-column elementor-col-100 elementor-top-column elementor-element elementor-element-7eb8c06\" data-id=\"7eb8c06\" data-element_type=\"column\" data-e-type=\"column\">\n\t\t\t<div class=\"elementor-widget-wrap elementor-element-populated\">\n\t\t\t\t\t\t<div class=\"elementor-element elementor-element-f12bb33 elementor-invisible elementor-widget elementor-widget-text-editor\" data-id=\"f12bb33\" data-element_type=\"widget\" data-e-type=\"widget\" data-settings=\"{&quot;_animation&quot;:&quot;fadeIn&quot;}\" data-widget_type=\"text-editor.default\">\n\t\t\t\t<div class=\"elementor-widget-container\">\n\t\t\t\t\t\t\t\t\t<h1 style=\"text-align: left\"><span style=\"text-decoration: underline;color: #54595f\">Perfil e Percep\u00e7\u00e3o<\/span><\/h1>\t\t\t\t\t\t\t\t<\/div>\n\t\t\t\t<\/div>\n\t\t\t\t\t<\/div>\n\t\t<\/div>\n\t\t\t\t\t<\/div>\n\t\t<\/section>\n\t\t\t\t<section class=\"elementor-section elementor-top-section elementor-element elementor-element-1db8fee elementor-section-boxed elementor-section-height-default elementor-section-height-default elementor-invisible\" data-id=\"1db8fee\" data-element_type=\"section\" data-e-type=\"section\" data-settings=\"{&quot;animation&quot;:&quot;fadeIn&quot;}\">\n\t\t\t\t\t\t<div class=\"elementor-container elementor-column-gap-default\">\n\t\t\t\t\t<div class=\"elementor-column elementor-col-100 elementor-top-column elementor-element elementor-element-72d372f\" data-id=\"72d372f\" data-element_type=\"column\" data-e-type=\"column\">\n\t\t\t<div class=\"elementor-widget-wrap elementor-element-populated\">\n\t\t\t\t\t\t<div class=\"elementor-element elementor-element-dfad516 elementor-invisible elementor-widget elementor-widget-text-editor\" data-id=\"dfad516\" data-element_type=\"widget\" data-e-type=\"widget\" data-settings=\"{&quot;_animation&quot;:&quot;fadeIn&quot;}\" data-widget_type=\"text-editor.default\">\n\t\t\t\t<div class=\"elementor-widget-container\">\n\t\t\t\t\t\t\t\t\t<h4 style=\"text-align: left\"><a href=\"http:\/\/www2.unifap.br\/secretariado\/files\/2019\/11\/Perfil-e-Percep\u00e7\u00e3o-para-publica\u00e7\u00e3o.pdf\" target=\"_blank\" rel=\"noopener\"><span style=\"color: #0000ff\">Resultados da Pesquisa<\/span><\/a><\/h4>\t\t\t\t\t\t\t\t<\/div>\n\t\t\t\t<\/div>\n\t\t\t\t\t<\/div>\n\t\t<\/div>\n\t\t\t\t\t<\/div>\n\t\t<\/section>\n\t\t\t\t<section class=\"elementor-section elementor-top-section elementor-element elementor-element-6608449 elementor-section-boxed elementor-section-height-default elementor-section-height-default elementor-invisible\" data-id=\"6608449\" data-element_type=\"section\" data-e-type=\"section\" data-settings=\"{&quot;animation&quot;:&quot;fadeIn&quot;}\">\n\t\t\t\t\t\t<div class=\"elementor-container elementor-column-gap-default\">\n\t\t\t\t\t<div class=\"elementor-column elementor-col-100 elementor-top-column elementor-element elementor-element-67cbd13\" data-id=\"67cbd13\" data-element_type=\"column\" data-e-type=\"column\">\n\t\t\t<div class=\"elementor-widget-wrap elementor-element-populated\">\n\t\t\t\t\t\t<div class=\"elementor-element elementor-element-10f0182 elementor-widget elementor-widget-text-editor\" data-id=\"10f0182\" data-element_type=\"widget\" data-e-type=\"widget\" data-widget_type=\"text-editor.default\">\n\t\t\t\t<div class=\"elementor-widget-container\">\n\t\t\t\t\t\t\t\t\t<h1 style=\"text-align: left\"><span style=\"text-decoration: underline;color: #54595f\">Avalia\u00e7\u00e3o das Disciplinas<\/span><\/h1>\t\t\t\t\t\t\t\t<\/div>\n\t\t\t\t<\/div>\n\t\t\t\t\t<\/div>\n\t\t<\/div>\n\t\t\t\t\t<\/div>\n\t\t<\/section>\n\t\t\t\t<section class=\"elementor-section elementor-top-section elementor-element elementor-element-73d4d45 elementor-section-boxed elementor-section-height-default elementor-section-height-default elementor-invisible\" data-id=\"73d4d45\" data-element_type=\"section\" data-e-type=\"section\" data-settings=\"{&quot;animation&quot;:&quot;fadeIn&quot;}\">\n\t\t\t\t\t\t<div class=\"elementor-container elementor-column-gap-default\">\n\t\t\t\t\t<div class=\"elementor-column elementor-col-100 elementor-top-column elementor-element elementor-element-37b4dc1\" data-id=\"37b4dc1\" data-element_type=\"column\" data-e-type=\"column\">\n\t\t\t<div class=\"elementor-widget-wrap elementor-element-populated\">\n\t\t\t\t\t\t<div class=\"elementor-element elementor-element-002dd88 elementor-invisible elementor-widget elementor-widget-text-editor\" data-id=\"002dd88\" data-element_type=\"widget\" data-e-type=\"widget\" data-settings=\"{&quot;_animation&quot;:&quot;fadeIn&quot;}\" data-widget_type=\"text-editor.default\">\n\t\t\t\t<div class=\"elementor-widget-container\">\n\t\t\t\t\t\t\t\t\t<p style=\"text-align: left\"><a href=\"http:\/\/www2.unifap.br\/secretariado\/files\/2019\/11\/Epistemologia-Secretarial_.pdf\" target=\"_blank\" rel=\"noopener\"><strong><span style=\"color: #3366ff\">Epistemologia Secretarial<\/span><\/strong><\/a><\/p><p style=\"text-align: left\"><a href=\"http:\/\/www2.unifap.br\/secretariado\/files\/2019\/11\/Gest\u00e3o-em-Educa\u00e7\u00e3o-Ambiental.pdf\" target=\"_blank\" rel=\"noopener\"><strong><span style=\"color: #3366ff\">Gest\u00e3o em Educa\u00e7\u00e3o Ambiental<\/span><\/strong><\/a><\/p><p style=\"text-align: left\"><a href=\"http:\/\/www2.unifap.br\/secretariado\/files\/2019\/11\/Inform\u00e1tica-Aplicada-II.pdf\" target=\"_blank\" rel=\"noopener\"><strong><span style=\"color: #3366ff\">Inform\u00e1tica Aplicada II<\/span><\/strong><\/a><\/p><p style=\"text-align: left\"><a href=\"http:\/\/www2.unifap.br\/secretariado\/files\/2019\/11\/Introdu\u00e7\u00e3o-\u00e0-Filosofia.pdf\" target=\"_blank\" rel=\"noopener\"><strong><span style=\"color: #3366ff\">Introdu\u00e7\u00e3o \u00e0 Filosofia<\/span><\/strong><\/a><\/p><p style=\"text-align: left\"><a href=\"http:\/\/www2.unifap.br\/secretariado\/files\/2019\/11\/L\u00edngua-Inglesa-I.pdf\" target=\"_blank\" rel=\"noopener\"><strong><span style=\"color: #3366ff\">L\u00edngua Inglesa I<\/span><\/strong><\/a><\/p><p style=\"text-align: left\"><a href=\"http:\/\/www2.unifap.br\/secretariado\/files\/2019\/11\/L\u00edngua-Inglesa-III.pdf\" target=\"_blank\" rel=\"noopener\"><strong><span style=\"color: #3366ff\">L\u00edngua Inglesa III<\/span><\/strong><\/a><\/p><p style=\"text-align: left\"><a href=\"http:\/\/www2.unifap.br\/secretariado\/files\/2019\/11\/L\u00edngua-Portuguesa-I.pdf\" target=\"_blank\" rel=\"noopener\"><strong><span style=\"color: #3366ff\">L\u00edngua Portuguesa I<\/span><\/strong><\/a><\/p><p style=\"text-align: left\"><a href=\"http:\/\/www2.unifap.br\/secretariado\/files\/2019\/11\/L\u00edngua-Portuguesa-III.pdf\" target=\"_blank\" rel=\"noopener\"><strong><span style=\"color: #3366ff\">L\u00edngua Portuguesa III<\/span><\/strong><\/a><\/p><p style=\"text-align: left\"><a href=\"http:\/\/www2.unifap.br\/secretariado\/files\/2019\/11\/Metodologia-do-Trabalho-Cient\u00edfico.pdf\" target=\"_blank\" rel=\"noopener\"><strong><span style=\"color: #3366ff\">Metodologia do Trabalho Cient\u00edfico\u00a0<\/span><\/strong><\/a><\/p><p style=\"text-align: left\"><a href=\"http:\/\/www2.unifap.br\/secretariado\/files\/2019\/11\/Processos-Secretarias-I.pdf\" target=\"_blank\" rel=\"noopener\"><strong><span style=\"color: #3366ff\">Processos Secretariais I\u00a0<\/span><\/strong><\/a><\/p><p style=\"text-align: left\"><a href=\"http:\/\/www2.unifap.br\/secretariado\/files\/2019\/11\/Psicologia-do-Trabalho.pdf\" target=\"_blank\" rel=\"noopener\"><strong><span style=\"color: #3366ff\">Psicologia do Trabalho<\/span><\/strong><\/a><\/p><p style=\"text-align: left\"><a href=\"http:\/\/www2.unifap.br\/secretariado\/files\/2019\/11\/Teoria-Geral-da-Administra\u00e7\u00e3o.pdf\" target=\"_blank\" rel=\"noopener\"><strong><span style=\"color: #3366ff\">Teoria Geral da Administra\u00e7\u00e3o\u00a0<\/span><\/strong><\/a><\/p>\t\t\t\t\t\t\t\t<\/div>\n\t\t\t\t<\/div>\n\t\t\t\t\t<\/div>\n\t\t<\/div>\n\t\t\t\t\t<\/div>\n\t\t<\/section>\n\t\t\t\t<section class=\"elementor-section elementor-top-section elementor-element elementor-element-0edc375 elementor-section-boxed elementor-section-height-default elementor-section-height-default elementor-invisible\" data-id=\"0edc375\" data-element_type=\"section\" data-e-type=\"section\" data-settings=\"{&quot;animation&quot;:&quot;fadeIn&quot;}\">\n\t\t\t\t\t\t<div class=\"elementor-container elementor-column-gap-default\">\n\t\t\t\t\t<div class=\"elementor-column elementor-col-100 elementor-top-column elementor-element elementor-element-5ca47fc\" data-id=\"5ca47fc\" data-element_type=\"column\" data-e-type=\"column\">\n\t\t\t<div class=\"elementor-widget-wrap elementor-element-populated\">\n\t\t\t\t\t\t<div class=\"elementor-element elementor-element-5cd2261 elementor-button-info elementor-widget elementor-widget-button\" data-id=\"5cd2261\" data-element_type=\"widget\" data-e-type=\"widget\" data-widget_type=\"button.default\">\n\t\t\t\t<div class=\"elementor-widget-container\">\n\t\t\t\t\t\t\t\t\t<div class=\"elementor-button-wrapper\">\n\t\t\t\t\t<a class=\"elementor-button elementor-button-link elementor-size-sm\" href=\"https:\/\/www2.unifap.br\/secretariado\">\n\t\t\t\t\t\t<span class=\"elementor-button-content-wrapper\">\n\t\t\t\t\t\t<span class=\"elementor-button-icon\">\n\t\t\t\t\t\t\t\t\t<i class=\"fa fa-home\" aria-hidden=\"true\"><\/i>\n\t\t\t\t\t\t\t<\/span>\n\t\t\t\t\t\t\t\t\t<span class=\"elementor-button-text\">Voltar<\/span>\n\t\t\t\t\t<\/span>\n\t\t\t\t\t<\/a>\n\t\t\t\t<\/div>\n\t\t\t\t\t\t\t\t<\/div>\n\t\t\t\t<\/div>\n\t\t\t\t\t<\/div>\n\t\t<\/div>\n\t\t\t\t\t<\/div>\n\t\t<\/section>\n\t\t\t\t<\/div>\n\t\t","protected":false},"excerpt":{"rendered":"<p>Avalia\u00e7\u00e3o DISCENTE Divulga\u00e7\u00e3o da pesquisa acad\u00eamica realizada entre 26\/08 \u00e0 06\/09 referente ao semestre 2019.1 Introdu\u00e7\u00e3o: Os resultados apresentados a seguir, s\u00e3o oriundos da pesquisa realizada entre os alunos do Curso de Tecnologia em Secretariado no per\u00edodo de 26\/08 a 06\/09 de 2019, por meio formul\u00e1rio eletr\u00f4nico. Impulsionada pelos desdobramentos do cen\u00e1rio pol\u00edtico\/econ\u00f4mico em que&#8230;<\/p>\n","protected":false},"author":2444,"featured_media":0,"parent":0,"menu_order":0,"comment_status":"closed","ping_status":"closed","template":"elementor_header_footer","meta":{"inline_featured_image":false,"ngg_post_thumbnail":0,"footnotes":""},"class_list":["post-2083","page","type-page","status-publish","hentry","entry"],"_links":{"self":[{"href":"https:\/\/www2.unifap.br\/secretariado\/wp-json\/wp\/v2\/pages\/2083","targetHints":{"allow":["GET"]}}],"collection":[{"href":"https:\/\/www2.unifap.br\/secretariado\/wp-json\/wp\/v2\/pages"}],"about":[{"href":"https:\/\/www2.unifap.br\/secretariado\/wp-json\/wp\/v2\/types\/page"}],"author":[{"embeddable":true,"href":"https:\/\/www2.unifap.br\/secretariado\/wp-json\/wp\/v2\/users\/2444"}],"replies":[{"embeddable":true,"href":"https:\/\/www2.unifap.br\/secretariado\/wp-json\/wp\/v2\/comments?post=2083"}],"version-history":[{"count":28,"href":"https:\/\/www2.unifap.br\/secretariado\/wp-json\/wp\/v2\/pages\/2083\/revisions"}],"predecessor-version":[{"id":4297,"href":"https:\/\/www2.unifap.br\/secretariado\/wp-json\/wp\/v2\/pages\/2083\/revisions\/4297"}],"wp:attachment":[{"href":"https:\/\/www2.unifap.br\/secretariado\/wp-json\/wp\/v2\/media?parent=2083"}],"curies":[{"name":"wp","href":"https:\/\/api.w.org\/{rel}","templated":true}]}}