{"id":491,"date":"2019-02-01T14:24:14","date_gmt":"2019-02-01T14:24:14","guid":{"rendered":"http:\/\/www2.unifap.br\/secretariado\/?page_id=491"},"modified":"2026-03-02T10:22:49","modified_gmt":"2026-03-02T13:22:49","slug":"quadro-de-horarios","status":"publish","type":"page","link":"https:\/\/www2.unifap.br\/secretariado\/quadro-de-horarios","title":{"rendered":"Hor\u00e1rio das Disciplinas"},"content":{"rendered":"\t\t<div data-elementor-type=\"wp-post\" data-elementor-id=\"491\" class=\"elementor elementor-491\">\n\t\t\t\t\t\t<section class=\"elementor-section elementor-top-section elementor-element elementor-element-3f73fa3 elementor-section-boxed elementor-section-height-default elementor-section-height-default\" data-id=\"3f73fa3\" data-element_type=\"section\" data-e-type=\"section\">\n\t\t\t\t\t\t<div class=\"elementor-container elementor-column-gap-default\">\n\t\t\t\t\t<div class=\"elementor-column elementor-col-100 elementor-top-column elementor-element elementor-element-f6bab2d\" data-id=\"f6bab2d\" data-element_type=\"column\" data-e-type=\"column\">\n\t\t\t<div class=\"elementor-widget-wrap elementor-element-populated\">\n\t\t\t\t\t\t<div class=\"elementor-element elementor-element-8b991a8 elementor-widget elementor-widget-spacer\" data-id=\"8b991a8\" data-element_type=\"widget\" data-e-type=\"widget\" data-widget_type=\"spacer.default\">\n\t\t\t\t<div class=\"elementor-widget-container\">\n\t\t\t\t\t\t\t<div class=\"elementor-spacer\">\n\t\t\t<div class=\"elementor-spacer-inner\"><\/div>\n\t\t<\/div>\n\t\t\t\t\t\t<\/div>\n\t\t\t\t<\/div>\n\t\t\t\t\t<\/div>\n\t\t<\/div>\n\t\t\t\t\t<\/div>\n\t\t<\/section>\n\t\t\t\t<section class=\"elementor-section elementor-top-section elementor-element elementor-element-ae06423 elementor-section-boxed elementor-section-height-default elementor-section-height-default\" data-id=\"ae06423\" data-element_type=\"section\" data-e-type=\"section\">\n\t\t\t\t\t\t<div class=\"elementor-container elementor-column-gap-default\">\n\t\t\t\t\t<div class=\"elementor-column elementor-col-100 elementor-top-column elementor-element elementor-element-b90307d\" data-id=\"b90307d\" data-element_type=\"column\" data-e-type=\"column\">\n\t\t\t<div class=\"elementor-widget-wrap elementor-element-populated\">\n\t\t\t\t\t\t<div class=\"elementor-element elementor-element-8347112 elementor-widget elementor-widget-image\" data-id=\"8347112\" data-element_type=\"widget\" data-e-type=\"widget\" data-widget_type=\"image.default\">\n\t\t\t\t<div class=\"elementor-widget-container\">\n\t\t\t\t\t\t\t\t\t\t\t\t\t\t\t<img fetchpriority=\"high\" decoding=\"async\" width=\"1708\" height=\"650\" src=\"https:\/\/www2.unifap.br\/secretariado\/files\/2026\/03\/Banner-do-Master-Slide-_12_.png\" class=\"attachment-full size-full wp-image-10689\" alt=\"\" srcset=\"https:\/\/www2.unifap.br\/secretariado\/files\/2026\/03\/Banner-do-Master-Slide-_12_.png 1708w, https:\/\/www2.unifap.br\/secretariado\/files\/2026\/03\/Banner-do-Master-Slide-_12_-300x114.png 300w, https:\/\/www2.unifap.br\/secretariado\/files\/2026\/03\/Banner-do-Master-Slide-_12_-1024x390.png 1024w, https:\/\/www2.unifap.br\/secretariado\/files\/2026\/03\/Banner-do-Master-Slide-_12_-768x292.png 768w, https:\/\/www2.unifap.br\/secretariado\/files\/2026\/03\/Banner-do-Master-Slide-_12_-1536x585.png 1536w\" sizes=\"(max-width: 1708px) 100vw, 1708px\" \/>\t\t\t\t\t\t\t\t\t\t\t\t\t\t\t<\/div>\n\t\t\t\t<\/div>\n\t\t\t\t\t<\/div>\n\t\t<\/div>\n\t\t\t\t\t<\/div>\n\t\t<\/section>\n\t\t\t\t<section class=\"elementor-section elementor-top-section elementor-element elementor-element-991b5bb elementor-section-boxed elementor-section-height-default elementor-section-height-default\" data-id=\"991b5bb\" data-element_type=\"section\" data-e-type=\"section\">\n\t\t\t\t\t\t<div class=\"elementor-container elementor-column-gap-default\">\n\t\t\t\t\t<div class=\"elementor-column elementor-col-100 elementor-top-column elementor-element elementor-element-a12bb7f\" data-id=\"a12bb7f\" data-element_type=\"column\" data-e-type=\"column\">\n\t\t\t<div class=\"elementor-widget-wrap elementor-element-populated\">\n\t\t\t\t\t\t<div class=\"elementor-element elementor-element-1660705 elementor-widget elementor-widget-heading\" data-id=\"1660705\" data-element_type=\"widget\" data-e-type=\"widget\" data-widget_type=\"heading.default\">\n\t\t\t\t<div class=\"elementor-widget-container\">\n\t\t\t\t\t<h2 class=\"elementor-heading-title elementor-size-default\">Informa\u00e7\u00f5es importantes<\/h2>\t\t\t\t<\/div>\n\t\t\t\t<\/div>\n\t\t\t\t\t<\/div>\n\t\t<\/div>\n\t\t\t\t\t<\/div>\n\t\t<\/section>\n\t\t\t\t<section class=\"elementor-section elementor-top-section elementor-element elementor-element-24bbd51 elementor-section-boxed elementor-section-height-default elementor-section-height-default\" data-id=\"24bbd51\" data-element_type=\"section\" data-e-type=\"section\">\n\t\t\t\t\t\t<div class=\"elementor-container elementor-column-gap-default\">\n\t\t\t\t\t<div class=\"elementor-column elementor-col-100 elementor-top-column elementor-element elementor-element-13b4c71\" data-id=\"13b4c71\" data-element_type=\"column\" data-e-type=\"column\">\n\t\t\t<div class=\"elementor-widget-wrap elementor-element-populated\">\n\t\t\t\t\t\t<div class=\"elementor-element elementor-element-99561d5 elementor-widget elementor-widget-text-editor\" data-id=\"99561d5\" data-element_type=\"widget\" data-e-type=\"widget\" data-widget_type=\"text-editor.default\">\n\t\t\t\t<div class=\"elementor-widget-container\">\n\t\t\t\t\t\t\t\t\t<p><strong>Per\u00edodo de matr\u00edculas:<\/strong> 09 a 15 de mar\u00e7o de 2026;\u00a0<br \/><strong>Ajuste de matr\u00edcula:<\/strong> 19 e 20 de mar\u00e7o de 2026;<br \/><strong>In\u00edcio das aulas:<\/strong> 23 de mar\u00e7o de 2026;<br \/><strong>T\u00e9rmino das aulas:<\/strong> 25 de julho de 2026.<\/p><p>Para a realiza\u00e7\u00e3o das matr\u00edculas clique <a href=\"https:\/\/sigaa.unifap.br\/sigaa\/verTelaLogin.do\"><strong><span style=\"color: #0000ff\">aqui.<\/span><\/strong><\/a><\/p><p>Acesse tamb\u00e9m o <a href=\"https:\/\/www2.unifap.br\/secretariado\/matricula-no-sigaa-unifap\"><strong><span style=\"color: #0000ff\">Tutorial de Matr\u00edcula.<\/span><\/strong><\/a><\/p><p>Acesse tamb\u00e9m o <a href=\"http:\/\/www2.unifap.br\/secretariado\/files\/2025\/09\/CALENDARIO_ACADEMICO_2024_-_2025_assinado-4.pdf\" target=\"_blank\" rel=\"noopener\"><strong><span style=\"color: #0000ff\">Calend\u00e1rio Acad\u00eamico.<\/span><\/strong><\/a><\/p><p>E bons estudos.<\/p>\t\t\t\t\t\t\t\t<\/div>\n\t\t\t\t<\/div>\n\t\t\t\t\t<\/div>\n\t\t<\/div>\n\t\t\t\t\t<\/div>\n\t\t<\/section>\n\t\t\t\t<section class=\"elementor-section elementor-top-section elementor-element elementor-element-ff09509 elementor-section-boxed elementor-section-height-default elementor-section-height-default\" data-id=\"ff09509\" data-element_type=\"section\" data-e-type=\"section\">\n\t\t\t\t\t\t<div class=\"elementor-container elementor-column-gap-default\">\n\t\t\t\t\t<div class=\"elementor-column elementor-col-100 elementor-top-column elementor-element elementor-element-f1d70e4\" data-id=\"f1d70e4\" data-element_type=\"column\" data-e-type=\"column\">\n\t\t\t<div class=\"elementor-widget-wrap elementor-element-populated\">\n\t\t\t\t\t\t<div class=\"elementor-element elementor-element-640fb8d elementor-widget elementor-widget-image\" data-id=\"640fb8d\" data-element_type=\"widget\" data-e-type=\"widget\" data-widget_type=\"image.default\">\n\t\t\t\t<div class=\"elementor-widget-container\">\n\t\t\t\t\t\t\t\t\t\t\t\t\t\t\t<img decoding=\"async\" width=\"1453\" height=\"692\" src=\"https:\/\/www2.unifap.br\/secretariado\/files\/2026\/03\/2026.png\" class=\"attachment-full size-full wp-image-10691\" alt=\"\" srcset=\"https:\/\/www2.unifap.br\/secretariado\/files\/2026\/03\/2026.png 1453w, https:\/\/www2.unifap.br\/secretariado\/files\/2026\/03\/2026-300x143.png 300w, https:\/\/www2.unifap.br\/secretariado\/files\/2026\/03\/2026-1024x488.png 1024w, https:\/\/www2.unifap.br\/secretariado\/files\/2026\/03\/2026-768x366.png 768w\" sizes=\"(max-width: 1453px) 100vw, 1453px\" \/>\t\t\t\t\t\t\t\t\t\t\t\t\t\t\t<\/div>\n\t\t\t\t<\/div>\n\t\t\t\t<div class=\"elementor-element elementor-element-3e4df75 elementor-widget elementor-widget-image\" data-id=\"3e4df75\" data-element_type=\"widget\" data-e-type=\"widget\" data-widget_type=\"image.default\">\n\t\t\t\t<div class=\"elementor-widget-container\">\n\t\t\t\t\t\t\t\t\t\t\t\t\t\t\t<img decoding=\"async\" width=\"1445\" height=\"603\" src=\"https:\/\/www2.unifap.br\/secretariado\/files\/2026\/03\/2025.png\" class=\"attachment-full size-full wp-image-10692\" alt=\"\" srcset=\"https:\/\/www2.unifap.br\/secretariado\/files\/2026\/03\/2025.png 1445w, https:\/\/www2.unifap.br\/secretariado\/files\/2026\/03\/2025-300x125.png 300w, https:\/\/www2.unifap.br\/secretariado\/files\/2026\/03\/2025-1024x427.png 1024w, https:\/\/www2.unifap.br\/secretariado\/files\/2026\/03\/2025-768x320.png 768w\" sizes=\"(max-width: 1445px) 100vw, 1445px\" \/>\t\t\t\t\t\t\t\t\t\t\t\t\t\t\t<\/div>\n\t\t\t\t<\/div>\n\t\t\t\t<div class=\"elementor-element elementor-element-cb74dd2 elementor-widget elementor-widget-image\" data-id=\"cb74dd2\" data-element_type=\"widget\" data-e-type=\"widget\" data-widget_type=\"image.default\">\n\t\t\t\t<div class=\"elementor-widget-container\">\n\t\t\t\t\t\t\t\t\t\t\t\t\t\t\t<img loading=\"lazy\" decoding=\"async\" width=\"1456\" height=\"705\" src=\"https:\/\/www2.unifap.br\/secretariado\/files\/2026\/03\/2024.png\" class=\"attachment-full size-full wp-image-10693\" alt=\"\" srcset=\"https:\/\/www2.unifap.br\/secretariado\/files\/2026\/03\/2024.png 1456w, https:\/\/www2.unifap.br\/secretariado\/files\/2026\/03\/2024-300x145.png 300w, https:\/\/www2.unifap.br\/secretariado\/files\/2026\/03\/2024-1024x496.png 1024w, https:\/\/www2.unifap.br\/secretariado\/files\/2026\/03\/2024-768x372.png 768w\" sizes=\"(max-width: 1456px) 100vw, 1456px\" \/>\t\t\t\t\t\t\t\t\t\t\t\t\t\t\t<\/div>\n\t\t\t\t<\/div>\n\t\t\t\t\t<\/div>\n\t\t<\/div>\n\t\t\t\t\t<\/div>\n\t\t<\/section>\n\t\t\t\t<section class=\"elementor-section elementor-top-section elementor-element elementor-element-2a9a532 elementor-section-boxed elementor-section-height-default elementor-section-height-default\" data-id=\"2a9a532\" data-element_type=\"section\" data-e-type=\"section\">\n\t\t\t\t\t\t<div class=\"elementor-container elementor-column-gap-default\">\n\t\t\t\t\t<div class=\"elementor-column elementor-col-100 elementor-top-column elementor-element elementor-element-bba043c\" data-id=\"bba043c\" data-element_type=\"column\" data-e-type=\"column\">\n\t\t\t<div class=\"elementor-widget-wrap elementor-element-populated\">\n\t\t\t\t\t\t<div class=\"elementor-element elementor-element-ce46eab elementor-widget elementor-widget-spacer\" data-id=\"ce46eab\" data-element_type=\"widget\" data-e-type=\"widget\" data-widget_type=\"spacer.default\">\n\t\t\t\t<div class=\"elementor-widget-container\">\n\t\t\t\t\t\t\t<div class=\"elementor-spacer\">\n\t\t\t<div class=\"elementor-spacer-inner\"><\/div>\n\t\t<\/div>\n\t\t\t\t\t\t<\/div>\n\t\t\t\t<\/div>\n\t\t\t\t\t<\/div>\n\t\t<\/div>\n\t\t\t\t\t<\/div>\n\t\t<\/section>\n\t\t\t\t<section class=\"elementor-section elementor-top-section elementor-element elementor-element-85c043c elementor-section-boxed elementor-section-height-default elementor-section-height-default\" data-id=\"85c043c\" data-element_type=\"section\" data-e-type=\"section\">\n\t\t\t\t\t\t<div class=\"elementor-container elementor-column-gap-default\">\n\t\t\t\t\t<div class=\"elementor-column elementor-col-100 elementor-top-column elementor-element elementor-element-6f16008\" data-id=\"6f16008\" data-element_type=\"column\" data-e-type=\"column\">\n\t\t\t<div class=\"elementor-widget-wrap elementor-element-populated\">\n\t\t\t\t\t\t<div class=\"elementor-element elementor-element-4f05754 elementor-widget elementor-widget-spacer\" data-id=\"4f05754\" data-element_type=\"widget\" data-e-type=\"widget\" data-widget_type=\"spacer.default\">\n\t\t\t\t<div class=\"elementor-widget-container\">\n\t\t\t\t\t\t\t<div class=\"elementor-spacer\">\n\t\t\t<div class=\"elementor-spacer-inner\"><\/div>\n\t\t<\/div>\n\t\t\t\t\t\t<\/div>\n\t\t\t\t<\/div>\n\t\t\t\t\t<\/div>\n\t\t<\/div>\n\t\t\t\t\t<\/div>\n\t\t<\/section>\n\t\t\t\t<section class=\"elementor-section elementor-top-section elementor-element elementor-element-902796d elementor-section-boxed elementor-section-height-default elementor-section-height-default\" data-id=\"902796d\" data-element_type=\"section\" data-e-type=\"section\">\n\t\t\t\t\t\t<div class=\"elementor-container elementor-column-gap-default\">\n\t\t\t\t\t<div class=\"elementor-column elementor-col-100 elementor-top-column elementor-element elementor-element-79ab1ab\" data-id=\"79ab1ab\" data-element_type=\"column\" data-e-type=\"column\">\n\t\t\t<div class=\"elementor-widget-wrap elementor-element-populated\">\n\t\t\t\t\t\t<div class=\"elementor-element elementor-element-80e2b6d elementor-button-info elementor-widget elementor-widget-button\" data-id=\"80e2b6d\" data-element_type=\"widget\" data-e-type=\"widget\" data-widget_type=\"button.default\">\n\t\t\t\t<div class=\"elementor-widget-container\">\n\t\t\t\t\t\t\t\t\t<div class=\"elementor-button-wrapper\">\n\t\t\t\t\t<a class=\"elementor-button elementor-button-link elementor-size-md\" href=\"https:\/\/www2.unifap.br\/secretariado\">\n\t\t\t\t\t\t<span class=\"elementor-button-content-wrapper\">\n\t\t\t\t\t\t<span class=\"elementor-button-icon\">\n\t\t\t\t<i aria-hidden=\"true\" class=\"fas fa-home\"><\/i>\t\t\t<\/span>\n\t\t\t\t\t\t\t\t\t<span class=\"elementor-button-text\">Voltar<\/span>\n\t\t\t\t\t<\/span>\n\t\t\t\t\t<\/a>\n\t\t\t\t<\/div>\n\t\t\t\t\t\t\t\t<\/div>\n\t\t\t\t<\/div>\n\t\t\t\t\t<\/div>\n\t\t<\/div>\n\t\t\t\t\t<\/div>\n\t\t<\/section>\n\t\t\t\t<\/div>\n\t\t","protected":false},"excerpt":{"rendered":"<p>Informa\u00e7\u00f5es importantes Per\u00edodo de matr\u00edculas: 09 a 15 de mar\u00e7o de 2026;\u00a0Ajuste de matr\u00edcula: 19 e 20 de mar\u00e7o de 2026;In\u00edcio das aulas: 23 de mar\u00e7o de 2026;T\u00e9rmino das aulas: 25 de julho de 2026. Para a realiza\u00e7\u00e3o das matr\u00edculas clique aqui. Acesse tamb\u00e9m o Tutorial de Matr\u00edcula. Acesse tamb\u00e9m o Calend\u00e1rio Acad\u00eamico. E bons&#8230;<\/p>\n","protected":false},"author":2444,"featured_media":0,"parent":0,"menu_order":0,"comment_status":"open","ping_status":"open","template":"elementor_header_footer","meta":{"inline_featured_image":false,"ngg_post_thumbnail":0,"footnotes":""},"class_list":["post-491","page","type-page","status-publish","hentry","entry"],"_links":{"self":[{"href":"https:\/\/www2.unifap.br\/secretariado\/wp-json\/wp\/v2\/pages\/491","targetHints":{"allow":["GET"]}}],"collection":[{"href":"https:\/\/www2.unifap.br\/secretariado\/wp-json\/wp\/v2\/pages"}],"about":[{"href":"https:\/\/www2.unifap.br\/secretariado\/wp-json\/wp\/v2\/types\/page"}],"author":[{"embeddable":true,"href":"https:\/\/www2.unifap.br\/secretariado\/wp-json\/wp\/v2\/users\/2444"}],"replies":[{"embeddable":true,"href":"https:\/\/www2.unifap.br\/secretariado\/wp-json\/wp\/v2\/comments?post=491"}],"version-history":[{"count":222,"href":"https:\/\/www2.unifap.br\/secretariado\/wp-json\/wp\/v2\/pages\/491\/revisions"}],"predecessor-version":[{"id":10696,"href":"https:\/\/www2.unifap.br\/secretariado\/wp-json\/wp\/v2\/pages\/491\/revisions\/10696"}],"wp:attachment":[{"href":"https:\/\/www2.unifap.br\/secretariado\/wp-json\/wp\/v2\/media?parent=491"}],"curies":[{"name":"wp","href":"https:\/\/api.w.org\/{rel}","templated":true}]}}