{"id":5778,"date":"2022-07-05T10:32:11","date_gmt":"2022-07-05T13:32:11","guid":{"rendered":"https:\/\/www2.unifap.br\/secretariado\/?page_id=5778"},"modified":"2022-07-05T10:50:07","modified_gmt":"2022-07-05T13:50:07","slug":"eduroam","status":"publish","type":"page","link":"https:\/\/www2.unifap.br\/secretariado\/eduroam","title":{"rendered":"Eduroam"},"content":{"rendered":"\t\t<div data-elementor-type=\"wp-page\" data-elementor-id=\"5778\" class=\"elementor elementor-5778\">\n\t\t\t\t\t\t<section class=\"elementor-section elementor-top-section elementor-element elementor-element-45ddac8 elementor-section-height-min-height elementor-section-boxed elementor-section-height-default elementor-section-items-middle\" data-id=\"45ddac8\" data-element_type=\"section\" data-e-type=\"section\" data-settings=\"{&quot;background_background&quot;:&quot;classic&quot;}\">\n\t\t\t\t\t\t\t<div class=\"elementor-background-overlay\"><\/div>\n\t\t\t\t\t\t\t<div class=\"elementor-container elementor-column-gap-default\">\n\t\t\t\t\t<div class=\"elementor-column elementor-col-100 elementor-top-column elementor-element elementor-element-41ba254\" data-id=\"41ba254\" data-element_type=\"column\" data-e-type=\"column\">\n\t\t\t<div class=\"elementor-widget-wrap elementor-element-populated\">\n\t\t\t\t\t\t<div class=\"elementor-element elementor-element-36e9766 elementor-widget elementor-widget-heading\" data-id=\"36e9766\" data-element_type=\"widget\" data-e-type=\"widget\" data-widget_type=\"heading.default\">\n\t\t\t\t<div class=\"elementor-widget-container\">\n\t\t\t\t\t<h2 class=\"elementor-heading-title elementor-size-large\"><b>COMO ACESSAR O EDUROAM<\/b><\/h2>\t\t\t\t<\/div>\n\t\t\t\t<\/div>\n\t\t\t\t<div class=\"elementor-element elementor-element-7b77b21 elementor-widget-divider--view-line elementor-widget elementor-widget-divider\" data-id=\"7b77b21\" data-element_type=\"widget\" data-e-type=\"widget\" data-widget_type=\"divider.default\">\n\t\t\t\t<div class=\"elementor-widget-container\">\n\t\t\t\t\t\t\t<div class=\"elementor-divider\">\n\t\t\t<span class=\"elementor-divider-separator\">\n\t\t\t\t\t\t<\/span>\n\t\t<\/div>\n\t\t\t\t\t\t<\/div>\n\t\t\t\t<\/div>\n\t\t\t\t<div class=\"elementor-element elementor-element-2e3d58c elementor-widget elementor-widget-heading\" data-id=\"2e3d58c\" data-element_type=\"widget\" data-e-type=\"widget\" data-widget_type=\"heading.default\">\n\t\t\t\t<div class=\"elementor-widget-container\">\n\t\t\t\t\t<p class=\"elementor-heading-title elementor-size-large\"><b>AprendaM como acessar a Internet na UNIFAP nos diversos dispositivos.<\/b><\/p>\t\t\t\t<\/div>\n\t\t\t\t<\/div>\n\t\t\t\t\t<\/div>\n\t\t<\/div>\n\t\t\t\t\t<\/div>\n\t\t<\/section>\n\t\t\t\t<section class=\"elementor-section elementor-top-section elementor-element elementor-element-a26ccbd elementor-section-boxed elementor-section-height-default elementor-section-height-default\" data-id=\"a26ccbd\" data-element_type=\"section\" data-e-type=\"section\">\n\t\t\t\t\t\t<div class=\"elementor-container elementor-column-gap-default\">\n\t\t\t\t\t<div class=\"elementor-column elementor-col-100 elementor-top-column elementor-element elementor-element-a909ae3\" data-id=\"a909ae3\" data-element_type=\"column\" data-e-type=\"column\">\n\t\t\t<div class=\"elementor-widget-wrap elementor-element-populated\">\n\t\t\t\t\t\t<div class=\"elementor-element elementor-element-a1de055 elementor-widget elementor-widget-spacer\" data-id=\"a1de055\" data-element_type=\"widget\" data-e-type=\"widget\" data-widget_type=\"spacer.default\">\n\t\t\t\t<div class=\"elementor-widget-container\">\n\t\t\t\t\t\t\t<div class=\"elementor-spacer\">\n\t\t\t<div class=\"elementor-spacer-inner\"><\/div>\n\t\t<\/div>\n\t\t\t\t\t\t<\/div>\n\t\t\t\t<\/div>\n\t\t\t\t\t<\/div>\n\t\t<\/div>\n\t\t\t\t\t<\/div>\n\t\t<\/section>\n\t\t\t\t<section class=\"elementor-section elementor-top-section elementor-element elementor-element-9718b5f elementor-section-boxed elementor-section-height-default elementor-section-height-default\" data-id=\"9718b5f\" data-element_type=\"section\" data-e-type=\"section\">\n\t\t\t\t\t\t<div class=\"elementor-container elementor-column-gap-default\">\n\t\t\t\t\t<div class=\"elementor-column elementor-col-100 elementor-top-column elementor-element elementor-element-c14e91e\" data-id=\"c14e91e\" data-element_type=\"column\" data-e-type=\"column\">\n\t\t\t<div class=\"elementor-widget-wrap elementor-element-populated\">\n\t\t\t\t\t\t<div class=\"elementor-element elementor-element-00a5863 elementor-invisible elementor-widget elementor-widget-text-editor\" data-id=\"00a5863\" data-element_type=\"widget\" data-e-type=\"widget\" data-settings=\"{&quot;_animation&quot;:&quot;fadeIn&quot;}\" data-widget_type=\"text-editor.default\">\n\t\t\t\t<div class=\"elementor-widget-container\">\n\t\t\t\t\t\t\t\t\t<p><a href=\"http:\/\/www2.unifap.br\/nti\/files\/2016\/05\/Android.jpg\">Eduroam para Android<\/a><\/p><p><a href=\"http:\/\/www2.unifap.br\/nti\/files\/2017\/04\/iOS.jpg\">Eduroam para iOS<\/a><\/p><p><a href=\"http:\/\/www2.unifap.br\/nti\/files\/2017\/04\/Ubuntu.jpg\">Eduroam para Ubuntu<\/a><\/p><p><a href=\"http:\/\/www2.unifap.br\/nti\/files\/2017\/04\/Windows-71.jpg\">Eduroam para Windows 7<\/a><\/p><p><a href=\"http:\/\/www2.unifap.br\/nti\/files\/2017\/04\/Windows-10-mobile.jpg\">Eduroam para Windows 10 mobile<\/a><\/p><p><a href=\"http:\/\/www2.unifap.br\/nti\/files\/2017\/04\/Windows-10-pc.jpg\">Eduroam para Windows 10 pc<\/a><\/p>\t\t\t\t\t\t\t\t<\/div>\n\t\t\t\t<\/div>\n\t\t\t\t\t<\/div>\n\t\t<\/div>\n\t\t\t\t\t<\/div>\n\t\t<\/section>\n\t\t\t\t<section class=\"elementor-section elementor-top-section elementor-element elementor-element-8ba0fb6 elementor-section-boxed elementor-section-height-default elementor-section-height-default\" data-id=\"8ba0fb6\" data-element_type=\"section\" data-e-type=\"section\">\n\t\t\t\t\t\t<div class=\"elementor-container elementor-column-gap-default\">\n\t\t\t\t\t<div class=\"elementor-column elementor-col-100 elementor-top-column elementor-element elementor-element-1ac785c\" data-id=\"1ac785c\" data-element_type=\"column\" data-e-type=\"column\">\n\t\t\t<div class=\"elementor-widget-wrap elementor-element-populated\">\n\t\t\t\t\t\t<div class=\"elementor-element elementor-element-8b37cb7 elementor-invisible elementor-widget elementor-widget-text-editor\" data-id=\"8b37cb7\" data-element_type=\"widget\" data-e-type=\"widget\" data-settings=\"{&quot;_animation&quot;:&quot;fadeIn&quot;}\" data-widget_type=\"text-editor.default\">\n\t\t\t\t<div class=\"elementor-widget-container\">\n\t\t\t\t\t\t\t\t\t<p><span style=\"color: #ff0000\"><strong>Cr\u00e9ditos: N\u00facleo de Tecnologia da Informa\u00e7\u00e3o &#8211; NTI<\/strong><\/span><\/p>\t\t\t\t\t\t\t\t<\/div>\n\t\t\t\t<\/div>\n\t\t\t\t\t<\/div>\n\t\t<\/div>\n\t\t\t\t\t<\/div>\n\t\t<\/section>\n\t\t\t\t<section class=\"elementor-section elementor-top-section elementor-element elementor-element-67039f0 elementor-section-boxed elementor-section-height-default elementor-section-height-default\" data-id=\"67039f0\" data-element_type=\"section\" data-e-type=\"section\">\n\t\t\t\t\t\t<div class=\"elementor-container elementor-column-gap-default\">\n\t\t\t\t\t<div class=\"elementor-column elementor-col-100 elementor-top-column elementor-element elementor-element-db41999\" data-id=\"db41999\" data-element_type=\"column\" data-e-type=\"column\">\n\t\t\t<div class=\"elementor-widget-wrap elementor-element-populated\">\n\t\t\t\t\t\t<div class=\"elementor-element elementor-element-577f373 elementor-widget elementor-widget-spacer\" data-id=\"577f373\" data-element_type=\"widget\" data-e-type=\"widget\" data-widget_type=\"spacer.default\">\n\t\t\t\t<div class=\"elementor-widget-container\">\n\t\t\t\t\t\t\t<div class=\"elementor-spacer\">\n\t\t\t<div class=\"elementor-spacer-inner\"><\/div>\n\t\t<\/div>\n\t\t\t\t\t\t<\/div>\n\t\t\t\t<\/div>\n\t\t\t\t\t<\/div>\n\t\t<\/div>\n\t\t\t\t\t<\/div>\n\t\t<\/section>\n\t\t\t\t<section class=\"elementor-section elementor-top-section elementor-element elementor-element-ea78720 elementor-section-boxed elementor-section-height-default elementor-section-height-default\" data-id=\"ea78720\" data-element_type=\"section\" data-e-type=\"section\">\n\t\t\t\t\t\t<div class=\"elementor-container elementor-column-gap-default\">\n\t\t\t\t\t<div class=\"elementor-column elementor-col-100 elementor-top-column elementor-element elementor-element-687aa2e\" data-id=\"687aa2e\" data-element_type=\"column\" data-e-type=\"column\">\n\t\t\t<div class=\"elementor-widget-wrap elementor-element-populated\">\n\t\t\t\t\t\t<div class=\"elementor-element elementor-element-5ac10bb elementor-button-info elementor-widget elementor-widget-button\" data-id=\"5ac10bb\" data-element_type=\"widget\" data-e-type=\"widget\" data-widget_type=\"button.default\">\n\t\t\t\t<div class=\"elementor-widget-container\">\n\t\t\t\t\t\t\t\t\t<div class=\"elementor-button-wrapper\">\n\t\t\t\t\t<a class=\"elementor-button elementor-button-link elementor-size-md\" href=\"https:\/\/www2.unifap.br\/secretariado\">\n\t\t\t\t\t\t<span class=\"elementor-button-content-wrapper\">\n\t\t\t\t\t\t<span class=\"elementor-button-icon\">\n\t\t\t\t<i aria-hidden=\"true\" class=\"fas fa-home\"><\/i>\t\t\t<\/span>\n\t\t\t\t\t\t\t\t\t<span class=\"elementor-button-text\">Voltar<\/span>\n\t\t\t\t\t<\/span>\n\t\t\t\t\t<\/a>\n\t\t\t\t<\/div>\n\t\t\t\t\t\t\t\t<\/div>\n\t\t\t\t<\/div>\n\t\t\t\t\t<\/div>\n\t\t<\/div>\n\t\t\t\t\t<\/div>\n\t\t<\/section>\n\t\t\t\t<\/div>\n\t\t","protected":false},"excerpt":{"rendered":"<p>COMO ACESSAR O EDUROAM AprendaM como acessar a Internet na UNIFAP nos diversos dispositivos. Eduroam para Android Eduroam para iOS Eduroam para Ubuntu Eduroam para Windows 7 Eduroam para Windows 10 mobile Eduroam para Windows 10 pc Cr\u00e9ditos: N\u00facleo de Tecnologia da Informa\u00e7\u00e3o &#8211; NTI Voltar<\/p>\n","protected":false},"author":2444,"featured_media":0,"parent":0,"menu_order":0,"comment_status":"closed","ping_status":"closed","template":"elementor_header_footer","meta":{"inline_featured_image":false,"ngg_post_thumbnail":0,"footnotes":""},"class_list":["post-5778","page","type-page","status-publish","hentry","entry"],"_links":{"self":[{"href":"https:\/\/www2.unifap.br\/secretariado\/wp-json\/wp\/v2\/pages\/5778","targetHints":{"allow":["GET"]}}],"collection":[{"href":"https:\/\/www2.unifap.br\/secretariado\/wp-json\/wp\/v2\/pages"}],"about":[{"href":"https:\/\/www2.unifap.br\/secretariado\/wp-json\/wp\/v2\/types\/page"}],"author":[{"embeddable":true,"href":"https:\/\/www2.unifap.br\/secretariado\/wp-json\/wp\/v2\/users\/2444"}],"replies":[{"embeddable":true,"href":"https:\/\/www2.unifap.br\/secretariado\/wp-json\/wp\/v2\/comments?post=5778"}],"version-history":[{"count":36,"href":"https:\/\/www2.unifap.br\/secretariado\/wp-json\/wp\/v2\/pages\/5778\/revisions"}],"predecessor-version":[{"id":5821,"href":"https:\/\/www2.unifap.br\/secretariado\/wp-json\/wp\/v2\/pages\/5778\/revisions\/5821"}],"wp:attachment":[{"href":"https:\/\/www2.unifap.br\/secretariado\/wp-json\/wp\/v2\/media?parent=5778"}],"curies":[{"name":"wp","href":"https:\/\/api.w.org\/{rel}","templated":true}]}}