{"id":7096,"date":"2023-02-24T16:42:14","date_gmt":"2023-02-24T19:42:14","guid":{"rendered":"https:\/\/www2.unifap.br\/secretariado\/?page_id=7096"},"modified":"2023-02-28T10:41:45","modified_gmt":"2023-02-28T13:41:45","slug":"inscricao-do-tcc","status":"publish","type":"page","link":"https:\/\/www2.unifap.br\/secretariado\/inscricao-do-tcc","title":{"rendered":"Inscri\u00e7\u00e3o do TCC"},"content":{"rendered":"\t\t<div data-elementor-type=\"wp-page\" data-elementor-id=\"7096\" class=\"elementor elementor-7096\">\n\t\t\t\t\t\t<section class=\"elementor-section elementor-top-section elementor-element elementor-element-c4b4e6c elementor-section-height-min-height elementor-section-boxed elementor-section-height-default elementor-section-items-middle\" data-id=\"c4b4e6c\" data-element_type=\"section\" data-e-type=\"section\" data-settings=\"{&quot;background_background&quot;:&quot;classic&quot;}\">\n\t\t\t\t\t\t\t<div class=\"elementor-background-overlay\"><\/div>\n\t\t\t\t\t\t\t<div class=\"elementor-container elementor-column-gap-default\">\n\t\t\t\t\t<div class=\"elementor-column elementor-col-100 elementor-top-column elementor-element elementor-element-db65a52\" data-id=\"db65a52\" data-element_type=\"column\" data-e-type=\"column\">\n\t\t\t<div class=\"elementor-widget-wrap elementor-element-populated\">\n\t\t\t\t\t\t<div class=\"elementor-element elementor-element-e9eb39e elementor-widget elementor-widget-heading\" data-id=\"e9eb39e\" data-element_type=\"widget\" data-e-type=\"widget\" data-widget_type=\"heading.default\">\n\t\t\t\t<div class=\"elementor-widget-container\">\n\t\t\t\t\t<h2 class=\"elementor-heading-title elementor-size-large\"><b>TRABALHO DE CONCLUS\u00c3O DE CURSO<\/b><\/h2>\t\t\t\t<\/div>\n\t\t\t\t<\/div>\n\t\t\t\t<div class=\"elementor-element elementor-element-2865a23 elementor-widget-divider--view-line elementor-widget elementor-widget-divider\" data-id=\"2865a23\" data-element_type=\"widget\" data-e-type=\"widget\" data-widget_type=\"divider.default\">\n\t\t\t\t<div class=\"elementor-widget-container\">\n\t\t\t\t\t\t\t<div class=\"elementor-divider\">\n\t\t\t<span class=\"elementor-divider-separator\">\n\t\t\t\t\t\t<\/span>\n\t\t<\/div>\n\t\t\t\t\t\t<\/div>\n\t\t\t\t<\/div>\n\t\t\t\t<div class=\"elementor-element elementor-element-d80a583 elementor-widget elementor-widget-heading\" data-id=\"d80a583\" data-element_type=\"widget\" data-e-type=\"widget\" data-widget_type=\"heading.default\">\n\t\t\t\t<div class=\"elementor-widget-container\">\n\t\t\t\t\t<p class=\"elementor-heading-title elementor-size-large\"><b>Se\u00e7\u00e3o destinada sobre as informa\u00e7\u00f5es do regulamento do Trabalho de Conclus\u00e3o de Curso<\/b><\/p>\t\t\t\t<\/div>\n\t\t\t\t<\/div>\n\t\t\t\t\t<\/div>\n\t\t<\/div>\n\t\t\t\t\t<\/div>\n\t\t<\/section>\n\t\t\t\t<section class=\"elementor-section elementor-top-section elementor-element elementor-element-cba99ba elementor-section-boxed elementor-section-height-default elementor-section-height-default\" data-id=\"cba99ba\" data-element_type=\"section\" data-e-type=\"section\">\n\t\t\t\t\t\t<div class=\"elementor-container elementor-column-gap-default\">\n\t\t\t\t\t<div class=\"elementor-column elementor-col-100 elementor-top-column elementor-element elementor-element-1d43222\" data-id=\"1d43222\" data-element_type=\"column\" data-e-type=\"column\">\n\t\t\t<div class=\"elementor-widget-wrap elementor-element-populated\">\n\t\t\t\t\t\t<div class=\"elementor-element elementor-element-7bd47b5 elementor-widget elementor-widget-spacer\" data-id=\"7bd47b5\" data-element_type=\"widget\" data-e-type=\"widget\" data-widget_type=\"spacer.default\">\n\t\t\t\t<div class=\"elementor-widget-container\">\n\t\t\t\t\t\t\t<div class=\"elementor-spacer\">\n\t\t\t<div class=\"elementor-spacer-inner\"><\/div>\n\t\t<\/div>\n\t\t\t\t\t\t<\/div>\n\t\t\t\t<\/div>\n\t\t\t\t\t<\/div>\n\t\t<\/div>\n\t\t\t\t\t<\/div>\n\t\t<\/section>\n\t\t\t\t<section class=\"elementor-section elementor-top-section elementor-element elementor-element-641814a elementor-section-boxed elementor-section-height-default elementor-section-height-default\" data-id=\"641814a\" data-element_type=\"section\" data-e-type=\"section\">\n\t\t\t\t\t\t<div class=\"elementor-container elementor-column-gap-default\">\n\t\t\t\t\t<div class=\"elementor-column elementor-col-100 elementor-top-column elementor-element elementor-element-5046488\" data-id=\"5046488\" data-element_type=\"column\" data-e-type=\"column\">\n\t\t\t<div class=\"elementor-widget-wrap elementor-element-populated\">\n\t\t\t\t\t\t<div class=\"elementor-element elementor-element-6302d8a eael_simple_menu_hamburger_disable_selected_menu_no eael-simple-menu-hamburger-align-right eael-hamburger--tablet elementor-widget elementor-widget-eael-simple-menu\" data-id=\"6302d8a\" data-element_type=\"widget\" data-e-type=\"widget\" data-widget_type=\"eael-simple-menu.default\">\n\t\t\t\t<div class=\"elementor-widget-container\">\n\t\t\t\t\t<style>\n                        @media screen and (max-width: 1024px) {\n                            .eael-hamburger--tablet {\n                                .eael-simple-menu-horizontal,\n                                .eael-simple-menu-vertical {\n                                    display: none;\n                                }\n                            }\n                            .eael-hamburger--tablet {\n                                .eael-simple-menu-container .eael-simple-menu-toggle {\n                                    display: block;\n                                }\n                            }\n                        }\n                    <\/style>            <div data-hamburger-icon=\"&lt;i aria-hidden=&quot;true&quot; class=&quot;fas fa-bars&quot;&gt;&lt;\/i&gt;\" data-indicator-icon=\"&lt;i aria-hidden=&quot;true&quot; class=&quot;fas fa-angle-down&quot;&gt;&lt;\/i&gt;\" data-dropdown-indicator-icon=\"&lt;i class=&quot;fas fa-angle-down&quot;&gt;&lt;\/i&gt;\" class=\"eael-simple-menu-container eael-simple-menu-align-left eael-simple-menu-dropdown-align-left preset-1\" data-hamburger-breakpoints=\"{&quot;mobile&quot;:&quot;Dispositivos m\\u00f3veis no modo retrato (&gt; 767px)&quot;,&quot;tablet&quot;:&quot;Tablet no modo retrato (&gt; 1024px)&quot;,&quot;desktop&quot;:&quot;Desktop (&gt; 2400px)&quot;,&quot;none&quot;:&quot;Nenhum&quot;}\" data-hamburger-device=\"tablet\">\n                <ul id=\"menu-tcc\" class=\"eael-simple-menu eael-simple-menu-dropdown-animate-to-top eael-simple-menu-indicator eael-simple-menu-horizontal\"><li id=\"menu-item-7105\" class=\"menu-item menu-item-type-post_type menu-item-object-page menu-item-7105\"><a href=\"https:\/\/www2.unifap.br\/secretariado\/apresentacao-tcc\">Apresenta\u00e7\u00e3o<\/a><\/li>\n<li id=\"menu-item-7106\" class=\"menu-item menu-item-type-post_type menu-item-object-page menu-item-7106\"><a href=\"https:\/\/www2.unifap.br\/secretariado\/inscricao-do-tcc\">Inscri\u00e7\u00e3o do TCC<\/a><\/li>\n<li id=\"menu-item-7107\" class=\"menu-item menu-item-type-post_type menu-item-object-page menu-item-7107\"><a href=\"https:\/\/www2.unifap.br\/secretariado\/processo-de-avaliacao\">Processo de Avalia\u00e7\u00e3o<\/a><\/li>\n<li id=\"menu-item-7108\" class=\"menu-item menu-item-type-post_type menu-item-object-page menu-item-7108\"><a href=\"https:\/\/www2.unifap.br\/secretariado\/formularios-e-documentos\">Formul\u00e1rios e Documentos<\/a><\/li>\n<li id=\"menu-item-7109\" class=\"menu-item menu-item-type-post_type menu-item-object-page menu-item-7109\"><a href=\"https:\/\/www2.unifap.br\/secretariado\/repositorio-interno-de-tcc\">Reposit\u00f3rio Interno de TCC<\/a><\/li>\n<\/ul>                <button class=\"eael-simple-menu-toggle\">\n                    <span class=\"sr-only \">Menu de altern\u00e2ncia de hamb\u00farguer<\/span>\n                    <i aria-hidden=\"true\" class=\"fas fa-bars\"><\/i>                <\/button>\n            <\/div>\n            \t\t\t\t<\/div>\n\t\t\t\t<\/div>\n\t\t\t\t\t<\/div>\n\t\t<\/div>\n\t\t\t\t\t<\/div>\n\t\t<\/section>\n\t\t\t\t<section class=\"elementor-section elementor-top-section elementor-element elementor-element-92920ef elementor-section-boxed elementor-section-height-default elementor-section-height-default\" data-id=\"92920ef\" data-element_type=\"section\" data-e-type=\"section\">\n\t\t\t\t\t\t<div class=\"elementor-container elementor-column-gap-default\">\n\t\t\t\t\t<div class=\"elementor-column elementor-col-100 elementor-top-column elementor-element elementor-element-c0dda64\" data-id=\"c0dda64\" data-element_type=\"column\" data-e-type=\"column\">\n\t\t\t<div class=\"elementor-widget-wrap elementor-element-populated\">\n\t\t\t\t\t\t<div class=\"elementor-element elementor-element-831b6fa elementor-widget elementor-widget-spacer\" data-id=\"831b6fa\" data-element_type=\"widget\" data-e-type=\"widget\" data-widget_type=\"spacer.default\">\n\t\t\t\t<div class=\"elementor-widget-container\">\n\t\t\t\t\t\t\t<div class=\"elementor-spacer\">\n\t\t\t<div class=\"elementor-spacer-inner\"><\/div>\n\t\t<\/div>\n\t\t\t\t\t\t<\/div>\n\t\t\t\t<\/div>\n\t\t\t\t\t<\/div>\n\t\t<\/div>\n\t\t\t\t\t<\/div>\n\t\t<\/section>\n\t\t\t\t<section class=\"elementor-section elementor-top-section elementor-element elementor-element-0dc7e18 elementor-section-boxed elementor-section-height-default elementor-section-height-default\" data-id=\"0dc7e18\" data-element_type=\"section\" data-e-type=\"section\">\n\t\t\t\t\t\t<div class=\"elementor-container elementor-column-gap-default\">\n\t\t\t\t\t<div class=\"elementor-column elementor-col-100 elementor-top-column elementor-element elementor-element-ad4d4fb\" data-id=\"ad4d4fb\" data-element_type=\"column\" data-e-type=\"column\">\n\t\t\t<div class=\"elementor-widget-wrap elementor-element-populated\">\n\t\t\t\t\t\t<div class=\"elementor-element elementor-element-262c770 elementor-widget elementor-widget-heading\" data-id=\"262c770\" data-element_type=\"widget\" data-e-type=\"widget\" data-widget_type=\"heading.default\">\n\t\t\t\t<div class=\"elementor-widget-container\">\n\t\t\t\t\t<h2 class=\"elementor-heading-title elementor-size-default\">Inscri\u00e7\u00e3o do Projeto de TCC e do Processo de Orienta\u00e7\u00e3o<\/h2>\t\t\t\t<\/div>\n\t\t\t\t<\/div>\n\t\t\t\t\t<\/div>\n\t\t<\/div>\n\t\t\t\t\t<\/div>\n\t\t<\/section>\n\t\t\t\t<section class=\"elementor-section elementor-top-section elementor-element elementor-element-16e9ab8 elementor-section-boxed elementor-section-height-default elementor-section-height-default\" data-id=\"16e9ab8\" data-element_type=\"section\" data-e-type=\"section\">\n\t\t\t\t\t\t<div class=\"elementor-container elementor-column-gap-default\">\n\t\t\t\t\t<div class=\"elementor-column elementor-col-100 elementor-top-column elementor-element elementor-element-c203a84\" data-id=\"c203a84\" data-element_type=\"column\" data-e-type=\"column\">\n\t\t\t<div class=\"elementor-widget-wrap elementor-element-populated\">\n\t\t\t\t\t\t<div class=\"elementor-element elementor-element-a506f8e elementor-widget elementor-widget-text-editor\" data-id=\"a506f8e\" data-element_type=\"widget\" data-e-type=\"widget\" data-widget_type=\"text-editor.default\">\n\t\t\t\t<div class=\"elementor-widget-container\">\n\t\t\t\t\t\t\t\t\t<p>Para que seja efetuada a inscri\u00e7\u00e3o do projeto de TCC, o(a) acad\u00eamico(a) dever\u00e1:<\/p><p><strong>1.<\/strong> Preencher o formul\u00e1rio de inscri\u00e7\u00e3o e entregar \u00e0 Secretaria do Curso para as provid\u00eancias cab\u00edveis, sugerindo o nome do(a) orientador(a), em conson\u00e2ncia com a sua linha de pesquisa e com pelo menos uma das disciplinas previstas na Matriz Curricular do curso e respectivo conte\u00fado program\u00e1tico. O modelo encontra-se no<span style=\"color: #0000ff\"><b>\u00a0<a style=\"font-family: Roboto, sans-serif;background-color: #ffffff;font-size: 14px;color: #0000ff\" href=\"http:\/\/www2.unifap.br\/secretariado\/files\/2020\/11\/AP\u00caNDICE-B1.docx\" target=\"_blank\" rel=\"noopener\">Ap\u00eandice B1.<\/a><\/b><\/span><\/p><p><strong>a)<\/strong> A orienta\u00e7\u00e3o do TCC poder\u00e1 ser realizada por docente efetivo ou substituto da Universidade Federal do Amap\u00e1, admitindo-se, tamb\u00e9m, a participa\u00e7\u00e3o de Coorientador(a), de acordo com a especificidade do tema.<\/p><p><strong>b)<\/strong> Desde que previamente credenciado (a) pelo Colegiado do curso, a orienta\u00e7\u00e3o do TCC poder\u00e1 ser conduzida por docente n\u00e3o pertencente ao quadro de pessoal da Unifap, tendo prioridade ao credenciamento, o que j\u00e1 atuou no curso como professor(a) substituto(a).<\/p><p><strong>c)<\/strong> Qualquer altera\u00e7\u00e3o no processo de orienta\u00e7\u00e3o dever\u00e1 ser comunicada formalmente \u00e0 coordena\u00e7\u00e3o do curso qual a submeter\u00e1 a aprecia\u00e7\u00e3o e, se for o caso, \u00e0 delibera\u00e7\u00e3o, pelo Colegiado. Essa comunica\u00e7\u00e3o poder\u00e1 ser oficializada pelo professor orientador(a) ou pelo orientando(a).<\/p><p><strong>d)<\/strong> A delibera\u00e7\u00e3o e homologa\u00e7\u00e3o sobre a proposta de TCC do(a) acad\u00eamico(a) e sua efetiva inscri\u00e7\u00e3o, bem como a nomea\u00e7\u00e3o de outro(a) professor(a) orientador(a), caso o(a) orientador(a) sugerido(a) encontre-se com carga hor\u00e1ria de ensino preenchida, \u00e9 de responsabilidade do Colegiado do curso.<\/p><p><strong>e)<\/strong> Ap\u00f3s a homologa\u00e7\u00e3o da inscri\u00e7\u00e3o, pelo Colegiado, o coordenador do curso dever\u00e1 efetuar o registro de professor (a) orientador (a) e orientando (a) no Sistema de Gest\u00e3o e Administra\u00e7\u00e3o Acad\u00eamica (SIGAA), para que haja controle e o orientador(a), caso seja do quadro de docentes servidores da Unifap, possa computar, em seu Plano de Atividades Docentes (PAID), as horas destinadas \u00e0s orienta\u00e7\u00f5es.<\/p>\t\t\t\t\t\t\t\t<\/div>\n\t\t\t\t<\/div>\n\t\t\t\t\t<\/div>\n\t\t<\/div>\n\t\t\t\t\t<\/div>\n\t\t<\/section>\n\t\t\t\t<section class=\"elementor-section elementor-top-section elementor-element elementor-element-dc18c17 elementor-section-boxed elementor-section-height-default elementor-section-height-default\" data-id=\"dc18c17\" data-element_type=\"section\" data-e-type=\"section\">\n\t\t\t\t\t\t<div class=\"elementor-container elementor-column-gap-default\">\n\t\t\t\t\t<div class=\"elementor-column elementor-col-100 elementor-top-column elementor-element elementor-element-a5f65f7\" data-id=\"a5f65f7\" data-element_type=\"column\" data-e-type=\"column\">\n\t\t\t<div class=\"elementor-widget-wrap elementor-element-populated\">\n\t\t\t\t\t\t<div class=\"elementor-element elementor-element-920945d elementor-widget elementor-widget-heading\" data-id=\"920945d\" data-element_type=\"widget\" data-e-type=\"widget\" data-widget_type=\"heading.default\">\n\t\t\t\t<div class=\"elementor-widget-container\">\n\t\t\t\t\t<h2 class=\"elementor-heading-title elementor-size-default\">Do processo de elabora\u00e7\u00e3o<\/h2>\t\t\t\t<\/div>\n\t\t\t\t<\/div>\n\t\t\t\t\t<\/div>\n\t\t<\/div>\n\t\t\t\t\t<\/div>\n\t\t<\/section>\n\t\t\t\t<section class=\"elementor-section elementor-top-section elementor-element elementor-element-e6d0caf elementor-section-boxed elementor-section-height-default elementor-section-height-default\" data-id=\"e6d0caf\" data-element_type=\"section\" data-e-type=\"section\">\n\t\t\t\t\t\t<div class=\"elementor-container elementor-column-gap-default\">\n\t\t\t\t\t<div class=\"elementor-column elementor-col-33 elementor-top-column elementor-element elementor-element-0008cbd\" data-id=\"0008cbd\" data-element_type=\"column\" data-e-type=\"column\">\n\t\t\t<div class=\"elementor-widget-wrap elementor-element-populated\">\n\t\t\t\t\t\t<div class=\"elementor-element elementor-element-57d74d6 elementor-widget elementor-widget-image\" data-id=\"57d74d6\" data-element_type=\"widget\" data-e-type=\"widget\" data-widget_type=\"image.default\">\n\t\t\t\t<div class=\"elementor-widget-container\">\n\t\t\t\t\t\t\t\t\t\t\t\t\t\t\t<img fetchpriority=\"high\" decoding=\"async\" width=\"500\" height=\"383\" src=\"https:\/\/www2.unifap.br\/secretariado\/files\/2020\/04\/lattes_duvida-500x383.jpg\" class=\"attachment-full size-full wp-image-3016\" alt=\"\" srcset=\"https:\/\/www2.unifap.br\/secretariado\/files\/2020\/04\/lattes_duvida-500x383.jpg 500w, https:\/\/www2.unifap.br\/secretariado\/files\/2020\/04\/lattes_duvida-500x383-300x230.jpg 300w\" sizes=\"(max-width: 500px) 100vw, 500px\" \/>\t\t\t\t\t\t\t\t\t\t\t\t\t\t\t<\/div>\n\t\t\t\t<\/div>\n\t\t\t\t\t<\/div>\n\t\t<\/div>\n\t\t\t\t<div class=\"elementor-column elementor-col-66 elementor-top-column elementor-element elementor-element-029c2ca\" data-id=\"029c2ca\" data-element_type=\"column\" data-e-type=\"column\">\n\t\t\t<div class=\"elementor-widget-wrap elementor-element-populated\">\n\t\t\t\t\t\t<div class=\"elementor-element elementor-element-f98fab5 elementor-widget elementor-widget-text-editor\" data-id=\"f98fab5\" data-element_type=\"widget\" data-e-type=\"widget\" data-widget_type=\"text-editor.default\">\n\t\t\t\t<div class=\"elementor-widget-container\">\n\t\t\t\t\t\t\t\t\t<p><span style=\"color: #000000\">O Trabalho de Conclus\u00e3o de Curso poder\u00e1 ser elaborado individualmente, ou em grupo com at\u00e9 3 (tr\u00eas) componentes, quando houver desequil\u00edbrio entre a demanda de alunos e a disponibilidade de orientadores.<\/span><\/p><p><span style=\"color: #000000\">O processo de elabora\u00e7\u00e3o do TCC exige a defini\u00e7\u00e3o de uma agenda de compromissos m\u00fatuos entre orientador e orientando, a qual deve vir retratada em Ficha de Acompanhamento da Produ\u00e7\u00e3o do TCC com indicativo das atividades e dos encontros efetivados, conforme<span style=\"color: #0000ff\"><b>\u00a0<\/b><\/span><\/span><span style=\"color: #0000ff\"><a style=\"font-family: Roboto, sans-serif;background-color: #ffffff;font-size: 14px;color: #0000ff\" href=\"http:\/\/www2.unifap.br\/secretariado\/files\/2020\/11\/AP\u00caNDICE-B2.docx\" target=\"_blank\" rel=\"noopener\"><b>Ap\u00eandice B2.<\/b><\/a><\/span><\/p><p><span style=\"color: #000000\">Na modalidade Monografia e artigo cient\u00edfico o texto do TCC dever\u00e1 contemplar, no m\u00ednimo: a quest\u00e3o de pesquisa, o objetivo geral, relev\u00e2ncia da pesquisa, referencial te\u00f3rico, metodologia, an\u00e1lise e apresenta\u00e7\u00e3o dos resultados da pesquisa \u00e0 luz do aporte te\u00f3rico utilizado e refer\u00eancias bibliogr\u00e1ficas. Em refer\u00eancia ao projeto de TCC, contemplar: a quest\u00e3o de pesquisa, objetivo geral, objetivos espec\u00edficos, relev\u00e2ncia da pesquisa, referencial te\u00f3rico, metodologia, o cronograma de execu\u00e7\u00e3o e as refer\u00eancias bibliogr\u00e1ficas.<\/span><\/p>\t\t\t\t\t\t\t\t<\/div>\n\t\t\t\t<\/div>\n\t\t\t\t\t<\/div>\n\t\t<\/div>\n\t\t\t\t\t<\/div>\n\t\t<\/section>\n\t\t\t\t<section class=\"elementor-section elementor-top-section elementor-element elementor-element-6c47790 elementor-section-boxed elementor-section-height-default elementor-section-height-default\" data-id=\"6c47790\" data-element_type=\"section\" data-e-type=\"section\">\n\t\t\t\t\t\t<div class=\"elementor-container elementor-column-gap-default\">\n\t\t\t\t\t<div class=\"elementor-column elementor-col-100 elementor-top-column elementor-element elementor-element-43bd727\" data-id=\"43bd727\" data-element_type=\"column\" data-e-type=\"column\">\n\t\t\t<div class=\"elementor-widget-wrap elementor-element-populated\">\n\t\t\t\t\t\t<div class=\"elementor-element elementor-element-98d0c76 elementor-widget elementor-widget-text-editor\" data-id=\"98d0c76\" data-element_type=\"widget\" data-e-type=\"widget\" data-widget_type=\"text-editor.default\">\n\t\t\t\t<div class=\"elementor-widget-container\">\n\t\t\t\t\t\t\t\t\t<p><strong><span style=\"color: #000000\">Em rela\u00e7\u00e3o ao n\u00famero de laudas, o Artigo cient\u00edfico, em especial, dever\u00e1 ter entre quinze e vintes e cinco laudas; o projeto de TCC, at\u00e9 15 laudas. A observ\u00e2ncia \u00e0s normas da ABNT \u00e9 indispens\u00e1vel.<\/span><\/strong><\/p>\t\t\t\t\t\t\t\t<\/div>\n\t\t\t\t<\/div>\n\t\t\t\t\t<\/div>\n\t\t<\/div>\n\t\t\t\t\t<\/div>\n\t\t<\/section>\n\t\t\t\t<section class=\"elementor-section elementor-top-section elementor-element elementor-element-b69d727 elementor-section-boxed elementor-section-height-default elementor-section-height-default\" data-id=\"b69d727\" data-element_type=\"section\" data-e-type=\"section\">\n\t\t\t\t\t\t<div class=\"elementor-container elementor-column-gap-default\">\n\t\t\t\t\t<div class=\"elementor-column elementor-col-100 elementor-top-column elementor-element elementor-element-fd8f1c6\" data-id=\"fd8f1c6\" data-element_type=\"column\" data-e-type=\"column\">\n\t\t\t<div class=\"elementor-widget-wrap elementor-element-populated\">\n\t\t\t\t\t\t<div class=\"elementor-element elementor-element-3dff8ce elementor-widget elementor-widget-spacer\" data-id=\"3dff8ce\" data-element_type=\"widget\" data-e-type=\"widget\" data-widget_type=\"spacer.default\">\n\t\t\t\t<div class=\"elementor-widget-container\">\n\t\t\t\t\t\t\t<div class=\"elementor-spacer\">\n\t\t\t<div class=\"elementor-spacer-inner\"><\/div>\n\t\t<\/div>\n\t\t\t\t\t\t<\/div>\n\t\t\t\t<\/div>\n\t\t\t\t\t<\/div>\n\t\t<\/div>\n\t\t\t\t\t<\/div>\n\t\t<\/section>\n\t\t\t\t<section class=\"elementor-section elementor-top-section elementor-element elementor-element-a2d5ce4 elementor-section-boxed elementor-section-height-default elementor-section-height-default\" data-id=\"a2d5ce4\" data-element_type=\"section\" data-e-type=\"section\">\n\t\t\t\t\t\t<div class=\"elementor-container elementor-column-gap-default\">\n\t\t\t\t\t<div class=\"elementor-column elementor-col-100 elementor-top-column elementor-element elementor-element-622984f\" data-id=\"622984f\" data-element_type=\"column\" data-e-type=\"column\">\n\t\t\t<div class=\"elementor-widget-wrap elementor-element-populated\">\n\t\t\t\t\t\t<div class=\"elementor-element elementor-element-032bab8 elementor-button-info elementor-align-left elementor-widget elementor-widget-button\" data-id=\"032bab8\" data-element_type=\"widget\" data-e-type=\"widget\" data-widget_type=\"button.default\">\n\t\t\t\t<div class=\"elementor-widget-container\">\n\t\t\t\t\t\t\t\t\t<div class=\"elementor-button-wrapper\">\n\t\t\t\t\t<a class=\"elementor-button elementor-button-link elementor-size-md\" href=\"https:\/\/www2.unifap.br\/secretariado\/\">\n\t\t\t\t\t\t<span class=\"elementor-button-content-wrapper\">\n\t\t\t\t\t\t<span class=\"elementor-button-icon\">\n\t\t\t\t<i aria-hidden=\"true\" class=\"fas fa-home\"><\/i>\t\t\t<\/span>\n\t\t\t\t\t\t\t\t\t<span class=\"elementor-button-text\">In\u00edcio<\/span>\n\t\t\t\t\t<\/span>\n\t\t\t\t\t<\/a>\n\t\t\t\t<\/div>\n\t\t\t\t\t\t\t\t<\/div>\n\t\t\t\t<\/div>\n\t\t\t\t\t<\/div>\n\t\t<\/div>\n\t\t\t\t\t<\/div>\n\t\t<\/section>\n\t\t\t\t<\/div>\n\t\t","protected":false},"excerpt":{"rendered":"<p>TRABALHO DE CONCLUS\u00c3O DE CURSO Se\u00e7\u00e3o destinada sobre as informa\u00e7\u00f5es do regulamento do Trabalho de Conclus\u00e3o de Curso Apresenta\u00e7\u00e3o Inscri\u00e7\u00e3o do TCC Processo de Avalia\u00e7\u00e3o Formul\u00e1rios e Documentos Reposit\u00f3rio Interno de TCC Inscri\u00e7\u00e3o do Projeto de TCC e do Processo de Orienta\u00e7\u00e3o Para que seja efetuada a inscri\u00e7\u00e3o do projeto de TCC, o(a) acad\u00eamico(a) dever\u00e1:&#8230;<\/p>\n","protected":false},"author":814,"featured_media":0,"parent":0,"menu_order":0,"comment_status":"closed","ping_status":"closed","template":"elementor_header_footer","meta":{"inline_featured_image":false,"ngg_post_thumbnail":0,"footnotes":""},"class_list":["post-7096","page","type-page","status-publish","hentry","entry"],"_links":{"self":[{"href":"https:\/\/www2.unifap.br\/secretariado\/wp-json\/wp\/v2\/pages\/7096","targetHints":{"allow":["GET"]}}],"collection":[{"href":"https:\/\/www2.unifap.br\/secretariado\/wp-json\/wp\/v2\/pages"}],"about":[{"href":"https:\/\/www2.unifap.br\/secretariado\/wp-json\/wp\/v2\/types\/page"}],"author":[{"embeddable":true,"href":"https:\/\/www2.unifap.br\/secretariado\/wp-json\/wp\/v2\/users\/814"}],"replies":[{"embeddable":true,"href":"https:\/\/www2.unifap.br\/secretariado\/wp-json\/wp\/v2\/comments?post=7096"}],"version-history":[{"count":7,"href":"https:\/\/www2.unifap.br\/secretariado\/wp-json\/wp\/v2\/pages\/7096\/revisions"}],"predecessor-version":[{"id":7173,"href":"https:\/\/www2.unifap.br\/secretariado\/wp-json\/wp\/v2\/pages\/7096\/revisions\/7173"}],"wp:attachment":[{"href":"https:\/\/www2.unifap.br\/secretariado\/wp-json\/wp\/v2\/media?parent=7096"}],"curies":[{"name":"wp","href":"https:\/\/api.w.org\/{rel}","templated":true}]}}