{"id":7229,"date":"2023-03-03T09:49:39","date_gmt":"2023-03-03T12:49:39","guid":{"rendered":"https:\/\/www2.unifap.br\/secretariado\/?page_id=7229"},"modified":"2023-03-03T10:10:07","modified_gmt":"2023-03-03T13:10:07","slug":"estrutura-estagio-supervisionado","status":"publish","type":"page","link":"https:\/\/www2.unifap.br\/secretariado\/estrutura-estagio-supervisionado","title":{"rendered":"Estrutura"},"content":{"rendered":"\t\t<div data-elementor-type=\"wp-page\" data-elementor-id=\"7229\" class=\"elementor elementor-7229\">\n\t\t\t\t\t\t<section class=\"elementor-section elementor-top-section elementor-element elementor-element-7190dbe elementor-section-boxed elementor-section-height-default elementor-section-height-default\" data-id=\"7190dbe\" data-element_type=\"section\" data-e-type=\"section\">\n\t\t\t\t\t\t<div class=\"elementor-container elementor-column-gap-default\">\n\t\t\t\t\t<div class=\"elementor-column elementor-col-100 elementor-top-column elementor-element elementor-element-377e4e2\" data-id=\"377e4e2\" data-element_type=\"column\" data-e-type=\"column\">\n\t\t\t<div class=\"elementor-widget-wrap\">\n\t\t\t\t\t\t\t<\/div>\n\t\t<\/div>\n\t\t\t\t\t<\/div>\n\t\t<\/section>\n\t\t\t\t<section class=\"elementor-section elementor-top-section elementor-element elementor-element-7dad51e elementor-section-height-min-height elementor-section-boxed elementor-section-height-default elementor-section-items-middle\" data-id=\"7dad51e\" data-element_type=\"section\" data-e-type=\"section\" data-settings=\"{&quot;background_background&quot;:&quot;classic&quot;}\">\n\t\t\t\t\t\t\t<div class=\"elementor-background-overlay\"><\/div>\n\t\t\t\t\t\t\t<div class=\"elementor-container elementor-column-gap-default\">\n\t\t\t\t\t<div class=\"elementor-column elementor-col-100 elementor-top-column elementor-element elementor-element-4432190\" data-id=\"4432190\" data-element_type=\"column\" data-e-type=\"column\">\n\t\t\t<div class=\"elementor-widget-wrap elementor-element-populated\">\n\t\t\t\t\t\t<div class=\"elementor-element elementor-element-8dba6b6 elementor-widget elementor-widget-heading\" data-id=\"8dba6b6\" data-element_type=\"widget\" data-e-type=\"widget\" data-widget_type=\"heading.default\">\n\t\t\t\t<div class=\"elementor-widget-container\">\n\t\t\t\t\t<h2 class=\"elementor-heading-title elementor-size-large\"><b>EST\u00c1GIO SUPERVISIONADO<\/b><\/h2>\t\t\t\t<\/div>\n\t\t\t\t<\/div>\n\t\t\t\t<div class=\"elementor-element elementor-element-fa5b8e6 elementor-widget-divider--view-line elementor-widget elementor-widget-divider\" data-id=\"fa5b8e6\" data-element_type=\"widget\" data-e-type=\"widget\" data-widget_type=\"divider.default\">\n\t\t\t\t<div class=\"elementor-widget-container\">\n\t\t\t\t\t\t\t<div class=\"elementor-divider\">\n\t\t\t<span class=\"elementor-divider-separator\">\n\t\t\t\t\t\t<\/span>\n\t\t<\/div>\n\t\t\t\t\t\t<\/div>\n\t\t\t\t<\/div>\n\t\t\t\t<div class=\"elementor-element elementor-element-1be238d elementor-widget elementor-widget-heading\" data-id=\"1be238d\" data-element_type=\"widget\" data-e-type=\"widget\" data-widget_type=\"heading.default\">\n\t\t\t\t<div class=\"elementor-widget-container\">\n\t\t\t\t\t<p class=\"elementor-heading-title elementor-size-large\"><b>Se\u00e7\u00e3o destinada para as informa\u00e7\u00f5es do regulamento de Est\u00e1gio Supervisionado do Curso do Tecnologia em Secretariado<\/b><\/p>\t\t\t\t<\/div>\n\t\t\t\t<\/div>\n\t\t\t\t\t<\/div>\n\t\t<\/div>\n\t\t\t\t\t<\/div>\n\t\t<\/section>\n\t\t\t\t<section class=\"elementor-section elementor-top-section elementor-element elementor-element-e5bb70d elementor-section-boxed elementor-section-height-default elementor-section-height-default\" data-id=\"e5bb70d\" data-element_type=\"section\" data-e-type=\"section\">\n\t\t\t\t\t\t<div class=\"elementor-container elementor-column-gap-default\">\n\t\t\t\t\t<div class=\"elementor-column elementor-col-100 elementor-top-column elementor-element elementor-element-f0e3950\" data-id=\"f0e3950\" data-element_type=\"column\" data-e-type=\"column\">\n\t\t\t<div class=\"elementor-widget-wrap elementor-element-populated\">\n\t\t\t\t\t\t<div class=\"elementor-element elementor-element-5bbd9e9 elementor-widget elementor-widget-spacer\" data-id=\"5bbd9e9\" data-element_type=\"widget\" data-e-type=\"widget\" data-widget_type=\"spacer.default\">\n\t\t\t\t<div class=\"elementor-widget-container\">\n\t\t\t\t\t\t\t<div class=\"elementor-spacer\">\n\t\t\t<div class=\"elementor-spacer-inner\"><\/div>\n\t\t<\/div>\n\t\t\t\t\t\t<\/div>\n\t\t\t\t<\/div>\n\t\t\t\t\t<\/div>\n\t\t<\/div>\n\t\t\t\t\t<\/div>\n\t\t<\/section>\n\t\t\t\t<section class=\"elementor-section elementor-top-section elementor-element elementor-element-b120b0d elementor-section-boxed elementor-section-height-default elementor-section-height-default\" data-id=\"b120b0d\" data-element_type=\"section\" data-e-type=\"section\">\n\t\t\t\t\t\t<div class=\"elementor-container elementor-column-gap-default\">\n\t\t\t\t\t<div class=\"elementor-column elementor-col-100 elementor-top-column elementor-element elementor-element-532e76c\" data-id=\"532e76c\" data-element_type=\"column\" data-e-type=\"column\">\n\t\t\t<div class=\"elementor-widget-wrap elementor-element-populated\">\n\t\t\t\t\t\t<div class=\"elementor-element elementor-element-d3cde46 eael_simple_menu_hamburger_disable_selected_menu_no eael-simple-menu-hamburger-align-right eael-hamburger--tablet elementor-widget elementor-widget-eael-simple-menu\" data-id=\"d3cde46\" data-element_type=\"widget\" data-e-type=\"widget\" data-widget_type=\"eael-simple-menu.default\">\n\t\t\t\t<div class=\"elementor-widget-container\">\n\t\t\t\t\t<style>\n                        @media screen and (max-width: 1024px) {\n                            .eael-hamburger--tablet {\n                                .eael-simple-menu-horizontal,\n                                .eael-simple-menu-vertical {\n                                    display: none;\n                                }\n                            }\n                            .eael-hamburger--tablet {\n                                .eael-simple-menu-container .eael-simple-menu-toggle {\n                                    display: block;\n                                }\n                            }\n                        }\n                    <\/style>            <div data-hamburger-icon=\"&lt;i aria-hidden=&quot;true&quot; class=&quot;fas fa-bars&quot;&gt;&lt;\/i&gt;\" data-indicator-icon=\"&lt;i aria-hidden=&quot;true&quot; class=&quot;fas fa-angle-down&quot;&gt;&lt;\/i&gt;\" data-dropdown-indicator-icon=\"&lt;i class=&quot;fas fa-angle-down&quot;&gt;&lt;\/i&gt;\" class=\"eael-simple-menu-container eael-simple-menu-align-left eael-simple-menu-dropdown-align-left preset-1\" data-hamburger-breakpoints=\"{&quot;mobile&quot;:&quot;Dispositivos m\\u00f3veis no modo retrato (&gt; 767px)&quot;,&quot;tablet&quot;:&quot;Tablet no modo retrato (&gt; 1024px)&quot;,&quot;desktop&quot;:&quot;Desktop (&gt; 2400px)&quot;,&quot;none&quot;:&quot;Nenhum&quot;}\" data-hamburger-device=\"tablet\">\n                <ul id=\"menu-estagio-supervisionado\" class=\"eael-simple-menu eael-simple-menu-dropdown-animate-to-top eael-simple-menu-indicator eael-simple-menu-horizontal\"><li id=\"menu-item-7252\" class=\"menu-item menu-item-type-post_type menu-item-object-page menu-item-7252\"><a href=\"https:\/\/www2.unifap.br\/secretariado\/estagio-supervisionado\">Apresenta\u00e7\u00e3o<\/a><\/li>\n<li id=\"menu-item-7253\" class=\"menu-item menu-item-type-post_type menu-item-object-page menu-item-7253\"><a href=\"https:\/\/www2.unifap.br\/secretariado\/estrutura-estagio-supervisionado\">Estrutura<\/a><\/li>\n<li id=\"menu-item-7254\" class=\"menu-item menu-item-type-post_type menu-item-object-page menu-item-7254\"><a href=\"https:\/\/www2.unifap.br\/secretariado\/etapas-estagio-supervisionado\">Etapas<\/a><\/li>\n<li id=\"menu-item-7255\" class=\"menu-item menu-item-type-post_type menu-item-object-page menu-item-7255\"><a href=\"https:\/\/www2.unifap.br\/secretariado\/acompanhamento-estagio-supervisionado\">Acompanhamento<\/a><\/li>\n<li id=\"menu-item-7256\" class=\"menu-item menu-item-type-post_type menu-item-object-page menu-item-7256\"><a href=\"https:\/\/www2.unifap.br\/secretariado\/atribuicao-estagio-supervisionado\">Atribui\u00e7\u00f5es<\/a><\/li>\n<li id=\"menu-item-7257\" class=\"menu-item menu-item-type-post_type menu-item-object-page menu-item-7257\"><a href=\"https:\/\/www2.unifap.br\/secretariado\/documentos-estagio-supervisionado\">Documentos<\/a><\/li>\n<\/ul>                <button class=\"eael-simple-menu-toggle\">\n                    <span class=\"sr-only \">Menu de altern\u00e2ncia de hamb\u00farguer<\/span>\n                    <i aria-hidden=\"true\" class=\"fas fa-bars\"><\/i>                <\/button>\n            <\/div>\n            \t\t\t\t<\/div>\n\t\t\t\t<\/div>\n\t\t\t\t\t<\/div>\n\t\t<\/div>\n\t\t\t\t\t<\/div>\n\t\t<\/section>\n\t\t\t\t<section class=\"elementor-section elementor-top-section elementor-element elementor-element-4005a57 elementor-section-boxed elementor-section-height-default elementor-section-height-default\" data-id=\"4005a57\" data-element_type=\"section\" data-e-type=\"section\">\n\t\t\t\t\t\t<div class=\"elementor-container elementor-column-gap-default\">\n\t\t\t\t\t<div class=\"elementor-column elementor-col-100 elementor-top-column elementor-element elementor-element-97382ff\" data-id=\"97382ff\" data-element_type=\"column\" data-e-type=\"column\">\n\t\t\t<div class=\"elementor-widget-wrap elementor-element-populated\">\n\t\t\t\t\t\t<div class=\"elementor-element elementor-element-d81caa1 elementor-widget elementor-widget-spacer\" data-id=\"d81caa1\" data-element_type=\"widget\" data-e-type=\"widget\" data-widget_type=\"spacer.default\">\n\t\t\t\t<div class=\"elementor-widget-container\">\n\t\t\t\t\t\t\t<div class=\"elementor-spacer\">\n\t\t\t<div class=\"elementor-spacer-inner\"><\/div>\n\t\t<\/div>\n\t\t\t\t\t\t<\/div>\n\t\t\t\t<\/div>\n\t\t\t\t\t<\/div>\n\t\t<\/div>\n\t\t\t\t\t<\/div>\n\t\t<\/section>\n\t\t\t\t<section class=\"elementor-section elementor-top-section elementor-element elementor-element-0f229e6 elementor-section-boxed elementor-section-height-default elementor-section-height-default\" data-id=\"0f229e6\" data-element_type=\"section\" data-e-type=\"section\">\n\t\t\t\t\t\t<div class=\"elementor-container elementor-column-gap-default\">\n\t\t\t\t\t<div class=\"elementor-column elementor-col-100 elementor-top-column elementor-element elementor-element-fe88722\" data-id=\"fe88722\" data-element_type=\"column\" data-e-type=\"column\">\n\t\t\t<div class=\"elementor-widget-wrap elementor-element-populated\">\n\t\t\t\t\t\t<div class=\"elementor-element elementor-element-bc67e49 elementor-widget elementor-widget-heading\" data-id=\"bc67e49\" data-element_type=\"widget\" data-e-type=\"widget\" data-widget_type=\"heading.default\">\n\t\t\t\t<div class=\"elementor-widget-container\">\n\t\t\t\t\t<h2 class=\"elementor-heading-title elementor-size-default\">Estrutura:<\/h2>\t\t\t\t<\/div>\n\t\t\t\t<\/div>\n\t\t\t\t\t<\/div>\n\t\t<\/div>\n\t\t\t\t\t<\/div>\n\t\t<\/section>\n\t\t\t\t<section class=\"elementor-section elementor-top-section elementor-element elementor-element-8913038 elementor-section-boxed elementor-section-height-default elementor-section-height-default\" data-id=\"8913038\" data-element_type=\"section\" data-e-type=\"section\">\n\t\t\t\t\t\t<div class=\"elementor-container elementor-column-gap-default\">\n\t\t\t\t\t<div class=\"elementor-column elementor-col-100 elementor-top-column elementor-element elementor-element-898063e\" data-id=\"898063e\" data-element_type=\"column\" data-e-type=\"column\">\n\t\t\t<div class=\"elementor-widget-wrap elementor-element-populated\">\n\t\t\t\t\t\t<div class=\"elementor-element elementor-element-d74971a elementor-widget elementor-widget-text-editor\" data-id=\"d74971a\" data-element_type=\"widget\" data-e-type=\"widget\" data-widget_type=\"text-editor.default\">\n\t\t\t\t<div class=\"elementor-widget-container\">\n\t\t\t\t\t\t\t\t\t<p><span style=\"color: #000000\">Para realizar o Est\u00e1gio Curricular Supervisionado, o aluno dever\u00e1 estar regularmente matriculado no 4\u00ba semestre, conforme matriz curricular do curso, salvo casos espec\u00edficos. Ele ser\u00e1 desenvolvido a partir de atividades de observa\u00e7\u00e3o e participa\u00e7\u00e3o junto aos profissionais que realizam servi\u00e7os de secretariado nas organiza\u00e7\u00f5es e que contemplem, dentre outros:<\/span><\/p><p style=\"padding-left: 30px\"><span style=\"color: #000000\">I. Uso da inform\u00e1tica e novas tecnologias;<\/span><br \/><span style=\"color: #000000\">II. Elabora\u00e7\u00e3o de textos\/documentos em l\u00edngua materna e l\u00edngua estrangeira;<\/span><br \/><span style=\"color: #000000\">III. Emprego de t\u00e9cnicas secretariais;<\/span><br \/><span style=\"color: #000000\">IV. Exerc\u00edcio de t\u00e9cnicas de gest\u00e3o;<\/span><br \/><span style=\"color: #000000\">V. Assessoria executiva, cont\u00e1bil, estat\u00edstica e\/ou econ\u00f4mica;<\/span><br \/><span style=\"color: #000000\">VI. Servi\u00e7os de cerimonial, de recep\u00e7\u00e3o e\/ou protocolares;<\/span><br \/><span style=\"color: #000000\">VII. Utiliza\u00e7\u00e3o de procedimentos espec\u00edficos para documenta\u00e7\u00e3o e arquivo; e<\/span><br \/><span style=\"color: #000000\">VIII. Gest\u00e3o e acompanhamento de recursos humanos.<\/span><\/p><p><strong><span style=\"color: #000000\">O Est\u00e1gio Curricular Supervisionado possibilita ao estudante:<\/span><\/strong><\/p><p style=\"padding-left: 30px\"><span style=\"color: #000000\">I. Aplicar os conhecimentos te\u00f3ricos adquiridos, motivando os estudos e possibilitando<\/span><br \/><span style=\"color: #000000\">maior assimila\u00e7\u00e3o das disciplinas curriculares;<\/span><br \/><span style=\"color: #000000\">II. Facilitar o contato do acad\u00eamico de Tecnologia em Secretariado com o mercado de trabalho e o futuro campo de atua\u00e7\u00e3o profissional;<\/span><br \/><span style=\"color: #000000\">III. Sistematizar o trabalho, desenvolvendo a consci\u00eancia da produtividade, da observa\u00e7\u00e3o e do senso cr\u00edtico;<\/span><br \/><span style=\"color: #000000\">IV. Perceber eventuais defici\u00eancias e buscar seu aprimoramento na futura profiss\u00e3o;<\/span><br \/><span style=\"color: #000000\">VI. Conhecer as diretrizes, organiza\u00e7\u00e3o e funcionamento das entidades p\u00fablicas ou<\/span><br \/><span style=\"color: #000000\">privadas, o que pode motivar o desenvolvimento de pesquisa no campo de conhecimento.<\/span><\/p>\t\t\t\t\t\t\t\t<\/div>\n\t\t\t\t<\/div>\n\t\t\t\t\t<\/div>\n\t\t<\/div>\n\t\t\t\t\t<\/div>\n\t\t<\/section>\n\t\t\t\t<section class=\"elementor-section elementor-top-section elementor-element elementor-element-327d49c elementor-section-boxed elementor-section-height-default elementor-section-height-default\" data-id=\"327d49c\" data-element_type=\"section\" data-e-type=\"section\">\n\t\t\t\t\t\t<div class=\"elementor-container elementor-column-gap-default\">\n\t\t\t\t\t<div class=\"elementor-column elementor-col-100 elementor-top-column elementor-element elementor-element-38493e1\" data-id=\"38493e1\" data-element_type=\"column\" data-e-type=\"column\">\n\t\t\t<div class=\"elementor-widget-wrap elementor-element-populated\">\n\t\t\t\t\t\t<div class=\"elementor-element elementor-element-aab7274 elementor-widget elementor-widget-spacer\" data-id=\"aab7274\" data-element_type=\"widget\" data-e-type=\"widget\" data-widget_type=\"spacer.default\">\n\t\t\t\t<div class=\"elementor-widget-container\">\n\t\t\t\t\t\t\t<div class=\"elementor-spacer\">\n\t\t\t<div class=\"elementor-spacer-inner\"><\/div>\n\t\t<\/div>\n\t\t\t\t\t\t<\/div>\n\t\t\t\t<\/div>\n\t\t\t\t\t<\/div>\n\t\t<\/div>\n\t\t\t\t\t<\/div>\n\t\t<\/section>\n\t\t\t\t<section class=\"elementor-section elementor-top-section elementor-element elementor-element-f71618b elementor-section-boxed elementor-section-height-default elementor-section-height-default\" data-id=\"f71618b\" data-element_type=\"section\" data-e-type=\"section\">\n\t\t\t\t\t\t<div class=\"elementor-container elementor-column-gap-default\">\n\t\t\t\t\t<div class=\"elementor-column elementor-col-100 elementor-top-column elementor-element elementor-element-7756de7\" data-id=\"7756de7\" data-element_type=\"column\" data-e-type=\"column\">\n\t\t\t<div class=\"elementor-widget-wrap elementor-element-populated\">\n\t\t\t\t\t\t<div class=\"elementor-element elementor-element-0c1d591 elementor-button-info elementor-align-left elementor-widget elementor-widget-button\" data-id=\"0c1d591\" data-element_type=\"widget\" data-e-type=\"widget\" data-widget_type=\"button.default\">\n\t\t\t\t<div class=\"elementor-widget-container\">\n\t\t\t\t\t\t\t\t\t<div class=\"elementor-button-wrapper\">\n\t\t\t\t\t<a class=\"elementor-button elementor-button-link elementor-size-md\" href=\"https:\/\/www2.unifap.br\/secretariado\/\">\n\t\t\t\t\t\t<span class=\"elementor-button-content-wrapper\">\n\t\t\t\t\t\t<span class=\"elementor-button-icon\">\n\t\t\t\t<i aria-hidden=\"true\" class=\"fas fa-home\"><\/i>\t\t\t<\/span>\n\t\t\t\t\t\t\t\t\t<span class=\"elementor-button-text\">In\u00edcio<\/span>\n\t\t\t\t\t<\/span>\n\t\t\t\t\t<\/a>\n\t\t\t\t<\/div>\n\t\t\t\t\t\t\t\t<\/div>\n\t\t\t\t<\/div>\n\t\t\t\t\t<\/div>\n\t\t<\/div>\n\t\t\t\t\t<\/div>\n\t\t<\/section>\n\t\t\t\t<\/div>\n\t\t","protected":false},"excerpt":{"rendered":"<p>EST\u00c1GIO SUPERVISIONADO Se\u00e7\u00e3o destinada para as informa\u00e7\u00f5es do regulamento de Est\u00e1gio Supervisionado do Curso do Tecnologia em Secretariado Apresenta\u00e7\u00e3o Estrutura Etapas Acompanhamento Atribui\u00e7\u00e3o Documentos Estrutura: Para realizar o Est\u00e1gio Curricular Supervisionado, o aluno dever\u00e1 estar regularmente matriculado no 4\u00ba semestre, conforme matriz curricular do curso, salvo casos espec\u00edficos. Ele ser\u00e1 desenvolvido a partir de atividades&#8230;<\/p>\n","protected":false},"author":814,"featured_media":0,"parent":0,"menu_order":0,"comment_status":"closed","ping_status":"closed","template":"elementor_header_footer","meta":{"inline_featured_image":false,"ngg_post_thumbnail":0,"footnotes":""},"class_list":["post-7229","page","type-page","status-publish","hentry","entry"],"_links":{"self":[{"href":"https:\/\/www2.unifap.br\/secretariado\/wp-json\/wp\/v2\/pages\/7229","targetHints":{"allow":["GET"]}}],"collection":[{"href":"https:\/\/www2.unifap.br\/secretariado\/wp-json\/wp\/v2\/pages"}],"about":[{"href":"https:\/\/www2.unifap.br\/secretariado\/wp-json\/wp\/v2\/types\/page"}],"author":[{"embeddable":true,"href":"https:\/\/www2.unifap.br\/secretariado\/wp-json\/wp\/v2\/users\/814"}],"replies":[{"embeddable":true,"href":"https:\/\/www2.unifap.br\/secretariado\/wp-json\/wp\/v2\/comments?post=7229"}],"version-history":[{"count":5,"href":"https:\/\/www2.unifap.br\/secretariado\/wp-json\/wp\/v2\/pages\/7229\/revisions"}],"predecessor-version":[{"id":7285,"href":"https:\/\/www2.unifap.br\/secretariado\/wp-json\/wp\/v2\/pages\/7229\/revisions\/7285"}],"wp:attachment":[{"href":"https:\/\/www2.unifap.br\/secretariado\/wp-json\/wp\/v2\/media?parent=7229"}],"curies":[{"name":"wp","href":"https:\/\/api.w.org\/{rel}","templated":true}]}}