{"id":7231,"date":"2023-03-03T09:49:48","date_gmt":"2023-03-03T12:49:48","guid":{"rendered":"https:\/\/www2.unifap.br\/secretariado\/?page_id=7231"},"modified":"2023-03-03T10:11:41","modified_gmt":"2023-03-03T13:11:41","slug":"etapas-estagio-supervisionado","status":"publish","type":"page","link":"https:\/\/www2.unifap.br\/secretariado\/etapas-estagio-supervisionado","title":{"rendered":"Etapas"},"content":{"rendered":"\t\t<div data-elementor-type=\"wp-page\" data-elementor-id=\"7231\" class=\"elementor elementor-7231\">\n\t\t\t\t\t\t<section class=\"elementor-section elementor-top-section elementor-element elementor-element-1fd1473 elementor-section-height-min-height elementor-section-boxed elementor-section-height-default elementor-section-items-middle\" data-id=\"1fd1473\" data-element_type=\"section\" data-e-type=\"section\" data-settings=\"{&quot;background_background&quot;:&quot;classic&quot;}\">\n\t\t\t\t\t\t\t<div class=\"elementor-background-overlay\"><\/div>\n\t\t\t\t\t\t\t<div class=\"elementor-container elementor-column-gap-default\">\n\t\t\t\t\t<div class=\"elementor-column elementor-col-100 elementor-top-column elementor-element elementor-element-cf35ea6\" data-id=\"cf35ea6\" data-element_type=\"column\" data-e-type=\"column\">\n\t\t\t<div class=\"elementor-widget-wrap elementor-element-populated\">\n\t\t\t\t\t\t<div class=\"elementor-element elementor-element-18b3259 elementor-widget elementor-widget-heading\" data-id=\"18b3259\" data-element_type=\"widget\" data-e-type=\"widget\" data-widget_type=\"heading.default\">\n\t\t\t\t<div class=\"elementor-widget-container\">\n\t\t\t\t\t<h2 class=\"elementor-heading-title elementor-size-large\"><b>EST\u00c1GIO SUPERVISIONADO<\/b><\/h2>\t\t\t\t<\/div>\n\t\t\t\t<\/div>\n\t\t\t\t<div class=\"elementor-element elementor-element-06df47a elementor-widget-divider--view-line elementor-widget elementor-widget-divider\" data-id=\"06df47a\" data-element_type=\"widget\" data-e-type=\"widget\" data-widget_type=\"divider.default\">\n\t\t\t\t<div class=\"elementor-widget-container\">\n\t\t\t\t\t\t\t<div class=\"elementor-divider\">\n\t\t\t<span class=\"elementor-divider-separator\">\n\t\t\t\t\t\t<\/span>\n\t\t<\/div>\n\t\t\t\t\t\t<\/div>\n\t\t\t\t<\/div>\n\t\t\t\t<div class=\"elementor-element elementor-element-d9dc478 elementor-widget elementor-widget-heading\" data-id=\"d9dc478\" data-element_type=\"widget\" data-e-type=\"widget\" data-widget_type=\"heading.default\">\n\t\t\t\t<div class=\"elementor-widget-container\">\n\t\t\t\t\t<p class=\"elementor-heading-title elementor-size-large\"><b>Se\u00e7\u00e3o destinada para as informa\u00e7\u00f5es do regulamento de Est\u00e1gio Supervisionado do Curso do Tecnologia em Secretariado<\/b><\/p>\t\t\t\t<\/div>\n\t\t\t\t<\/div>\n\t\t\t\t\t<\/div>\n\t\t<\/div>\n\t\t\t\t\t<\/div>\n\t\t<\/section>\n\t\t\t\t<section class=\"elementor-section elementor-top-section elementor-element elementor-element-454f407 elementor-section-boxed elementor-section-height-default elementor-section-height-default\" data-id=\"454f407\" data-element_type=\"section\" data-e-type=\"section\">\n\t\t\t\t\t\t<div class=\"elementor-container elementor-column-gap-default\">\n\t\t\t\t\t<div class=\"elementor-column elementor-col-100 elementor-top-column elementor-element elementor-element-d6e6506\" data-id=\"d6e6506\" data-element_type=\"column\" data-e-type=\"column\">\n\t\t\t<div class=\"elementor-widget-wrap elementor-element-populated\">\n\t\t\t\t\t\t<div class=\"elementor-element elementor-element-4ce135b elementor-widget elementor-widget-spacer\" data-id=\"4ce135b\" data-element_type=\"widget\" data-e-type=\"widget\" data-widget_type=\"spacer.default\">\n\t\t\t\t<div class=\"elementor-widget-container\">\n\t\t\t\t\t\t\t<div class=\"elementor-spacer\">\n\t\t\t<div class=\"elementor-spacer-inner\"><\/div>\n\t\t<\/div>\n\t\t\t\t\t\t<\/div>\n\t\t\t\t<\/div>\n\t\t\t\t\t<\/div>\n\t\t<\/div>\n\t\t\t\t\t<\/div>\n\t\t<\/section>\n\t\t\t\t<section class=\"elementor-section elementor-top-section elementor-element elementor-element-3d95f1e elementor-section-boxed elementor-section-height-default elementor-section-height-default\" data-id=\"3d95f1e\" data-element_type=\"section\" data-e-type=\"section\">\n\t\t\t\t\t\t<div class=\"elementor-container elementor-column-gap-default\">\n\t\t\t\t\t<div class=\"elementor-column elementor-col-100 elementor-top-column elementor-element elementor-element-9f1f024\" data-id=\"9f1f024\" data-element_type=\"column\" data-e-type=\"column\">\n\t\t\t<div class=\"elementor-widget-wrap elementor-element-populated\">\n\t\t\t\t\t\t<div class=\"elementor-element elementor-element-fd4dfcb eael_simple_menu_hamburger_disable_selected_menu_no eael-simple-menu-hamburger-align-right eael-hamburger--tablet elementor-widget elementor-widget-eael-simple-menu\" data-id=\"fd4dfcb\" data-element_type=\"widget\" data-e-type=\"widget\" data-widget_type=\"eael-simple-menu.default\">\n\t\t\t\t<div class=\"elementor-widget-container\">\n\t\t\t\t\t<style>\n                        @media screen and (max-width: 1024px) {\n                            .eael-hamburger--tablet {\n                                .eael-simple-menu-horizontal,\n                                .eael-simple-menu-vertical {\n                                    display: none;\n                                }\n                            }\n                            .eael-hamburger--tablet {\n                                .eael-simple-menu-container .eael-simple-menu-toggle {\n                                    display: block;\n                                }\n                            }\n                        }\n                    <\/style>            <div data-hamburger-icon=\"&lt;i aria-hidden=&quot;true&quot; class=&quot;fas fa-bars&quot;&gt;&lt;\/i&gt;\" data-indicator-icon=\"&lt;i aria-hidden=&quot;true&quot; class=&quot;fas fa-angle-down&quot;&gt;&lt;\/i&gt;\" data-dropdown-indicator-icon=\"&lt;i class=&quot;fas fa-angle-down&quot;&gt;&lt;\/i&gt;\" class=\"eael-simple-menu-container eael-simple-menu-align-left eael-simple-menu-dropdown-align-left preset-1\" data-hamburger-breakpoints=\"{&quot;mobile&quot;:&quot;Dispositivos m\\u00f3veis no modo retrato (&gt; 767px)&quot;,&quot;tablet&quot;:&quot;Tablet no modo retrato (&gt; 1024px)&quot;,&quot;desktop&quot;:&quot;Desktop (&gt; 2400px)&quot;,&quot;none&quot;:&quot;Nenhum&quot;}\" data-hamburger-device=\"tablet\">\n                <ul id=\"menu-estagio-supervisionado\" class=\"eael-simple-menu eael-simple-menu-dropdown-animate-to-top eael-simple-menu-indicator eael-simple-menu-horizontal\"><li id=\"menu-item-7252\" class=\"menu-item menu-item-type-post_type menu-item-object-page menu-item-7252\"><a href=\"https:\/\/www2.unifap.br\/secretariado\/estagio-supervisionado\">Apresenta\u00e7\u00e3o<\/a><\/li>\n<li id=\"menu-item-7253\" class=\"menu-item menu-item-type-post_type menu-item-object-page menu-item-7253\"><a href=\"https:\/\/www2.unifap.br\/secretariado\/estrutura-estagio-supervisionado\">Estrutura<\/a><\/li>\n<li id=\"menu-item-7254\" class=\"menu-item menu-item-type-post_type menu-item-object-page menu-item-7254\"><a href=\"https:\/\/www2.unifap.br\/secretariado\/etapas-estagio-supervisionado\">Etapas<\/a><\/li>\n<li id=\"menu-item-7255\" class=\"menu-item menu-item-type-post_type menu-item-object-page menu-item-7255\"><a href=\"https:\/\/www2.unifap.br\/secretariado\/acompanhamento-estagio-supervisionado\">Acompanhamento<\/a><\/li>\n<li id=\"menu-item-7256\" class=\"menu-item menu-item-type-post_type menu-item-object-page menu-item-7256\"><a href=\"https:\/\/www2.unifap.br\/secretariado\/atribuicao-estagio-supervisionado\">Atribui\u00e7\u00f5es<\/a><\/li>\n<li id=\"menu-item-7257\" class=\"menu-item menu-item-type-post_type menu-item-object-page menu-item-7257\"><a href=\"https:\/\/www2.unifap.br\/secretariado\/documentos-estagio-supervisionado\">Documentos<\/a><\/li>\n<\/ul>                <button class=\"eael-simple-menu-toggle\">\n                    <span class=\"sr-only \">Menu de altern\u00e2ncia de hamb\u00farguer<\/span>\n                    <i aria-hidden=\"true\" class=\"fas fa-bars\"><\/i>                <\/button>\n            <\/div>\n            \t\t\t\t<\/div>\n\t\t\t\t<\/div>\n\t\t\t\t\t<\/div>\n\t\t<\/div>\n\t\t\t\t\t<\/div>\n\t\t<\/section>\n\t\t\t\t<section class=\"elementor-section elementor-top-section elementor-element elementor-element-3064a12 elementor-section-boxed elementor-section-height-default elementor-section-height-default\" data-id=\"3064a12\" data-element_type=\"section\" data-e-type=\"section\">\n\t\t\t\t\t\t<div class=\"elementor-container elementor-column-gap-default\">\n\t\t\t\t\t<div class=\"elementor-column elementor-col-100 elementor-top-column elementor-element elementor-element-9dfbd3e\" data-id=\"9dfbd3e\" data-element_type=\"column\" data-e-type=\"column\">\n\t\t\t<div class=\"elementor-widget-wrap elementor-element-populated\">\n\t\t\t\t\t\t<div class=\"elementor-element elementor-element-5eba9de elementor-widget elementor-widget-spacer\" data-id=\"5eba9de\" data-element_type=\"widget\" data-e-type=\"widget\" data-widget_type=\"spacer.default\">\n\t\t\t\t<div class=\"elementor-widget-container\">\n\t\t\t\t\t\t\t<div class=\"elementor-spacer\">\n\t\t\t<div class=\"elementor-spacer-inner\"><\/div>\n\t\t<\/div>\n\t\t\t\t\t\t<\/div>\n\t\t\t\t<\/div>\n\t\t\t\t\t<\/div>\n\t\t<\/div>\n\t\t\t\t\t<\/div>\n\t\t<\/section>\n\t\t\t\t<section class=\"elementor-section elementor-top-section elementor-element elementor-element-480607b elementor-section-boxed elementor-section-height-default elementor-section-height-default\" data-id=\"480607b\" data-element_type=\"section\" data-e-type=\"section\">\n\t\t\t\t\t\t<div class=\"elementor-container elementor-column-gap-default\">\n\t\t\t\t\t<div class=\"elementor-column elementor-col-100 elementor-top-column elementor-element elementor-element-506ea4c\" data-id=\"506ea4c\" data-element_type=\"column\" data-e-type=\"column\">\n\t\t\t<div class=\"elementor-widget-wrap elementor-element-populated\">\n\t\t\t\t\t\t<div class=\"elementor-element elementor-element-6ebb56e elementor-widget elementor-widget-heading\" data-id=\"6ebb56e\" data-element_type=\"widget\" data-e-type=\"widget\" data-widget_type=\"heading.default\">\n\t\t\t\t<div class=\"elementor-widget-container\">\n\t\t\t\t\t<h2 class=\"elementor-heading-title elementor-size-default\">Etapas:<\/h2>\t\t\t\t<\/div>\n\t\t\t\t<\/div>\n\t\t\t\t\t<\/div>\n\t\t<\/div>\n\t\t\t\t\t<\/div>\n\t\t<\/section>\n\t\t\t\t<section class=\"elementor-section elementor-top-section elementor-element elementor-element-6ceb3af elementor-section-boxed elementor-section-height-default elementor-section-height-default\" data-id=\"6ceb3af\" data-element_type=\"section\" data-e-type=\"section\">\n\t\t\t\t\t\t<div class=\"elementor-container elementor-column-gap-default\">\n\t\t\t\t\t<div class=\"elementor-column elementor-col-50 elementor-top-column elementor-element elementor-element-aa4b997\" data-id=\"aa4b997\" data-element_type=\"column\" data-e-type=\"column\">\n\t\t\t<div class=\"elementor-widget-wrap elementor-element-populated\">\n\t\t\t\t\t\t<div class=\"elementor-element elementor-element-115681a elementor-widget elementor-widget-text-editor\" data-id=\"115681a\" data-element_type=\"widget\" data-e-type=\"widget\" data-widget_type=\"text-editor.default\">\n\t\t\t\t<div class=\"elementor-widget-container\">\n\t\t\t\t\t\t\t\t\t<p><strong><span style=\"color: #000000\">Como componente curricular do curso, ele ser\u00e1 composto das seguintes etapas:<\/span><\/strong><\/p><p><span style=\"color: #000000\">I. <strong>Diagn\u00f3stica<\/strong>: caracterizada pela observa\u00e7\u00e3o e contextualiza\u00e7\u00e3o dos espa\u00e7os de atua\u00e7\u00e3o profissional, visando identificar condi\u00e7\u00f5es estruturais, materiais, humanas, administrativas e organizacionais do campo de est\u00e1gio, dentre outros aspectos pertinentes \u00e0 forma\u00e7\u00e3o;<\/span><br \/><span style=\"color: #000000\">II. <strong>Projetual<\/strong>: caracterizada pela tessitura de Plano de A\u00e7\u00e3o (<a href=\"http:\/\/www2.unifap.br\/secretariado\/files\/2020\/11\/AP\u00caNDICE-C4.docx\" target=\"_blank\" rel=\"noopener\"><strong><span style=\"color: #0000ff\">Ap\u00eandice C4<\/span><\/strong><\/a>), de car\u00e1ter investigativo e interventivo, fundado nos dados levantados na fase Diagn\u00f3stica;<\/span><br \/><span style=\"color: #000000\">III. <strong>Interventiva<\/strong>: caracterizada pela execu\u00e7\u00e3o do Plano de A\u00e7\u00e3o (<a href=\"http:\/\/www2.unifap.br\/secretariado\/files\/2020\/11\/AP\u00caNDICE-C4.docx\" target=\"_blank\" rel=\"noopener\"><span style=\"color: #0000ff\"><strong>Ap\u00eandice C4<\/strong><\/span><\/a>) no campo de Est\u00e1gio, observado o calend\u00e1rio de atividades da Institui\u00e7\u00e3o Concedente;<\/span><br \/><span style=\"color: #000000\">IV. <strong>Sistematizadora<\/strong>: caracterizada pela elabora\u00e7\u00e3o do Relat\u00f3rio de Est\u00e1gio (contemplando o <a href=\"http:\/\/www2.unifap.br\/secretariado\/files\/2020\/11\/AP\u00caNDICE-C4.docx\" target=\"_blank\" rel=\"noopener\"><span style=\"color: #0000ff\"><strong>Plano de A\u00e7\u00e3o \u2013 Ap\u00eandice C4<\/strong><\/span><\/a>), documento-s\u00edntese da produ\u00e7\u00e3o do conhecimento, constru\u00eddo no decurso das fases Diagn\u00f3stica, Projetual e Interventiva.<\/span><\/p>\t\t\t\t\t\t\t\t<\/div>\n\t\t\t\t<\/div>\n\t\t\t\t\t<\/div>\n\t\t<\/div>\n\t\t\t\t<div class=\"elementor-column elementor-col-50 elementor-top-column elementor-element elementor-element-1d9e4d4\" data-id=\"1d9e4d4\" data-element_type=\"column\" data-e-type=\"column\">\n\t\t\t<div class=\"elementor-widget-wrap elementor-element-populated\">\n\t\t\t\t\t\t<div class=\"elementor-element elementor-element-040bea1 elementor-widget elementor-widget-image\" data-id=\"040bea1\" data-element_type=\"widget\" data-e-type=\"widget\" data-widget_type=\"image.default\">\n\t\t\t\t<div class=\"elementor-widget-container\">\n\t\t\t\t\t\t\t\t\t\t\t\t\t\t\t<img fetchpriority=\"high\" decoding=\"async\" width=\"707\" height=\"500\" src=\"https:\/\/www2.unifap.br\/secretariado\/files\/2020\/05\/stressed_g5-scalia-gallery-fullwidth.jpg\" class=\"attachment-large size-large wp-image-3051\" alt=\"\" srcset=\"https:\/\/www2.unifap.br\/secretariado\/files\/2020\/05\/stressed_g5-scalia-gallery-fullwidth.jpg 707w, https:\/\/www2.unifap.br\/secretariado\/files\/2020\/05\/stressed_g5-scalia-gallery-fullwidth-300x212.jpg 300w\" sizes=\"(max-width: 707px) 100vw, 707px\" \/>\t\t\t\t\t\t\t\t\t\t\t\t\t\t\t<\/div>\n\t\t\t\t<\/div>\n\t\t\t\t\t<\/div>\n\t\t<\/div>\n\t\t\t\t\t<\/div>\n\t\t<\/section>\n\t\t\t\t<section class=\"elementor-section elementor-top-section elementor-element elementor-element-0baf2c5 elementor-section-boxed elementor-section-height-default elementor-section-height-default\" data-id=\"0baf2c5\" data-element_type=\"section\" data-e-type=\"section\">\n\t\t\t\t\t\t<div class=\"elementor-container elementor-column-gap-default\">\n\t\t\t\t\t<div class=\"elementor-column elementor-col-100 elementor-top-column elementor-element elementor-element-e825e94\" data-id=\"e825e94\" data-element_type=\"column\" data-e-type=\"column\">\n\t\t\t<div class=\"elementor-widget-wrap elementor-element-populated\">\n\t\t\t\t\t\t<div class=\"elementor-element elementor-element-819a10f elementor-widget elementor-widget-spacer\" data-id=\"819a10f\" data-element_type=\"widget\" data-e-type=\"widget\" data-widget_type=\"spacer.default\">\n\t\t\t\t<div class=\"elementor-widget-container\">\n\t\t\t\t\t\t\t<div class=\"elementor-spacer\">\n\t\t\t<div class=\"elementor-spacer-inner\"><\/div>\n\t\t<\/div>\n\t\t\t\t\t\t<\/div>\n\t\t\t\t<\/div>\n\t\t\t\t\t<\/div>\n\t\t<\/div>\n\t\t\t\t\t<\/div>\n\t\t<\/section>\n\t\t\t\t<section class=\"elementor-section elementor-top-section elementor-element elementor-element-1e05979 elementor-section-boxed elementor-section-height-default elementor-section-height-default\" data-id=\"1e05979\" data-element_type=\"section\" data-e-type=\"section\">\n\t\t\t\t\t\t<div class=\"elementor-container elementor-column-gap-default\">\n\t\t\t\t\t<div class=\"elementor-column elementor-col-100 elementor-top-column elementor-element elementor-element-bf7ed2b\" data-id=\"bf7ed2b\" data-element_type=\"column\" data-e-type=\"column\">\n\t\t\t<div class=\"elementor-widget-wrap elementor-element-populated\">\n\t\t\t\t\t\t<div class=\"elementor-element elementor-element-2d04c51 elementor-button-info elementor-align-left elementor-widget elementor-widget-button\" data-id=\"2d04c51\" data-element_type=\"widget\" data-e-type=\"widget\" data-widget_type=\"button.default\">\n\t\t\t\t<div class=\"elementor-widget-container\">\n\t\t\t\t\t\t\t\t\t<div class=\"elementor-button-wrapper\">\n\t\t\t\t\t<a class=\"elementor-button elementor-button-link elementor-size-md\" href=\"https:\/\/www2.unifap.br\/secretariado\/\">\n\t\t\t\t\t\t<span class=\"elementor-button-content-wrapper\">\n\t\t\t\t\t\t<span class=\"elementor-button-icon\">\n\t\t\t\t<i aria-hidden=\"true\" class=\"fas fa-home\"><\/i>\t\t\t<\/span>\n\t\t\t\t\t\t\t\t\t<span class=\"elementor-button-text\">In\u00edcio<\/span>\n\t\t\t\t\t<\/span>\n\t\t\t\t\t<\/a>\n\t\t\t\t<\/div>\n\t\t\t\t\t\t\t\t<\/div>\n\t\t\t\t<\/div>\n\t\t\t\t\t<\/div>\n\t\t<\/div>\n\t\t\t\t\t<\/div>\n\t\t<\/section>\n\t\t\t\t<\/div>\n\t\t","protected":false},"excerpt":{"rendered":"<p>EST\u00c1GIO SUPERVISIONADO Se\u00e7\u00e3o destinada para as informa\u00e7\u00f5es do regulamento de Est\u00e1gio Supervisionado do Curso do Tecnologia em Secretariado Apresenta\u00e7\u00e3o Estrutura Etapas Acompanhamento Atribui\u00e7\u00e3o Documentos Etapas: Como componente curricular do curso, ele ser\u00e1 composto das seguintes etapas: I. Diagn\u00f3stica: caracterizada pela observa\u00e7\u00e3o e contextualiza\u00e7\u00e3o dos espa\u00e7os de atua\u00e7\u00e3o profissional, visando identificar condi\u00e7\u00f5es estruturais, materiais, humanas, administrativas&#8230;<\/p>\n","protected":false},"author":814,"featured_media":0,"parent":0,"menu_order":0,"comment_status":"closed","ping_status":"closed","template":"elementor_header_footer","meta":{"inline_featured_image":false,"ngg_post_thumbnail":0,"footnotes":""},"class_list":["post-7231","page","type-page","status-publish","hentry","entry"],"_links":{"self":[{"href":"https:\/\/www2.unifap.br\/secretariado\/wp-json\/wp\/v2\/pages\/7231","targetHints":{"allow":["GET"]}}],"collection":[{"href":"https:\/\/www2.unifap.br\/secretariado\/wp-json\/wp\/v2\/pages"}],"about":[{"href":"https:\/\/www2.unifap.br\/secretariado\/wp-json\/wp\/v2\/types\/page"}],"author":[{"embeddable":true,"href":"https:\/\/www2.unifap.br\/secretariado\/wp-json\/wp\/v2\/users\/814"}],"replies":[{"embeddable":true,"href":"https:\/\/www2.unifap.br\/secretariado\/wp-json\/wp\/v2\/comments?post=7231"}],"version-history":[{"count":5,"href":"https:\/\/www2.unifap.br\/secretariado\/wp-json\/wp\/v2\/pages\/7231\/revisions"}],"predecessor-version":[{"id":7289,"href":"https:\/\/www2.unifap.br\/secretariado\/wp-json\/wp\/v2\/pages\/7231\/revisions\/7289"}],"wp:attachment":[{"href":"https:\/\/www2.unifap.br\/secretariado\/wp-json\/wp\/v2\/media?parent=7231"}],"curies":[{"name":"wp","href":"https:\/\/api.w.org\/{rel}","templated":true}]}}