{"id":7233,"date":"2023-03-03T09:49:57","date_gmt":"2023-03-03T12:49:57","guid":{"rendered":"https:\/\/www2.unifap.br\/secretariado\/?page_id=7233"},"modified":"2023-03-03T10:15:34","modified_gmt":"2023-03-03T13:15:34","slug":"acompanhamento-estagio-supervisionado","status":"publish","type":"page","link":"https:\/\/www2.unifap.br\/secretariado\/acompanhamento-estagio-supervisionado","title":{"rendered":"Acompanhamento"},"content":{"rendered":"\t\t<div data-elementor-type=\"wp-page\" data-elementor-id=\"7233\" class=\"elementor elementor-7233\">\n\t\t\t\t\t\t<section class=\"elementor-section elementor-top-section elementor-element elementor-element-14c8cbe elementor-section-boxed elementor-section-height-default elementor-section-height-default\" data-id=\"14c8cbe\" data-element_type=\"section\" data-e-type=\"section\">\n\t\t\t\t\t\t<div class=\"elementor-container elementor-column-gap-default\">\n\t\t\t\t\t<div class=\"elementor-column elementor-col-100 elementor-top-column elementor-element elementor-element-2ee4626\" data-id=\"2ee4626\" data-element_type=\"column\" data-e-type=\"column\">\n\t\t\t<div class=\"elementor-widget-wrap\">\n\t\t\t\t\t\t\t<\/div>\n\t\t<\/div>\n\t\t\t\t\t<\/div>\n\t\t<\/section>\n\t\t\t\t<section class=\"elementor-section elementor-top-section elementor-element elementor-element-0cd24c8 elementor-section-height-min-height elementor-section-boxed elementor-section-height-default elementor-section-items-middle\" data-id=\"0cd24c8\" data-element_type=\"section\" data-e-type=\"section\" data-settings=\"{&quot;background_background&quot;:&quot;classic&quot;}\">\n\t\t\t\t\t\t\t<div class=\"elementor-background-overlay\"><\/div>\n\t\t\t\t\t\t\t<div class=\"elementor-container elementor-column-gap-default\">\n\t\t\t\t\t<div class=\"elementor-column elementor-col-100 elementor-top-column elementor-element elementor-element-e5b9d71\" data-id=\"e5b9d71\" data-element_type=\"column\" data-e-type=\"column\">\n\t\t\t<div class=\"elementor-widget-wrap elementor-element-populated\">\n\t\t\t\t\t\t<div class=\"elementor-element elementor-element-6ef8b70 elementor-widget elementor-widget-heading\" data-id=\"6ef8b70\" data-element_type=\"widget\" data-e-type=\"widget\" data-widget_type=\"heading.default\">\n\t\t\t\t<div class=\"elementor-widget-container\">\n\t\t\t\t\t<h2 class=\"elementor-heading-title elementor-size-large\"><b>EST\u00c1GIO SUPERVISIONADO<\/b><\/h2>\t\t\t\t<\/div>\n\t\t\t\t<\/div>\n\t\t\t\t<div class=\"elementor-element elementor-element-5d886fa elementor-widget-divider--view-line elementor-widget elementor-widget-divider\" data-id=\"5d886fa\" data-element_type=\"widget\" data-e-type=\"widget\" data-widget_type=\"divider.default\">\n\t\t\t\t<div class=\"elementor-widget-container\">\n\t\t\t\t\t\t\t<div class=\"elementor-divider\">\n\t\t\t<span class=\"elementor-divider-separator\">\n\t\t\t\t\t\t<\/span>\n\t\t<\/div>\n\t\t\t\t\t\t<\/div>\n\t\t\t\t<\/div>\n\t\t\t\t<div class=\"elementor-element elementor-element-f0fa5d8 elementor-widget elementor-widget-heading\" data-id=\"f0fa5d8\" data-element_type=\"widget\" data-e-type=\"widget\" data-widget_type=\"heading.default\">\n\t\t\t\t<div class=\"elementor-widget-container\">\n\t\t\t\t\t<p class=\"elementor-heading-title elementor-size-large\"><b>Se\u00e7\u00e3o destinada para as informa\u00e7\u00f5es do regulamento de Est\u00e1gio Supervisionado do Curso do Tecnologia em Secretariado<\/b><\/p>\t\t\t\t<\/div>\n\t\t\t\t<\/div>\n\t\t\t\t\t<\/div>\n\t\t<\/div>\n\t\t\t\t\t<\/div>\n\t\t<\/section>\n\t\t\t\t<section class=\"elementor-section elementor-top-section elementor-element elementor-element-7f237a3 elementor-section-boxed elementor-section-height-default elementor-section-height-default\" data-id=\"7f237a3\" data-element_type=\"section\" data-e-type=\"section\">\n\t\t\t\t\t\t<div class=\"elementor-container elementor-column-gap-default\">\n\t\t\t\t\t<div class=\"elementor-column elementor-col-100 elementor-top-column elementor-element elementor-element-1c4b15e\" data-id=\"1c4b15e\" data-element_type=\"column\" data-e-type=\"column\">\n\t\t\t<div class=\"elementor-widget-wrap elementor-element-populated\">\n\t\t\t\t\t\t<div class=\"elementor-element elementor-element-9daea9f elementor-widget elementor-widget-spacer\" data-id=\"9daea9f\" data-element_type=\"widget\" data-e-type=\"widget\" data-widget_type=\"spacer.default\">\n\t\t\t\t<div class=\"elementor-widget-container\">\n\t\t\t\t\t\t\t<div class=\"elementor-spacer\">\n\t\t\t<div class=\"elementor-spacer-inner\"><\/div>\n\t\t<\/div>\n\t\t\t\t\t\t<\/div>\n\t\t\t\t<\/div>\n\t\t\t\t\t<\/div>\n\t\t<\/div>\n\t\t\t\t\t<\/div>\n\t\t<\/section>\n\t\t\t\t<section class=\"elementor-section elementor-top-section elementor-element elementor-element-098fdfd elementor-section-boxed elementor-section-height-default elementor-section-height-default\" data-id=\"098fdfd\" data-element_type=\"section\" data-e-type=\"section\">\n\t\t\t\t\t\t<div class=\"elementor-container elementor-column-gap-default\">\n\t\t\t\t\t<div class=\"elementor-column elementor-col-100 elementor-top-column elementor-element elementor-element-4671126\" data-id=\"4671126\" data-element_type=\"column\" data-e-type=\"column\">\n\t\t\t<div class=\"elementor-widget-wrap elementor-element-populated\">\n\t\t\t\t\t\t<div class=\"elementor-element elementor-element-a56b6fd eael_simple_menu_hamburger_disable_selected_menu_no eael-simple-menu-hamburger-align-right eael-hamburger--tablet elementor-widget elementor-widget-eael-simple-menu\" data-id=\"a56b6fd\" data-element_type=\"widget\" data-e-type=\"widget\" data-widget_type=\"eael-simple-menu.default\">\n\t\t\t\t<div class=\"elementor-widget-container\">\n\t\t\t\t\t<style>\n                        @media screen and (max-width: 1024px) {\n                            .eael-hamburger--tablet {\n                                .eael-simple-menu-horizontal,\n                                .eael-simple-menu-vertical {\n                                    display: none;\n                                }\n                            }\n                            .eael-hamburger--tablet {\n                                .eael-simple-menu-container .eael-simple-menu-toggle {\n                                    display: block;\n                                }\n                            }\n                        }\n                    <\/style>            <div data-hamburger-icon=\"&lt;i aria-hidden=&quot;true&quot; class=&quot;fas fa-bars&quot;&gt;&lt;\/i&gt;\" data-indicator-icon=\"&lt;i aria-hidden=&quot;true&quot; class=&quot;fas fa-angle-down&quot;&gt;&lt;\/i&gt;\" data-dropdown-indicator-icon=\"&lt;i class=&quot;fas fa-angle-down&quot;&gt;&lt;\/i&gt;\" class=\"eael-simple-menu-container eael-simple-menu-align-left eael-simple-menu-dropdown-align-left preset-1\" data-hamburger-breakpoints=\"{&quot;mobile&quot;:&quot;Dispositivos m\\u00f3veis no modo retrato (&gt; 767px)&quot;,&quot;tablet&quot;:&quot;Tablet no modo retrato (&gt; 1024px)&quot;,&quot;desktop&quot;:&quot;Desktop (&gt; 2400px)&quot;,&quot;none&quot;:&quot;Nenhum&quot;}\" data-hamburger-device=\"tablet\">\n                <ul id=\"menu-estagio-supervisionado\" class=\"eael-simple-menu eael-simple-menu-dropdown-animate-to-top eael-simple-menu-indicator eael-simple-menu-horizontal\"><li id=\"menu-item-7252\" class=\"menu-item menu-item-type-post_type menu-item-object-page menu-item-7252\"><a href=\"https:\/\/www2.unifap.br\/secretariado\/estagio-supervisionado\">Apresenta\u00e7\u00e3o<\/a><\/li>\n<li id=\"menu-item-7253\" class=\"menu-item menu-item-type-post_type menu-item-object-page menu-item-7253\"><a href=\"https:\/\/www2.unifap.br\/secretariado\/estrutura-estagio-supervisionado\">Estrutura<\/a><\/li>\n<li id=\"menu-item-7254\" class=\"menu-item menu-item-type-post_type menu-item-object-page menu-item-7254\"><a href=\"https:\/\/www2.unifap.br\/secretariado\/etapas-estagio-supervisionado\">Etapas<\/a><\/li>\n<li id=\"menu-item-7255\" class=\"menu-item menu-item-type-post_type menu-item-object-page menu-item-7255\"><a href=\"https:\/\/www2.unifap.br\/secretariado\/acompanhamento-estagio-supervisionado\">Acompanhamento<\/a><\/li>\n<li id=\"menu-item-7256\" class=\"menu-item menu-item-type-post_type menu-item-object-page menu-item-7256\"><a href=\"https:\/\/www2.unifap.br\/secretariado\/atribuicao-estagio-supervisionado\">Atribui\u00e7\u00f5es<\/a><\/li>\n<li id=\"menu-item-7257\" class=\"menu-item menu-item-type-post_type menu-item-object-page menu-item-7257\"><a href=\"https:\/\/www2.unifap.br\/secretariado\/documentos-estagio-supervisionado\">Documentos<\/a><\/li>\n<\/ul>                <button class=\"eael-simple-menu-toggle\">\n                    <span class=\"sr-only \">Menu de altern\u00e2ncia de hamb\u00farguer<\/span>\n                    <i aria-hidden=\"true\" class=\"fas fa-bars\"><\/i>                <\/button>\n            <\/div>\n            \t\t\t\t<\/div>\n\t\t\t\t<\/div>\n\t\t\t\t\t<\/div>\n\t\t<\/div>\n\t\t\t\t\t<\/div>\n\t\t<\/section>\n\t\t\t\t<section class=\"elementor-section elementor-top-section elementor-element elementor-element-12de27e elementor-section-boxed elementor-section-height-default elementor-section-height-default\" data-id=\"12de27e\" data-element_type=\"section\" data-e-type=\"section\">\n\t\t\t\t\t\t<div class=\"elementor-container elementor-column-gap-default\">\n\t\t\t\t\t<div class=\"elementor-column elementor-col-100 elementor-top-column elementor-element elementor-element-a25fede\" data-id=\"a25fede\" data-element_type=\"column\" data-e-type=\"column\">\n\t\t\t<div class=\"elementor-widget-wrap elementor-element-populated\">\n\t\t\t\t\t\t<div class=\"elementor-element elementor-element-60e96fa elementor-widget elementor-widget-spacer\" data-id=\"60e96fa\" data-element_type=\"widget\" data-e-type=\"widget\" data-widget_type=\"spacer.default\">\n\t\t\t\t<div class=\"elementor-widget-container\">\n\t\t\t\t\t\t\t<div class=\"elementor-spacer\">\n\t\t\t<div class=\"elementor-spacer-inner\"><\/div>\n\t\t<\/div>\n\t\t\t\t\t\t<\/div>\n\t\t\t\t<\/div>\n\t\t\t\t\t<\/div>\n\t\t<\/div>\n\t\t\t\t\t<\/div>\n\t\t<\/section>\n\t\t\t\t<section class=\"elementor-section elementor-top-section elementor-element elementor-element-00571ed elementor-section-boxed elementor-section-height-default elementor-section-height-default\" data-id=\"00571ed\" data-element_type=\"section\" data-e-type=\"section\">\n\t\t\t\t\t\t<div class=\"elementor-container elementor-column-gap-default\">\n\t\t\t\t\t<div class=\"elementor-column elementor-col-100 elementor-top-column elementor-element elementor-element-b7684e5\" data-id=\"b7684e5\" data-element_type=\"column\" data-e-type=\"column\">\n\t\t\t<div class=\"elementor-widget-wrap elementor-element-populated\">\n\t\t\t\t\t\t<div class=\"elementor-element elementor-element-f6ad708 elementor-widget elementor-widget-heading\" data-id=\"f6ad708\" data-element_type=\"widget\" data-e-type=\"widget\" data-widget_type=\"heading.default\">\n\t\t\t\t<div class=\"elementor-widget-container\">\n\t\t\t\t\t<h2 class=\"elementor-heading-title elementor-size-default\">Implementa\u00e7\u00e3o e Acompanhamento:<\/h2>\t\t\t\t<\/div>\n\t\t\t\t<\/div>\n\t\t\t\t\t<\/div>\n\t\t<\/div>\n\t\t\t\t\t<\/div>\n\t\t<\/section>\n\t\t\t\t<section class=\"elementor-section elementor-top-section elementor-element elementor-element-7ce2564 elementor-section-boxed elementor-section-height-default elementor-section-height-default\" data-id=\"7ce2564\" data-element_type=\"section\" data-e-type=\"section\">\n\t\t\t\t\t\t<div class=\"elementor-container elementor-column-gap-default\">\n\t\t\t\t\t<div class=\"elementor-column elementor-col-100 elementor-top-column elementor-element elementor-element-b151e2c\" data-id=\"b151e2c\" data-element_type=\"column\" data-e-type=\"column\">\n\t\t\t<div class=\"elementor-widget-wrap elementor-element-populated\">\n\t\t\t\t\t\t<div class=\"elementor-element elementor-element-3affa7e elementor-widget elementor-widget-text-editor\" data-id=\"3affa7e\" data-element_type=\"widget\" data-e-type=\"widget\" data-widget_type=\"text-editor.default\">\n\t\t\t\t<div class=\"elementor-widget-container\">\n\t\t\t\t\t\t\t\t\t<p><span style=\"color: #000000\">Em car\u00e1ter excepcional, os alunos que estiverem exercendo atividade profissional compat\u00edvel com sua forma\u00e7\u00e3o acad\u00eamica de Tecn\u00f3logo em Secretariado, durante o per\u00edodo letivo previsto para a realiza\u00e7\u00e3o do Est\u00e1gio Curricular Supervisionado, poder\u00e3o aproveit\u00e1-la para fins de registro e cr\u00e9dito, devendo a institui\u00e7\u00e3o com a qual possui v\u00ednculo, seja p\u00fablica ou privada, firmar parceria com a Unifap, e fornecer todas as informa\u00e7\u00f5es necess\u00e1rias para a acredita\u00e7\u00e3o.<\/span><\/p><p><span style=\"color: #000000\">O aluno que desejar utilizar a experi\u00eancia do trabalho formal como est\u00e1gio dever\u00e1 faz\u00ea-lo por meio de solicita\u00e7\u00e3o expressa, via Formul\u00e1rio de Acredita\u00e7\u00e3o de Est\u00e1gio Curricular Supervisionado, <span style=\"color: #0000ff\"><strong><a style=\"color: #0000ff\" href=\"http:\/\/www2.unifap.br\/secretariado\/files\/2020\/11\/AP\u00caNDICE-C5.docx\" target=\"_blank\" rel=\"noopener\">Ap\u00eandice C5<\/a>.<\/strong><\/span><\/span><\/p><p><span style=\"color: #000000\">O aluno que n\u00e3o conseguir realizar seu Est\u00e1gio Curricular Supervisionado em empresas p\u00fablicas ou privadas, poder\u00e1 realiz\u00e1-lo na Empresa J\u00fanior do Curso, caso esteja em atividade, ou em uma das diversas unidades administrativas da pr\u00f3pria Universidade.<\/span><\/p>\t\t\t\t\t\t\t\t<\/div>\n\t\t\t\t<\/div>\n\t\t\t\t\t<\/div>\n\t\t<\/div>\n\t\t\t\t\t<\/div>\n\t\t<\/section>\n\t\t\t\t<section class=\"elementor-section elementor-top-section elementor-element elementor-element-f7818b3 elementor-section-boxed elementor-section-height-default elementor-section-height-default\" data-id=\"f7818b3\" data-element_type=\"section\" data-e-type=\"section\">\n\t\t\t\t\t\t<div class=\"elementor-container elementor-column-gap-default\">\n\t\t\t\t\t<div class=\"elementor-column elementor-col-33 elementor-top-column elementor-element elementor-element-a8b2521\" data-id=\"a8b2521\" data-element_type=\"column\" data-e-type=\"column\">\n\t\t\t<div class=\"elementor-widget-wrap elementor-element-populated\">\n\t\t\t\t\t\t<div class=\"elementor-element elementor-element-6fca8a6 elementor-widget elementor-widget-image\" data-id=\"6fca8a6\" data-element_type=\"widget\" data-e-type=\"widget\" data-widget_type=\"image.default\">\n\t\t\t\t<div class=\"elementor-widget-container\">\n\t\t\t\t\t\t\t\t\t\t\t\t\t\t\t<img fetchpriority=\"high\" decoding=\"async\" width=\"626\" height=\"626\" src=\"https:\/\/www2.unifap.br\/secretariado\/files\/2020\/05\/negocio-de-entrevista-de-emprego_9026-33.jpg\" class=\"attachment-large size-large wp-image-3048\" alt=\"\" srcset=\"https:\/\/www2.unifap.br\/secretariado\/files\/2020\/05\/negocio-de-entrevista-de-emprego_9026-33.jpg 626w, https:\/\/www2.unifap.br\/secretariado\/files\/2020\/05\/negocio-de-entrevista-de-emprego_9026-33-150x150.jpg 150w, https:\/\/www2.unifap.br\/secretariado\/files\/2020\/05\/negocio-de-entrevista-de-emprego_9026-33-300x300.jpg 300w\" sizes=\"(max-width: 626px) 100vw, 626px\" \/>\t\t\t\t\t\t\t\t\t\t\t\t\t\t\t<\/div>\n\t\t\t\t<\/div>\n\t\t\t\t\t<\/div>\n\t\t<\/div>\n\t\t\t\t<div class=\"elementor-column elementor-col-66 elementor-top-column elementor-element elementor-element-4614130\" data-id=\"4614130\" data-element_type=\"column\" data-e-type=\"column\">\n\t\t\t<div class=\"elementor-widget-wrap elementor-element-populated\">\n\t\t\t\t\t\t<div class=\"elementor-element elementor-element-7c1ebca elementor-widget elementor-widget-text-editor\" data-id=\"7c1ebca\" data-element_type=\"widget\" data-e-type=\"widget\" data-widget_type=\"text-editor.default\">\n\t\t\t\t<div class=\"elementor-widget-container\">\n\t\t\t\t\t\t\t\t\t<p><span style=\"color: #000000\">Os professores-supervisores dever\u00e3o analisar aspectos relacionados ao m\u00e9todo de desenvolvimento do trabalho e sua complexidade com rela\u00e7\u00e3o \u00e0 execu\u00e7\u00e3o do est\u00e1gio e \u00e0 conson\u00e2ncia com o campo de atua\u00e7\u00e3o do Tecn\u00f3logo em Secretariado.Ap\u00f3s a matr\u00edcula normal, a Comiss\u00e3o de Est\u00e1gio Supervisionado (CES) indicar\u00e1 para homologa\u00e7\u00e3o da Coordena\u00e7\u00e3o do Curso professores para supervisionar o est\u00e1gio curricular do acad\u00eamico. <\/span><\/p><p><span style=\"color: #000000\">Cada professor poder\u00e1 supervisionar, no m\u00e1ximo, 08 (oito) estudantes. Casos excepcionais ser\u00e3o deliberados pelo Colegiado do Curso, ouvida \u00e0 CES. O professor-supervisor dever\u00e1 marcar sess\u00f5es de acompanhamento semanais para defini\u00e7\u00e3o do Plano de A\u00e7\u00e3o.<\/span><\/p><p><span style=\"color: #000000\">O estudante tamb\u00e9m dever\u00e1 ser acompanhado por um profissional ligado ao campo de Est\u00e1gio, designado pela Institui\u00e7\u00e3o Concedente.<\/span><\/p><p><span style=\"color: #000000\">A efetiva\u00e7\u00e3o do estudante na disciplina \u201cEst\u00e1gio Supervisionado\u201d estar\u00e1 vinculada \u00e0 sua matr\u00edcula no per\u00edodo letivo. Ela ser\u00e1 considerada integralizada quando o estudante completar a carga hor\u00e1ria de 150 (cento e cinquenta) horas totais, sendo 30 (trinta) horas para a disciplina \u201cEst\u00e1gio Supervisionado I\u201d (te\u00f3rica) e 120 (cento e vinte) horas para a pr\u00e1tica de est\u00e1gio, em \u201cEst\u00e1gio Supervisionado II\u201d.<\/span><\/p>\t\t\t\t\t\t\t\t<\/div>\n\t\t\t\t<\/div>\n\t\t\t\t\t<\/div>\n\t\t<\/div>\n\t\t\t\t\t<\/div>\n\t\t<\/section>\n\t\t\t\t<section class=\"elementor-section elementor-top-section elementor-element elementor-element-43f7a20 elementor-section-boxed elementor-section-height-default elementor-section-height-default\" data-id=\"43f7a20\" data-element_type=\"section\" data-e-type=\"section\">\n\t\t\t\t\t\t<div class=\"elementor-container elementor-column-gap-default\">\n\t\t\t\t\t<div class=\"elementor-column elementor-col-100 elementor-top-column elementor-element elementor-element-cfe0bb6\" data-id=\"cfe0bb6\" data-element_type=\"column\" data-e-type=\"column\">\n\t\t\t<div class=\"elementor-widget-wrap elementor-element-populated\">\n\t\t\t\t\t\t<div class=\"elementor-element elementor-element-7368c7f elementor-widget elementor-widget-heading\" data-id=\"7368c7f\" data-element_type=\"widget\" data-e-type=\"widget\" data-widget_type=\"heading.default\">\n\t\t\t\t<div class=\"elementor-widget-container\">\n\t\t\t\t\t<h2 class=\"elementor-heading-title elementor-size-default\">Avalia\u00e7\u00e3o:<\/h2>\t\t\t\t<\/div>\n\t\t\t\t<\/div>\n\t\t\t\t\t<\/div>\n\t\t<\/div>\n\t\t\t\t\t<\/div>\n\t\t<\/section>\n\t\t\t\t<section class=\"elementor-section elementor-top-section elementor-element elementor-element-2ec3b65 elementor-section-boxed elementor-section-height-default elementor-section-height-default\" data-id=\"2ec3b65\" data-element_type=\"section\" data-e-type=\"section\">\n\t\t\t\t\t\t<div class=\"elementor-container elementor-column-gap-default\">\n\t\t\t\t\t<div class=\"elementor-column elementor-col-100 elementor-top-column elementor-element elementor-element-8c284fa\" data-id=\"8c284fa\" data-element_type=\"column\" data-e-type=\"column\">\n\t\t\t<div class=\"elementor-widget-wrap elementor-element-populated\">\n\t\t\t\t\t\t<div class=\"elementor-element elementor-element-480bedd elementor-widget elementor-widget-text-editor\" data-id=\"480bedd\" data-element_type=\"widget\" data-e-type=\"widget\" data-widget_type=\"text-editor.default\">\n\t\t\t\t<div class=\"elementor-widget-container\">\n\t\t\t\t\t\t\t\t\t<p><span style=\"color: #000000\">No final de todo o processo, o estudante dever\u00e1 apresentar ao professor-supervisor o Relat\u00f3rio de Est\u00e1gio Curricular Supervisionado (j\u00e1 prevendo o Plano de A\u00e7\u00e3o \u2013<a href=\"http:\/\/www2.unifap.br\/secretariado\/files\/2020\/11\/AP\u00caNDICE-C4.docx\" target=\"_blank\" rel=\"noopener\"> <span style=\"color: #0000ff\"><strong>Ap\u00eandice C4<\/strong><\/span>).<\/a><\/span><\/p><p><strong><span style=\"color: #000000\">Para avaliar o Est\u00e1gio, o professor-supervisor dever\u00e1 levar em considera\u00e7\u00e3o os seguintes crit\u00e9rios:<\/span><\/strong><\/p><p style=\"padding-left: 30px\"><span style=\"color: #000000\">a) O processo de acompanhamento\/supervis\u00e3o do est\u00e1gio, que inclui a Ficha de Acompanhamento, conforme <a href=\"http:\/\/www2.unifap.br\/secretariado\/files\/2020\/11\/AP\u00caNDICE-C6.docx\" target=\"_blank\" rel=\"noopener\"><strong><span style=\"color: #0000ff\">Ap\u00eandice C6<\/span><\/strong><\/a>; e <\/span><br \/><span style=\"color: #000000\">b) O Relat\u00f3rio de Est\u00e1gio Curricular Supervisionado, conforme <span style=\"color: #0000ff\"><strong><a style=\"color: #0000ff\" href=\"http:\/\/www2.unifap.br\/secretariado\/files\/2020\/11\/AP\u00caNDICE-C7.docx\" target=\"_blank\" rel=\"noopener\">Ap\u00eandice C7<\/a>. <\/strong><\/span><\/span><\/p>\t\t\t\t\t\t\t\t<\/div>\n\t\t\t\t<\/div>\n\t\t\t\t\t<\/div>\n\t\t<\/div>\n\t\t\t\t\t<\/div>\n\t\t<\/section>\n\t\t\t\t<section class=\"elementor-section elementor-top-section elementor-element elementor-element-034be2d elementor-section-boxed elementor-section-height-default elementor-section-height-default\" data-id=\"034be2d\" data-element_type=\"section\" data-e-type=\"section\">\n\t\t\t\t\t\t<div class=\"elementor-container elementor-column-gap-default\">\n\t\t\t\t\t<div class=\"elementor-column elementor-col-100 elementor-top-column elementor-element elementor-element-ce76d5a\" data-id=\"ce76d5a\" data-element_type=\"column\" data-e-type=\"column\">\n\t\t\t<div class=\"elementor-widget-wrap elementor-element-populated\">\n\t\t\t\t\t\t<div class=\"elementor-element elementor-element-539c0cb elementor-widget elementor-widget-spacer\" data-id=\"539c0cb\" data-element_type=\"widget\" data-e-type=\"widget\" data-widget_type=\"spacer.default\">\n\t\t\t\t<div class=\"elementor-widget-container\">\n\t\t\t\t\t\t\t<div class=\"elementor-spacer\">\n\t\t\t<div class=\"elementor-spacer-inner\"><\/div>\n\t\t<\/div>\n\t\t\t\t\t\t<\/div>\n\t\t\t\t<\/div>\n\t\t\t\t\t<\/div>\n\t\t<\/div>\n\t\t\t\t\t<\/div>\n\t\t<\/section>\n\t\t\t\t<section class=\"elementor-section elementor-top-section elementor-element elementor-element-8fad940 elementor-section-boxed elementor-section-height-default elementor-section-height-default\" data-id=\"8fad940\" data-element_type=\"section\" data-e-type=\"section\">\n\t\t\t\t\t\t<div class=\"elementor-container elementor-column-gap-default\">\n\t\t\t\t\t<div class=\"elementor-column elementor-col-100 elementor-top-column elementor-element elementor-element-4232794\" data-id=\"4232794\" data-element_type=\"column\" data-e-type=\"column\">\n\t\t\t<div class=\"elementor-widget-wrap elementor-element-populated\">\n\t\t\t\t\t\t<div class=\"elementor-element elementor-element-20f991d elementor-button-info elementor-align-left elementor-widget elementor-widget-button\" data-id=\"20f991d\" data-element_type=\"widget\" data-e-type=\"widget\" data-widget_type=\"button.default\">\n\t\t\t\t<div class=\"elementor-widget-container\">\n\t\t\t\t\t\t\t\t\t<div class=\"elementor-button-wrapper\">\n\t\t\t\t\t<a class=\"elementor-button elementor-button-link elementor-size-md\" href=\"https:\/\/www2.unifap.br\/secretariado\/\">\n\t\t\t\t\t\t<span class=\"elementor-button-content-wrapper\">\n\t\t\t\t\t\t<span class=\"elementor-button-icon\">\n\t\t\t\t<i aria-hidden=\"true\" class=\"fas fa-home\"><\/i>\t\t\t<\/span>\n\t\t\t\t\t\t\t\t\t<span class=\"elementor-button-text\">In\u00edcio<\/span>\n\t\t\t\t\t<\/span>\n\t\t\t\t\t<\/a>\n\t\t\t\t<\/div>\n\t\t\t\t\t\t\t\t<\/div>\n\t\t\t\t<\/div>\n\t\t\t\t\t<\/div>\n\t\t<\/div>\n\t\t\t\t\t<\/div>\n\t\t<\/section>\n\t\t\t\t<\/div>\n\t\t","protected":false},"excerpt":{"rendered":"<p>EST\u00c1GIO SUPERVISIONADO Se\u00e7\u00e3o destinada para as informa\u00e7\u00f5es do regulamento de Est\u00e1gio Supervisionado do Curso do Tecnologia em Secretariado Apresenta\u00e7\u00e3o Estrutura Etapas Acompanhamento Atribui\u00e7\u00e3o Documentos Implementa\u00e7\u00e3o e Acompanhamento: Em car\u00e1ter excepcional, os alunos que estiverem exercendo atividade profissional compat\u00edvel com sua forma\u00e7\u00e3o acad\u00eamica de Tecn\u00f3logo em Secretariado, durante o per\u00edodo letivo previsto para a realiza\u00e7\u00e3o do&#8230;<\/p>\n","protected":false},"author":814,"featured_media":0,"parent":0,"menu_order":0,"comment_status":"closed","ping_status":"closed","template":"elementor_header_footer","meta":{"inline_featured_image":false,"ngg_post_thumbnail":0,"footnotes":""},"class_list":["post-7233","page","type-page","status-publish","hentry","entry"],"_links":{"self":[{"href":"https:\/\/www2.unifap.br\/secretariado\/wp-json\/wp\/v2\/pages\/7233","targetHints":{"allow":["GET"]}}],"collection":[{"href":"https:\/\/www2.unifap.br\/secretariado\/wp-json\/wp\/v2\/pages"}],"about":[{"href":"https:\/\/www2.unifap.br\/secretariado\/wp-json\/wp\/v2\/types\/page"}],"author":[{"embeddable":true,"href":"https:\/\/www2.unifap.br\/secretariado\/wp-json\/wp\/v2\/users\/814"}],"replies":[{"embeddable":true,"href":"https:\/\/www2.unifap.br\/secretariado\/wp-json\/wp\/v2\/comments?post=7233"}],"version-history":[{"count":8,"href":"https:\/\/www2.unifap.br\/secretariado\/wp-json\/wp\/v2\/pages\/7233\/revisions"}],"predecessor-version":[{"id":7297,"href":"https:\/\/www2.unifap.br\/secretariado\/wp-json\/wp\/v2\/pages\/7233\/revisions\/7297"}],"wp:attachment":[{"href":"https:\/\/www2.unifap.br\/secretariado\/wp-json\/wp\/v2\/media?parent=7233"}],"curies":[{"name":"wp","href":"https:\/\/api.w.org\/{rel}","templated":true}]}}