{"id":7235,"date":"2023-03-03T09:50:05","date_gmt":"2023-03-03T12:50:05","guid":{"rendered":"https:\/\/www2.unifap.br\/secretariado\/?page_id=7235"},"modified":"2023-03-03T10:20:49","modified_gmt":"2023-03-03T13:20:49","slug":"atribuicao-estagio-supervisionado","status":"publish","type":"page","link":"https:\/\/www2.unifap.br\/secretariado\/atribuicao-estagio-supervisionado","title":{"rendered":"Atribui\u00e7\u00f5es"},"content":{"rendered":"\t\t<div data-elementor-type=\"wp-page\" data-elementor-id=\"7235\" class=\"elementor elementor-7235\">\n\t\t\t\t\t\t<section class=\"elementor-section elementor-top-section elementor-element elementor-element-a53bee0 elementor-section-boxed elementor-section-height-default elementor-section-height-default\" data-id=\"a53bee0\" data-element_type=\"section\" data-e-type=\"section\">\n\t\t\t\t\t\t<div class=\"elementor-container elementor-column-gap-default\">\n\t\t\t\t\t<div class=\"elementor-column elementor-col-100 elementor-top-column elementor-element elementor-element-9088d3d\" data-id=\"9088d3d\" data-element_type=\"column\" data-e-type=\"column\">\n\t\t\t<div class=\"elementor-widget-wrap\">\n\t\t\t\t\t\t\t<\/div>\n\t\t<\/div>\n\t\t\t\t\t<\/div>\n\t\t<\/section>\n\t\t\t\t<section class=\"elementor-section elementor-top-section elementor-element elementor-element-b75d461 elementor-section-height-min-height elementor-section-boxed elementor-section-height-default elementor-section-items-middle\" data-id=\"b75d461\" data-element_type=\"section\" data-e-type=\"section\" data-settings=\"{&quot;background_background&quot;:&quot;classic&quot;}\">\n\t\t\t\t\t\t\t<div class=\"elementor-background-overlay\"><\/div>\n\t\t\t\t\t\t\t<div class=\"elementor-container elementor-column-gap-default\">\n\t\t\t\t\t<div class=\"elementor-column elementor-col-100 elementor-top-column elementor-element elementor-element-5bab218\" data-id=\"5bab218\" data-element_type=\"column\" data-e-type=\"column\">\n\t\t\t<div class=\"elementor-widget-wrap elementor-element-populated\">\n\t\t\t\t\t\t<div class=\"elementor-element elementor-element-b13a2ab elementor-widget elementor-widget-heading\" data-id=\"b13a2ab\" data-element_type=\"widget\" data-e-type=\"widget\" data-widget_type=\"heading.default\">\n\t\t\t\t<div class=\"elementor-widget-container\">\n\t\t\t\t\t<h2 class=\"elementor-heading-title elementor-size-large\"><b>EST\u00c1GIO SUPERVISIONADO<\/b><\/h2>\t\t\t\t<\/div>\n\t\t\t\t<\/div>\n\t\t\t\t<div class=\"elementor-element elementor-element-0dfd25c elementor-widget-divider--view-line elementor-widget elementor-widget-divider\" data-id=\"0dfd25c\" data-element_type=\"widget\" data-e-type=\"widget\" data-widget_type=\"divider.default\">\n\t\t\t\t<div class=\"elementor-widget-container\">\n\t\t\t\t\t\t\t<div class=\"elementor-divider\">\n\t\t\t<span class=\"elementor-divider-separator\">\n\t\t\t\t\t\t<\/span>\n\t\t<\/div>\n\t\t\t\t\t\t<\/div>\n\t\t\t\t<\/div>\n\t\t\t\t<div class=\"elementor-element elementor-element-b4cc101 elementor-widget elementor-widget-heading\" data-id=\"b4cc101\" data-element_type=\"widget\" data-e-type=\"widget\" data-widget_type=\"heading.default\">\n\t\t\t\t<div class=\"elementor-widget-container\">\n\t\t\t\t\t<p class=\"elementor-heading-title elementor-size-large\"><b>Se\u00e7\u00e3o destinada para as informa\u00e7\u00f5es do regulamento de Est\u00e1gio Supervisionado do Curso do Tecnologia em Secretariado<\/b><\/p>\t\t\t\t<\/div>\n\t\t\t\t<\/div>\n\t\t\t\t\t<\/div>\n\t\t<\/div>\n\t\t\t\t\t<\/div>\n\t\t<\/section>\n\t\t\t\t<section class=\"elementor-section elementor-top-section elementor-element elementor-element-8d54da2 elementor-section-boxed elementor-section-height-default elementor-section-height-default\" data-id=\"8d54da2\" data-element_type=\"section\" data-e-type=\"section\">\n\t\t\t\t\t\t<div class=\"elementor-container elementor-column-gap-default\">\n\t\t\t\t\t<div class=\"elementor-column elementor-col-100 elementor-top-column elementor-element elementor-element-2796a10\" data-id=\"2796a10\" data-element_type=\"column\" data-e-type=\"column\">\n\t\t\t<div class=\"elementor-widget-wrap elementor-element-populated\">\n\t\t\t\t\t\t<div class=\"elementor-element elementor-element-afa2040 elementor-widget elementor-widget-spacer\" data-id=\"afa2040\" data-element_type=\"widget\" data-e-type=\"widget\" data-widget_type=\"spacer.default\">\n\t\t\t\t<div class=\"elementor-widget-container\">\n\t\t\t\t\t\t\t<div class=\"elementor-spacer\">\n\t\t\t<div class=\"elementor-spacer-inner\"><\/div>\n\t\t<\/div>\n\t\t\t\t\t\t<\/div>\n\t\t\t\t<\/div>\n\t\t\t\t\t<\/div>\n\t\t<\/div>\n\t\t\t\t\t<\/div>\n\t\t<\/section>\n\t\t\t\t<section class=\"elementor-section elementor-top-section elementor-element elementor-element-058c9e8 elementor-section-boxed elementor-section-height-default elementor-section-height-default\" data-id=\"058c9e8\" data-element_type=\"section\" data-e-type=\"section\">\n\t\t\t\t\t\t<div class=\"elementor-container elementor-column-gap-default\">\n\t\t\t\t\t<div class=\"elementor-column elementor-col-100 elementor-top-column elementor-element elementor-element-5f5a9f6\" data-id=\"5f5a9f6\" data-element_type=\"column\" data-e-type=\"column\">\n\t\t\t<div class=\"elementor-widget-wrap elementor-element-populated\">\n\t\t\t\t\t\t<div class=\"elementor-element elementor-element-655bd67 eael_simple_menu_hamburger_disable_selected_menu_no eael-simple-menu-hamburger-align-right eael-hamburger--tablet elementor-widget elementor-widget-eael-simple-menu\" data-id=\"655bd67\" data-element_type=\"widget\" data-e-type=\"widget\" data-widget_type=\"eael-simple-menu.default\">\n\t\t\t\t<div class=\"elementor-widget-container\">\n\t\t\t\t\t<style>\n                        @media screen and (max-width: 1024px) {\n                            .eael-hamburger--tablet {\n                                .eael-simple-menu-horizontal,\n                                .eael-simple-menu-vertical {\n                                    display: none;\n                                }\n                            }\n                            .eael-hamburger--tablet {\n                                .eael-simple-menu-container .eael-simple-menu-toggle {\n                                    display: block;\n                                }\n                            }\n                        }\n                    <\/style>            <div data-hamburger-icon=\"&lt;i aria-hidden=&quot;true&quot; class=&quot;fas fa-bars&quot;&gt;&lt;\/i&gt;\" data-indicator-icon=\"&lt;i aria-hidden=&quot;true&quot; class=&quot;fas fa-angle-down&quot;&gt;&lt;\/i&gt;\" data-dropdown-indicator-icon=\"&lt;i class=&quot;fas fa-angle-down&quot;&gt;&lt;\/i&gt;\" class=\"eael-simple-menu-container eael-simple-menu-align-left eael-simple-menu-dropdown-align-left preset-1\" data-hamburger-breakpoints=\"{&quot;mobile&quot;:&quot;Dispositivos m\\u00f3veis no modo retrato (&gt; 767px)&quot;,&quot;tablet&quot;:&quot;Tablet no modo retrato (&gt; 1024px)&quot;,&quot;desktop&quot;:&quot;Desktop (&gt; 2400px)&quot;,&quot;none&quot;:&quot;Nenhum&quot;}\" data-hamburger-device=\"tablet\">\n                <ul id=\"menu-estagio-supervisionado\" class=\"eael-simple-menu eael-simple-menu-dropdown-animate-to-top eael-simple-menu-indicator eael-simple-menu-horizontal\"><li id=\"menu-item-7252\" class=\"menu-item menu-item-type-post_type menu-item-object-page menu-item-7252\"><a href=\"https:\/\/www2.unifap.br\/secretariado\/estagio-supervisionado\">Apresenta\u00e7\u00e3o<\/a><\/li>\n<li id=\"menu-item-7253\" class=\"menu-item menu-item-type-post_type menu-item-object-page menu-item-7253\"><a href=\"https:\/\/www2.unifap.br\/secretariado\/estrutura-estagio-supervisionado\">Estrutura<\/a><\/li>\n<li id=\"menu-item-7254\" class=\"menu-item menu-item-type-post_type menu-item-object-page menu-item-7254\"><a href=\"https:\/\/www2.unifap.br\/secretariado\/etapas-estagio-supervisionado\">Etapas<\/a><\/li>\n<li id=\"menu-item-7255\" class=\"menu-item menu-item-type-post_type menu-item-object-page menu-item-7255\"><a href=\"https:\/\/www2.unifap.br\/secretariado\/acompanhamento-estagio-supervisionado\">Acompanhamento<\/a><\/li>\n<li id=\"menu-item-7256\" class=\"menu-item menu-item-type-post_type menu-item-object-page menu-item-7256\"><a href=\"https:\/\/www2.unifap.br\/secretariado\/atribuicao-estagio-supervisionado\">Atribui\u00e7\u00f5es<\/a><\/li>\n<li id=\"menu-item-7257\" class=\"menu-item menu-item-type-post_type menu-item-object-page menu-item-7257\"><a href=\"https:\/\/www2.unifap.br\/secretariado\/documentos-estagio-supervisionado\">Documentos<\/a><\/li>\n<\/ul>                <button class=\"eael-simple-menu-toggle\">\n                    <span class=\"sr-only \">Menu de altern\u00e2ncia de hamb\u00farguer<\/span>\n                    <i aria-hidden=\"true\" class=\"fas fa-bars\"><\/i>                <\/button>\n            <\/div>\n            \t\t\t\t<\/div>\n\t\t\t\t<\/div>\n\t\t\t\t\t<\/div>\n\t\t<\/div>\n\t\t\t\t\t<\/div>\n\t\t<\/section>\n\t\t\t\t<section class=\"elementor-section elementor-top-section elementor-element elementor-element-4d39033 elementor-section-boxed elementor-section-height-default elementor-section-height-default\" data-id=\"4d39033\" data-element_type=\"section\" data-e-type=\"section\">\n\t\t\t\t\t\t<div class=\"elementor-container elementor-column-gap-default\">\n\t\t\t\t\t<div class=\"elementor-column elementor-col-100 elementor-top-column elementor-element elementor-element-b95d568\" data-id=\"b95d568\" data-element_type=\"column\" data-e-type=\"column\">\n\t\t\t<div class=\"elementor-widget-wrap elementor-element-populated\">\n\t\t\t\t\t\t<div class=\"elementor-element elementor-element-bcff389 elementor-widget elementor-widget-spacer\" data-id=\"bcff389\" data-element_type=\"widget\" data-e-type=\"widget\" data-widget_type=\"spacer.default\">\n\t\t\t\t<div class=\"elementor-widget-container\">\n\t\t\t\t\t\t\t<div class=\"elementor-spacer\">\n\t\t\t<div class=\"elementor-spacer-inner\"><\/div>\n\t\t<\/div>\n\t\t\t\t\t\t<\/div>\n\t\t\t\t<\/div>\n\t\t\t\t\t<\/div>\n\t\t<\/div>\n\t\t\t\t\t<\/div>\n\t\t<\/section>\n\t\t\t\t<section class=\"elementor-section elementor-top-section elementor-element elementor-element-d3685b9 elementor-section-boxed elementor-section-height-default elementor-section-height-default\" data-id=\"d3685b9\" data-element_type=\"section\" data-e-type=\"section\">\n\t\t\t\t\t\t<div class=\"elementor-container elementor-column-gap-default\">\n\t\t\t\t\t<div class=\"elementor-column elementor-col-100 elementor-top-column elementor-element elementor-element-4700067\" data-id=\"4700067\" data-element_type=\"column\" data-e-type=\"column\">\n\t\t\t<div class=\"elementor-widget-wrap elementor-element-populated\">\n\t\t\t\t\t\t<div class=\"elementor-element elementor-element-272e016 elementor-widget elementor-widget-heading\" data-id=\"272e016\" data-element_type=\"widget\" data-e-type=\"widget\" data-widget_type=\"heading.default\">\n\t\t\t\t<div class=\"elementor-widget-container\">\n\t\t\t\t\t<h2 class=\"elementor-heading-title elementor-size-default\">Atribui\u00e7\u00f5es dos envolvidos no Est\u00e1gio:<\/h2>\t\t\t\t<\/div>\n\t\t\t\t<\/div>\n\t\t\t\t\t<\/div>\n\t\t<\/div>\n\t\t\t\t\t<\/div>\n\t\t<\/section>\n\t\t\t\t<section class=\"elementor-section elementor-top-section elementor-element elementor-element-43dd6b4 elementor-section-boxed elementor-section-height-default elementor-section-height-default\" data-id=\"43dd6b4\" data-element_type=\"section\" data-e-type=\"section\">\n\t\t\t\t\t\t<div class=\"elementor-container elementor-column-gap-default\">\n\t\t\t\t\t<div class=\"elementor-column elementor-col-100 elementor-top-column elementor-element elementor-element-05c54f0\" data-id=\"05c54f0\" data-element_type=\"column\" data-e-type=\"column\">\n\t\t\t<div class=\"elementor-widget-wrap elementor-element-populated\">\n\t\t\t\t\t\t<div class=\"elementor-element elementor-element-1a1c00b elementor-widget elementor-widget-text-editor\" data-id=\"1a1c00b\" data-element_type=\"widget\" data-e-type=\"widget\" data-widget_type=\"text-editor.default\">\n\t\t\t\t<div class=\"elementor-widget-container\">\n\t\t\t\t\t\t\t\t\t<p><strong><span style=\"color: #000000\">S\u00e3o atribui\u00e7\u00f5es da Coordena\u00e7\u00e3o do Curso, no \u00e2mbito de colegiado:<\/span><\/strong><\/p><p style=\"padding-left: 30px\"><span style=\"color: #000000\">I. Instituir a CES, \u00f3rg\u00e3o respons\u00e1vel pelo gerenciamento, em n\u00edvel macro, das a\u00e7\u00f5es relacionadas ao Est\u00e1gio, no seio do Curso, que dever\u00e1 ser composta por, no m\u00ednimo, 4 (quatro) docentes do Colegiado de Tecnologia em Secretariado, com vig\u00eancia de 2 (dois) anos;<\/span><br \/><span style=\"color: #000000\">II. Homologa\u00e7\u00e3o do nome dos Professores-Supervisores de Est\u00e1gio;<\/span><br \/><span style=\"color: #000000\">III. Deliberar sobre situa\u00e7\u00f5es-problema que venham a ser formalmente apresentadas pela CES, visando \u00e0 corre\u00e7\u00e3o de rumos na execu\u00e7\u00e3o do Est\u00e1gio;<\/span><br \/><span style=\"color: #000000\">IV. Criar um Banco de Institui\u00e7\u00f5es com potencial para Campo de Est\u00e1gio;<\/span><br \/><span style=\"color: #000000\">V. Firmar Conv\u00eanio com as Institui\u00e7\u00f5es selecionadas para ser Campo de Est\u00e1gio, de modo a formalizar as a\u00e7\u00f5es com a Unifap;<\/span><br \/><span style=\"color: #000000\">VI. Providenciar a assinatura do Termo de Compromisso a ser celebrado entre a Convenente (Unifap), a Conveniada (Concedente do Est\u00e1gio) e o Estagi\u00e1rio (aluno do curso), e que os vincula a um conjunto de responsabilidades que dever\u00e3o ser cumpridas durante a realiza\u00e7\u00e3o do Est\u00e1gio;<\/span><br \/><span style=\"color: #000000\">VII. Zelar pelo cumprimento da Lei do Est\u00e1gio, da legisla\u00e7\u00e3o relacionada \u00e0 sa\u00fade e seguran\u00e7a do trabalho para os Contratos de Est\u00e1gio, da legisla\u00e7\u00e3o educacional vigente e do Termo de Compromisso, reorientando o Estagi\u00e1rio para outro local, em caso de descumprimento das normas previstas;<\/span><br \/><span style=\"color: #000000\">VIII. Avaliar, periodicamente, junto \u00e0 CES, o desenvolvimento do Est\u00e1gio Curricular Obrigat\u00f3rio.<\/span><\/p><p><strong><span style=\"color: #000000\">S\u00e3o atribui\u00e7\u00f5es da CES:<\/span><\/strong><\/p><p style=\"padding-left: 30px\"><span style=\"color: #000000\">I. Promover o ajustamento das Diretrizes ao Projeto Pedag\u00f3gico do Curso, submetendo-a \u00e0 aprecia\u00e7\u00e3o do Colegiado para homologa\u00e7\u00e3o;<\/span><br \/><span style=\"color: #000000\">II. Elaborar a regulamenta\u00e7\u00e3o disciplinadora do Est\u00e1gio Curricular Supervisionado no \u00e2mbito do Curso, observando as peculiaridades formativas; <\/span><br \/><span style=\"color: #000000\">III. Coordenar e avaliar, em n\u00edvel macro, o desenvolvimento dos Est\u00e1gios previstos para o semestre letivo;<\/span><br \/><span style=\"color: #000000\">IV. Indicar \u00e0 Coordena\u00e7\u00e3o do Curso nome de institui\u00e7\u00f5es com potencial para Campo de Est\u00e1gio;<\/span><br \/><span style=\"color: #000000\">V. Visitar, avaliar e selecionar, juntamente com os Professores-Supervisores de Est\u00e1gio, e quando poss\u00edvel ouvindo os alunos, as entidades previstas como Institui\u00e7\u00f5es-Campo para os Est\u00e1gios Obrigat\u00f3rios;<\/span><br \/><span style=\"color: #000000\">VI. Apresentar e encaminhar, oficialmente, aos respectivos Campos de Est\u00e1gios, os Professores-Supervisores;<\/span><br \/><span style=\"color: #000000\">VII. Formalizar ao Colegiado de Curso toda e qualquer situa\u00e7\u00e3o-problema configurada durante a execu\u00e7\u00e3o do Est\u00e1gio e que esteja fora de sua compet\u00eancia, visando \u00e0 corre\u00e7\u00e3o de rumos;<\/span><br \/><span style=\"color: #000000\">VIII. Encaminhar \u00e0 Coordena\u00e7\u00e3o do Curso o Relat\u00f3rio Consolidado das a\u00e7\u00f5es relativas ao final do semestre designado para a realiza\u00e7\u00e3o do est\u00e1gio;<\/span><br \/><span style=\"color: #000000\">IX. Estimular, valorizar e divulgar, intra e extra Universidade, experi\u00eancias inovadoras de Est\u00e1gio, tanto dos Professores-Supervisores, quanto dos Alunos-Estagi\u00e1rios;<\/span><br \/><span style=\"color: #000000\">X. Participar, juntamente com a Coordena\u00e7\u00e3o do Curso, da avalia\u00e7\u00e3o sobre o Est\u00e1gio;<\/span><\/p><p><strong><span style=\"color: #000000\">S\u00e3o atribui\u00e7\u00f5es do Professor-Supervisor:<\/span><\/strong><\/p><p style=\"padding-left: 30px\"><span style=\"color: #000000\">I. Participar das atividades programadas pela CES visando ao planejamento e avalia\u00e7\u00e3o global das atividades a serem desenvolvidas no Est\u00e1gio;<\/span><br \/><span style=\"color: #000000\">II. Apresentar e encaminhar, oficialmente, os Alunos-Estagi\u00e1rios aos respectivos Campos de Est\u00e1gios;<\/span><br \/><span style=\"color: #000000\">V. Orientar, supervisionar e avaliar, pontualmente, o desenvolvimento do Est\u00e1gio Curricular Supervisionado que esteja sob sua responsabilidade dentro do semestre letivo;<\/span><br \/><span style=\"color: #000000\">VI. Manter a CES informada sobre o desenvolvimento das atividades no Campo de Est\u00e1gio, formalizando toda e qualquer situa\u00e7\u00e3o-problema configurada durante a execu\u00e7\u00e3o do Est\u00e1gio e que esteja fora de sua compet\u00eancia;<\/span><br \/><span style=\"color: #000000\">VII. Encaminhar \u00e0 CES, Relat\u00f3rio Consolidado das a\u00e7\u00f5es desenvolvidas no Est\u00e1gio, ao final do semestre;<\/span><br \/><span style=\"color: #000000\">VIII. Estimular e valorizar, intra e extra Universidade, experi\u00eancias inovadoras de Est\u00e1gio desenvolvidas pelos Alunos-Estagi\u00e1rios.<\/span><\/p><p><span style=\"color: #000000\">\u00a0<strong>S\u00e3o atribui\u00e7\u00f5es do Aluno-Estagi\u00e1rio:<\/strong><\/span><\/p><p style=\"padding-left: 30px\"><span style=\"color: #000000\">I. Cumprir o Plano de A\u00e7\u00e3o do Est\u00e1gio Curricular Supervisionado, em todas as suas etapas constitutivas;<\/span><br \/><span style=\"color: #000000\">II. Demonstrar responsabilidade e organiza\u00e7\u00e3o no desenvolvimento do Est\u00e1gio;<\/span><br \/><span style=\"color: #000000\">III. Atender \u00e0s normas da Institui\u00e7\u00e3o Concedente;<\/span><br \/><span style=\"color: #000000\">IV. Participar das avalia\u00e7\u00f5es de desempenho individual e coletivo, sempre que solicitado;<\/span><br \/><span style=\"color: #000000\">V. Manter atitude \u00e9tico-profissional no desempenho de todas as atividades do Est\u00e1gio.<\/span><\/p><p><strong><span style=\"color: #000000\">S\u00e3o atribui\u00e7\u00f5es da Institui\u00e7\u00e3o Concedente:<\/span><\/strong><\/p><p style=\"padding-left: 30px\"><span style=\"color: #000000\">I. Celebrar Termo de Compromisso com a Unifap e com Aluno que comprovadamente esteja matriculado e tenha frequ\u00eancia regular \u00e0s aulas, firmando num acordo tripartite um conjunto de responsabilidades que dever\u00e3o ser cumpridas durante a realiza\u00e7\u00e3o do Est\u00e1gio;<\/span><br \/><span style=\"color: #000000\">II. Zelar pelo cumprimento da Lei do Est\u00e1gio, da legisla\u00e7\u00e3o relacionada \u00e0 sa\u00fade e seguran\u00e7a do trabalho para os Contratos de Est\u00e1gio, do Termo de Compromisso e do Plano de A\u00e7\u00e3o;<\/span><br \/><span style=\"color: #000000\">III. Garantir que as atividades desenvolvidas no Est\u00e1gio sejam compat\u00edveis com as previstas no Termo de Compromisso e no Plano de A\u00e7\u00e3o;<\/span><br \/><span style=\"color: #000000\">IV. Apresentar instala\u00e7\u00f5es adequadas para o desenvolvimento do Est\u00e1gio, quando se tratar de alunos com necessidades especiais;<\/span><br \/><span style=\"color: #000000\">V. Indicar funcion\u00e1rio do quadro de pessoal, com forma\u00e7\u00e3o igual ou superior \u00e0 pretendida pelo Estagi\u00e1rio, bem com experi\u00eancia profissional na \u00e1rea de execu\u00e7\u00e3o do Est\u00e1gio, para que possa orientar e supervisionar o desenvolvimento das atividades previstas no Plano de A\u00e7\u00e3o;<\/span><br \/><span style=\"color: #000000\">VI. Contratar, em favor do Estagi\u00e1rio, seguro contra acidentes pessoais, com valores de mercado;<\/span><br \/><span style=\"color: #000000\">VII. Manter documentos relacionados ao Est\u00e1gio e ao Aluno-Estagi\u00e1rio \u00e0 disposi\u00e7\u00e3o dos \u00f3rg\u00e3os de fiscaliza\u00e7\u00e3o externa.<\/span><\/p><p><strong><span style=\"color: #000000\">S\u00e3o atribui\u00e7\u00f5es do Supervisor da Institui\u00e7\u00e3o Concedente:<\/span><\/strong><\/p><p style=\"padding-left: 30px\"><span style=\"color: #000000\">I. Receber os Estagi\u00e1rios, em data previamente marcada com o Professor-Supervisor, fornecendo as informa\u00e7\u00f5es necess\u00e1rias para um Est\u00e1gio eficiente e proveitoso;<\/span><br \/><span style=\"color: #000000\">II. Apresentar os estagi\u00e1rios \u00e0 equipe administrativa, possibilitando a integra\u00e7\u00e3o dos envolvidos no Est\u00e1gio;<\/span><br \/><span style=\"color: #000000\">III. Designar local, a ser utilizado pelos Estagi\u00e1rios, para fazer reuni\u00f5es e realimenta\u00e7\u00e3o do processo;<\/span><br \/><span style=\"color: #000000\">IV. Inteirar-se do Plano de Trabalho do Estagi\u00e1rio, fazendo sugest\u00f5es, sempre que considerar necess\u00e1rio;<\/span><br \/><span style=\"color: #000000\">V. Informar ao Professor-Supervisor qualquer irregularidade ou altera\u00e7\u00e3o no processo de Est\u00e1gio, proporcionando os ajustes necess\u00e1rios, para que n\u00e3o haja solu\u00e7\u00e3o de continuidade ao trabalho desenvolvido.<\/span><\/p>\t\t\t\t\t\t\t\t<\/div>\n\t\t\t\t<\/div>\n\t\t\t\t\t<\/div>\n\t\t<\/div>\n\t\t\t\t\t<\/div>\n\t\t<\/section>\n\t\t\t\t<section class=\"elementor-section elementor-top-section elementor-element elementor-element-a958d97 elementor-section-boxed elementor-section-height-default elementor-section-height-default\" data-id=\"a958d97\" data-element_type=\"section\" data-e-type=\"section\">\n\t\t\t\t\t\t<div class=\"elementor-container elementor-column-gap-default\">\n\t\t\t\t\t<div class=\"elementor-column elementor-col-100 elementor-top-column elementor-element elementor-element-649db97\" data-id=\"649db97\" data-element_type=\"column\" data-e-type=\"column\">\n\t\t\t<div class=\"elementor-widget-wrap elementor-element-populated\">\n\t\t\t\t\t\t<div class=\"elementor-element elementor-element-b10b367 elementor-widget elementor-widget-spacer\" data-id=\"b10b367\" data-element_type=\"widget\" data-e-type=\"widget\" data-widget_type=\"spacer.default\">\n\t\t\t\t<div class=\"elementor-widget-container\">\n\t\t\t\t\t\t\t<div class=\"elementor-spacer\">\n\t\t\t<div class=\"elementor-spacer-inner\"><\/div>\n\t\t<\/div>\n\t\t\t\t\t\t<\/div>\n\t\t\t\t<\/div>\n\t\t\t\t\t<\/div>\n\t\t<\/div>\n\t\t\t\t\t<\/div>\n\t\t<\/section>\n\t\t\t\t<section class=\"elementor-section elementor-top-section elementor-element elementor-element-358e8c3 elementor-section-boxed elementor-section-height-default elementor-section-height-default\" data-id=\"358e8c3\" data-element_type=\"section\" data-e-type=\"section\">\n\t\t\t\t\t\t<div class=\"elementor-container elementor-column-gap-default\">\n\t\t\t\t\t<div class=\"elementor-column elementor-col-100 elementor-top-column elementor-element elementor-element-eca0edf\" data-id=\"eca0edf\" data-element_type=\"column\" data-e-type=\"column\">\n\t\t\t<div class=\"elementor-widget-wrap elementor-element-populated\">\n\t\t\t\t\t\t<div class=\"elementor-element elementor-element-846f10b elementor-button-info elementor-align-left elementor-widget elementor-widget-button\" data-id=\"846f10b\" data-element_type=\"widget\" data-e-type=\"widget\" data-widget_type=\"button.default\">\n\t\t\t\t<div class=\"elementor-widget-container\">\n\t\t\t\t\t\t\t\t\t<div class=\"elementor-button-wrapper\">\n\t\t\t\t\t<a class=\"elementor-button elementor-button-link elementor-size-md\" href=\"https:\/\/www2.unifap.br\/secretariado\/\">\n\t\t\t\t\t\t<span class=\"elementor-button-content-wrapper\">\n\t\t\t\t\t\t<span class=\"elementor-button-icon\">\n\t\t\t\t<i aria-hidden=\"true\" class=\"fas fa-home\"><\/i>\t\t\t<\/span>\n\t\t\t\t\t\t\t\t\t<span class=\"elementor-button-text\">In\u00edcio<\/span>\n\t\t\t\t\t<\/span>\n\t\t\t\t\t<\/a>\n\t\t\t\t<\/div>\n\t\t\t\t\t\t\t\t<\/div>\n\t\t\t\t<\/div>\n\t\t\t\t\t<\/div>\n\t\t<\/div>\n\t\t\t\t\t<\/div>\n\t\t<\/section>\n\t\t\t\t<\/div>\n\t\t","protected":false},"excerpt":{"rendered":"<p>EST\u00c1GIO SUPERVISIONADO Se\u00e7\u00e3o destinada para as informa\u00e7\u00f5es do regulamento de Est\u00e1gio Supervisionado do Curso do Tecnologia em Secretariado Apresenta\u00e7\u00e3o Estrutura Etapas Acompanhamento Atribui\u00e7\u00e3o Documentos Atribui\u00e7\u00f5es dos envolvidos no Est\u00e1gio: S\u00e3o atribui\u00e7\u00f5es da Coordena\u00e7\u00e3o do Curso, no \u00e2mbito de colegiado: I. Instituir a CES, \u00f3rg\u00e3o respons\u00e1vel pelo gerenciamento, em n\u00edvel macro, das a\u00e7\u00f5es relacionadas ao Est\u00e1gio,&#8230;<\/p>\n","protected":false},"author":814,"featured_media":0,"parent":0,"menu_order":0,"comment_status":"closed","ping_status":"closed","template":"elementor_header_footer","meta":{"inline_featured_image":false,"ngg_post_thumbnail":0,"footnotes":""},"class_list":["post-7235","page","type-page","status-publish","hentry","entry"],"_links":{"self":[{"href":"https:\/\/www2.unifap.br\/secretariado\/wp-json\/wp\/v2\/pages\/7235","targetHints":{"allow":["GET"]}}],"collection":[{"href":"https:\/\/www2.unifap.br\/secretariado\/wp-json\/wp\/v2\/pages"}],"about":[{"href":"https:\/\/www2.unifap.br\/secretariado\/wp-json\/wp\/v2\/types\/page"}],"author":[{"embeddable":true,"href":"https:\/\/www2.unifap.br\/secretariado\/wp-json\/wp\/v2\/users\/814"}],"replies":[{"embeddable":true,"href":"https:\/\/www2.unifap.br\/secretariado\/wp-json\/wp\/v2\/comments?post=7235"}],"version-history":[{"count":6,"href":"https:\/\/www2.unifap.br\/secretariado\/wp-json\/wp\/v2\/pages\/7235\/revisions"}],"predecessor-version":[{"id":7305,"href":"https:\/\/www2.unifap.br\/secretariado\/wp-json\/wp\/v2\/pages\/7235\/revisions\/7305"}],"wp:attachment":[{"href":"https:\/\/www2.unifap.br\/secretariado\/wp-json\/wp\/v2\/media?parent=7235"}],"curies":[{"name":"wp","href":"https:\/\/api.w.org\/{rel}","templated":true}]}}