{"id":7243,"date":"2023-03-03T09:57:50","date_gmt":"2023-03-03T12:57:50","guid":{"rendered":"https:\/\/www2.unifap.br\/secretariado\/?page_id=7243"},"modified":"2023-03-05T10:50:06","modified_gmt":"2023-03-05T13:50:06","slug":"atribuicoes-atividades-complementares","status":"publish","type":"page","link":"https:\/\/www2.unifap.br\/secretariado\/atribuicoes-atividades-complementares","title":{"rendered":"Atribui\u00e7\u00f5es"},"content":{"rendered":"\t\t<div data-elementor-type=\"wp-page\" data-elementor-id=\"7243\" class=\"elementor elementor-7243\">\n\t\t\t\t\t\t<section class=\"elementor-section elementor-top-section elementor-element elementor-element-eb2d517 elementor-section-boxed elementor-section-height-default elementor-section-height-default\" data-id=\"eb2d517\" data-element_type=\"section\" data-e-type=\"section\">\n\t\t\t\t\t\t<div class=\"elementor-container elementor-column-gap-default\">\n\t\t\t\t\t<div class=\"elementor-column elementor-col-100 elementor-top-column elementor-element elementor-element-627f1f2\" data-id=\"627f1f2\" data-element_type=\"column\" data-e-type=\"column\">\n\t\t\t<div class=\"elementor-widget-wrap\">\n\t\t\t\t\t\t\t<\/div>\n\t\t<\/div>\n\t\t\t\t\t<\/div>\n\t\t<\/section>\n\t\t\t\t<section class=\"elementor-section elementor-top-section elementor-element elementor-element-52462dc elementor-section-height-min-height elementor-section-boxed elementor-section-height-default elementor-section-items-middle\" data-id=\"52462dc\" data-element_type=\"section\" data-e-type=\"section\" data-settings=\"{&quot;background_background&quot;:&quot;classic&quot;}\">\n\t\t\t\t\t\t\t<div class=\"elementor-background-overlay\"><\/div>\n\t\t\t\t\t\t\t<div class=\"elementor-container elementor-column-gap-default\">\n\t\t\t\t\t<div class=\"elementor-column elementor-col-100 elementor-top-column elementor-element elementor-element-58010db\" data-id=\"58010db\" data-element_type=\"column\" data-e-type=\"column\">\n\t\t\t<div class=\"elementor-widget-wrap elementor-element-populated\">\n\t\t\t\t\t\t<div class=\"elementor-element elementor-element-09755e0 elementor-widget elementor-widget-heading\" data-id=\"09755e0\" data-element_type=\"widget\" data-e-type=\"widget\" data-widget_type=\"heading.default\">\n\t\t\t\t<div class=\"elementor-widget-container\">\n\t\t\t\t\t<h2 class=\"elementor-heading-title elementor-size-large\"><b>ATIVIDADES COMPLEMENTARES<\/b><\/h2>\t\t\t\t<\/div>\n\t\t\t\t<\/div>\n\t\t\t\t<div class=\"elementor-element elementor-element-3e716ad elementor-widget-divider--view-line elementor-widget elementor-widget-divider\" data-id=\"3e716ad\" data-element_type=\"widget\" data-e-type=\"widget\" data-widget_type=\"divider.default\">\n\t\t\t\t<div class=\"elementor-widget-container\">\n\t\t\t\t\t\t\t<div class=\"elementor-divider\">\n\t\t\t<span class=\"elementor-divider-separator\">\n\t\t\t\t\t\t<\/span>\n\t\t<\/div>\n\t\t\t\t\t\t<\/div>\n\t\t\t\t<\/div>\n\t\t\t\t<div class=\"elementor-element elementor-element-c4c73de elementor-widget elementor-widget-heading\" data-id=\"c4c73de\" data-element_type=\"widget\" data-e-type=\"widget\" data-widget_type=\"heading.default\">\n\t\t\t\t<div class=\"elementor-widget-container\">\n\t\t\t\t\t<p class=\"elementor-heading-title elementor-size-large\"><b>Se\u00e7\u00e3o destinada para as informa\u00e7\u00f5es sobre Atividades complementares<\/b><\/p>\t\t\t\t<\/div>\n\t\t\t\t<\/div>\n\t\t\t\t\t<\/div>\n\t\t<\/div>\n\t\t\t\t\t<\/div>\n\t\t<\/section>\n\t\t\t\t<section class=\"elementor-section elementor-top-section elementor-element elementor-element-0ac30c0 elementor-section-boxed elementor-section-height-default elementor-section-height-default\" data-id=\"0ac30c0\" data-element_type=\"section\" data-e-type=\"section\">\n\t\t\t\t\t\t<div class=\"elementor-container elementor-column-gap-default\">\n\t\t\t\t\t<div class=\"elementor-column elementor-col-100 elementor-top-column elementor-element elementor-element-4e16911\" data-id=\"4e16911\" data-element_type=\"column\" data-e-type=\"column\">\n\t\t\t<div class=\"elementor-widget-wrap elementor-element-populated\">\n\t\t\t\t\t\t<div class=\"elementor-element elementor-element-989f7db elementor-widget elementor-widget-spacer\" data-id=\"989f7db\" data-element_type=\"widget\" data-e-type=\"widget\" data-widget_type=\"spacer.default\">\n\t\t\t\t<div class=\"elementor-widget-container\">\n\t\t\t\t\t\t\t<div class=\"elementor-spacer\">\n\t\t\t<div class=\"elementor-spacer-inner\"><\/div>\n\t\t<\/div>\n\t\t\t\t\t\t<\/div>\n\t\t\t\t<\/div>\n\t\t\t\t\t<\/div>\n\t\t<\/div>\n\t\t\t\t\t<\/div>\n\t\t<\/section>\n\t\t\t\t<section class=\"elementor-section elementor-top-section elementor-element elementor-element-50ae847 elementor-section-boxed elementor-section-height-default elementor-section-height-default\" data-id=\"50ae847\" data-element_type=\"section\" data-e-type=\"section\">\n\t\t\t\t\t\t<div class=\"elementor-container elementor-column-gap-default\">\n\t\t\t\t\t<div class=\"elementor-column elementor-col-100 elementor-top-column elementor-element elementor-element-53f163e\" data-id=\"53f163e\" data-element_type=\"column\" data-e-type=\"column\">\n\t\t\t<div class=\"elementor-widget-wrap elementor-element-populated\">\n\t\t\t\t\t\t<div class=\"elementor-element elementor-element-a2ba7b4 eael_simple_menu_hamburger_disable_selected_menu_no eael-simple-menu-hamburger-align-right eael-hamburger--tablet elementor-widget elementor-widget-eael-simple-menu\" data-id=\"a2ba7b4\" data-element_type=\"widget\" data-e-type=\"widget\" data-widget_type=\"eael-simple-menu.default\">\n\t\t\t\t<div class=\"elementor-widget-container\">\n\t\t\t\t\t<style>\n                        @media screen and (max-width: 1024px) {\n                            .eael-hamburger--tablet {\n                                .eael-simple-menu-horizontal,\n                                .eael-simple-menu-vertical {\n                                    display: none;\n                                }\n                            }\n                            .eael-hamburger--tablet {\n                                .eael-simple-menu-container .eael-simple-menu-toggle {\n                                    display: block;\n                                }\n                            }\n                        }\n                    <\/style>            <div data-hamburger-icon=\"&lt;i aria-hidden=&quot;true&quot; class=&quot;fas fa-bars&quot;&gt;&lt;\/i&gt;\" data-indicator-icon=\"&lt;i aria-hidden=&quot;true&quot; class=&quot;fas fa-angle-down&quot;&gt;&lt;\/i&gt;\" data-dropdown-indicator-icon=\"&lt;i class=&quot;fas fa-angle-down&quot;&gt;&lt;\/i&gt;\" class=\"eael-simple-menu-container eael-simple-menu-align-left eael-simple-menu-dropdown-align-left preset-1\" data-hamburger-breakpoints=\"{&quot;mobile&quot;:&quot;Dispositivos m\\u00f3veis no modo retrato (&gt; 767px)&quot;,&quot;tablet&quot;:&quot;Tablet no modo retrato (&gt; 1024px)&quot;,&quot;desktop&quot;:&quot;Desktop (&gt; 2400px)&quot;,&quot;none&quot;:&quot;Nenhum&quot;}\" data-hamburger-device=\"tablet\">\n                <ul id=\"menu-atividades-complementares\" class=\"eael-simple-menu eael-simple-menu-dropdown-animate-to-top eael-simple-menu-indicator eael-simple-menu-horizontal\"><li id=\"menu-item-7259\" class=\"menu-item menu-item-type-post_type menu-item-object-page menu-item-7259\"><a href=\"https:\/\/www2.unifap.br\/secretariado\/atividades-complementares\">Apresenta\u00e7\u00e3o<\/a><\/li>\n<li id=\"menu-item-7260\" class=\"menu-item menu-item-type-post_type menu-item-object-page menu-item-7260\"><a href=\"https:\/\/www2.unifap.br\/secretariado\/carga-horaria-atividades-complementares\">Carga Hor\u00e1ria<\/a><\/li>\n<li id=\"menu-item-7261\" class=\"menu-item menu-item-type-post_type menu-item-object-page menu-item-7261\"><a href=\"https:\/\/www2.unifap.br\/secretariado\/categorizacao-atividades-complementares\">Categoriza\u00e7\u00e3o<\/a><\/li>\n<li id=\"menu-item-7262\" class=\"menu-item menu-item-type-post_type menu-item-object-page menu-item-7262\"><a href=\"https:\/\/www2.unifap.br\/secretariado\/atribuicoes-atividades-complementares\">Atribui\u00e7\u00f5es<\/a><\/li>\n<li id=\"menu-item-7263\" class=\"menu-item menu-item-type-post_type menu-item-object-page menu-item-7263\"><a href=\"https:\/\/www2.unifap.br\/secretariado\/documentos-atividades-complementares\">Documentos<\/a><\/li>\n<li id=\"menu-item-7264\" class=\"menu-item menu-item-type-post_type menu-item-object-page menu-item-7264\"><a href=\"https:\/\/www2.unifap.br\/secretariado\/passo-a-passo-atividades-complementares\">Passo a Passo<\/a><\/li>\n<\/ul>                <button class=\"eael-simple-menu-toggle\">\n                    <span class=\"sr-only \">Menu de altern\u00e2ncia de hamb\u00farguer<\/span>\n                    <i aria-hidden=\"true\" class=\"fas fa-bars\"><\/i>                <\/button>\n            <\/div>\n            \t\t\t\t<\/div>\n\t\t\t\t<\/div>\n\t\t\t\t\t<\/div>\n\t\t<\/div>\n\t\t\t\t\t<\/div>\n\t\t<\/section>\n\t\t\t\t<section class=\"elementor-section elementor-top-section elementor-element elementor-element-a125ebc elementor-section-boxed elementor-section-height-default elementor-section-height-default\" data-id=\"a125ebc\" data-element_type=\"section\" data-e-type=\"section\">\n\t\t\t\t\t\t<div class=\"elementor-container elementor-column-gap-default\">\n\t\t\t\t\t<div class=\"elementor-column elementor-col-100 elementor-top-column elementor-element elementor-element-32fe478\" data-id=\"32fe478\" data-element_type=\"column\" data-e-type=\"column\">\n\t\t\t<div class=\"elementor-widget-wrap elementor-element-populated\">\n\t\t\t\t\t\t<div class=\"elementor-element elementor-element-5989139 elementor-widget elementor-widget-heading\" data-id=\"5989139\" data-element_type=\"widget\" data-e-type=\"widget\" data-widget_type=\"heading.default\">\n\t\t\t\t<div class=\"elementor-widget-container\">\n\t\t\t\t\t<h2 class=\"elementor-heading-title elementor-size-default\">Atribui\u00e7\u00f5es do Discente do Curso<\/h2>\t\t\t\t<\/div>\n\t\t\t\t<\/div>\n\t\t\t\t\t<\/div>\n\t\t<\/div>\n\t\t\t\t\t<\/div>\n\t\t<\/section>\n\t\t\t\t<section class=\"elementor-section elementor-top-section elementor-element elementor-element-d3e1f58 elementor-section-boxed elementor-section-height-default elementor-section-height-default\" data-id=\"d3e1f58\" data-element_type=\"section\" data-e-type=\"section\">\n\t\t\t\t\t\t<div class=\"elementor-container elementor-column-gap-default\">\n\t\t\t\t\t<div class=\"elementor-column elementor-col-50 elementor-top-column elementor-element elementor-element-44cc4fb\" data-id=\"44cc4fb\" data-element_type=\"column\" data-e-type=\"column\">\n\t\t\t<div class=\"elementor-widget-wrap elementor-element-populated\">\n\t\t\t\t\t\t<div class=\"elementor-element elementor-element-82330e2 elementor-widget elementor-widget-text-editor\" data-id=\"82330e2\" data-element_type=\"widget\" data-e-type=\"widget\" data-widget_type=\"text-editor.default\">\n\t\t\t\t<div class=\"elementor-widget-container\">\n\t\t\t\t\t\t\t\t\t<p style=\"text-align: justify\"><span style=\"color: #000000\"><strong>S\u00e3o atribui\u00e7\u00f5es pertinentes ao discente do curso de Tecnologia em Secretariado:<\/strong><\/span><\/p><p style=\"text-align: justify\"><span style=\"color: #000000\">A observ\u00e2ncia do Quadro de Atividades Complementares, que comp\u00f5e o <a href=\"http:\/\/www2.unifap.br\/secretariado\/files\/2020\/11\/AP\u00caNDICE-D1.pdf\" target=\"_blank\" rel=\"noopener\"><span style=\"color: #0000ff\"><strong>AP\u00caNDICE D1<\/strong><\/span><\/a> desta Resolu\u00e7\u00e3o;<\/span><\/p><p style=\"text-align: justify\"><span style=\"color: #000000\">O cumprimento de atividades em pelo menos 2 (dois) dos 7 (sete) grupos categorizados como Atividades Complementares;<\/span><\/p><p style=\"text-align: justify\"><span style=\"color: #000000\">A observ\u00e2ncia dos crit\u00e9rios de valida\u00e7\u00e3o para cada atividade realizada, atentando-se, especialmente, \u00e0s \u00e1reas afins ao curso de Tecnologia em Secretariado e \u00e0 carga hor\u00e1ria m\u00e1xima atribu\u00edda para cada atividade descrita;<\/span><\/p><p style=\"text-align: justify\"><span style=\"color: #000000\">O engajamento, cumprimento e comprova\u00e7\u00e3o de 210 (duzentas e dez) horas de atividades complementares realizadas durante o curso de Tecnologia em Secretariado;<\/span><\/p><p style=\"text-align: justify\">\u00a0<\/p>\t\t\t\t\t\t\t\t<\/div>\n\t\t\t\t<\/div>\n\t\t\t\t\t<\/div>\n\t\t<\/div>\n\t\t\t\t<div class=\"elementor-column elementor-col-50 elementor-top-column elementor-element elementor-element-390937f\" data-id=\"390937f\" data-element_type=\"column\" data-e-type=\"column\">\n\t\t\t<div class=\"elementor-widget-wrap elementor-element-populated\">\n\t\t\t\t\t\t<div class=\"elementor-element elementor-element-661979b elementor-widget elementor-widget-image\" data-id=\"661979b\" data-element_type=\"widget\" data-e-type=\"widget\" data-widget_type=\"image.default\">\n\t\t\t\t<div class=\"elementor-widget-container\">\n\t\t\t\t\t\t\t\t\t\t\t\t\t\t\t<img fetchpriority=\"high\" decoding=\"async\" width=\"820\" height=\"560\" src=\"https:\/\/www2.unifap.br\/secretariado\/files\/2020\/10\/73-730530_user-support-services-computer-user-vector-icon.jpg\" class=\"attachment-large size-large wp-image-3091\" alt=\"\" srcset=\"https:\/\/www2.unifap.br\/secretariado\/files\/2020\/10\/73-730530_user-support-services-computer-user-vector-icon.jpg 820w, https:\/\/www2.unifap.br\/secretariado\/files\/2020\/10\/73-730530_user-support-services-computer-user-vector-icon-300x205.jpg 300w, https:\/\/www2.unifap.br\/secretariado\/files\/2020\/10\/73-730530_user-support-services-computer-user-vector-icon-768x524.jpg 768w\" sizes=\"(max-width: 820px) 100vw, 820px\" \/>\t\t\t\t\t\t\t\t\t\t\t\t\t\t\t<\/div>\n\t\t\t\t<\/div>\n\t\t\t\t\t<\/div>\n\t\t<\/div>\n\t\t\t\t\t<\/div>\n\t\t<\/section>\n\t\t\t\t<section class=\"elementor-section elementor-top-section elementor-element elementor-element-2c53bd0 elementor-section-boxed elementor-section-height-default elementor-section-height-default\" data-id=\"2c53bd0\" data-element_type=\"section\" data-e-type=\"section\">\n\t\t\t\t\t\t<div class=\"elementor-container elementor-column-gap-default\">\n\t\t\t\t\t<div class=\"elementor-column elementor-col-100 elementor-top-column elementor-element elementor-element-85de10c\" data-id=\"85de10c\" data-element_type=\"column\" data-e-type=\"column\">\n\t\t\t<div class=\"elementor-widget-wrap elementor-element-populated\">\n\t\t\t\t\t\t<div class=\"elementor-element elementor-element-02cabf5 elementor-widget elementor-widget-text-editor\" data-id=\"02cabf5\" data-element_type=\"widget\" data-e-type=\"widget\" data-widget_type=\"text-editor.default\">\n\t\t\t\t<div class=\"elementor-widget-container\">\n\t\t\t\t\t\t\t\t\t<p style=\"text-align: justify\"><span style=\"color: #000000\">O preenchimento, durante o 6\u00ba semestre do curso, ap\u00f3s a realiza\u00e7\u00e3o das 210 horas previstas, do Formul\u00e1rio de Registro de Atividades Complementares, constante no <a href=\"http:\/\/www2.unifap.br\/secretariado\/files\/2020\/11\/AP\u00caNDICE-D2.docx\" target=\"_blank\" rel=\"noopener\"><span style=\"color: #0000ff\"><strong>AP\u00caNDICE D2<\/strong><\/span><\/a> desta Resolu\u00e7\u00e3o (publicada na p\u00e1gina do curso no site da UNIFAP e tamb\u00e9m como parte integrante do Projeto Pedag\u00f3gico), atentando-se para as <em>Instru\u00e7\u00f5es para Preenchimento e Entrega do Formul\u00e1rio<\/em>, as quais encontram-se no verso do referido Formul\u00e1rio;<\/span><\/p><p style=\"text-align: justify\"><span style=\"color: #000000\">O envio do <em>Requerimento Online de Registro de Atividades Complementares<\/em> com o Formul\u00e1rio de Registro de Atividades Complementares devidamente preenchido e assinado, bem como de todos os documentos comprobat\u00f3rios para sua valida\u00e7\u00e3o (Declara\u00e7\u00e3o, Certificado, Atestado, Diploma, etc) para a coordena\u00e7\u00e3o do curso de Tecnologia em Secretariado. O prazo para o envio do <em>Requerimento Online<\/em> ser\u00e1 designado pelo(a) professor(a) respons\u00e1vel pela an\u00e1lise das Atividades Complementares, no in\u00edcio do 6\u00ba semestre letivo de cada turma, e amplamente divulgado (inclusive na p\u00e1gina do curso).<\/span><\/p><p style=\"text-align: justify\"><span style=\"color: #000000\">O discente tem total autonomia para eleger e realizar as atividades que julgar mais significativas para a sua forma\u00e7\u00e3o. Entretanto, recomenda-se fortemente que ele tome ci\u00eancia de todas as possibilidades de atividades, estudos e fun\u00e7\u00f5es que pode exercer enquanto estudante do curso de Tecnologia em Secretariado, a fim de que tenha as melhores oportunidades de fazer boas escolhas, levando em considera\u00e7\u00e3o a multidisciplinaridade do curso, suas aptid\u00f5es e interesses e realiza\u00e7\u00e3o profissional.<\/span><\/p>\t\t\t\t\t\t\t\t<\/div>\n\t\t\t\t<\/div>\n\t\t\t\t\t<\/div>\n\t\t<\/div>\n\t\t\t\t\t<\/div>\n\t\t<\/section>\n\t\t\t\t<section class=\"elementor-section elementor-top-section elementor-element elementor-element-b32314f elementor-section-boxed elementor-section-height-default elementor-section-height-default\" data-id=\"b32314f\" data-element_type=\"section\" data-e-type=\"section\">\n\t\t\t\t\t\t<div class=\"elementor-container elementor-column-gap-default\">\n\t\t\t\t\t<div class=\"elementor-column elementor-col-100 elementor-top-column elementor-element elementor-element-6a01ea2\" data-id=\"6a01ea2\" data-element_type=\"column\" data-e-type=\"column\">\n\t\t\t<div class=\"elementor-widget-wrap elementor-element-populated\">\n\t\t\t\t\t\t<div class=\"elementor-element elementor-element-d3b0f41 elementor-widget elementor-widget-heading\" data-id=\"d3b0f41\" data-element_type=\"widget\" data-e-type=\"widget\" data-widget_type=\"heading.default\">\n\t\t\t\t<div class=\"elementor-widget-container\">\n\t\t\t\t\t<h2 class=\"elementor-heading-title elementor-size-default\">Disposi\u00e7\u00f5es Finais<\/h2>\t\t\t\t<\/div>\n\t\t\t\t<\/div>\n\t\t\t\t\t<\/div>\n\t\t<\/div>\n\t\t\t\t\t<\/div>\n\t\t<\/section>\n\t\t\t\t<section class=\"elementor-section elementor-top-section elementor-element elementor-element-d30e585 elementor-section-boxed elementor-section-height-default elementor-section-height-default\" data-id=\"d30e585\" data-element_type=\"section\" data-e-type=\"section\">\n\t\t\t\t\t\t<div class=\"elementor-container elementor-column-gap-default\">\n\t\t\t\t\t<div class=\"elementor-column elementor-col-100 elementor-top-column elementor-element elementor-element-250013b\" data-id=\"250013b\" data-element_type=\"column\" data-e-type=\"column\">\n\t\t\t<div class=\"elementor-widget-wrap elementor-element-populated\">\n\t\t\t\t\t\t<div class=\"elementor-element elementor-element-3908ad9 elementor-widget elementor-widget-text-editor\" data-id=\"3908ad9\" data-element_type=\"widget\" data-e-type=\"widget\" data-widget_type=\"text-editor.default\">\n\t\t\t\t<div class=\"elementor-widget-container\">\n\t\t\t\t\t\t\t\t\t<p style=\"text-align: justify\"><strong><span style=\"color: #000000\">S\u00e3o declaradamente nulos eventuais atos praticados com o objetivo de transgredir os preceitos contidos nesta Resolu\u00e7\u00e3o.<\/span><\/strong><\/p><p style=\"text-align: justify\"><span style=\"color: #000000\">Em caso de transfer\u00eancia para o curso de Tecnologia em Secretariado, o acad\u00eamico proveniente de outro curso de gradua\u00e7\u00e3o da UNIFAP e\/ ou de outra Institui\u00e7\u00e3o de Ensino Superior poder\u00e1 solicitar a valida\u00e7\u00e3o de cr\u00e9ditos de Atividades Complementares que j\u00e1 tenha cumprido, estando submetido aos mesmos crit\u00e9rios de categoriza\u00e7\u00e3o (natureza da atividade) e atribui\u00e7\u00e3o de carga hor\u00e1ria, estabelecidos nesta Resolu\u00e7\u00e3o.<\/span><\/p><p style=\"text-align: justify\"><span style=\"color: #000000\">Os casos omissos ser\u00e3o resolvidos pela Comiss\u00e3o Organizadora de Atividades Complementares do Curso representada pela pessoa do(a) docente respons\u00e1vel pela valida\u00e7\u00e3o das Atividades Complementares.<\/span><\/p><p style=\"text-align: justify\"><span style=\"color: #000000\">A presente Resolu\u00e7\u00e3o poder\u00e1 ser alterada com a finalidade de adequa\u00e7\u00e3o a novas realidades e necessidades do curso, devendo, para tanto, ser submetida \u00e0 aprova\u00e7\u00e3o da Comiss\u00e3o Organizadora de Atividades Complementares.<\/span><\/p>\t\t\t\t\t\t\t\t<\/div>\n\t\t\t\t<\/div>\n\t\t\t\t\t<\/div>\n\t\t<\/div>\n\t\t\t\t\t<\/div>\n\t\t<\/section>\n\t\t\t\t<section class=\"elementor-section elementor-top-section elementor-element elementor-element-0174a7d elementor-section-boxed elementor-section-height-default elementor-section-height-default\" data-id=\"0174a7d\" data-element_type=\"section\" data-e-type=\"section\">\n\t\t\t\t\t\t<div class=\"elementor-container elementor-column-gap-default\">\n\t\t\t\t\t<div class=\"elementor-column elementor-col-100 elementor-top-column elementor-element elementor-element-21f78c0\" data-id=\"21f78c0\" data-element_type=\"column\" data-e-type=\"column\">\n\t\t\t<div class=\"elementor-widget-wrap elementor-element-populated\">\n\t\t\t\t\t\t<div class=\"elementor-element elementor-element-40c276c elementor-widget elementor-widget-spacer\" data-id=\"40c276c\" data-element_type=\"widget\" data-e-type=\"widget\" data-widget_type=\"spacer.default\">\n\t\t\t\t<div class=\"elementor-widget-container\">\n\t\t\t\t\t\t\t<div class=\"elementor-spacer\">\n\t\t\t<div class=\"elementor-spacer-inner\"><\/div>\n\t\t<\/div>\n\t\t\t\t\t\t<\/div>\n\t\t\t\t<\/div>\n\t\t\t\t\t<\/div>\n\t\t<\/div>\n\t\t\t\t\t<\/div>\n\t\t<\/section>\n\t\t\t\t<section class=\"elementor-section elementor-top-section elementor-element elementor-element-7072e94 elementor-section-boxed elementor-section-height-default elementor-section-height-default\" data-id=\"7072e94\" data-element_type=\"section\" data-e-type=\"section\">\n\t\t\t\t\t\t<div class=\"elementor-container elementor-column-gap-default\">\n\t\t\t\t\t<div class=\"elementor-column elementor-col-100 elementor-top-column elementor-element elementor-element-252df78\" data-id=\"252df78\" data-element_type=\"column\" data-e-type=\"column\">\n\t\t\t<div class=\"elementor-widget-wrap elementor-element-populated\">\n\t\t\t\t\t\t<div class=\"elementor-element elementor-element-2d3c88f elementor-button-info elementor-widget elementor-widget-button\" data-id=\"2d3c88f\" data-element_type=\"widget\" data-e-type=\"widget\" data-widget_type=\"button.default\">\n\t\t\t\t<div class=\"elementor-widget-container\">\n\t\t\t\t\t\t\t\t\t<div class=\"elementor-button-wrapper\">\n\t\t\t\t\t<a class=\"elementor-button elementor-button-link elementor-size-md\" href=\"https:\/\/www2.unifap.br\/secretariado\">\n\t\t\t\t\t\t<span class=\"elementor-button-content-wrapper\">\n\t\t\t\t\t\t<span class=\"elementor-button-icon\">\n\t\t\t\t<i aria-hidden=\"true\" class=\"fas fa-home\"><\/i>\t\t\t<\/span>\n\t\t\t\t\t\t\t\t\t<span class=\"elementor-button-text\">Voltar<\/span>\n\t\t\t\t\t<\/span>\n\t\t\t\t\t<\/a>\n\t\t\t\t<\/div>\n\t\t\t\t\t\t\t\t<\/div>\n\t\t\t\t<\/div>\n\t\t\t\t\t<\/div>\n\t\t<\/div>\n\t\t\t\t\t<\/div>\n\t\t<\/section>\n\t\t\t\t<\/div>\n\t\t","protected":false},"excerpt":{"rendered":"<p>ATIVIDADES COMPLEMENTARES Se\u00e7\u00e3o destinada para as informa\u00e7\u00f5es sobre Atividades complementares Apresenta\u00e7\u00e3o Carga Hor\u00e1ria Categoriaza\u00e7\u00e3o Atribui\u00e7\u00f5es Documentos Passo a Passo Atribui\u00e7\u00f5es do Discente do Curso S\u00e3o atribui\u00e7\u00f5es pertinentes ao discente do curso de Tecnologia em Secretariado: A observ\u00e2ncia do Quadro de Atividades Complementares, que comp\u00f5e o AP\u00caNDICE D1 desta Resolu\u00e7\u00e3o; O cumprimento de atividades em pelo&#8230;<\/p>\n","protected":false},"author":814,"featured_media":0,"parent":0,"menu_order":0,"comment_status":"closed","ping_status":"closed","template":"elementor_header_footer","meta":{"inline_featured_image":false,"ngg_post_thumbnail":0,"footnotes":""},"class_list":["post-7243","page","type-page","status-publish","hentry","entry"],"_links":{"self":[{"href":"https:\/\/www2.unifap.br\/secretariado\/wp-json\/wp\/v2\/pages\/7243","targetHints":{"allow":["GET"]}}],"collection":[{"href":"https:\/\/www2.unifap.br\/secretariado\/wp-json\/wp\/v2\/pages"}],"about":[{"href":"https:\/\/www2.unifap.br\/secretariado\/wp-json\/wp\/v2\/types\/page"}],"author":[{"embeddable":true,"href":"https:\/\/www2.unifap.br\/secretariado\/wp-json\/wp\/v2\/users\/814"}],"replies":[{"embeddable":true,"href":"https:\/\/www2.unifap.br\/secretariado\/wp-json\/wp\/v2\/comments?post=7243"}],"version-history":[{"count":5,"href":"https:\/\/www2.unifap.br\/secretariado\/wp-json\/wp\/v2\/pages\/7243\/revisions"}],"predecessor-version":[{"id":7346,"href":"https:\/\/www2.unifap.br\/secretariado\/wp-json\/wp\/v2\/pages\/7243\/revisions\/7346"}],"wp:attachment":[{"href":"https:\/\/www2.unifap.br\/secretariado\/wp-json\/wp\/v2\/media?parent=7243"}],"curies":[{"name":"wp","href":"https:\/\/api.w.org\/{rel}","templated":true}]}}