{"id":9125,"date":"2024-05-01T10:44:18","date_gmt":"2024-05-01T13:44:18","guid":{"rendered":"https:\/\/www2.unifap.br\/secretariado\/?page_id=9125"},"modified":"2024-05-01T11:46:53","modified_gmt":"2024-05-01T14:46:53","slug":"anais-de-eventos","status":"publish","type":"page","link":"https:\/\/www2.unifap.br\/secretariado\/anais-de-eventos","title":{"rendered":"Anais de Eventos"},"content":{"rendered":"\t\t<div data-elementor-type=\"wp-page\" data-elementor-id=\"9125\" class=\"elementor elementor-9125\">\n\t\t\t\t\t\t<section class=\"elementor-section elementor-top-section elementor-element elementor-element-a3d1dc9 elementor-section-height-min-height elementor-section-boxed elementor-section-height-default elementor-section-items-middle elementor-invisible\" data-id=\"a3d1dc9\" data-element_type=\"section\" data-e-type=\"section\" data-settings=\"{&quot;background_background&quot;:&quot;classic&quot;,&quot;animation&quot;:&quot;fadeIn&quot;}\">\n\t\t\t\t\t\t\t<div class=\"elementor-background-overlay\"><\/div>\n\t\t\t\t\t\t\t<div class=\"elementor-container elementor-column-gap-default\">\n\t\t\t\t\t<div class=\"elementor-column elementor-col-100 elementor-top-column elementor-element elementor-element-f6744a5\" data-id=\"f6744a5\" data-element_type=\"column\" data-e-type=\"column\">\n\t\t\t<div class=\"elementor-widget-wrap elementor-element-populated\">\n\t\t\t\t\t\t<div class=\"elementor-element elementor-element-be86afd elementor-widget elementor-widget-heading\" data-id=\"be86afd\" data-element_type=\"widget\" data-e-type=\"widget\" data-widget_type=\"heading.default\">\n\t\t\t\t<div class=\"elementor-widget-container\">\n\t\t\t\t\t<h2 class=\"elementor-heading-title elementor-size-large\"><b>Anais de Eventos <\/b><\/h2>\t\t\t\t<\/div>\n\t\t\t\t<\/div>\n\t\t\t\t<div class=\"elementor-element elementor-element-700b607 elementor-widget-divider--view-line elementor-widget elementor-widget-divider\" data-id=\"700b607\" data-element_type=\"widget\" data-e-type=\"widget\" data-widget_type=\"divider.default\">\n\t\t\t\t<div class=\"elementor-widget-container\">\n\t\t\t\t\t\t\t<div class=\"elementor-divider\">\n\t\t\t<span class=\"elementor-divider-separator\">\n\t\t\t\t\t\t<\/span>\n\t\t<\/div>\n\t\t\t\t\t\t<\/div>\n\t\t\t\t<\/div>\n\t\t\t\t<div class=\"elementor-element elementor-element-306e89f elementor-widget elementor-widget-heading\" data-id=\"306e89f\" data-element_type=\"widget\" data-e-type=\"widget\" data-widget_type=\"heading.default\">\n\t\t\t\t<div class=\"elementor-widget-container\">\n\t\t\t\t\t<p class=\"elementor-heading-title elementor-size-large\"><b>Conhe\u00e7am as publica\u00e7oes realizadas nos eventos de Secretariado.<\/b><\/p>\t\t\t\t<\/div>\n\t\t\t\t<\/div>\n\t\t\t\t\t<\/div>\n\t\t<\/div>\n\t\t\t\t\t<\/div>\n\t\t<\/section>\n\t\t\t\t<section class=\"elementor-section elementor-top-section elementor-element elementor-element-ad46465 elementor-section-content-middle elementor-section-boxed elementor-section-height-default elementor-section-height-default\" data-id=\"ad46465\" data-element_type=\"section\" data-e-type=\"section\" data-settings=\"{&quot;background_background&quot;:&quot;classic&quot;}\">\n\t\t\t\t\t\t\t<div class=\"elementor-background-overlay\"><\/div>\n\t\t\t\t\t\t\t<div class=\"elementor-container elementor-column-gap-no\">\n\t\t\t\t\t<div class=\"elementor-column elementor-col-50 elementor-top-column elementor-element elementor-element-22dfa44\" data-id=\"22dfa44\" data-element_type=\"column\" data-e-type=\"column\" data-settings=\"{&quot;background_background&quot;:&quot;classic&quot;}\">\n\t\t\t<div class=\"elementor-widget-wrap elementor-element-populated\">\n\t\t\t\t\t\t<div class=\"elementor-element elementor-element-f227fcf elementor-widget elementor-widget-image\" data-id=\"f227fcf\" data-element_type=\"widget\" data-e-type=\"widget\" data-widget_type=\"image.default\">\n\t\t\t\t<div class=\"elementor-widget-container\">\n\t\t\t\t\t\t\t\t\t\t\t\t\t\t\t\t<a href=\"http:\/\/www2.unifap.br\/secretariado\/files\/2024\/05\/V-Seminario-de-Secretariado-da-Universidade-Federal-do-Amapa-ANAIS-1.pdf\">\n\t\t\t\t\t\t\t<img fetchpriority=\"high\" decoding=\"async\" width=\"1080\" height=\"1080\" src=\"https:\/\/www2.unifap.br\/secretariado\/files\/2024\/03\/Design-sem-nome-1.png\" class=\"attachment-1536x1536 size-1536x1536 wp-image-9028\" alt=\"\" srcset=\"https:\/\/www2.unifap.br\/secretariado\/files\/2024\/03\/Design-sem-nome-1.png 1080w, https:\/\/www2.unifap.br\/secretariado\/files\/2024\/03\/Design-sem-nome-1-300x300.png 300w, https:\/\/www2.unifap.br\/secretariado\/files\/2024\/03\/Design-sem-nome-1-1024x1024.png 1024w, https:\/\/www2.unifap.br\/secretariado\/files\/2024\/03\/Design-sem-nome-1-150x150.png 150w, https:\/\/www2.unifap.br\/secretariado\/files\/2024\/03\/Design-sem-nome-1-768x768.png 768w, https:\/\/www2.unifap.br\/secretariado\/files\/2024\/03\/Design-sem-nome-1-600x600.png 600w\" sizes=\"(max-width: 1080px) 100vw, 1080px\" \/>\t\t\t\t\t\t\t\t<\/a>\n\t\t\t\t\t\t\t\t\t\t\t\t\t\t\t<\/div>\n\t\t\t\t<\/div>\n\t\t\t\t<div class=\"elementor-element elementor-element-f17f264 elementor-widget elementor-widget-heading\" data-id=\"f17f264\" data-element_type=\"widget\" data-e-type=\"widget\" data-widget_type=\"heading.default\">\n\t\t\t\t<div class=\"elementor-widget-container\">\n\t\t\t\t\t<h3 class=\"elementor-heading-title elementor-size-default\"><a href=\"http:\/\/www2.unifap.br\/secretariado\/files\/2024\/05\/V-Seminario-de-Secretariado-da-Universidade-Federal-do-Amapa-ANAIS-1.pdf\">V Semin\u00e1rio de Secretariado<\/a><\/h3>\t\t\t\t<\/div>\n\t\t\t\t<\/div>\n\t\t\t\t<div class=\"elementor-element elementor-element-323c7a6 elementor-widget elementor-widget-text-editor\" data-id=\"323c7a6\" data-element_type=\"widget\" data-e-type=\"widget\" data-widget_type=\"text-editor.default\">\n\t\t\t\t<div class=\"elementor-widget-container\">\n\t\t\t\t\t\t\t\t\t<p>Confira as publica\u00e7\u00f5es realizadas V Semin\u00e1rio de Secretariado.<\/p>\t\t\t\t\t\t\t\t<\/div>\n\t\t\t\t<\/div>\n\t\t\t\t\t<\/div>\n\t\t<\/div>\n\t\t\t\t<div class=\"elementor-column elementor-col-50 elementor-top-column elementor-element elementor-element-c297a60\" data-id=\"c297a60\" data-element_type=\"column\" data-e-type=\"column\">\n\t\t\t<div class=\"elementor-widget-wrap elementor-element-populated\">\n\t\t\t\t\t\t<div class=\"elementor-element elementor-element-72922b0 elementor-widget elementor-widget-image\" data-id=\"72922b0\" data-element_type=\"widget\" data-e-type=\"widget\" data-widget_type=\"image.default\">\n\t\t\t\t<div class=\"elementor-widget-container\">\n\t\t\t\t\t\t\t\t\t\t\t\t\t\t\t\t<a href=\"http:\/\/www2.unifap.br\/secretariado\/files\/2024\/05\/GESTAO-SOCIAL-E-CAMINHOS-PARA-O-DESENVOLVIMENTO_VI-SEMINARIO-DE-SECRETARIADO.pdf\">\n\t\t\t\t\t\t\t<img decoding=\"async\" width=\"1080\" height=\"1080\" src=\"https:\/\/www2.unifap.br\/secretariado\/files\/2024\/03\/VI-seminario.png\" class=\"attachment-full size-full wp-image-9021\" alt=\"\" srcset=\"https:\/\/www2.unifap.br\/secretariado\/files\/2024\/03\/VI-seminario.png 1080w, https:\/\/www2.unifap.br\/secretariado\/files\/2024\/03\/VI-seminario-300x300.png 300w, https:\/\/www2.unifap.br\/secretariado\/files\/2024\/03\/VI-seminario-1024x1024.png 1024w, https:\/\/www2.unifap.br\/secretariado\/files\/2024\/03\/VI-seminario-150x150.png 150w, https:\/\/www2.unifap.br\/secretariado\/files\/2024\/03\/VI-seminario-768x768.png 768w, https:\/\/www2.unifap.br\/secretariado\/files\/2024\/03\/VI-seminario-600x600.png 600w\" sizes=\"(max-width: 1080px) 100vw, 1080px\" \/>\t\t\t\t\t\t\t\t<\/a>\n\t\t\t\t\t\t\t\t\t\t\t\t\t\t\t<\/div>\n\t\t\t\t<\/div>\n\t\t\t\t<div class=\"elementor-element elementor-element-f980829 elementor-widget elementor-widget-heading\" data-id=\"f980829\" data-element_type=\"widget\" data-e-type=\"widget\" data-widget_type=\"heading.default\">\n\t\t\t\t<div class=\"elementor-widget-container\">\n\t\t\t\t\t<h3 class=\"elementor-heading-title elementor-size-default\"><a href=\"http:\/\/www2.unifap.br\/secretariado\/files\/2024\/05\/GESTAO-SOCIAL-E-CAMINHOS-PARA-O-DESENVOLVIMENTO_VI-SEMINARIO-DE-SECRETARIADO.pdf\">VI Semin\u00e1rio de Secretariado<\/a><\/h3>\t\t\t\t<\/div>\n\t\t\t\t<\/div>\n\t\t\t\t<div class=\"elementor-element elementor-element-fa98ace elementor-widget elementor-widget-text-editor\" data-id=\"fa98ace\" data-element_type=\"widget\" data-e-type=\"widget\" data-widget_type=\"text-editor.default\">\n\t\t\t\t<div class=\"elementor-widget-container\">\n\t\t\t\t\t\t\t\t\t<p>Confira as publica\u00e7\u00f5es realizadas VI Semin\u00e1rio de Secretariado.<\/p>\t\t\t\t\t\t\t\t<\/div>\n\t\t\t\t<\/div>\n\t\t\t\t\t<\/div>\n\t\t<\/div>\n\t\t\t\t\t<\/div>\n\t\t<\/section>\n\t\t\t\t<section class=\"elementor-section elementor-top-section elementor-element elementor-element-7599e59 elementor-section-boxed elementor-section-height-default elementor-section-height-default\" data-id=\"7599e59\" data-element_type=\"section\" data-e-type=\"section\">\n\t\t\t\t\t\t<div class=\"elementor-container elementor-column-gap-default\">\n\t\t\t\t\t<div class=\"elementor-column elementor-col-100 elementor-top-column elementor-element elementor-element-995e315\" data-id=\"995e315\" data-element_type=\"column\" data-e-type=\"column\">\n\t\t\t<div class=\"elementor-widget-wrap elementor-element-populated\">\n\t\t\t\t\t\t<div class=\"elementor-element elementor-element-1810f5e elementor-button-info elementor-align-left elementor-widget elementor-widget-button\" data-id=\"1810f5e\" data-element_type=\"widget\" data-e-type=\"widget\" data-widget_type=\"button.default\">\n\t\t\t\t<div class=\"elementor-widget-container\">\n\t\t\t\t\t\t\t\t\t<div class=\"elementor-button-wrapper\">\n\t\t\t\t\t<a class=\"elementor-button elementor-button-link elementor-size-md\" href=\"https:\/\/www2.unifap.br\/secretariado\/\">\n\t\t\t\t\t\t<span class=\"elementor-button-content-wrapper\">\n\t\t\t\t\t\t<span class=\"elementor-button-icon\">\n\t\t\t\t<i aria-hidden=\"true\" class=\"fas fa-home\"><\/i>\t\t\t<\/span>\n\t\t\t\t\t\t\t\t\t<span class=\"elementor-button-text\">In\u00edcio<\/span>\n\t\t\t\t\t<\/span>\n\t\t\t\t\t<\/a>\n\t\t\t\t<\/div>\n\t\t\t\t\t\t\t\t<\/div>\n\t\t\t\t<\/div>\n\t\t\t\t\t<\/div>\n\t\t<\/div>\n\t\t\t\t\t<\/div>\n\t\t<\/section>\n\t\t\t\t<\/div>\n\t\t","protected":false},"excerpt":{"rendered":"<p>Anais de Eventos Conhe\u00e7am as publica\u00e7oes realizadas nos eventos de Secretariado. V Semin\u00e1rio de Secretariado Confira as publica\u00e7\u00f5es realizadas V Semin\u00e1rio de Secretariado. VI Semin\u00e1rio de Secretariado Confira as publica\u00e7\u00f5es realizadas VI Semin\u00e1rio de Secretariado. In\u00edcio<\/p>\n","protected":false},"author":814,"featured_media":0,"parent":0,"menu_order":0,"comment_status":"closed","ping_status":"closed","template":"elementor_header_footer","meta":{"inline_featured_image":false,"ngg_post_thumbnail":0,"footnotes":""},"class_list":["post-9125","page","type-page","status-publish","hentry","entry"],"_links":{"self":[{"href":"https:\/\/www2.unifap.br\/secretariado\/wp-json\/wp\/v2\/pages\/9125","targetHints":{"allow":["GET"]}}],"collection":[{"href":"https:\/\/www2.unifap.br\/secretariado\/wp-json\/wp\/v2\/pages"}],"about":[{"href":"https:\/\/www2.unifap.br\/secretariado\/wp-json\/wp\/v2\/types\/page"}],"author":[{"embeddable":true,"href":"https:\/\/www2.unifap.br\/secretariado\/wp-json\/wp\/v2\/users\/814"}],"replies":[{"embeddable":true,"href":"https:\/\/www2.unifap.br\/secretariado\/wp-json\/wp\/v2\/comments?post=9125"}],"version-history":[{"count":18,"href":"https:\/\/www2.unifap.br\/secretariado\/wp-json\/wp\/v2\/pages\/9125\/revisions"}],"predecessor-version":[{"id":9163,"href":"https:\/\/www2.unifap.br\/secretariado\/wp-json\/wp\/v2\/pages\/9125\/revisions\/9163"}],"wp:attachment":[{"href":"https:\/\/www2.unifap.br\/secretariado\/wp-json\/wp\/v2\/media?parent=9125"}],"curies":[{"name":"wp","href":"https:\/\/api.w.org\/{rel}","templated":true}]}}