{"id":455,"date":"2023-10-14T12:56:27","date_gmt":"2023-10-14T15:56:27","guid":{"rendered":"https:\/\/www2.unifap.br\/simposioinovacao2023\/?page_id=455"},"modified":"2023-11-14T02:19:58","modified_gmt":"2023-11-14T05:19:58","slug":"inscricoes","status":"publish","type":"page","link":"https:\/\/www2.unifap.br\/simposioinovacao2023\/inscricoes\/","title":{"rendered":"Inscri\u00e7oes"},"content":{"rendered":"\t\t<div data-elementor-type=\"wp-page\" data-elementor-id=\"455\" class=\"elementor elementor-455\">\n\t\t\t\t\t\t<section class=\"elementor-section elementor-top-section elementor-element elementor-element-05a8c7c elementor-section-boxed elementor-section-height-default elementor-section-height-default\" data-id=\"05a8c7c\" data-element_type=\"section\" data-e-type=\"section\">\n\t\t\t\t\t\t<div class=\"elementor-container elementor-column-gap-no\">\n\t\t\t\t\t<div class=\"elementor-column elementor-col-100 elementor-top-column elementor-element elementor-element-95ca059\" data-id=\"95ca059\" data-element_type=\"column\" data-e-type=\"column\">\n\t\t\t<div class=\"elementor-widget-wrap elementor-element-populated\">\n\t\t\t\t\t\t<div class=\"elementor-element elementor-element-5d7d2b0 elementor-widget elementor-widget-image\" data-id=\"5d7d2b0\" data-element_type=\"widget\" data-e-type=\"widget\" data-widget_type=\"image.default\">\n\t\t\t\t<div class=\"elementor-widget-container\">\n\t\t\t\t\t\t\t\t\t\t\t\t\t\t\t<img fetchpriority=\"high\" decoding=\"async\" width=\"1024\" height=\"512\" src=\"https:\/\/www2.unifap.br\/simposioinovacao2023\/files\/2023\/10\/Topo-Site-2-1024x512.jpg\" class=\"attachment-large size-large wp-image-584\" alt=\"\" srcset=\"https:\/\/www2.unifap.br\/simposioinovacao2023\/files\/2023\/10\/Topo-Site-2-1024x512.jpg 1024w, https:\/\/www2.unifap.br\/simposioinovacao2023\/files\/2023\/10\/Topo-Site-2-300x150.jpg 300w, https:\/\/www2.unifap.br\/simposioinovacao2023\/files\/2023\/10\/Topo-Site-2-768x384.jpg 768w, https:\/\/www2.unifap.br\/simposioinovacao2023\/files\/2023\/10\/Topo-Site-2-1536x768.jpg 1536w, https:\/\/www2.unifap.br\/simposioinovacao2023\/files\/2023\/10\/Topo-Site-2-2048x1024.jpg 2048w\" sizes=\"(max-width: 1024px) 100vw, 1024px\" \/>\t\t\t\t\t\t\t\t\t\t\t\t\t\t\t<\/div>\n\t\t\t\t<\/div>\n\t\t\t\t\t<\/div>\n\t\t<\/div>\n\t\t\t\t\t<\/div>\n\t\t<\/section>\n\t\t\t\t<section class=\"elementor-section elementor-top-section elementor-element elementor-element-bd5ec4b elementor-section-boxed elementor-section-height-default elementor-section-height-default\" data-id=\"bd5ec4b\" data-element_type=\"section\" data-e-type=\"section\">\n\t\t\t\t\t\t<div class=\"elementor-container elementor-column-gap-default\">\n\t\t\t\t\t<div class=\"elementor-column elementor-col-100 elementor-top-column elementor-element elementor-element-4ae3387\" data-id=\"4ae3387\" data-element_type=\"column\" data-e-type=\"column\">\n\t\t\t<div class=\"elementor-widget-wrap elementor-element-populated\">\n\t\t\t\t\t\t<div class=\"elementor-element elementor-element-1f07e3d elementor-align-center elementor-widget__width-initial elementor-widget elementor-widget-button\" data-id=\"1f07e3d\" data-element_type=\"widget\" data-e-type=\"widget\" data-widget_type=\"button.default\">\n\t\t\t\t<div class=\"elementor-widget-container\">\n\t\t\t\t\t\t\t\t\t<div class=\"elementor-button-wrapper\">\n\t\t\t\t\t<a class=\"elementor-button elementor-button-link elementor-size-lg\" href=\"https:\/\/sigaa.unifap.br\/sigaa\/public\/extensao\/loginCursosEventosExtensao.jsf\" target=\"_blank\" rel=\"nofollow\">\n\t\t\t\t\t\t<span class=\"elementor-button-content-wrapper\">\n\t\t\t\t\t\t\t\t\t<span class=\"elementor-button-text\">Inscreva-se<\/span>\n\t\t\t\t\t<\/span>\n\t\t\t\t\t<\/a>\n\t\t\t\t<\/div>\n\t\t\t\t\t\t\t\t<\/div>\n\t\t\t\t<\/div>\n\t\t\t\t\t<\/div>\n\t\t<\/div>\n\t\t\t\t\t<\/div>\n\t\t<\/section>\n\t\t\t\t<section class=\"elementor-section elementor-top-section elementor-element elementor-element-d038e57 elementor-section-height-min-height elementor-section-boxed elementor-section-height-default elementor-section-items-middle\" data-id=\"d038e57\" data-element_type=\"section\" data-e-type=\"section\">\n\t\t\t\t\t\t<div class=\"elementor-container elementor-column-gap-default\">\n\t\t\t\t\t<div class=\"elementor-column elementor-col-100 elementor-top-column elementor-element elementor-element-dbdb00e\" data-id=\"dbdb00e\" data-element_type=\"column\" data-e-type=\"column\">\n\t\t\t<div class=\"elementor-widget-wrap elementor-element-populated\">\n\t\t\t\t\t\t<div class=\"elementor-element elementor-element-0238490 elementor-widget elementor-widget-heading\" data-id=\"0238490\" data-element_type=\"widget\" data-e-type=\"widget\" data-widget_type=\"heading.default\">\n\t\t\t\t<div class=\"elementor-widget-container\">\n\t\t\t\t\t<h2 class=\"elementor-heading-title elementor-size-default\">Como me inscrever para participar do Simp\u00f3sio?<\/h2>\t\t\t\t<\/div>\n\t\t\t\t<\/div>\n\t\t\t\t\t<\/div>\n\t\t<\/div>\n\t\t\t\t\t<\/div>\n\t\t<\/section>\n\t\t\t\t<section class=\"elementor-section elementor-top-section elementor-element elementor-element-5b0d724 elementor-section-boxed elementor-section-height-default elementor-section-height-default\" data-id=\"5b0d724\" data-element_type=\"section\" data-e-type=\"section\">\n\t\t\t\t\t\t<div class=\"elementor-container elementor-column-gap-default\">\n\t\t\t\t\t<div class=\"elementor-column elementor-col-100 elementor-top-column elementor-element elementor-element-830317b\" data-id=\"830317b\" data-element_type=\"column\" data-e-type=\"column\">\n\t\t\t<div class=\"elementor-widget-wrap elementor-element-populated\">\n\t\t\t\t\t\t<div class=\"elementor-element elementor-element-c3cf726 elementor-widget elementor-widget-heading\" data-id=\"c3cf726\" data-element_type=\"widget\" data-e-type=\"widget\" data-widget_type=\"heading.default\">\n\t\t\t\t<div class=\"elementor-widget-container\">\n\t\t\t\t\t<h2 class=\"elementor-heading-title elementor-size-default\">1. Clicando no bot\u00e3o INSCREVA-SE acima!<\/h2>\t\t\t\t<\/div>\n\t\t\t\t<\/div>\n\t\t\t\t\t<\/div>\n\t\t<\/div>\n\t\t\t\t\t<\/div>\n\t\t<\/section>\n\t\t\t\t<section class=\"elementor-section elementor-top-section elementor-element elementor-element-a69e03f elementor-section-boxed elementor-section-height-default elementor-section-height-default\" data-id=\"a69e03f\" data-element_type=\"section\" data-e-type=\"section\">\n\t\t\t\t\t\t<div class=\"elementor-container elementor-column-gap-default\">\n\t\t\t\t\t<div class=\"elementor-column elementor-col-100 elementor-top-column elementor-element elementor-element-0506a2c\" data-id=\"0506a2c\" data-element_type=\"column\" data-e-type=\"column\">\n\t\t\t<div class=\"elementor-widget-wrap elementor-element-populated\">\n\t\t\t\t\t\t<div class=\"elementor-element elementor-element-dcdb7cc elementor-widget elementor-widget-heading\" data-id=\"dcdb7cc\" data-element_type=\"widget\" data-e-type=\"widget\" data-widget_type=\"heading.default\">\n\t\t\t\t<div class=\"elementor-widget-container\">\n\t\t\t\t\t<h2 class=\"elementor-heading-title elementor-size-default\">2. Voc\u00ea ser\u00e1 direcionado para a \u00e1rea de login do Sistema de Inscri\u00e7\u00e3o em Eventos de Extens\u00e3o e precisar\u00e1 ter E-MAIL e SENHA cadastrados.<\/h2>\t\t\t\t<\/div>\n\t\t\t\t<\/div>\n\t\t\t\t\t<\/div>\n\t\t<\/div>\n\t\t\t\t\t<\/div>\n\t\t<\/section>\n\t\t\t\t<section class=\"elementor-section elementor-top-section elementor-element elementor-element-9617436 elementor-section-boxed elementor-section-height-default elementor-section-height-default\" data-id=\"9617436\" data-element_type=\"section\" data-e-type=\"section\">\n\t\t\t\t\t\t<div class=\"elementor-container elementor-column-gap-default\">\n\t\t\t\t\t<div class=\"elementor-column elementor-col-100 elementor-top-column elementor-element elementor-element-6d50c9b\" data-id=\"6d50c9b\" data-element_type=\"column\" data-e-type=\"column\">\n\t\t\t<div class=\"elementor-widget-wrap elementor-element-populated\">\n\t\t\t\t\t\t<div class=\"elementor-element elementor-element-f250777 elementor-widget elementor-widget-image\" data-id=\"f250777\" data-element_type=\"widget\" data-e-type=\"widget\" data-widget_type=\"image.default\">\n\t\t\t\t<div class=\"elementor-widget-container\">\n\t\t\t\t\t\t\t\t\t\t\t\t\t\t\t<img decoding=\"async\" width=\"730\" height=\"187\" src=\"https:\/\/www2.unifap.br\/simposioinovacao2023\/files\/2023\/10\/manual-img.jpeg\" class=\"attachment-medium_large size-medium_large wp-image-592\" alt=\"\" srcset=\"https:\/\/www2.unifap.br\/simposioinovacao2023\/files\/2023\/10\/manual-img.jpeg 730w, https:\/\/www2.unifap.br\/simposioinovacao2023\/files\/2023\/10\/manual-img-300x77.jpeg 300w\" sizes=\"(max-width: 730px) 100vw, 730px\" \/>\t\t\t\t\t\t\t\t\t\t\t\t\t\t\t<\/div>\n\t\t\t\t<\/div>\n\t\t\t\t\t<\/div>\n\t\t<\/div>\n\t\t\t\t\t<\/div>\n\t\t<\/section>\n\t\t\t\t<section class=\"elementor-section elementor-top-section elementor-element elementor-element-0dfa1fd elementor-section-boxed elementor-section-height-default elementor-section-height-default\" data-id=\"0dfa1fd\" data-element_type=\"section\" data-e-type=\"section\">\n\t\t\t\t\t\t<div class=\"elementor-container elementor-column-gap-default\">\n\t\t\t\t\t<div class=\"elementor-column elementor-col-100 elementor-top-column elementor-element elementor-element-f5c7e62\" data-id=\"f5c7e62\" data-element_type=\"column\" data-e-type=\"column\">\n\t\t\t<div class=\"elementor-widget-wrap elementor-element-populated\">\n\t\t\t\t\t\t<div class=\"elementor-element elementor-element-7c6953e elementor-widget elementor-widget-heading\" data-id=\"7c6953e\" data-element_type=\"widget\" data-e-type=\"widget\" data-widget_type=\"heading.default\">\n\t\t\t\t<div class=\"elementor-widget-container\">\n\t\t\t\t\t<h2 class=\"elementor-heading-title elementor-size-default\">a. Se j\u00e1 possuir cadastro, realizado em evento anterior, acesse com seu e-mail e senha.<br><br>\nb. Se ainda n\u00e3o for cadastrado, clique em \u201cAINDA N\u00c3O POSSUO CADASTRO!\u201d e um formul\u00e1rio ser\u00e1 exibido. Preencha todos os campos obrigat\u00f3rios e clique em \u201cCADASTRAR\u201d.<br><br>\nc. Se j\u00e1 possuir cadastro, realizado em evento anterior, por\u00e9m n\u00e3o lembrar a senha, acesse a op\u00e7\u00e3o \u201cESQUECI MINHA SENHA!\u201d. Ser\u00e1 necess\u00e1rio informar o e-mail utilizado no momento do cadastro, data de nascimento e cpf. Uma nova senha ser\u00e1 enviada ao e-mail informado.<br><br>\n3. Ap\u00f3s ter acessado o sistema, v\u00e1 para CURSOS E EVENTOS ABERTOS, encontre o evento e clique na seta verde \u00e0 direita da tela.<\/h2>\t\t\t\t<\/div>\n\t\t\t\t<\/div>\n\t\t\t\t\t<\/div>\n\t\t<\/div>\n\t\t\t\t\t<\/div>\n\t\t<\/section>\n\t\t\t\t<section class=\"elementor-section elementor-top-section elementor-element elementor-element-b29e550 elementor-section-boxed elementor-section-height-default elementor-section-height-default\" data-id=\"b29e550\" data-element_type=\"section\" data-e-type=\"section\">\n\t\t\t\t\t\t<div class=\"elementor-container elementor-column-gap-default\">\n\t\t\t\t\t<div class=\"elementor-column elementor-col-100 elementor-top-column elementor-element elementor-element-571ee0b\" data-id=\"571ee0b\" data-element_type=\"column\" data-e-type=\"column\">\n\t\t\t<div class=\"elementor-widget-wrap elementor-element-populated\">\n\t\t\t\t\t\t<div class=\"elementor-element elementor-element-99b40ba elementor-widget elementor-widget-image\" data-id=\"99b40ba\" data-element_type=\"widget\" data-e-type=\"widget\" data-widget_type=\"image.default\">\n\t\t\t\t<div class=\"elementor-widget-container\">\n\t\t\t\t\t\t\t\t\t\t\t\t\t\t\t<img decoding=\"async\" width=\"1024\" height=\"104\" src=\"https:\/\/www2.unifap.br\/simposioinovacao2023\/files\/2023\/10\/manual-img1-1024x104.jpeg\" class=\"attachment-large size-large wp-image-596\" alt=\"\" srcset=\"https:\/\/www2.unifap.br\/simposioinovacao2023\/files\/2023\/10\/manual-img1-1024x104.jpeg 1024w, https:\/\/www2.unifap.br\/simposioinovacao2023\/files\/2023\/10\/manual-img1-300x30.jpeg 300w, https:\/\/www2.unifap.br\/simposioinovacao2023\/files\/2023\/10\/manual-img1-768x78.jpeg 768w, https:\/\/www2.unifap.br\/simposioinovacao2023\/files\/2023\/10\/manual-img1.jpeg 1423w\" sizes=\"(max-width: 1024px) 100vw, 1024px\" \/>\t\t\t\t\t\t\t\t\t\t\t\t\t\t\t<\/div>\n\t\t\t\t<\/div>\n\t\t\t\t\t<\/div>\n\t\t<\/div>\n\t\t\t\t\t<\/div>\n\t\t<\/section>\n\t\t\t\t<section class=\"elementor-section elementor-top-section elementor-element elementor-element-273fafc elementor-section-boxed elementor-section-height-default elementor-section-height-default\" data-id=\"273fafc\" data-element_type=\"section\" data-e-type=\"section\">\n\t\t\t\t\t\t<div class=\"elementor-container elementor-column-gap-default\">\n\t\t\t\t\t<div class=\"elementor-column elementor-col-100 elementor-top-column elementor-element elementor-element-f0cc64d\" data-id=\"f0cc64d\" data-element_type=\"column\" data-e-type=\"column\">\n\t\t\t<div class=\"elementor-widget-wrap elementor-element-populated\">\n\t\t\t\t\t\t<div class=\"elementor-element elementor-element-764e6c0 elementor-widget elementor-widget-heading\" data-id=\"764e6c0\" data-element_type=\"widget\" data-e-type=\"widget\" data-widget_type=\"heading.default\">\n\t\t\t\t<div class=\"elementor-widget-container\">\n\t\t\t\t\t<h2 class=\"elementor-heading-title elementor-size-default\">4. Preencha o formul\u00e1rio e confirme sua inscri\u00e7\u00e3o.<br><br>\nD\u00daVIDAS? Entre em contato conosco atrav\u00e9s do e-mail simposioinovacao@unifap.br<br><br>\n<\/h2>\t\t\t\t<\/div>\n\t\t\t\t<\/div>\n\t\t\t\t\t<\/div>\n\t\t<\/div>\n\t\t\t\t\t<\/div>\n\t\t<\/section>\n\t\t\t\t<section class=\"elementor-section elementor-top-section elementor-element elementor-element-743a8f1 elementor-section-boxed elementor-section-height-default elementor-section-height-default\" data-id=\"743a8f1\" data-element_type=\"section\" data-e-type=\"section\">\n\t\t\t\t\t\t<div class=\"elementor-container elementor-column-gap-default\">\n\t\t\t\t\t<div class=\"elementor-column elementor-col-100 elementor-top-column elementor-element elementor-element-1d25f43\" data-id=\"1d25f43\" data-element_type=\"column\" data-e-type=\"column\">\n\t\t\t<div class=\"elementor-widget-wrap elementor-element-populated\">\n\t\t\t\t\t\t<div class=\"elementor-element elementor-element-c4df122 elementor-widget elementor-widget-heading\" data-id=\"c4df122\" data-element_type=\"widget\" data-e-type=\"widget\" data-widget_type=\"heading.default\">\n\t\t\t\t<div class=\"elementor-widget-container\">\n\t\t\t\t\t<h2 class=\"elementor-heading-title elementor-size-default\"><span style=\", sans-serif;font-size: 16px;font-style: normal;font-weight: 700\">ATEN\u00c7\u00c3O DISCENTE E\/OU SERVIDOR DA UNIFAP:<\/span><\/h2>\t\t\t\t<\/div>\n\t\t\t\t<\/div>\n\t\t\t\t\t<\/div>\n\t\t<\/div>\n\t\t\t\t\t<\/div>\n\t\t<\/section>\n\t\t\t\t<section class=\"elementor-section elementor-top-section elementor-element elementor-element-f78dcff elementor-section-boxed elementor-section-height-default elementor-section-height-default\" data-id=\"f78dcff\" data-element_type=\"section\" data-e-type=\"section\">\n\t\t\t\t\t\t<div class=\"elementor-container elementor-column-gap-default\">\n\t\t\t\t\t<div class=\"elementor-column elementor-col-100 elementor-top-column elementor-element elementor-element-ad4c72d\" data-id=\"ad4c72d\" data-element_type=\"column\" data-e-type=\"column\">\n\t\t\t<div class=\"elementor-widget-wrap elementor-element-populated\">\n\t\t\t\t\t\t<div class=\"elementor-element elementor-element-e939d75 elementor-widget elementor-widget-text-editor\" data-id=\"e939d75\" data-element_type=\"widget\" data-e-type=\"widget\" data-widget_type=\"text-editor.default\">\n\t\t\t\t<div class=\"elementor-widget-container\">\n\t\t\t\t\t\t\t\t\t<p><span style=\"color: #888888; font-family: 'Roboto Slab', sans-serif; font-size: 16px; font-style: normal; font-variant-ligatures: normal; font-variant-caps: normal; font-weight: 400;\">O E-mail e senha solicitado nesta tela n\u00e3o \u00e9 mesmo que voc\u00ea j\u00e1 utiliza para acessar SIGAA, SIPAC e SIGRH. Logo, independente de ter v\u00ednculo com a institui\u00e7\u00e3o, \u00e9 necess\u00e1rio realizar seu cadastro nesta \u00e1rea, que \u00e9 exclusiva para inscri\u00e7\u00e3o em eventos de extens\u00e3o na UNIFAP.<\/span><\/p>\t\t\t\t\t\t\t\t<\/div>\n\t\t\t\t<\/div>\n\t\t\t\t\t<\/div>\n\t\t<\/div>\n\t\t\t\t\t<\/div>\n\t\t<\/section>\n\t\t\t\t<section class=\"elementor-section elementor-top-section elementor-element elementor-element-89bfdd7 elementor-section-boxed elementor-section-height-default elementor-section-height-default\" data-id=\"89bfdd7\" data-element_type=\"section\" data-e-type=\"section\">\n\t\t\t\t\t\t<div class=\"elementor-container elementor-column-gap-default\">\n\t\t\t\t\t<div class=\"elementor-column elementor-col-100 elementor-top-column elementor-element elementor-element-c4c7121\" data-id=\"c4c7121\" data-element_type=\"column\" data-e-type=\"column\">\n\t\t\t<div class=\"elementor-widget-wrap elementor-element-populated\">\n\t\t\t\t\t\t<div class=\"elementor-element elementor-element-176ca1a elementor-widget elementor-widget-text-editor\" data-id=\"176ca1a\" data-element_type=\"widget\" data-e-type=\"widget\" data-widget_type=\"text-editor.default\">\n\t\t\t\t<div class=\"elementor-widget-container\">\n\t\t\t\t\t\t\t\t\t<p>Agradecemos sua participa\u00e7\u00e3o e estamos ansiosos para v\u00ea-lo no II Simp\u00f3sio Amapaense de Inova\u00e7\u00e3o Tecnol\u00f3gica!<\/p>\t\t\t\t\t\t\t\t<\/div>\n\t\t\t\t<\/div>\n\t\t\t\t\t<\/div>\n\t\t<\/div>\n\t\t\t\t\t<\/div>\n\t\t<\/section>\n\t\t\t\t<section class=\"elementor-section elementor-top-section elementor-element elementor-element-de04cab elementor-section-boxed elementor-section-height-default elementor-section-height-default\" data-id=\"de04cab\" data-element_type=\"section\" data-e-type=\"section\">\n\t\t\t\t\t\t<div class=\"elementor-container elementor-column-gap-default\">\n\t\t\t\t\t<div class=\"elementor-column elementor-col-100 elementor-top-column elementor-element elementor-element-a6ff654\" data-id=\"a6ff654\" data-element_type=\"column\" data-e-type=\"column\">\n\t\t\t<div class=\"elementor-widget-wrap elementor-element-populated\">\n\t\t\t\t\t\t<div class=\"elementor-element elementor-element-a20cf32 elementor-align-center elementor-widget__width-initial elementor-widget elementor-widget-button\" data-id=\"a20cf32\" data-element_type=\"widget\" data-e-type=\"widget\" data-widget_type=\"button.default\">\n\t\t\t\t<div class=\"elementor-widget-container\">\n\t\t\t\t\t\t\t\t\t<div class=\"elementor-button-wrapper\">\n\t\t\t\t\t<a class=\"elementor-button elementor-button-link elementor-size-lg\" href=\"https:\/\/sigaa.unifap.br\/sigaa\/public\/extensao\/loginCursosEventosExtensao.jsf\" target=\"_blank\" rel=\"nofollow\">\n\t\t\t\t\t\t<span class=\"elementor-button-content-wrapper\">\n\t\t\t\t\t\t\t\t\t<span class=\"elementor-button-text\">Inscreva-se<\/span>\n\t\t\t\t\t<\/span>\n\t\t\t\t\t<\/a>\n\t\t\t\t<\/div>\n\t\t\t\t\t\t\t\t<\/div>\n\t\t\t\t<\/div>\n\t\t\t\t\t<\/div>\n\t\t<\/div>\n\t\t\t\t\t<\/div>\n\t\t<\/section>\n\t\t\t\t<\/div>\n\t\t","protected":false},"excerpt":{"rendered":"<p>Inscreva-se Como me inscrever para participar do Simp\u00f3sio? 1. Clicando no bot\u00e3o INSCREVA-SE acima! 2. Voc\u00ea ser\u00e1 direcionado para a \u00e1rea de login do Sistema de Inscri\u00e7\u00e3o em Eventos de Extens\u00e3o e precisar\u00e1 ter E-MAIL e SENHA cadastrados. a. Se j\u00e1 possuir cadastro, realizado em evento anterior, acesse com seu e-mail e senha. b. Se&#8230;<\/p>\n","protected":false},"author":1871,"featured_media":0,"parent":0,"menu_order":0,"comment_status":"closed","ping_status":"closed","template":"elementor_canvas","meta":{"inline_featured_image":false,"footnotes":""},"class_list":["post-455","page","type-page","status-publish","hentry","entry"],"_links":{"self":[{"href":"https:\/\/www2.unifap.br\/simposioinovacao2023\/wp-json\/wp\/v2\/pages\/455","targetHints":{"allow":["GET"]}}],"collection":[{"href":"https:\/\/www2.unifap.br\/simposioinovacao2023\/wp-json\/wp\/v2\/pages"}],"about":[{"href":"https:\/\/www2.unifap.br\/simposioinovacao2023\/wp-json\/wp\/v2\/types\/page"}],"author":[{"embeddable":true,"href":"https:\/\/www2.unifap.br\/simposioinovacao2023\/wp-json\/wp\/v2\/users\/1871"}],"replies":[{"embeddable":true,"href":"https:\/\/www2.unifap.br\/simposioinovacao2023\/wp-json\/wp\/v2\/comments?post=455"}],"version-history":[{"count":172,"href":"https:\/\/www2.unifap.br\/simposioinovacao2023\/wp-json\/wp\/v2\/pages\/455\/revisions"}],"predecessor-version":[{"id":992,"href":"https:\/\/www2.unifap.br\/simposioinovacao2023\/wp-json\/wp\/v2\/pages\/455\/revisions\/992"}],"wp:attachment":[{"href":"https:\/\/www2.unifap.br\/simposioinovacao2023\/wp-json\/wp\/v2\/media?parent=455"}],"curies":[{"name":"wp","href":"https:\/\/api.w.org\/{rel}","templated":true}]}}