{"id":940,"date":"2023-11-10T22:41:23","date_gmt":"2023-11-11T01:41:23","guid":{"rendered":"https:\/\/www2.unifap.br\/simposioinovacao2023\/?page_id=940"},"modified":"2023-11-14T02:36:32","modified_gmt":"2023-11-14T05:36:32","slug":"minicursos","status":"publish","type":"page","link":"https:\/\/www2.unifap.br\/simposioinovacao2023\/minicursos\/","title":{"rendered":"Minicursos"},"content":{"rendered":"\t\t<div data-elementor-type=\"wp-page\" data-elementor-id=\"940\" class=\"elementor elementor-940\">\n\t\t\t\t\t\t<section class=\"elementor-section elementor-top-section elementor-element elementor-element-b7aac3b elementor-section-boxed elementor-section-height-default elementor-section-height-default\" data-id=\"b7aac3b\" data-element_type=\"section\" data-e-type=\"section\">\n\t\t\t\t\t\t<div class=\"elementor-container elementor-column-gap-no\">\n\t\t\t\t\t<div class=\"elementor-column elementor-col-100 elementor-top-column elementor-element elementor-element-28749a2\" data-id=\"28749a2\" data-element_type=\"column\" data-e-type=\"column\">\n\t\t\t<div class=\"elementor-widget-wrap elementor-element-populated\">\n\t\t\t\t\t\t<div class=\"elementor-element elementor-element-396b1b4 elementor-widget elementor-widget-image\" data-id=\"396b1b4\" data-element_type=\"widget\" data-e-type=\"widget\" data-widget_type=\"image.default\">\n\t\t\t\t<div class=\"elementor-widget-container\">\n\t\t\t\t\t\t\t\t\t\t\t\t\t\t\t<img fetchpriority=\"high\" decoding=\"async\" width=\"1024\" height=\"512\" src=\"https:\/\/www2.unifap.br\/simposioinovacao2023\/files\/2023\/10\/Topo-Site-2-1024x512.jpg\" class=\"attachment-large size-large wp-image-584\" alt=\"\" srcset=\"https:\/\/www2.unifap.br\/simposioinovacao2023\/files\/2023\/10\/Topo-Site-2-1024x512.jpg 1024w, https:\/\/www2.unifap.br\/simposioinovacao2023\/files\/2023\/10\/Topo-Site-2-300x150.jpg 300w, https:\/\/www2.unifap.br\/simposioinovacao2023\/files\/2023\/10\/Topo-Site-2-768x384.jpg 768w, https:\/\/www2.unifap.br\/simposioinovacao2023\/files\/2023\/10\/Topo-Site-2-1536x768.jpg 1536w, https:\/\/www2.unifap.br\/simposioinovacao2023\/files\/2023\/10\/Topo-Site-2-2048x1024.jpg 2048w\" sizes=\"(max-width: 1024px) 100vw, 1024px\" \/>\t\t\t\t\t\t\t\t\t\t\t\t\t\t\t<\/div>\n\t\t\t\t<\/div>\n\t\t\t\t\t<\/div>\n\t\t<\/div>\n\t\t\t\t\t<\/div>\n\t\t<\/section>\n\t\t\t\t<section class=\"elementor-section elementor-top-section elementor-element elementor-element-bcbdfaa elementor-section-boxed elementor-section-height-default elementor-section-height-default\" data-id=\"bcbdfaa\" data-element_type=\"section\" data-e-type=\"section\">\n\t\t\t\t\t\t<div class=\"elementor-container elementor-column-gap-default\">\n\t\t\t\t\t<div class=\"elementor-column elementor-col-100 elementor-top-column elementor-element elementor-element-e9a4702\" data-id=\"e9a4702\" data-element_type=\"column\" data-e-type=\"column\">\n\t\t\t<div class=\"elementor-widget-wrap elementor-element-populated\">\n\t\t\t\t\t\t<div class=\"elementor-element elementor-element-c3b92b2 elementor-align-center elementor-widget__width-initial elementor-widget elementor-widget-button\" data-id=\"c3b92b2\" data-element_type=\"widget\" data-e-type=\"widget\" data-widget_type=\"button.default\">\n\t\t\t\t<div class=\"elementor-widget-container\">\n\t\t\t\t\t\t\t\t\t<div class=\"elementor-button-wrapper\">\n\t\t\t\t\t<a class=\"elementor-button elementor-button-link elementor-size-lg\" href=\"https:\/\/sigaa.unifap.br\/sigaa\/public\/extensao\/loginCursosEventosExtensao.jsf\" target=\"_blank\" rel=\"nofollow\">\n\t\t\t\t\t\t<span class=\"elementor-button-content-wrapper\">\n\t\t\t\t\t\t\t\t\t<span class=\"elementor-button-text\">Inscreva-se<\/span>\n\t\t\t\t\t<\/span>\n\t\t\t\t\t<\/a>\n\t\t\t\t<\/div>\n\t\t\t\t\t\t\t\t<\/div>\n\t\t\t\t<\/div>\n\t\t\t\t\t<\/div>\n\t\t<\/div>\n\t\t\t\t\t<\/div>\n\t\t<\/section>\n\t\t\t\t<section class=\"elementor-section elementor-top-section elementor-element elementor-element-7ce9af5 elementor-section-height-min-height elementor-section-boxed elementor-section-height-default elementor-section-items-middle\" data-id=\"7ce9af5\" data-element_type=\"section\" data-e-type=\"section\">\n\t\t\t\t\t\t<div class=\"elementor-container elementor-column-gap-default\">\n\t\t\t\t\t<div class=\"elementor-column elementor-col-100 elementor-top-column elementor-element elementor-element-a2c1112\" data-id=\"a2c1112\" data-element_type=\"column\" data-e-type=\"column\">\n\t\t\t<div class=\"elementor-widget-wrap elementor-element-populated\">\n\t\t\t\t\t\t<div class=\"elementor-element elementor-element-c5164c3 elementor-widget elementor-widget-heading\" data-id=\"c5164c3\" data-element_type=\"widget\" data-e-type=\"widget\" data-widget_type=\"heading.default\">\n\t\t\t\t<div class=\"elementor-widget-container\">\n\t\t\t\t\t<h2 class=\"elementor-heading-title elementor-size-default\">Como me inscrever para participar dos minicursos do Simp\u00f3sio?<\/h2>\t\t\t\t<\/div>\n\t\t\t\t<\/div>\n\t\t\t\t\t<\/div>\n\t\t<\/div>\n\t\t\t\t\t<\/div>\n\t\t<\/section>\n\t\t\t\t<section class=\"elementor-section elementor-top-section elementor-element elementor-element-403a2ab elementor-section-boxed elementor-section-height-default elementor-section-height-default\" data-id=\"403a2ab\" data-element_type=\"section\" data-e-type=\"section\">\n\t\t\t\t\t\t<div class=\"elementor-container elementor-column-gap-default\">\n\t\t\t\t\t<div class=\"elementor-column elementor-col-100 elementor-top-column elementor-element elementor-element-6ac9a74\" data-id=\"6ac9a74\" data-element_type=\"column\" data-e-type=\"column\">\n\t\t\t<div class=\"elementor-widget-wrap elementor-element-populated\">\n\t\t\t\t\t\t<div class=\"elementor-element elementor-element-208c7c1 elementor-widget elementor-widget-heading\" data-id=\"208c7c1\" data-element_type=\"widget\" data-e-type=\"widget\" data-widget_type=\"heading.default\">\n\t\t\t\t<div class=\"elementor-widget-container\">\n\t\t\t\t\t<h2 class=\"elementor-heading-title elementor-size-default\">1. Clicando no bot\u00e3o INSCREVA-SE acima!<\/h2>\t\t\t\t<\/div>\n\t\t\t\t<\/div>\n\t\t\t\t\t<\/div>\n\t\t<\/div>\n\t\t\t\t\t<\/div>\n\t\t<\/section>\n\t\t\t\t<section class=\"elementor-section elementor-top-section elementor-element elementor-element-27d39bf elementor-section-boxed elementor-section-height-default elementor-section-height-default\" data-id=\"27d39bf\" data-element_type=\"section\" data-e-type=\"section\">\n\t\t\t\t\t\t<div class=\"elementor-container elementor-column-gap-default\">\n\t\t\t\t\t<div class=\"elementor-column elementor-col-100 elementor-top-column elementor-element elementor-element-a0237c5\" data-id=\"a0237c5\" data-element_type=\"column\" data-e-type=\"column\">\n\t\t\t<div class=\"elementor-widget-wrap elementor-element-populated\">\n\t\t\t\t\t\t<div class=\"elementor-element elementor-element-8abd421 elementor-widget elementor-widget-heading\" data-id=\"8abd421\" data-element_type=\"widget\" data-e-type=\"widget\" data-widget_type=\"heading.default\">\n\t\t\t\t<div class=\"elementor-widget-container\">\n\t\t\t\t\t<h2 class=\"elementor-heading-title elementor-size-default\">2. Voc\u00ea ser\u00e1 direcionado para a \u00e1rea de login do Sistema de Inscri\u00e7\u00e3o em Eventos de Extens\u00e3o e precisar\u00e1 ter E-MAIL e SENHA cadastrados.<\/h2>\t\t\t\t<\/div>\n\t\t\t\t<\/div>\n\t\t\t\t\t<\/div>\n\t\t<\/div>\n\t\t\t\t\t<\/div>\n\t\t<\/section>\n\t\t\t\t<section class=\"elementor-section elementor-top-section elementor-element elementor-element-b91488b elementor-section-boxed elementor-section-height-default elementor-section-height-default\" data-id=\"b91488b\" data-element_type=\"section\" data-e-type=\"section\">\n\t\t\t\t\t\t<div class=\"elementor-container elementor-column-gap-default\">\n\t\t\t\t\t<div class=\"elementor-column elementor-col-100 elementor-top-column elementor-element elementor-element-667f9f2\" data-id=\"667f9f2\" data-element_type=\"column\" data-e-type=\"column\">\n\t\t\t<div class=\"elementor-widget-wrap elementor-element-populated\">\n\t\t\t\t\t\t<div class=\"elementor-element elementor-element-ea1be86 elementor-widget elementor-widget-image\" data-id=\"ea1be86\" data-element_type=\"widget\" data-e-type=\"widget\" data-widget_type=\"image.default\">\n\t\t\t\t<div class=\"elementor-widget-container\">\n\t\t\t\t\t\t\t\t\t\t\t\t\t\t\t<img decoding=\"async\" width=\"730\" height=\"187\" src=\"https:\/\/www2.unifap.br\/simposioinovacao2023\/files\/2023\/10\/manual-img.jpeg\" class=\"attachment-medium_large size-medium_large wp-image-592\" alt=\"\" srcset=\"https:\/\/www2.unifap.br\/simposioinovacao2023\/files\/2023\/10\/manual-img.jpeg 730w, https:\/\/www2.unifap.br\/simposioinovacao2023\/files\/2023\/10\/manual-img-300x77.jpeg 300w\" sizes=\"(max-width: 730px) 100vw, 730px\" \/>\t\t\t\t\t\t\t\t\t\t\t\t\t\t\t<\/div>\n\t\t\t\t<\/div>\n\t\t\t\t\t<\/div>\n\t\t<\/div>\n\t\t\t\t\t<\/div>\n\t\t<\/section>\n\t\t\t\t<section class=\"elementor-section elementor-top-section elementor-element elementor-element-aa8fd80 elementor-section-boxed elementor-section-height-default elementor-section-height-default\" data-id=\"aa8fd80\" data-element_type=\"section\" data-e-type=\"section\">\n\t\t\t\t\t\t<div class=\"elementor-container elementor-column-gap-default\">\n\t\t\t\t\t<div class=\"elementor-column elementor-col-100 elementor-top-column elementor-element elementor-element-eb78323\" data-id=\"eb78323\" data-element_type=\"column\" data-e-type=\"column\">\n\t\t\t<div class=\"elementor-widget-wrap elementor-element-populated\">\n\t\t\t\t\t\t<div class=\"elementor-element elementor-element-7ea5367 elementor-widget elementor-widget-heading\" data-id=\"7ea5367\" data-element_type=\"widget\" data-e-type=\"widget\" data-widget_type=\"heading.default\">\n\t\t\t\t<div class=\"elementor-widget-container\">\n\t\t\t\t\t<h2 class=\"elementor-heading-title elementor-size-default\">a. Se j\u00e1 possuir cadastro, realizado em evento anterior, acesse com seu e-mail e senha.<br><br>\nb. Se ainda n\u00e3o for cadastrado, clique em \u201cAINDA N\u00c3O POSSUO CADASTRO!\u201d e um formul\u00e1rio ser\u00e1 exibido. Preencha todos os campos obrigat\u00f3rios e clique em \u201cCADASTRAR\u201d.<br><br>\nc. Se j\u00e1 possuir cadastro, realizado em evento anterior, por\u00e9m n\u00e3o lembrar a senha, acesse a op\u00e7\u00e3o \u201cESQUECI MINHA SENHA!\u201d. Ser\u00e1 necess\u00e1rio informar o e-mail utilizado no momento do cadastro, data de nascimento e cpf. Uma nova senha ser\u00e1 enviada ao e-mail informado.<br><br>\n3. Ap\u00f3s ter acessado o sistema, v\u00e1 para CURSOS E EVENTOS ABERTOS, encontre o evento e clique no \u00edcone abaixo:<\/h2>\t\t\t\t<\/div>\n\t\t\t\t<\/div>\n\t\t\t\t\t<\/div>\n\t\t<\/div>\n\t\t\t\t\t<\/div>\n\t\t<\/section>\n\t\t\t\t<section class=\"elementor-section elementor-top-section elementor-element elementor-element-9791e99 elementor-section-boxed elementor-section-height-default elementor-section-height-default\" data-id=\"9791e99\" data-element_type=\"section\" data-e-type=\"section\">\n\t\t\t\t\t\t<div class=\"elementor-container elementor-column-gap-default\">\n\t\t\t\t\t<div class=\"elementor-column elementor-col-100 elementor-top-column elementor-element elementor-element-8d8023b\" data-id=\"8d8023b\" data-element_type=\"column\" data-e-type=\"column\">\n\t\t\t<div class=\"elementor-widget-wrap elementor-element-populated\">\n\t\t\t\t\t\t<div class=\"elementor-element elementor-element-31baa45 elementor-widget elementor-widget-image\" data-id=\"31baa45\" data-element_type=\"widget\" data-e-type=\"widget\" data-widget_type=\"image.default\">\n\t\t\t\t<div class=\"elementor-widget-container\">\n\t\t\t\t\t\t\t\t\t\t\t\t\t\t\t<img decoding=\"async\" width=\"1024\" height=\"106\" src=\"https:\/\/www2.unifap.br\/simposioinovacao2023\/files\/2023\/11\/WhatsApp-Image-2023-11-14-at-02.32.55-1024x106.jpeg\" class=\"attachment-large size-large wp-image-1000\" alt=\"\" srcset=\"https:\/\/www2.unifap.br\/simposioinovacao2023\/files\/2023\/11\/WhatsApp-Image-2023-11-14-at-02.32.55-1024x106.jpeg 1024w, https:\/\/www2.unifap.br\/simposioinovacao2023\/files\/2023\/11\/WhatsApp-Image-2023-11-14-at-02.32.55-300x31.jpeg 300w, https:\/\/www2.unifap.br\/simposioinovacao2023\/files\/2023\/11\/WhatsApp-Image-2023-11-14-at-02.32.55-768x79.jpeg 768w, https:\/\/www2.unifap.br\/simposioinovacao2023\/files\/2023\/11\/WhatsApp-Image-2023-11-14-at-02.32.55.jpeg 1046w\" sizes=\"(max-width: 1024px) 100vw, 1024px\" \/>\t\t\t\t\t\t\t\t\t\t\t\t\t\t\t<\/div>\n\t\t\t\t<\/div>\n\t\t\t\t\t<\/div>\n\t\t<\/div>\n\t\t\t\t\t<\/div>\n\t\t<\/section>\n\t\t\t\t<section class=\"elementor-section elementor-top-section elementor-element elementor-element-24307bb elementor-section-boxed elementor-section-height-default elementor-section-height-default\" data-id=\"24307bb\" data-element_type=\"section\" data-e-type=\"section\">\n\t\t\t\t\t\t<div class=\"elementor-container elementor-column-gap-default\">\n\t\t\t\t\t<div class=\"elementor-column elementor-col-100 elementor-top-column elementor-element elementor-element-e2cd307\" data-id=\"e2cd307\" data-element_type=\"column\" data-e-type=\"column\">\n\t\t\t<div class=\"elementor-widget-wrap elementor-element-populated\">\n\t\t\t\t\t\t<div class=\"elementor-element elementor-element-310745e elementor-widget elementor-widget-heading\" data-id=\"310745e\" data-element_type=\"widget\" data-e-type=\"widget\" data-widget_type=\"heading.default\">\n\t\t\t\t<div class=\"elementor-widget-container\">\n\t\t\t\t\t<h2 class=\"elementor-heading-title elementor-size-default\">4. Clique na seta verde \u00e0 direita da tela para iniciar sua incri\u00e7\u00e3o.<\/h2>\t\t\t\t<\/div>\n\t\t\t\t<\/div>\n\t\t\t\t\t<\/div>\n\t\t<\/div>\n\t\t\t\t\t<\/div>\n\t\t<\/section>\n\t\t\t\t<section class=\"elementor-section elementor-top-section elementor-element elementor-element-97c0bdb elementor-section-boxed elementor-section-height-default elementor-section-height-default\" data-id=\"97c0bdb\" data-element_type=\"section\" data-e-type=\"section\">\n\t\t\t\t\t\t<div class=\"elementor-container elementor-column-gap-default\">\n\t\t\t\t\t<div class=\"elementor-column elementor-col-100 elementor-top-column elementor-element elementor-element-021232b\" data-id=\"021232b\" data-element_type=\"column\" data-e-type=\"column\">\n\t\t\t<div class=\"elementor-widget-wrap elementor-element-populated\">\n\t\t\t\t\t\t<div class=\"elementor-element elementor-element-80ed2c2 elementor-widget elementor-widget-image\" data-id=\"80ed2c2\" data-element_type=\"widget\" data-e-type=\"widget\" data-widget_type=\"image.default\">\n\t\t\t\t<div class=\"elementor-widget-container\">\n\t\t\t\t\t\t\t\t\t\t\t\t\t\t\t<img loading=\"lazy\" decoding=\"async\" width=\"1024\" height=\"122\" src=\"https:\/\/www2.unifap.br\/simposioinovacao2023\/files\/2023\/11\/WhatsApp-Image-2023-11-14-at-02.33.06-1024x122.jpeg\" class=\"attachment-large size-large wp-image-1001\" alt=\"\" srcset=\"https:\/\/www2.unifap.br\/simposioinovacao2023\/files\/2023\/11\/WhatsApp-Image-2023-11-14-at-02.33.06-1024x122.jpeg 1024w, https:\/\/www2.unifap.br\/simposioinovacao2023\/files\/2023\/11\/WhatsApp-Image-2023-11-14-at-02.33.06-300x36.jpeg 300w, https:\/\/www2.unifap.br\/simposioinovacao2023\/files\/2023\/11\/WhatsApp-Image-2023-11-14-at-02.33.06-768x92.jpeg 768w, https:\/\/www2.unifap.br\/simposioinovacao2023\/files\/2023\/11\/WhatsApp-Image-2023-11-14-at-02.33.06.jpeg 1047w\" sizes=\"(max-width: 1024px) 100vw, 1024px\" \/>\t\t\t\t\t\t\t\t\t\t\t\t\t\t\t<\/div>\n\t\t\t\t<\/div>\n\t\t\t\t\t<\/div>\n\t\t<\/div>\n\t\t\t\t\t<\/div>\n\t\t<\/section>\n\t\t\t\t<section class=\"elementor-section elementor-top-section elementor-element elementor-element-6ed7f6b elementor-section-boxed elementor-section-height-default elementor-section-height-default\" data-id=\"6ed7f6b\" data-element_type=\"section\" data-e-type=\"section\">\n\t\t\t\t\t\t<div class=\"elementor-container elementor-column-gap-default\">\n\t\t\t\t\t<div class=\"elementor-column elementor-col-100 elementor-top-column elementor-element elementor-element-a6ff659\" data-id=\"a6ff659\" data-element_type=\"column\" data-e-type=\"column\">\n\t\t\t<div class=\"elementor-widget-wrap elementor-element-populated\">\n\t\t\t\t\t\t<div class=\"elementor-element elementor-element-9d15d0a elementor-widget elementor-widget-heading\" data-id=\"9d15d0a\" data-element_type=\"widget\" data-e-type=\"widget\" data-widget_type=\"heading.default\">\n\t\t\t\t<div class=\"elementor-widget-container\">\n\t\t\t\t\t<h2 class=\"elementor-heading-title elementor-size-default\">5. Preencha o formul\u00e1rio e confirme sua inscri\u00e7\u00e3o.<br><br>\nD\u00daVIDAS? Entre em contato conosco atrav\u00e9s do e-mail simposioinovacao@unifap.br<br><br>\n<\/h2>\t\t\t\t<\/div>\n\t\t\t\t<\/div>\n\t\t\t\t\t<\/div>\n\t\t<\/div>\n\t\t\t\t\t<\/div>\n\t\t<\/section>\n\t\t\t\t<section class=\"elementor-section elementor-top-section elementor-element elementor-element-850a7af elementor-section-boxed elementor-section-height-default elementor-section-height-default\" data-id=\"850a7af\" data-element_type=\"section\" data-e-type=\"section\">\n\t\t\t\t\t\t<div class=\"elementor-container elementor-column-gap-default\">\n\t\t\t\t\t<div class=\"elementor-column elementor-col-100 elementor-top-column elementor-element elementor-element-a55caa8\" data-id=\"a55caa8\" data-element_type=\"column\" data-e-type=\"column\">\n\t\t\t<div class=\"elementor-widget-wrap elementor-element-populated\">\n\t\t\t\t\t\t<div class=\"elementor-element elementor-element-e9bdbf9 elementor-widget elementor-widget-heading\" data-id=\"e9bdbf9\" data-element_type=\"widget\" data-e-type=\"widget\" data-widget_type=\"heading.default\">\n\t\t\t\t<div class=\"elementor-widget-container\">\n\t\t\t\t\t<h2 class=\"elementor-heading-title elementor-size-default\"><span style=\", sans-serif;font-size: 16px;font-style: normal;font-weight: 700\">ATEN\u00c7\u00c3O DISCENTE E\/OU SERVIDOR DA UNIFAP:<\/span><\/h2>\t\t\t\t<\/div>\n\t\t\t\t<\/div>\n\t\t\t\t\t<\/div>\n\t\t<\/div>\n\t\t\t\t\t<\/div>\n\t\t<\/section>\n\t\t\t\t<section class=\"elementor-section elementor-top-section elementor-element elementor-element-ce40d99 elementor-section-boxed elementor-section-height-default elementor-section-height-default\" data-id=\"ce40d99\" data-element_type=\"section\" data-e-type=\"section\">\n\t\t\t\t\t\t<div class=\"elementor-container elementor-column-gap-default\">\n\t\t\t\t\t<div class=\"elementor-column elementor-col-100 elementor-top-column elementor-element elementor-element-f44aa7a\" data-id=\"f44aa7a\" data-element_type=\"column\" data-e-type=\"column\">\n\t\t\t<div class=\"elementor-widget-wrap elementor-element-populated\">\n\t\t\t\t\t\t<div class=\"elementor-element elementor-element-59f2bcc elementor-widget elementor-widget-text-editor\" data-id=\"59f2bcc\" data-element_type=\"widget\" data-e-type=\"widget\" data-widget_type=\"text-editor.default\">\n\t\t\t\t<div class=\"elementor-widget-container\">\n\t\t\t\t\t\t\t\t\t<p><span style=\"color: #888888; font-family: 'Roboto Slab', sans-serif; font-size: 16px; font-style: normal; font-variant-ligatures: normal; font-variant-caps: normal; font-weight: 400;\">O E-mail e senha solicitado nesta tela n\u00e3o \u00e9 mesmo que voc\u00ea j\u00e1 utiliza para acessar SIGAA, SIPAC e SIGRH. Logo, independente de ter v\u00ednculo com a institui\u00e7\u00e3o, \u00e9 necess\u00e1rio realizar seu cadastro nesta \u00e1rea, que \u00e9 exclusiva para inscri\u00e7\u00e3o em eventos de extens\u00e3o na UNIFAP.<\/span><\/p>\t\t\t\t\t\t\t\t<\/div>\n\t\t\t\t<\/div>\n\t\t\t\t\t<\/div>\n\t\t<\/div>\n\t\t\t\t\t<\/div>\n\t\t<\/section>\n\t\t\t\t<section class=\"elementor-section elementor-top-section elementor-element elementor-element-91a1233 elementor-section-boxed elementor-section-height-default elementor-section-height-default\" data-id=\"91a1233\" data-element_type=\"section\" data-e-type=\"section\">\n\t\t\t\t\t\t<div class=\"elementor-container elementor-column-gap-default\">\n\t\t\t\t\t<div class=\"elementor-column elementor-col-100 elementor-top-column elementor-element elementor-element-c8ad5e1\" data-id=\"c8ad5e1\" data-element_type=\"column\" data-e-type=\"column\">\n\t\t\t<div class=\"elementor-widget-wrap elementor-element-populated\">\n\t\t\t\t\t\t<div class=\"elementor-element elementor-element-c2d6593 elementor-widget elementor-widget-text-editor\" data-id=\"c2d6593\" data-element_type=\"widget\" data-e-type=\"widget\" data-widget_type=\"text-editor.default\">\n\t\t\t\t<div class=\"elementor-widget-container\">\n\t\t\t\t\t\t\t\t\t<p>Agradecemos sua participa\u00e7\u00e3o e estamos ansiosos para v\u00ea-lo no II Simp\u00f3sio Amapaense de Inova\u00e7\u00e3o Tecnol\u00f3gica!<\/p>\t\t\t\t\t\t\t\t<\/div>\n\t\t\t\t<\/div>\n\t\t\t\t\t<\/div>\n\t\t<\/div>\n\t\t\t\t\t<\/div>\n\t\t<\/section>\n\t\t\t\t<section class=\"elementor-section elementor-top-section elementor-element elementor-element-39c6a84 elementor-section-boxed elementor-section-height-default elementor-section-height-default\" data-id=\"39c6a84\" data-element_type=\"section\" data-e-type=\"section\">\n\t\t\t\t\t\t<div class=\"elementor-container elementor-column-gap-default\">\n\t\t\t\t\t<div class=\"elementor-column elementor-col-100 elementor-top-column elementor-element elementor-element-fe634c3\" data-id=\"fe634c3\" data-element_type=\"column\" data-e-type=\"column\">\n\t\t\t<div class=\"elementor-widget-wrap elementor-element-populated\">\n\t\t\t\t\t\t<div class=\"elementor-element elementor-element-144ae3a elementor-align-center elementor-widget__width-initial elementor-widget elementor-widget-button\" data-id=\"144ae3a\" data-element_type=\"widget\" data-e-type=\"widget\" data-widget_type=\"button.default\">\n\t\t\t\t<div class=\"elementor-widget-container\">\n\t\t\t\t\t\t\t\t\t<div class=\"elementor-button-wrapper\">\n\t\t\t\t\t<a class=\"elementor-button elementor-button-link elementor-size-lg\" href=\"https:\/\/sigaa.unifap.br\/sigaa\/public\/extensao\/loginCursosEventosExtensao.jsf\" target=\"_blank\" rel=\"nofollow\">\n\t\t\t\t\t\t<span class=\"elementor-button-content-wrapper\">\n\t\t\t\t\t\t\t\t\t<span class=\"elementor-button-text\">Inscreva-se<\/span>\n\t\t\t\t\t<\/span>\n\t\t\t\t\t<\/a>\n\t\t\t\t<\/div>\n\t\t\t\t\t\t\t\t<\/div>\n\t\t\t\t<\/div>\n\t\t\t\t\t<\/div>\n\t\t<\/div>\n\t\t\t\t\t<\/div>\n\t\t<\/section>\n\t\t\t\t<\/div>\n\t\t","protected":false},"excerpt":{"rendered":"<p>Inscreva-se Como me inscrever para participar dos minicursos do Simp\u00f3sio? 1. Clicando no bot\u00e3o INSCREVA-SE acima! 2. Voc\u00ea ser\u00e1 direcionado para a \u00e1rea de login do Sistema de Inscri\u00e7\u00e3o em Eventos de Extens\u00e3o e precisar\u00e1 ter E-MAIL e SENHA cadastrados. a. Se j\u00e1 possuir cadastro, realizado em evento anterior, acesse com seu e-mail e senha&#8230;.<\/p>\n","protected":false},"author":1871,"featured_media":0,"parent":0,"menu_order":0,"comment_status":"closed","ping_status":"closed","template":"elementor_canvas","meta":{"inline_featured_image":false,"footnotes":""},"class_list":["post-940","page","type-page","status-publish","hentry","entry"],"_links":{"self":[{"href":"https:\/\/www2.unifap.br\/simposioinovacao2023\/wp-json\/wp\/v2\/pages\/940","targetHints":{"allow":["GET"]}}],"collection":[{"href":"https:\/\/www2.unifap.br\/simposioinovacao2023\/wp-json\/wp\/v2\/pages"}],"about":[{"href":"https:\/\/www2.unifap.br\/simposioinovacao2023\/wp-json\/wp\/v2\/types\/page"}],"author":[{"embeddable":true,"href":"https:\/\/www2.unifap.br\/simposioinovacao2023\/wp-json\/wp\/v2\/users\/1871"}],"replies":[{"embeddable":true,"href":"https:\/\/www2.unifap.br\/simposioinovacao2023\/wp-json\/wp\/v2\/comments?post=940"}],"version-history":[{"count":28,"href":"https:\/\/www2.unifap.br\/simposioinovacao2023\/wp-json\/wp\/v2\/pages\/940\/revisions"}],"predecessor-version":[{"id":1004,"href":"https:\/\/www2.unifap.br\/simposioinovacao2023\/wp-json\/wp\/v2\/pages\/940\/revisions\/1004"}],"wp:attachment":[{"href":"https:\/\/www2.unifap.br\/simposioinovacao2023\/wp-json\/wp\/v2\/media?parent=940"}],"curies":[{"name":"wp","href":"https:\/\/api.w.org\/{rel}","templated":true}]}}