{"id":104,"date":"2015-07-21T19:22:48","date_gmt":"2015-07-21T19:22:48","guid":{"rendered":"http:\/\/www2.unifap.br\/sipli-norte\/?page_id=104"},"modified":"2015-09-28T22:15:52","modified_gmt":"2015-09-28T22:15:52","slug":"comunicacoes-e-posters","status":"publish","type":"page","link":"https:\/\/www2.unifap.br\/sipli-norte\/inscricoes\/comunicacoes-e-posters\/","title":{"rendered":"Comunica\u00e7\u00f5es e Posters"},"content":{"rendered":"<p><span style=\"line-height: 1.5em\">Os <strong>aceites<\/strong> \u00e0s propostas enviadas para comunica\u00e7\u00f5es e posteres foram enviados aos autores no \u00faltimo dia 20 de julho. Nos<strong> aceites<\/strong> s\u00e3o dadas informa\u00e7\u00f5es sobre o formul\u00e1rio de inscri\u00e7\u00e3o e o pagamento da taxa de inscri\u00e7\u00e3o.<\/span><\/p>\n<p><span style=\"line-height: 1.5em\">Lembramos que todos os autores de propostas de comunica\u00e7\u00e3o ou poster devem realizar a inscri\u00e7\u00e3o, ou seja, preencher o formul\u00e1rio de inscri\u00e7\u00e3o e fazer o pagamento da taxa de inscri\u00e7\u00e3o.<\/span><\/p>\n<p><span style=\"line-height: 1.5em\">Qualquer d\u00favida, entre em contato conosco pelo e-mail: sipli.norte@gmail.com\u00a0<\/span><\/p>\n<p><a href=\"https:\/\/drive.google.com\/file\/d\/0B38VFqqb0j32WTJGQ0Y2X3BXcVE\/view?usp=sharing\"><strong>FORMUL\u00c1RIO DE INSCRI\u00c7\u00c3O<\/strong><\/a><\/p>\n","protected":false},"excerpt":{"rendered":"<p>Os aceites \u00e0s propostas enviadas para comunica\u00e7\u00f5es e posteres foram enviados aos autores no \u00faltimo dia 20 de julho. Nos aceites s\u00e3o dadas informa\u00e7\u00f5es sobre o formul\u00e1rio de inscri\u00e7\u00e3o e o pagamento da taxa de inscri\u00e7\u00e3o. Lembramos que todos os&hellip; <\/p>\n<p><a href=\"https:\/\/www2.unifap.br\/sipli-norte\/inscricoes\/comunicacoes-e-posters\/\" class=\"readmore-button\">Continue Reading<\/a><\/p>\n","protected":false},"author":786,"featured_media":0,"parent":89,"menu_order":3,"comment_status":"closed","ping_status":"closed","template":"","meta":{"inline_featured_image":false,"ngg_post_thumbnail":0,"footnotes":""},"class_list":["post-104","page","type-page","status-publish","hentry"],"_links":{"self":[{"href":"https:\/\/www2.unifap.br\/sipli-norte\/wp-json\/wp\/v2\/pages\/104","targetHints":{"allow":["GET"]}}],"collection":[{"href":"https:\/\/www2.unifap.br\/sipli-norte\/wp-json\/wp\/v2\/pages"}],"about":[{"href":"https:\/\/www2.unifap.br\/sipli-norte\/wp-json\/wp\/v2\/types\/page"}],"author":[{"embeddable":true,"href":"https:\/\/www2.unifap.br\/sipli-norte\/wp-json\/wp\/v2\/users\/786"}],"replies":[{"embeddable":true,"href":"https:\/\/www2.unifap.br\/sipli-norte\/wp-json\/wp\/v2\/comments?post=104"}],"version-history":[{"count":4,"href":"https:\/\/www2.unifap.br\/sipli-norte\/wp-json\/wp\/v2\/pages\/104\/revisions"}],"predecessor-version":[{"id":129,"href":"https:\/\/www2.unifap.br\/sipli-norte\/wp-json\/wp\/v2\/pages\/104\/revisions\/129"}],"up":[{"embeddable":true,"href":"https:\/\/www2.unifap.br\/sipli-norte\/wp-json\/wp\/v2\/pages\/89"}],"wp:attachment":[{"href":"https:\/\/www2.unifap.br\/sipli-norte\/wp-json\/wp\/v2\/media?parent=104"}],"curies":[{"name":"wp","href":"https:\/\/api.w.org\/{rel}","templated":true}]}}