{"id":107,"date":"2015-07-21T19:23:56","date_gmt":"2015-07-21T19:23:56","guid":{"rendered":"http:\/\/www2.unifap.br\/sipli-norte\/?page_id=107"},"modified":"2015-09-28T22:17:26","modified_gmt":"2015-09-28T22:17:26","slug":"ouvintes","status":"publish","type":"page","link":"https:\/\/www2.unifap.br\/sipli-norte\/inscricoes\/ouvintes\/","title":{"rendered":"Ouvintes"},"content":{"rendered":"<p><span style=\"color: #800000\">Os interessados em participar como ouvintes do I SIPLI-Norte devem preencher o formul\u00e1rio anexo e envi\u00e1-lo para o e-mail do I SIPLI-Norte (sipli.norte@gmail.com) ou entrega-lo na recep\u00e7\u00e3o do evento no primeiro dia de atividades. O pagamento da inscri\u00e7\u00e3o tamb\u00e9m deve ser realizado no primeiro dia, na recep\u00e7\u00e3o do I SIPLI-Norte.<strong> A carga hor\u00e1ria para participa\u00e7\u00e3o no I SIPLI-Norte ser\u00e1 de 20h.<\/strong><\/span><\/p>\n<p><strong><a href=\"https:\/\/drive.google.com\/file\/d\/0B38VFqqb0j32dlBJMXpxZ3Q0Wms\/view?usp=sharing\" target=\"_blank\">FORMUL\u00c1RIO DE INSCRI\u00c7\u00c3O<\/a><\/strong><\/p>\n<p>&nbsp;<\/p>\n","protected":false},"excerpt":{"rendered":"<p>Os interessados em participar como ouvintes do I SIPLI-Norte devem preencher o formul\u00e1rio anexo e envi\u00e1-lo para o e-mail do I SIPLI-Norte (sipli.norte@gmail.com) ou entrega-lo na recep\u00e7\u00e3o do evento no primeiro dia de atividades. O pagamento da inscri\u00e7\u00e3o tamb\u00e9m deve&hellip; <\/p>\n<p><a href=\"https:\/\/www2.unifap.br\/sipli-norte\/inscricoes\/ouvintes\/\" class=\"readmore-button\">Continue Reading<\/a><\/p>\n","protected":false},"author":786,"featured_media":0,"parent":89,"menu_order":0,"comment_status":"closed","ping_status":"closed","template":"","meta":{"inline_featured_image":false,"ngg_post_thumbnail":0,"footnotes":""},"class_list":["post-107","page","type-page","status-publish","hentry"],"_links":{"self":[{"href":"https:\/\/www2.unifap.br\/sipli-norte\/wp-json\/wp\/v2\/pages\/107","targetHints":{"allow":["GET"]}}],"collection":[{"href":"https:\/\/www2.unifap.br\/sipli-norte\/wp-json\/wp\/v2\/pages"}],"about":[{"href":"https:\/\/www2.unifap.br\/sipli-norte\/wp-json\/wp\/v2\/types\/page"}],"author":[{"embeddable":true,"href":"https:\/\/www2.unifap.br\/sipli-norte\/wp-json\/wp\/v2\/users\/786"}],"replies":[{"embeddable":true,"href":"https:\/\/www2.unifap.br\/sipli-norte\/wp-json\/wp\/v2\/comments?post=107"}],"version-history":[{"count":5,"href":"https:\/\/www2.unifap.br\/sipli-norte\/wp-json\/wp\/v2\/pages\/107\/revisions"}],"predecessor-version":[{"id":178,"href":"https:\/\/www2.unifap.br\/sipli-norte\/wp-json\/wp\/v2\/pages\/107\/revisions\/178"}],"up":[{"embeddable":true,"href":"https:\/\/www2.unifap.br\/sipli-norte\/wp-json\/wp\/v2\/pages\/89"}],"wp:attachment":[{"href":"https:\/\/www2.unifap.br\/sipli-norte\/wp-json\/wp\/v2\/media?parent=107"}],"curies":[{"name":"wp","href":"https:\/\/api.w.org\/{rel}","templated":true}]}}